{"id":238,"date":"2023-02-08T21:39:34","date_gmt":"2023-02-08T20:39:34","guid":{"rendered":"https:\/\/paris.wordcamp.org\/2023\/?page_id=238"},"modified":"2023-02-28T15:18:15","modified_gmt":"2023-02-28T14:18:15","slug":"les-organisateurs","status":"publish","type":"page","link":"https:\/\/paris.wordcamp.org\/2023\/les-equipes\/les-organisateurs\/","title":{"rendered":"Les organisateurs \/ organisatrices"},"content":{"rendered":"\n<p class=\"has-text-align-center\">Chaque WordCamp est orchestr\u00e9e par une \u00e9quipe de volontaires b\u00e9n\u00e9voles. Celle-ci travaille et s&rsquo;investit durant plusieurs mois afin d&rsquo;offrir la meilleure exp\u00e9rience aux participants et participantes. <\/p>\n\n\n\n<h2 class=\"wp-block-heading has-text-align-center\">Coordination<\/h2>\n\n\n<ul class=\"wordcamp-block wordcamp-post-list has-layout-list wordcamp-organizers\"><li class=\"wordcamp-post-list__post wordcamp-clearfix\">\n<div class=\"wordcamp-organizer wordcamp-organizers__post slug-marjorie-pasqualini\">\n\t<h3 class=\"wordcamp-block__item-title wordcamp-organizers__title\" style=\"text-align:center\">Marjorie Pasqualini<\/h3>\n\t\t\t<div class=\"wordcamp-image__avatar-container align-center\">\n\t\t\t<img decoding=\"async\" src=\"https:\/\/secure.gravatar.com\/avatar\/299434557515951e76ba40c9cbe2e4e54cc6bbc94cd526e2b8ffa65e578c36fe?s=150&amp;d=mm&amp;r=g\" alt=\"Avatar de Marjorie Pasqualini\" \/>\t\t<\/div>\n\t\n\t\t\t<div class=\"wordcamp-block__item-content wordcamp-organizers__content is-full\"><p class=\"has-text-align-center\">Marjorie est une f\u00e9rue de travail, elle adore son m\u00e9tier, ch\u00e9rit son ind\u00e9pendance et raffole des nouvelles exp\u00e9riences. <\/p>\n<p class=\"has-text-align-center\">Membre de l\u2019<a rel=\"noreferrer noopener\" aria-label=\" (ouverture dans un nouvel onglet)\" href=\"https:\/\/wpparis.fr\/\" target=\"_blank\">association WordPress Paris<\/a> depuis 2017, b\u00e9n\u00e9vole lors du WordCamp Paris 2018, elle a fait partie de l\u2019\u00e9quipe d&rsquo;organisateurs du WordCamp Paris 2019.<\/p>\n<\/div>\t<\/div>\n\n<\/li><li class=\"wordcamp-post-list__post wordcamp-clearfix\">\n<div class=\"wordcamp-organizer wordcamp-organizers__post slug-florian-chambolle\">\n\t<h3 class=\"wordcamp-block__item-title wordcamp-organizers__title\" style=\"text-align:center\">Florian Chambolle<\/h3>\n\t\t\t<div class=\"wordcamp-image__avatar-container align-center\">\n\t\t\t<img loading=\"lazy\" decoding=\"async\" width=\"150\" height=\"150\" src=\"https:\/\/paris.wordcamp.org\/2023\/files\/2023\/02\/florian_chambolle-1024x1024-1-150x150.png\" class=\"attachment-150x150 size-150x150 wp-post-image\" alt=\"Avatar de Florian Chambolle\" srcset=\"https:\/\/paris.wordcamp.org\/2023\/files\/2023\/02\/florian_chambolle-1024x1024-1-150x150.png 150w, https:\/\/paris.wordcamp.org\/2023\/files\/2023\/02\/florian_chambolle-1024x1024-1-300x300.png 300w, https:\/\/paris.wordcamp.org\/2023\/files\/2023\/02\/florian_chambolle-1024x1024-1-768x768.png 768w, https:\/\/paris.wordcamp.org\/2023\/files\/2023\/02\/florian_chambolle-1024x1024-1.png 1024w\" sizes=\"auto, (max-width: 150px) 100vw, 150px\" \/>\t\t<\/div>\n\t\n\t\t\t<div class=\"wordcamp-block__item-content wordcamp-organizers__content is-full\"><p class=\"has-text-align-center\">Pr\u00e9sent dans le staff des WordCamp depuis celui de Lyon en 2015, Florian a d\u00e9j\u00e0 organis\u00e9 2 WordCamps Paris et \u00e9t\u00e9 orateur. <\/p>\n<p class=\"has-text-align-center has-primary-color has-text-color\">Passionn\u00e9 de WordPress, il dirige l&rsquo;<a href=\"https:\/\/agence810.fr\" target=\"_blank\" rel=\"noreferrer noopener nofollow\">agence 810<\/a> bas\u00e9e \u00e0 Rouen depuis septembre 2020.<\/p>\n<\/div>\t<\/div>\n\n<\/li><\/ul>\n\n\n<h2 class=\"wp-block-heading alignwide has-text-align-center\">Soin des participants &amp; participantes<\/h2>\n\n\n<ul class=\"wordcamp-block wordcamp-post-list has-layout-list wordcamp-organizers\"><li class=\"wordcamp-post-list__post wordcamp-clearfix\">\n<div class=\"wordcamp-organizer wordcamp-organizers__post slug-michael-gout\">\n\t<h3 class=\"wordcamp-block__item-title wordcamp-organizers__title\" style=\"text-align:center\">Michael Gout<\/h3>\n\t\t\t<div class=\"wordcamp-image__avatar-container align-center\">\n\t\t\t<img loading=\"lazy\" decoding=\"async\" width=\"146\" height=\"146\" src=\"https:\/\/paris.wordcamp.org\/2023\/files\/2023\/02\/carre200-150x150.png\" class=\"attachment-146x146 size-146x146 wp-post-image\" alt=\"Avatar de Michael Gout\" srcset=\"https:\/\/paris.wordcamp.org\/2023\/files\/2023\/02\/carre200-150x150.png 150w, https:\/\/paris.wordcamp.org\/2023\/files\/2023\/02\/carre200.png 200w\" sizes=\"auto, (max-width: 146px) 100vw, 146px\" \/>\t\t<\/div>\n\t\n\t\t\t<div class=\"wordcamp-block__item-content wordcamp-organizers__content is-full\"><p class=\"has-text-align-center\"><a rel=\"noreferrer noopener\" href=\"https:\/\/twitter.com\/Michael_Gout\" target=\"_blank\">@Michael_Gout<\/a> | <a href=\"https:\/\/monentreprisesurle.net\/\">monentreprisesurle.net<\/a><\/p>\n<p class=\"has-text-align-center\">Michael s\u00e9curise la communication des dirigeants en prenant en charge la technique li\u00e9e \u00e0 leur site internet : s\u00e9curit\u00e9, maintenance, accompagnement \/ support, donn\u00e9es personnelles &#8230;<\/p>\n<p class=\"has-text-align-center\">Michael fait partie de l\u2019\u00e9quipe d\u2019organisateurs du WordCamp Paris depuis 2019.<\/p>\n<\/div>\t<\/div>\n\n<\/li><li class=\"wordcamp-post-list__post wordcamp-clearfix\">\n<div class=\"wordcamp-organizer wordcamp-organizers__post slug-margaux-pitras\">\n\t<h3 class=\"wordcamp-block__item-title wordcamp-organizers__title\" style=\"text-align:center\">Margaux Pitras<\/h3>\n\t\t\t<div class=\"wordcamp-image__avatar-container align-center\">\n\t\t\t<img decoding=\"async\" src=\"https:\/\/secure.gravatar.com\/avatar\/?s=146&amp;d=mm&amp;f=y&amp;r=g\" alt=\"Avatar de Margaux Pitras\" \/>\t\t<\/div>\n\t\n\t\t\t<div class=\"wordcamp-block__item-content wordcamp-organizers__content is-full\"><p class=\"has-text-align-center\">Margaux a rejoint l&rsquo;\u00e9quipe d\u2019organisateurs du WordCamp Paris 2023. Elle est en charge de l&rsquo;Afer-Party !<\/p>\n<\/div>\t<\/div>\n\n<\/li><\/ul>\n\n\n<h2 class=\"wp-block-heading alignwide has-text-align-center\">R\u00e9f\u00e9rent des orateurs &amp; oratrices<\/h2>\n\n\n<ul class=\"wordcamp-block wordcamp-post-list has-layout-list wordcamp-organizers\"><li class=\"wordcamp-post-list__post wordcamp-clearfix\">\n<div class=\"wordcamp-organizer wordcamp-organizers__post slug-florian-chambolle\">\n\t<h3 class=\"wordcamp-block__item-title wordcamp-organizers__title\" style=\"text-align:center\">Florian Chambolle<\/h3>\n\t\t\t<div class=\"wordcamp-image__avatar-container align-center\">\n\t\t\t<img loading=\"lazy\" decoding=\"async\" width=\"150\" height=\"150\" src=\"https:\/\/paris.wordcamp.org\/2023\/files\/2023\/02\/florian_chambolle-1024x1024-1-150x150.png\" class=\"attachment-150x150 size-150x150 wp-post-image\" alt=\"Avatar de Florian Chambolle\" srcset=\"https:\/\/paris.wordcamp.org\/2023\/files\/2023\/02\/florian_chambolle-1024x1024-1-150x150.png 150w, https:\/\/paris.wordcamp.org\/2023\/files\/2023\/02\/florian_chambolle-1024x1024-1-300x300.png 300w, https:\/\/paris.wordcamp.org\/2023\/files\/2023\/02\/florian_chambolle-1024x1024-1-768x768.png 768w, https:\/\/paris.wordcamp.org\/2023\/files\/2023\/02\/florian_chambolle-1024x1024-1.png 1024w\" sizes=\"auto, (max-width: 150px) 100vw, 150px\" \/>\t\t<\/div>\n\t\n\t\t\t<div class=\"wordcamp-block__item-content wordcamp-organizers__content is-full\"><p class=\"has-text-align-center\">Pr\u00e9sent dans le staff des WordCamp depuis celui de Lyon en 2015, Florian a d\u00e9j\u00e0 organis\u00e9 2 WordCamps Paris et \u00e9t\u00e9 orateur. <\/p>\n<p class=\"has-text-align-center has-primary-color has-text-color\">Passionn\u00e9 de WordPress, il dirige l&rsquo;<a href=\"https:\/\/agence810.fr\" target=\"_blank\" rel=\"noreferrer noopener nofollow\">agence 810<\/a> bas\u00e9e \u00e0 Rouen depuis septembre 2020.<\/p>\n<\/div>\t<\/div>\n\n<\/li><\/ul>\n\n\n<h2 class=\"wp-block-heading alignwide has-text-align-center\">R\u00e9f\u00e9rent des sponsors<\/h2>\n\n\n<ul class=\"wordcamp-block wordcamp-post-list has-layout-list wordcamp-organizers\"><li class=\"wordcamp-post-list__post wordcamp-clearfix\">\n<div class=\"wordcamp-organizer wordcamp-organizers__post slug-fredde-battel\">\n\t<h3 class=\"wordcamp-block__item-title wordcamp-organizers__title\" style=\"text-align:center\">Fredde Battel<\/h3>\n\t\t\t<div class=\"wordcamp-image__avatar-container align-center\">\n\t\t\t<img decoding=\"async\" src=\"https:\/\/secure.gravatar.com\/avatar\/3cc41b95d5a59bbe3352ac596d9e81803098f813fe54c7747fa2e8a204b638d2?s=150&amp;d=mm&amp;r=g\" alt=\"Avatar de Fredde Battel\" \/>\t\t<\/div>\n\t\n\t\t\t<div class=\"wordcamp-block__item-content wordcamp-organizers__content is-full\"><p class=\"has-text-align-center\">est l\u00e0 aussi ! <\/p>\n<p class=\"has-text-align-center\">Quand elle ne tricote pas en \u00e9coutant de la K-Pop et du Metal, elle est en mission aupr\u00e8s d\u2019une Grande \u00c9cole de management et de commerce pour s\u2019occuper de leur plateforme d\u2019e-learning.<br \/>Elle \u00e9tait organisatrice du WordCamp Lille et volontaire au WordCamp Nice en 2018, volontaire au WordCamp Europe de Berlin et oratrice au WordCamp Marseille en 2019.<\/p>\n<p class=\"has-text-align-center\">Comme en 2019 et 2020, elle fait partie de l&rsquo;\u00e9quipe et s\u2019occupe des sponsors du WordCamp Paris.<\/p>\n<\/div>\t<\/div>\n\n<\/li><li class=\"wordcamp-post-list__post wordcamp-clearfix\">\n<div class=\"wordcamp-organizer wordcamp-organizers__post slug-laurent-vergnaud\">\n\t<h3 class=\"wordcamp-block__item-title wordcamp-organizers__title\" style=\"text-align:center\">Laurent Vergnaud<\/h3>\n\t\t\t<div class=\"wordcamp-image__avatar-container align-center\">\n\t\t\t<img decoding=\"async\" src=\"https:\/\/secure.gravatar.com\/avatar\/ad40a25d3c8620bc5b32c7c2f1c6e0267198bd8ed68d3c97acc56ac092ad7d6d?s=150&amp;d=mm&amp;r=g\" alt=\"Avatar de Laurent Vergnaud\" \/>\t\t<\/div>\n\t\n\t\t\t<div class=\"wordcamp-block__item-content wordcamp-organizers__content is-full\"><p class=\"has-text-align-center\"><a rel=\"noreferrer noopener\" href=\"https:\/\/twitter.com\/laurentvergnaud?lang=fr\" target=\"_blank\">@laurentvergnaud<\/a> | <a rel=\"noreferrer noopener\" href=\"https:\/\/t.co\/pcFZqq9EuT\" target=\"_blank\">themecloud.io<\/a><\/p>\n<p class=\"has-text-align-center\">Laurent est un membre actif de la communaut\u00e9 WordPress depuis 2017. Membre de l&rsquo;association <a href=\"https:\/\/wpparis.fr\/\" target=\"_blank\" rel=\"noreferrer noopener\">WP Paris<\/a>, il a \u00e9t\u00e9 membre de l&rsquo;\u00e9quipe d&rsquo;organisation du WordCamp 2018 mais \u00e9galement orateur et b\u00e9n\u00e9vole sur diff\u00e9rents WordCamp.<\/p>\n<p class=\"has-text-align-center\">Il d\u00e9couvre WordPress en tant que freelance puis lance la solution d&rsquo;h\u00e9bergement sp\u00e9cialis\u00e9e Themecloud  en 2107 pour simplifier la vie des freelances et des agences.<\/p>\n<\/div>\t<\/div>\n\n<\/li><\/ul>\n\n\n<h2 class=\"wp-block-heading alignwide has-text-align-center\">Encadrement des volontaires <\/h2>\n\n\n<ul class=\"wordcamp-block wordcamp-post-list has-layout-list wordcamp-organizers\"><li class=\"wordcamp-post-list__post wordcamp-clearfix\">\n<div class=\"wordcamp-organizer wordcamp-organizers__post slug-sandra-boulou\">\n\t<h3 class=\"wordcamp-block__item-title wordcamp-organizers__title\" style=\"text-align:center\">Sandra Boulou<\/h3>\n\t\t\t<div class=\"wordcamp-image__avatar-container align-center\">\n\t\t\t<img decoding=\"async\" src=\"https:\/\/secure.gravatar.com\/avatar\/5b1461ea185fb4488de99cd9bc13d6e230de4a37c42c464748fef28dc52c15b5?s=150&amp;d=mm&amp;r=g\" alt=\"Avatar de Sandra Boulou\" \/>\t\t<\/div>\n\t\n\t\t\t<div class=\"wordcamp-block__item-content wordcamp-organizers__content is-full\"><p class=\"has-text-align-center\"><a href=\"https:\/\/twitter.com\/Web18_Paris\">@Web18_Paris<\/a> | <a rel=\"noreferrer noopener\" href=\"https:\/\/www.web18.net\" target=\"_blank\">Web18.net<\/a><\/p>\n<p class=\"has-text-align-center\">Elle con\u00e7oit des sites internet et Ecommerce en tant qu\u2019ind\u00e9pendante depuis 2003 sous le nom de Web18 et est sp\u00e9cialiste Ecommerce \/ WooCommerce depuis 2012. <\/p>\n<p class=\"has-text-align-center\">Forte de son exp\u00e9rience, <a href=\"https:\/\/2020.paris.wordcamp.org\/portrait-sandra\/\">Sandra<\/a> accompagne les TPE, Artisans et PME dans leur strat\u00e9gie digitale et le d\u00e9veloppement de leur activit\u00e9 Ecommerce &amp; M-commerce.<\/p>\n<p class=\"has-text-align-center\">Elle participe r\u00e9guli\u00e8rement aux diff\u00e9rents WordCamps en tant que volontaire, co-organisatrice et oratrice.<\/p>\n<p class=\"has-text-align-center\">Pour cette nouvelle \u00e9dition, Sandra est en charge de l&rsquo;\u00c9quipe des volontaires du WordCamp Paris.<\/p><\/p>\n<\/div>\t<\/div>\n\n<\/li><\/ul>\n\n\n<h2 class=\"wp-block-heading alignwide has-text-align-center\">Gestion du lieu &amp; logistique<\/h2>\n\n\n<ul class=\"wordcamp-block wordcamp-post-list has-layout-list wordcamp-organizers\"><li class=\"wordcamp-post-list__post wordcamp-clearfix\">\n<div class=\"wordcamp-organizer wordcamp-organizers__post slug-guillaume-le-morvan\">\n\t<h3 class=\"wordcamp-block__item-title wordcamp-organizers__title\" style=\"text-align:center\">Guillaume Le Morvan<\/h3>\n\t\t\t<div class=\"wordcamp-image__avatar-container align-center\">\n\t\t\t<img loading=\"lazy\" decoding=\"async\" width=\"150\" height=\"150\" src=\"https:\/\/paris.wordcamp.org\/2023\/files\/2023\/02\/DSC_0835-scaled-e1677235947149-150x150.jpg\" class=\"attachment-150x150 size-150x150 wp-post-image\" alt=\"Avatar de Guillaume Le Morvan\" srcset=\"https:\/\/paris.wordcamp.org\/2023\/files\/2023\/02\/DSC_0835-scaled-e1677235947149-150x150.jpg 150w, https:\/\/paris.wordcamp.org\/2023\/files\/2023\/02\/DSC_0835-scaled-e1677235947149-300x300.jpg 300w, https:\/\/paris.wordcamp.org\/2023\/files\/2023\/02\/DSC_0835-scaled-e1677235947149-1024x1024.jpg 1024w, https:\/\/paris.wordcamp.org\/2023\/files\/2023\/02\/DSC_0835-scaled-e1677235947149-768x768.jpg 768w, https:\/\/paris.wordcamp.org\/2023\/files\/2023\/02\/DSC_0835-scaled-e1677235947149.jpg 1139w\" sizes=\"auto, (max-width: 150px) 100vw, 150px\" \/>\t\t<\/div>\n\t\n\t\t\t<div class=\"wordcamp-block__item-content wordcamp-organizers__content is-full\"><p class=\"has-text-align-center\">R\u00e9f\u00e9rent digital ind\u00e9pendant \u00e0 Paris, <a href=\"https:\/\/2020.paris.wordcamp.org\/portrait-guillaume\/\">Guillaume<\/a> accompagne au quotidien des associations et des soci\u00e9t\u00e9s de l&rsquo;\u00e9conomie social et solidaire dans leurs mutations digitales. Il est membre de l&rsquo;association <a rel=\"noreferrer noopener\" aria-label=\" (ouverture dans un nouvel onglet)\" href=\"https:\/\/wpfr.net\/\" target=\"_blank\">WPFR<\/a> depuis 2018 et <a href=\"https:\/\/wpparis.fr\/\">WP Paris<\/a> depuis 2022.<br \/>Elev\u00e9 aux joies des bonnes choses par des parents \u00e9picuriens. il aime d\u00e9couvrir, go\u00fbter et exp\u00e9rimenter de nouvelles choses. Souvent entre deux voyages dans une capitale europ\u00e9enne, il trouve tout de m\u00eame le temps de s&rsquo;adonner \u00e0 ses passions qui sont la musique, la cuisine et les films d&rsquo;horreurs des ann\u00e9es 80.<\/p>\n<\/div>\t<\/div>\n\n<\/li><li class=\"wordcamp-post-list__post wordcamp-clearfix\">\n<div class=\"wordcamp-organizer wordcamp-organizers__post slug-marc-saffar\">\n\t<h3 class=\"wordcamp-block__item-title wordcamp-organizers__title\" style=\"text-align:center\">Marc Saffar<\/h3>\n\t\t\t<div class=\"wordcamp-image__avatar-container align-center\">\n\t\t\t<img decoding=\"async\" src=\"https:\/\/secure.gravatar.com\/avatar\/6ac7a67a4482df81c7b50926fae3f7345ff57ce1d1e17aacf5875b96bfe42b2c?s=150&amp;d=mm&amp;r=g\" alt=\"Avatar de Marc Saffar\" \/>\t\t<\/div>\n\t\n\t\t\t<div class=\"wordcamp-block__item-content wordcamp-organizers__content is-full\"><p class=\"has-text-align-center\"><a rel=\"noreferrer noopener\" href=\"https:\/\/twitter.com\/msaffar\" target=\"_blank\">@msaffar<\/a> | <a rel=\"noreferrer noopener\" href=\"http:\/\/www.marcsaffar.com\/\" target=\"_blank\">marcsaffar.com<\/a><\/p>\n<p class=\"has-text-align-center\">Expert \u00e8s-fabrications, <a rel=\"noreferrer noopener\" href=\"https:\/\/2020.paris.wordcamp.org\/portrait-marc\/\" target=\"_blank\">Marc<\/a> est graphiste, imprimeur et cr\u00e9ateur de sites WordPress. Il est aussi un des premiers membres de WP Paris. Marc est incollable sur beaucoup de sujets, que ce soit les extensions WordPress, l\u2019e-mailing, le cin\u00e9ma ou la musique. Volubile, sa ma\u00eetrise encyclop\u00e9dique de certains sujets entre parfois en conflit avec son pire p\u00e9ch\u00e9, la bouffe\u2026 \u00c0 table bien s\u00fbr. Il est gourmand, Marc\u2026 et <em>canayou<\/em> du canal (Saint-Martin).<\/p>\n<\/div>\t<\/div>\n\n<\/li><\/ul>\n\n\n<h2 class=\"wp-block-heading alignwide has-text-align-center\">Conception de l&rsquo;identit\u00e9 graphique <\/h2>\n\n\n<ul class=\"wordcamp-block wordcamp-post-list has-layout-list wordcamp-organizers\"><li class=\"wordcamp-post-list__post wordcamp-clearfix\">\n<div class=\"wordcamp-organizer wordcamp-organizers__post slug-thomas-villain\">\n\t<h3 class=\"wordcamp-block__item-title wordcamp-organizers__title\" style=\"text-align:center\">Thomas Villain<\/h3>\n\t\t\t<div class=\"wordcamp-image__avatar-container align-center\">\n\t\t\t<img decoding=\"async\" src=\"https:\/\/secure.gravatar.com\/avatar\/a28ecc9068b0a8552cb64f7588ad5260de8c3f53cce3d17ff0630c769c06d919?s=150&amp;d=mm&amp;r=g\" alt=\"Avatar de Thomas Villain\" \/>\t\t<\/div>\n\t\n\t\t\t<div class=\"wordcamp-block__item-content wordcamp-organizers__content is-full\"><p class=\"has-text-align-center\"><a href=\"https:\/\/twitter.com\/anybodesign\" target=\"_blank\" rel=\"noreferrer noopener\">@anybodesign<\/a> | <a href=\"https:\/\/anybodesign.com\" target=\"_blank\" rel=\"noreferrer noopener\">anybodesign.com<\/a><\/p>\n<p class=\"has-text-align-center\">Adepte de WordPress depuis 2010, ce graphiste freelance converti au combo HTML\/CSS\/PHP aime cr\u00e9er des th\u00e8mes sur-mesure.<\/p>\n<p class=\"has-text-align-center\">Membre de l\u2019association WP Paris, <a rel=\"noreferrer noopener\" href=\"https:\/\/2020.paris.wordcamp.org\/portrait-thomas-anybodesign\/\" target=\"_blank\">Thomas<\/a> contribue \u00e0 WordPress en traduisant des extensions, dessinant des wapuus, en co-organisant des WordCamps ou en intervenant en tant qu\u2019orateur.<\/p>\n<p class=\"has-text-align-center\">S\u2019il n\u2019est pas sur son carnet ou devant son Mac c\u2019est qu\u2019il bricole ou qu\u2019il fait la cuisine.<\/p>\n<\/div>\t<\/div>\n\n<\/li><\/ul>\n\n\n<h2 class=\"wp-block-heading alignwide has-text-align-center\">Communication &amp; site internet<\/h2>\n\n\n<ul class=\"wordcamp-block wordcamp-post-list has-layout-list wordcamp-organizers\"><li class=\"wordcamp-post-list__post wordcamp-clearfix\">\n<div class=\"wordcamp-organizer wordcamp-organizers__post slug-estelle-henrion\">\n\t<h3 class=\"wordcamp-block__item-title wordcamp-organizers__title\" style=\"text-align:center\">Estelle Henrion<\/h3>\n\t\t\t<div class=\"wordcamp-image__avatar-container align-center\">\n\t\t\t<img decoding=\"async\" src=\"https:\/\/secure.gravatar.com\/avatar\/1433b8bf4878f4a7d154a3ed20644c017c9a6ffe5b0d8a5918eec0f6fe6c9d23?s=150&amp;d=mm&amp;r=g\" alt=\"Avatar de Estelle Henrion\" \/>\t\t<\/div>\n\t\n\t\t\t<div class=\"wordcamp-block__item-content wordcamp-organizers__content is-full\"><p class=\"has-text-align-center\">\n<p class=\"has-text-align-center\">Petite nouvelle dans l&rsquo;\u00e9quipe, <a href=\"http:\/\/www.linkedin.com\/in\/estelle-henrion-agence810\" data-type=\"URL\" data-id=\"www.linkedin.com\/in\/estelle-henrion-agence810\" target=\"_blank\" rel=\"noreferrer noopener\">Estelle<\/a> est directrice d&rsquo;une agence sp\u00e9cialis\u00e9e WordPress apr\u00e8s avoir pratiqu\u00e9 en autodidacte compulsive depuis 2016.<\/p>\n<p class=\"has-text-align-center\">Apr\u00e8s son tout premier WordCamp \u00e0 Lyon en tant que micro sponsor, elle rejoint la team orga du WordCamp Paris 2023 !<\/p>\n<\/div>\t<\/div>\n\n<\/li><li class=\"wordcamp-post-list__post wordcamp-clearfix\">\n<div class=\"wordcamp-organizer wordcamp-organizers__post slug-julien-jacob\">\n\t<h3 class=\"wordcamp-block__item-title wordcamp-organizers__title\" style=\"text-align:center\">Julien Jacob<\/h3>\n\t\t\t<div class=\"wordcamp-image__avatar-container align-center\">\n\t\t\t<img decoding=\"async\" src=\"https:\/\/secure.gravatar.com\/avatar\/42eb6fa1a83e0c347ad598c767b609943dd494215f5b879259ba9ba18a6ec32f?s=150&amp;d=mm&amp;r=g\" alt=\"Avatar de Julien Jacob\" \/>\t\t<\/div>\n\t\n\t\t\t<div class=\"wordcamp-block__item-content wordcamp-organizers__content is-full\"><p class=\"has-text-align-center\"><a href=\"https:\/\/twitter.com\/wpr0ck\/\">@wprock<\/a> | <a href=\"https:\/\/wprock.fr\/\">wprock.fr<\/a><\/p>\n<\/div>\t<\/div>\n\n<\/li><\/ul>\n\n\n<h2 class=\"wp-block-heading alignwide has-text-align-center\">Photos \/ Vid\u00e9os <\/h2>\n\n\n<ul class=\"wordcamp-block wordcamp-post-list has-layout-list wordcamp-organizers\"><li class=\"wordcamp-post-list__post wordcamp-clearfix\">\n<div class=\"wordcamp-organizer wordcamp-organizers__post slug-olivier-gobet\">\n\t<h3 class=\"wordcamp-block__item-title wordcamp-organizers__title\" style=\"text-align:center\">Olivier Gobet<\/h3>\n\t\t\t<div class=\"wordcamp-image__avatar-container align-center\">\n\t\t\t<img decoding=\"async\" src=\"https:\/\/secure.gravatar.com\/avatar\/d360bb2b369b932d91f91e2a79bd924c7331f709fa455f2dae5b1f8a74ad5b3b?s=150&amp;d=mm&amp;r=g\" alt=\"Avatar de Olivier Gobet\" \/>\t\t<\/div>\n\t\n\t\t\t<div class=\"wordcamp-block__item-content wordcamp-organizers__content is-full\"><p class=\"has-text-align-center\">G\u00e9rant de la sarl&nbsp;<a href=\"https:\/\/www.gd6d.fr\/\">Gd6d<\/a>. j\u2019habite dans le Gers en France. De formation commerciale et autodidacte, je travaille dans le web depuis 2000. Je r\u00e9alise des sites vitrines pour de petits clients ainsi des sites pour proposer des e-learnings.<\/p>\n<p class=\"has-text-align-center\">Membre du staff WordCamp Paris depuis 2014, je suis un cam\u00e9ra-man compulsif : je filme et monte (presque) toutes les conf\u00e9rences des WordCamps fran\u00e7ais.<\/p>\n<\/div>\t<\/div>\n\n<\/li><li class=\"wordcamp-post-list__post wordcamp-clearfix\">\n<div class=\"wordcamp-organizer wordcamp-organizers__post slug-sergio-menegassi\">\n\t<h3 class=\"wordcamp-block__item-title wordcamp-organizers__title\" style=\"text-align:center\">Sergio Menegassi<\/h3>\n\t\t\t<div class=\"wordcamp-image__avatar-container align-center\">\n\t\t\t<img decoding=\"async\" src=\"https:\/\/secure.gravatar.com\/avatar\/195a83ce0dd491673f7ade64195375acef9594b7dc13479c373bda1747c0ced5?s=150&amp;d=mm&amp;r=g\" alt=\"Avatar de Sergio Menegassi\" \/>\t\t<\/div>\n\t\n\t\t\t<div class=\"wordcamp-block__item-content wordcamp-organizers__content is-full\"><p class=\"has-text-align-center\"><a href=\"https:\/\/twitter.com\/MenegassiSergio\">@MenegassiSergio<\/a> | <a rel=\"noreferrer noopener\" href=\"https:\/\/www.imaginatica.com\/\" target=\"_blank\">imaginatica.com<\/a><\/p>\n<p class=\"has-text-align-center\">Havrais tout frais, <a rel=\"noreferrer noopener\" href=\"https:\/\/2020.paris.wordcamp.org\/portrait-de-sergio\/\" target=\"_blank\">Sergio<\/a> a longtemps v\u00e9cu \u00e0 Paris. Graphiste, free-lance, motion et web designer, en ind\u00e9pendant, Sergio travaille avec WordPress depuis 2015 et \u00e9crit tout en <em>Markdown<\/em>. Avant WordPress, son dada c\u2019\u00e9tait Flash. Tout ce qui est art et technologie le passionne et particuli\u00e8rement le mapping et l\u2019art g\u00e9n\u00e9ratif. Il reste membre de WP Paris et serait m\u00eame partant pour en ouvrir une succursale au Havre.<\/p>\n<\/div>\t<\/div>\n\n<\/li><\/ul>\n\n\n<p><\/p>\n","protected":false},"excerpt":{"rendered":"<p>Chaque WordCamp est orchestr\u00e9e par une \u00e9quipe de volontaires b\u00e9n\u00e9voles. Celle-ci travaille et s&rsquo;investit durant plusieurs mois afin d&rsquo;offrir la meilleure exp\u00e9rience aux participants et participantes. Coordination Soin des participants &amp; participantes R\u00e9f\u00e9rent des orateurs &amp; oratrices R\u00e9f\u00e9rent des sponsors Encadrement des volontaires Gestion du lieu &amp; logistique Conception de l&rsquo;identit\u00e9 graphique Communication &amp; site [&hellip;]<\/p>\n","protected":false},"author":15700049,"featured_media":421,"parent":1233,"menu_order":0,"comment_status":"closed","ping_status":"closed","template":"templates\/template-cover.php","meta":{"jetpack_post_was_ever_published":true,"footnotes":""},"class_list":["post-238","page","type-page","status-publish","has-post-thumbnail","hentry"],"jetpack_sharing_enabled":true,"_links":{"self":[{"href":"https:\/\/paris.wordcamp.org\/2023\/wp-json\/wp\/v2\/pages\/238","targetHints":{"allow":["GET"]}}],"collection":[{"href":"https:\/\/paris.wordcamp.org\/2023\/wp-json\/wp\/v2\/pages"}],"about":[{"href":"https:\/\/paris.wordcamp.org\/2023\/wp-json\/wp\/v2\/types\/page"}],"author":[{"embeddable":true,"href":"https:\/\/paris.wordcamp.org\/2023\/wp-json\/wp\/v2\/users\/15700049"}],"replies":[{"embeddable":true,"href":"https:\/\/paris.wordcamp.org\/2023\/wp-json\/wp\/v2\/comments?post=238"}],"version-history":[{"count":24,"href":"https:\/\/paris.wordcamp.org\/2023\/wp-json\/wp\/v2\/pages\/238\/revisions"}],"predecessor-version":[{"id":1097,"href":"https:\/\/paris.wordcamp.org\/2023\/wp-json\/wp\/v2\/pages\/238\/revisions\/1097"}],"up":[{"embeddable":true,"href":"https:\/\/paris.wordcamp.org\/2023\/wp-json\/wp\/v2\/pages\/1233"}],"wp:featuredmedia":[{"embeddable":true,"href":"https:\/\/paris.wordcamp.org\/2023\/wp-json\/wp\/v2\/media\/421"}],"wp:attachment":[{"href":"https:\/\/paris.wordcamp.org\/2023\/wp-json\/wp\/v2\/media?parent=238"}],"curies":[{"name":"wp","href":"https:\/\/api.w.org\/{rel}","templated":true}]}}