{"id":200,"date":"2023-02-07T03:25:57","date_gmt":"2023-02-07T02:25:57","guid":{"rendered":"https:\/\/paris.wordcamp.org\/2023\/?page_id=200"},"modified":"2023-03-20T13:30:48","modified_gmt":"2023-03-20T12:30:48","slug":"levenement-wordpress-a-paris","status":"publish","type":"page","link":"https:\/\/paris.wordcamp.org\/2023\/","title":{"rendered":"L&rsquo;\u00e9v\u00e8nement WordPress \u00e0 Paris le 21 avril 2023"},"content":{"rendered":"\n<p class=\"has-text-align-center\">Le vendredi 21 avril aura lieu le WordCamp Paris 2023. Un \u00e9v\u00e8nement proposant une journ\u00e9e de conf\u00e9rences et d&rsquo;\u00e9changes autour de WordPress. Ouvert \u00e0 tous, il regroupera plusieurs centaines de participants et participantes. <\/p>\n\n\n\n<hr class=\"wp-block-separator has-alpha-channel-opacity\" \/>\n\n\n\n<h2 class=\"wp-block-heading has-text-align-center\">Conf\u00e9rences \u00e0 la Halle Pajol<\/h2>\n\n\n\n<p class=\"has-text-align-center\">Cette ann\u00e9e, l&rsquo;\u00e9v\u00e8nement se d\u00e9roulera \u00e0 la Halle Pajol de 9h \u00e0 18h. Situ\u00e9 dans le 18<sup>e<\/sup> arrondissement de Paris, c&rsquo;est un lieu qui propose un amphith\u00e9\u00e2tre de 180 places, de grandes salles \u00e9quip\u00e9es pour les conf\u00e9rences, plusieurs terrasses couvertes et une salle de restauration. Le tout entourant un espace central et incontournable qui sera destin\u00e9 aux sponsors et aux \u00e9changes.<\/p>\n\n\n\n<figure class=\"wp-block-gallery has-nested-images columns-default is-cropped wp-block-gallery-1 is-layout-flex wp-block-gallery-is-layout-flex\">\n<figure class=\"wp-block-image size-medium\"><img loading=\"lazy\" decoding=\"async\" width=\"300\" height=\"192\" data-id=\"557\" src=\"https:\/\/paris.wordcamp.org\/2023\/files\/2023\/02\/wordcamp-paris-halles-pajol-1-300x192.jpeg\" alt=\"La halle Pajol vue de l'ext\u00e9rieur\" class=\"wp-image-557\" srcset=\"https:\/\/paris.wordcamp.org\/2023\/files\/2023\/02\/wordcamp-paris-halles-pajol-1-300x192.jpeg 300w, https:\/\/paris.wordcamp.org\/2023\/files\/2023\/02\/wordcamp-paris-halles-pajol-1-768x492.jpeg 768w, https:\/\/paris.wordcamp.org\/2023\/files\/2023\/02\/wordcamp-paris-halles-pajol-1-469x300.jpeg 469w, https:\/\/paris.wordcamp.org\/2023\/files\/2023\/02\/wordcamp-paris-halles-pajol-1.jpeg 800w\" sizes=\"auto, (max-width: 300px) 100vw, 300px\" \/><\/figure>\n\n\n\n<figure class=\"wp-block-image size-medium\"><img loading=\"lazy\" decoding=\"async\" width=\"300\" height=\"200\" data-id=\"138\" src=\"https:\/\/paris.wordcamp.org\/2023\/files\/2023\/02\/wordcamp-paris-conferences-300x200.jpg\" alt=\"Photo d'une conf\u00e9rence sur WordPress lors d'un WordCamp\" class=\"wp-image-138\" srcset=\"https:\/\/paris.wordcamp.org\/2023\/files\/2023\/02\/wordcamp-paris-conferences-300x200.jpg 300w, https:\/\/paris.wordcamp.org\/2023\/files\/2023\/02\/wordcamp-paris-conferences-768x512.jpg 768w, https:\/\/paris.wordcamp.org\/2023\/files\/2023\/02\/wordcamp-paris-conferences-450x300.jpg 450w, https:\/\/paris.wordcamp.org\/2023\/files\/2023\/02\/wordcamp-paris-conferences.jpg 1024w\" sizes=\"auto, (max-width: 300px) 100vw, 300px\" \/><\/figure>\n\n\n\n<figure class=\"wp-block-image size-large\"><img loading=\"lazy\" decoding=\"async\" width=\"1024\" height=\"614\" data-id=\"433\" src=\"https:\/\/paris.wordcamp.org\/2023\/files\/2023\/02\/wordcamp-paris-halles-pajol-1024x614.jpg\" alt=\"Photo du jardin couvert de la halle Pajol\" class=\"wp-image-433\" srcset=\"https:\/\/paris.wordcamp.org\/2023\/files\/2023\/02\/wordcamp-paris-halles-pajol-1024x614.jpg 1024w, https:\/\/paris.wordcamp.org\/2023\/files\/2023\/02\/wordcamp-paris-halles-pajol-300x180.jpg 300w, https:\/\/paris.wordcamp.org\/2023\/files\/2023\/02\/wordcamp-paris-halles-pajol-768x461.jpg 768w, https:\/\/paris.wordcamp.org\/2023\/files\/2023\/02\/wordcamp-paris-halles-pajol-500x300.jpg 500w, https:\/\/paris.wordcamp.org\/2023\/files\/2023\/02\/wordcamp-paris-halles-pajol-1536x922.jpg 1536w, https:\/\/paris.wordcamp.org\/2023\/files\/2023\/02\/wordcamp-paris-halles-pajol-1200x720.jpg 1200w, https:\/\/paris.wordcamp.org\/2023\/files\/2023\/02\/wordcamp-paris-halles-pajol.jpg 1920w\" sizes=\"auto, (max-width: 1024px) 100vw, 1024px\" \/><\/figure>\n<\/figure>\n\n\n\n<p class=\"has-text-align-center\"><em><strong>20 Espl. Nathalie Sarraute, 75018 Paris<\/strong><\/em><\/p>\n\n\n\n<hr class=\"wp-block-separator has-alpha-channel-opacity\" \/>\n\n\n\n<h2 class=\"wp-block-heading has-text-align-center\">Proposer vos conf\u00e9rences<\/h2>\n\n\n\n<p class=\"has-text-align-center\">Les WordCamps, ce sont avant tout des conf\u00e9rences et des ateliers. Nous vous encourageons \u00e0 nous proposer les sujets que vous souhaiteriez animer. La communaut\u00e9 WordPress est bienveillante et avide de savoirs.<\/p>\n\n\n\n<figure class=\"wp-block-gallery has-nested-images columns-default is-cropped wp-block-gallery-2 is-layout-flex wp-block-gallery-is-layout-flex\">\n<figure class=\"wp-block-image size-medium\"><img loading=\"lazy\" decoding=\"async\" width=\"300\" height=\"200\" data-id=\"414\" src=\"https:\/\/paris.wordcamp.org\/2023\/files\/2023\/02\/wordcamp-paris-orateur-1-300x200.jpg\" alt=\"Photo d'un orateur pr\u00e9sentant une conf\u00e9rence\" class=\"wp-image-414\" srcset=\"https:\/\/paris.wordcamp.org\/2023\/files\/2023\/02\/wordcamp-paris-orateur-1-300x200.jpg 300w, https:\/\/paris.wordcamp.org\/2023\/files\/2023\/02\/wordcamp-paris-orateur-1-1024x683.jpg 1024w, https:\/\/paris.wordcamp.org\/2023\/files\/2023\/02\/wordcamp-paris-orateur-1-768x512.jpg 768w, https:\/\/paris.wordcamp.org\/2023\/files\/2023\/02\/wordcamp-paris-orateur-1-450x300.jpg 450w, https:\/\/paris.wordcamp.org\/2023\/files\/2023\/02\/wordcamp-paris-orateur-1-1536x1024.jpg 1536w, https:\/\/paris.wordcamp.org\/2023\/files\/2023\/02\/wordcamp-paris-orateur-1-1200x800.jpg 1200w, https:\/\/paris.wordcamp.org\/2023\/files\/2023\/02\/wordcamp-paris-orateur-1-1980x1320.jpg 1980w, https:\/\/paris.wordcamp.org\/2023\/files\/2023\/02\/wordcamp-paris-orateur-1.jpg 2048w\" sizes=\"auto, (max-width: 300px) 100vw, 300px\" \/><\/figure>\n\n\n\n<figure class=\"wp-block-image size-medium\"><img loading=\"lazy\" decoding=\"async\" width=\"300\" height=\"200\" data-id=\"453\" src=\"https:\/\/paris.wordcamp.org\/2023\/files\/2023\/02\/wordcamp-paris-orateur-4-300x200.jpg\" alt=\"Photo d'une oratrice et d'un orateur qui animent une conf\u00e9rence\" class=\"wp-image-453\" srcset=\"https:\/\/paris.wordcamp.org\/2023\/files\/2023\/02\/wordcamp-paris-orateur-4-300x200.jpg 300w, https:\/\/paris.wordcamp.org\/2023\/files\/2023\/02\/wordcamp-paris-orateur-4-1024x683.jpg 1024w, https:\/\/paris.wordcamp.org\/2023\/files\/2023\/02\/wordcamp-paris-orateur-4-768x512.jpg 768w, https:\/\/paris.wordcamp.org\/2023\/files\/2023\/02\/wordcamp-paris-orateur-4-450x300.jpg 450w, https:\/\/paris.wordcamp.org\/2023\/files\/2023\/02\/wordcamp-paris-orateur-4-1536x1024.jpg 1536w, https:\/\/paris.wordcamp.org\/2023\/files\/2023\/02\/wordcamp-paris-orateur-4-1200x800.jpg 1200w, https:\/\/paris.wordcamp.org\/2023\/files\/2023\/02\/wordcamp-paris-orateur-4-1980x1320.jpg 1980w, https:\/\/paris.wordcamp.org\/2023\/files\/2023\/02\/wordcamp-paris-orateur-4.jpg 2048w\" sizes=\"auto, (max-width: 300px) 100vw, 300px\" \/><\/figure>\n\n\n\n<figure class=\"wp-block-image size-large\"><img loading=\"lazy\" decoding=\"async\" width=\"1024\" height=\"683\" data-id=\"415\" src=\"https:\/\/paris.wordcamp.org\/2023\/files\/2023\/02\/wordcamp-paris-orateur-2-1024x683.jpg\" alt=\"Photo d'une conf\u00e9rence depuis le centre de l'amphith\u00e9\u00e2tre\" class=\"wp-image-415\" srcset=\"https:\/\/paris.wordcamp.org\/2023\/files\/2023\/02\/wordcamp-paris-orateur-2-1024x683.jpg 1024w, https:\/\/paris.wordcamp.org\/2023\/files\/2023\/02\/wordcamp-paris-orateur-2-300x200.jpg 300w, https:\/\/paris.wordcamp.org\/2023\/files\/2023\/02\/wordcamp-paris-orateur-2-768x512.jpg 768w, https:\/\/paris.wordcamp.org\/2023\/files\/2023\/02\/wordcamp-paris-orateur-2-450x300.jpg 450w, https:\/\/paris.wordcamp.org\/2023\/files\/2023\/02\/wordcamp-paris-orateur-2-1536x1024.jpg 1536w, https:\/\/paris.wordcamp.org\/2023\/files\/2023\/02\/wordcamp-paris-orateur-2-1200x800.jpg 1200w, https:\/\/paris.wordcamp.org\/2023\/files\/2023\/02\/wordcamp-paris-orateur-2-1980x1320.jpg 1980w, https:\/\/paris.wordcamp.org\/2023\/files\/2023\/02\/wordcamp-paris-orateur-2.jpg 2048w\" sizes=\"auto, (max-width: 1024px) 100vw, 1024px\" \/><\/figure>\n<\/figure>\n\n\n\n<p class=\"has-text-align-center\"><a href=\"https:\/\/paris.wordcamp.org\/2023\/devenir-orateur-oratrice\/\">Devenir orateur \/ oratrice<\/a><\/p>\n\n\n\n<hr class=\"wp-block-separator has-alpha-channel-opacity\" \/>\n\n\n\n<h2 class=\"wp-block-heading has-text-align-center\">Devenir volontaire<\/h2>\n\n\n\n<p class=\"has-text-align-center\">Si vous \u00eates partant pour vivre le WordCamp Paris 2023 de l&rsquo;int\u00e9rieur et participer activement \u00e0 la communaut\u00e9 WordPress, manifestez-vous sur <a href=\"https:\/\/paris.wordcamp.org\/2023\/devenir-volontaire\/\">la page d\u00e9di\u00e9e<\/a>. C&rsquo;est une belle exp\u00e9rience riche en rencontres.<\/p>\n\n\n\n<figure class=\"wp-block-gallery has-nested-images columns-default is-cropped wp-block-gallery-3 is-layout-flex wp-block-gallery-is-layout-flex\">\n<figure class=\"wp-block-image size-medium\"><img loading=\"lazy\" decoding=\"async\" width=\"300\" height=\"200\" data-id=\"460\" src=\"https:\/\/paris.wordcamp.org\/2023\/files\/2023\/02\/wordcamp-paris-volontaire-7-300x200.jpg\" alt=\"Photo de deux volontaires qui distribuent les badges d'entr\u00e9e\" class=\"wp-image-460\" srcset=\"https:\/\/paris.wordcamp.org\/2023\/files\/2023\/02\/wordcamp-paris-volontaire-7-300x200.jpg 300w, https:\/\/paris.wordcamp.org\/2023\/files\/2023\/02\/wordcamp-paris-volontaire-7-768x511.jpg 768w, https:\/\/paris.wordcamp.org\/2023\/files\/2023\/02\/wordcamp-paris-volontaire-7-450x300.jpg 450w, https:\/\/paris.wordcamp.org\/2023\/files\/2023\/02\/wordcamp-paris-volontaire-7.jpg 1021w\" sizes=\"auto, (max-width: 300px) 100vw, 300px\" \/><\/figure>\n\n\n\n<figure class=\"wp-block-image size-medium\"><img loading=\"lazy\" decoding=\"async\" width=\"300\" height=\"200\" data-id=\"421\" src=\"https:\/\/paris.wordcamp.org\/2023\/files\/2023\/02\/wordcamp-paris-organisateurs-1-1-300x200.jpg\" alt=\"Photos des orateurs \/ oratrices, volontaires et sponsors sur sc\u00e8ne lors de la cl\u00f4ture un WordCamp Paris\" class=\"wp-image-421\" srcset=\"https:\/\/paris.wordcamp.org\/2023\/files\/2023\/02\/wordcamp-paris-organisateurs-1-1-300x200.jpg 300w, https:\/\/paris.wordcamp.org\/2023\/files\/2023\/02\/wordcamp-paris-organisateurs-1-1-1024x683.jpg 1024w, https:\/\/paris.wordcamp.org\/2023\/files\/2023\/02\/wordcamp-paris-organisateurs-1-1-768x512.jpg 768w, https:\/\/paris.wordcamp.org\/2023\/files\/2023\/02\/wordcamp-paris-organisateurs-1-1-450x300.jpg 450w, https:\/\/paris.wordcamp.org\/2023\/files\/2023\/02\/wordcamp-paris-organisateurs-1-1-1536x1024.jpg 1536w, https:\/\/paris.wordcamp.org\/2023\/files\/2023\/02\/wordcamp-paris-organisateurs-1-1-1200x800.jpg 1200w, https:\/\/paris.wordcamp.org\/2023\/files\/2023\/02\/wordcamp-paris-organisateurs-1-1-1980x1320.jpg 1980w, https:\/\/paris.wordcamp.org\/2023\/files\/2023\/02\/wordcamp-paris-organisateurs-1-1.jpg 2048w\" sizes=\"auto, (max-width: 300px) 100vw, 300px\" \/><\/figure>\n\n\n\n<figure class=\"wp-block-image size-large\"><img loading=\"lazy\" decoding=\"async\" width=\"1024\" height=\"682\" data-id=\"422\" src=\"https:\/\/paris.wordcamp.org\/2023\/files\/2023\/02\/wordcamp-paris-volontaire-6-1024x682.jpg\" alt=\"Photo de groupe des volontaires d'un WordCamp Paris\" class=\"wp-image-422\" srcset=\"https:\/\/paris.wordcamp.org\/2023\/files\/2023\/02\/wordcamp-paris-volontaire-6-1024x682.jpg 1024w, https:\/\/paris.wordcamp.org\/2023\/files\/2023\/02\/wordcamp-paris-volontaire-6-300x200.jpg 300w, https:\/\/paris.wordcamp.org\/2023\/files\/2023\/02\/wordcamp-paris-volontaire-6-768x511.jpg 768w, https:\/\/paris.wordcamp.org\/2023\/files\/2023\/02\/wordcamp-paris-volontaire-6-451x300.jpg 451w, https:\/\/paris.wordcamp.org\/2023\/files\/2023\/02\/wordcamp-paris-volontaire-6-1536x1022.jpg 1536w, https:\/\/paris.wordcamp.org\/2023\/files\/2023\/02\/wordcamp-paris-volontaire-6-1200x799.jpg 1200w, https:\/\/paris.wordcamp.org\/2023\/files\/2023\/02\/wordcamp-paris-volontaire-6-1980x1318.jpg 1980w, https:\/\/paris.wordcamp.org\/2023\/files\/2023\/02\/wordcamp-paris-volontaire-6.jpg 2048w\" sizes=\"auto, (max-width: 1024px) 100vw, 1024px\" \/><\/figure>\n<\/figure>\n\n\n\n<p class=\"has-text-align-center\"><a href=\"https:\/\/paris.wordcamp.org\/2023\/devenir-volontaire\/\">Devenir volontaire<\/a><\/p>\n\n\n\n<hr class=\"wp-block-separator has-alpha-channel-opacity\" \/>\n\n\n\n<h2 class=\"wp-block-heading has-text-align-center\">Repas et soir\u00e9e communautaire<\/h2>\n\n\n\n<p class=\"has-text-align-center\">Le WordCamp Paris 2023, c&rsquo;est aussi un petit d\u00e9jeuner, un repas le midi et une soir\u00e9e apr\u00e8s les conf\u00e9rences. Des moments propices aux \u00e9changes conviviaux entre personnes qui partagent toutes un grand int\u00e9r\u00eat pour WordPress, la cr\u00e9ation web et l&rsquo;esprit open source.<\/p>\n\n\n\n<figure class=\"wp-block-gallery has-nested-images columns-default is-cropped wp-block-gallery-4 is-layout-flex wp-block-gallery-is-layout-flex\">\n<figure class=\"wp-block-image size-medium\"><img loading=\"lazy\" decoding=\"async\" width=\"300\" height=\"225\" data-id=\"664\" src=\"https:\/\/paris.wordcamp.org\/2023\/files\/2023\/02\/wordcamp-paris-repas-3-300x225.jpg\" alt=\"Des orateurs \/ oratrices et participants \/ participantes discutent autours d'une table et d'un caf\u00e9\" class=\"wp-image-664\" srcset=\"https:\/\/paris.wordcamp.org\/2023\/files\/2023\/02\/wordcamp-paris-repas-3-300x225.jpg 300w, https:\/\/paris.wordcamp.org\/2023\/files\/2023\/02\/wordcamp-paris-repas-3-1024x768.jpg 1024w, https:\/\/paris.wordcamp.org\/2023\/files\/2023\/02\/wordcamp-paris-repas-3-768x576.jpg 768w, https:\/\/paris.wordcamp.org\/2023\/files\/2023\/02\/wordcamp-paris-repas-3-400x300.jpg 400w, https:\/\/paris.wordcamp.org\/2023\/files\/2023\/02\/wordcamp-paris-repas-3-1536x1152.jpg 1536w, https:\/\/paris.wordcamp.org\/2023\/files\/2023\/02\/wordcamp-paris-repas-3-1200x900.jpg 1200w, https:\/\/paris.wordcamp.org\/2023\/files\/2023\/02\/wordcamp-paris-repas-3-1980x1485.jpg 1980w, https:\/\/paris.wordcamp.org\/2023\/files\/2023\/02\/wordcamp-paris-repas-3.jpg 2048w\" sizes=\"auto, (max-width: 300px) 100vw, 300px\" \/><\/figure>\n\n\n\n<figure class=\"wp-block-image size-medium\"><img loading=\"lazy\" decoding=\"async\" width=\"300\" height=\"225\" data-id=\"665\" src=\"https:\/\/paris.wordcamp.org\/2023\/files\/2023\/02\/wordcamp-paris-repas-2-300x225.jpg\" alt=\"Photo du repas du midi lors d'un WordCamp Paris\" class=\"wp-image-665\" srcset=\"https:\/\/paris.wordcamp.org\/2023\/files\/2023\/02\/wordcamp-paris-repas-2-300x225.jpg 300w, https:\/\/paris.wordcamp.org\/2023\/files\/2023\/02\/wordcamp-paris-repas-2-1024x768.jpg 1024w, https:\/\/paris.wordcamp.org\/2023\/files\/2023\/02\/wordcamp-paris-repas-2-768x576.jpg 768w, https:\/\/paris.wordcamp.org\/2023\/files\/2023\/02\/wordcamp-paris-repas-2-400x300.jpg 400w, https:\/\/paris.wordcamp.org\/2023\/files\/2023\/02\/wordcamp-paris-repas-2-1536x1152.jpg 1536w, https:\/\/paris.wordcamp.org\/2023\/files\/2023\/02\/wordcamp-paris-repas-2-1200x900.jpg 1200w, https:\/\/paris.wordcamp.org\/2023\/files\/2023\/02\/wordcamp-paris-repas-2-1980x1485.jpg 1980w, https:\/\/paris.wordcamp.org\/2023\/files\/2023\/02\/wordcamp-paris-repas-2.jpg 2048w\" sizes=\"auto, (max-width: 300px) 100vw, 300px\" \/><\/figure>\n\n\n\n<figure class=\"wp-block-image size-large\"><img loading=\"lazy\" decoding=\"async\" width=\"1024\" height=\"768\" data-id=\"663\" src=\"https:\/\/paris.wordcamp.org\/2023\/files\/2023\/02\/wordcamp-paris-repas-1-1024x768.jpg\" alt=\"Photo d'un diner des orateurs \/ oratrices\" class=\"wp-image-663\" srcset=\"https:\/\/paris.wordcamp.org\/2023\/files\/2023\/02\/wordcamp-paris-repas-1-1024x768.jpg 1024w, https:\/\/paris.wordcamp.org\/2023\/files\/2023\/02\/wordcamp-paris-repas-1-300x225.jpg 300w, https:\/\/paris.wordcamp.org\/2023\/files\/2023\/02\/wordcamp-paris-repas-1-768x576.jpg 768w, https:\/\/paris.wordcamp.org\/2023\/files\/2023\/02\/wordcamp-paris-repas-1-400x300.jpg 400w, https:\/\/paris.wordcamp.org\/2023\/files\/2023\/02\/wordcamp-paris-repas-1-1536x1152.jpg 1536w, https:\/\/paris.wordcamp.org\/2023\/files\/2023\/02\/wordcamp-paris-repas-1-1200x900.jpg 1200w, https:\/\/paris.wordcamp.org\/2023\/files\/2023\/02\/wordcamp-paris-repas-1-1980x1485.jpg 1980w, https:\/\/paris.wordcamp.org\/2023\/files\/2023\/02\/wordcamp-paris-repas-1.jpg 2048w\" sizes=\"auto, (max-width: 1024px) 100vw, 1024px\" \/><\/figure>\n<\/figure>\n","protected":false},"excerpt":{"rendered":"<p>Le vendredi 21 avril aura lieu le WordCamp Paris 2023. Un \u00e9v\u00e8nement proposant une journ\u00e9e de conf\u00e9rences et d&rsquo;\u00e9changes autour de WordPress. Ouvert \u00e0 tous, il regroupera plusieurs centaines de participants et participantes. Conf\u00e9rences \u00e0 la Halle Pajol Cette ann\u00e9e, l&rsquo;\u00e9v\u00e8nement se d\u00e9roulera \u00e0 la Halle Pajol de 9h \u00e0 18h. Situ\u00e9 dans le 18e [&hellip;]<\/p>\n","protected":false},"author":15700049,"featured_media":952,"parent":0,"menu_order":0,"comment_status":"closed","ping_status":"closed","template":"templates\/template-cover.php","meta":{"jetpack_post_was_ever_published":false,"footnotes":""},"class_list":["post-200","page","type-page","status-publish","has-post-thumbnail","hentry"],"jetpack_sharing_enabled":true,"_links":{"self":[{"href":"https:\/\/paris.wordcamp.org\/2023\/wp-json\/wp\/v2\/pages\/200","targetHints":{"allow":["GET"]}}],"collection":[{"href":"https:\/\/paris.wordcamp.org\/2023\/wp-json\/wp\/v2\/pages"}],"about":[{"href":"https:\/\/paris.wordcamp.org\/2023\/wp-json\/wp\/v2\/types\/page"}],"author":[{"embeddable":true,"href":"https:\/\/paris.wordcamp.org\/2023\/wp-json\/wp\/v2\/users\/15700049"}],"replies":[{"embeddable":true,"href":"https:\/\/paris.wordcamp.org\/2023\/wp-json\/wp\/v2\/comments?post=200"}],"version-history":[{"count":47,"href":"https:\/\/paris.wordcamp.org\/2023\/wp-json\/wp\/v2\/pages\/200\/revisions"}],"predecessor-version":[{"id":2761,"href":"https:\/\/paris.wordcamp.org\/2023\/wp-json\/wp\/v2\/pages\/200\/revisions\/2761"}],"wp:featuredmedia":[{"embeddable":true,"href":"https:\/\/paris.wordcamp.org\/2023\/wp-json\/wp\/v2\/media\/952"}],"wp:attachment":[{"href":"https:\/\/paris.wordcamp.org\/2023\/wp-json\/wp\/v2\/media?parent=200"}],"curies":[{"name":"wp","href":"https:\/\/api.w.org\/{rel}","templated":true}]}}