{"id":192,"date":"2023-02-07T02:55:04","date_gmt":"2023-02-07T01:55:04","guid":{"rendered":"https:\/\/paris.wordcamp.org\/2023\/?page_id=192"},"modified":"2023-02-15T17:04:28","modified_gmt":"2023-02-15T16:04:28","slug":"nous-contacter","status":"publish","type":"page","link":"https:\/\/paris.wordcamp.org\/2023\/nous-contacter\/","title":{"rendered":"Contacter l&rsquo;\u00e9quipe du WordCamp Paris"},"content":{"rendered":"\n<p class=\"has-text-align-center\">Vous pouvez contacter l&rsquo;\u00e9quipe des organisateurs et organisatrices du WordCamp Paris par le biais du formulaire ci-dessous. <\/p>\n\n\n<div data-test='contact-form'\n\t\t\tid='contact-form-192'\n\t\t\tclass='wp-block-jetpack-contact-form-container '\n\t\t\tdata-wp-interactive='jetpack\/form' data-wp-context='{\"formId\":\"192\",\"formHash\":\"a199eda8a275abbfc23eeb6ab7d9eb34dc8a963e\",\"showErrors\":false,\"errors\":[],\"fields\":[],\"isMultiStep\":false,\"useAjax\":true,\"submissionData\":null,\"formattedSubmissionData\":[],\"submissionSuccess\":false,\"submissionError\":null,\"elementId\":\"jp-form-a199eda8a275abbfc23eeb6ab7d9eb34dc8a963e\",\"isSingleInputForm\":false}'\n\t\t\tdata-wp-watch--scroll-to-wrapper=\"callbacks.scrollToWrapper\"\n\t\t>\n<div class=\"contact-form-submission contact-form-ajax-submission\" data-wp-bind--aria-hidden=\"state.isSuccessMessageAriaHidden\" data-wp-class--submission-success=\"context.submissionSuccess\" id=\"contact-form-success-a199eda8a275abbfc23eeb6ab7d9eb34dc8a963e\" tabindex=\"-1\" aria-labelledby=\"contact-form-success-header-a199eda8a275abbfc23eeb6ab7d9eb34dc8a963e\"><p class=\"go-back-message\"><a class=\"link\" role=\"button\" tabindex=\"0\" data-wp-on--click=\"actions.goBack\" href=\"\/2023\/wp-json\/wp\/v2\/pages\/192\">\u2190 Back<\/a><\/p><h4 data-wp-bind--aria-hidden=\"state.isSuccessMessageAriaHidden\" id=\"contact-form-success-header-a199eda8a275abbfc23eeb6ab7d9eb34dc8a963e\">Message envoy\u00e9<\/h4>\n\n<div class=\"jetpack_forms_contact-form-custom-success-message\">Votre message a bien \u00e9t\u00e9 envoy\u00e9e \u00e0 l&rsquo;\u00e9quipe organisatrice du WordCamp 2023.<\/div><\/div><form action='https:\/\/paris.wordcamp.org\/2023\/nous-contacter\/'\n\t\t\t\tid='jp-form-a199eda8a275abbfc23eeb6ab7d9eb34dc8a963e'\n\t\t\t\tmethod='post'\n\t\t\t\tclass='contact-form commentsblock wp-block-jetpack-contact-form' aria-label=\"Contacter l&#039;\u00e9quipe du WordCamp Paris\"\n\t\t\t\tdata-wp-on--submit=\"actions.onFormSubmit\"\n\t\t\t\tdata-wp-on--reset=\"actions.onFormReset\"\n\t\t\t\tdata-wp-class--submission-success=\"context.submissionSuccess\"\n\t\t\t\tdata-wp-class--is-first-step=\"state.isFirstStep\"\n\t\t\t\tdata-wp-class--is-last-step=\"state.isLastStep\"\n\t\t\t\tdata-wp-class--is-ajax-form=\"context.useAjax\"\n\t\t\t\tnovalidate >\n<input type='hidden' name='jetpack_contact_form_jwt' value='eyJ0eXAiOiJKV1QiLCJhbGciOiJIUzI1NiJ9.eyJlbmNyeXB0ZWRfYXR0cmlidXRlcyI6ImNyNEZaK0dPcGppRkNiUTN1Ukx5YjI4a0VlWkdCNUE4ZjM3dVdNK3FnYjZOaldQOXlvczhJVHVWdGJ0Q2ZReWg4b3VhQUNCQ2JvaUhBbnlkdExzZmVIWlp0dWM5UDJrL01UVml2NmhVRlBmcnloUk4ybjRjcGJ1cFNoOTM5V251QzNDS0JuMVdneGl2azlWZjZRb2Z0djdlUkN0d0Zsa3RnQ0lFNGhCNTAyNzEvMXg4TEk4V25nZUNmRmhzMUpIRCtNelJSMkR5dmNHWE5pTVo2NU9Bcnh5bWgzeHlTTnBzN2NqWkQ5cnhXNjJ5TUtvTm5sUXgzdi9uUGxOelJtWXFOT01ualpOTUZYLzZLUkYwaWpDTDVJclhrSmFCUDRhMTlOODdJV0pWR2FtcGJqU3g1czBjU3llM3o4ZmY1UVZVNWgvMTZYWXNZbWdiOEJCeC9kenV4aVpjdU9rbmwxMFlHbDNFODdSVkVxOWZPQ2tReHF4ZmtES1FpTXVDY0tJbCsyZ2tjT0kxMWNncldGMi84R0grTG9mT1gyNGlCc1JWOVYyQUJFWHhVb2dCVHVkdnRtMTNEeTF5akN1UUl4d2cxSXVmMXQxVCtYWEkxTmdlUkV5dncxZ25LaHRjTUdxSEpvY3YwenZ4cmkvMkdoMUk4TjNRZFBaZ1hlaFhMU3hxeTBPUFBjNi9tTUcyTjZ2K3BpWnEzMWxYU2puYlZKUGprSUtSTHZvWjQrL2pVcmpuTGJiMVpkL3VpUmxMY1NaNXM4U1p1QlNUMGVMbWF6emhHdmMzcVJHKzZMR05ZQU5rSlV6VUZ2QnF5WHY5VWhQbVFJTW1BNU0vYitZOU05Qi9WRHd1dytZVHNCQmk1WW9SYXczV3krdTZQd0FDTzR6YjdVK1MxK0thazRHVkNBbDVQYWVwbWhGNzUydFhuWkJkQzdlWm5neFZrc1hEd1J2MEZUSm1LUEFWQjk1T25pZVZHZmJVeko2WklPM2p1dW1aa2c0OW5OUkVJR3NTYlpkQm1qTnhTanlYbnZUbit4RmV4SS9xeFloam5FMnVNdFZlNmMxQ2dMUlY3Z3FCdWtKQjRQMDkzSXNtM3M0SitYdEdtVGdWSnpybGZ0V3d6N3FIL3paeWY4c0NjdTVhREk5d0JNTlZjNW5Xd080RDd3NWh2T1R2WnFqUVJLbXNjYm9pK0tWT0tZTVBDK20yWGxHSXJlVnkvOCtpbnFjWnIyaWswVGllS0RRZksrc21NdGRuRDI3WEtMaEo3eEx5SFdPenNFV3R2dHNzMGY3N0x1YzZ5dU9Yd2NWcUQwelZsVTM4N1o1a3hObVYyVFRLTmpBQkg2UmdvS3FEMU0ybUtEUEVxMThXUW9ZYSIsImNvbnRlbnQiOiJcbjxkaXYgY2xhc3M9XCJ3cC1ibG9jay1qZXRwYWNrLWNvbnRhY3QtZm9ybVwiIHN0eWxlPVwicGFkZGluZy10b3A6MTZweDtwYWRkaW5nLXJpZ2h0OjE2cHg7cGFkZGluZy1ib3R0b206MTZweDtwYWRkaW5nLWxlZnQ6MTZweFwiPltjb250YWN0LWZpZWxkIGxhYmVsPVwiUHJcdTAwZTlub21cIiByZXF1aXJlZD1cIjFcIiByZXF1aXJlZFRleHQ9XCIob2JsaWdhdG9pcmUpXCIgd2lkdGg9XCI1MFwiIHR5cGU9XCJuYW1lXCIvXVxuXG5bY29udGFjdC1maWVsZCBsYWJlbD1cIk5vbVwiIHJlcXVpcmVkPVwiMVwiIHJlcXVpcmVkVGV4dD1cIihvYmxpZ2F0b2lyZSlcIiB3aWR0aD1cIjUwXCIgdHlwZT1cIm5hbWVcIi9dXG5cbltjb250YWN0LWZpZWxkIGxhYmVsPVwiRS1tYWlsXCIgcmVxdWlyZWQ9XCIxXCIgcmVxdWlyZWRUZXh0PVwiKG9ibGlnYXRvaXJlKVwiIHR5cGU9XCJlbWFpbFwiL11cblxuW2NvbnRhY3QtZmllbGQgbGFiZWw9XCJNZXNzYWdlXCIgcmVxdWlyZWRUZXh0PVwiKG9ibGlnYXRvaXJlKVwiIHR5cGU9XCJ0ZXh0YXJlYVwiL11cblxuPGRpdiBjbGFzcz1cIndwLWJsb2NrLWpldHBhY2stYnV0dG9uIHdwLWJsb2NrLWJ1dHRvblwiIHN0eWxlPVwiXCI-PGJ1dHRvbiBjbGFzcz1cIndwLWJsb2NrLWJ1dHRvbl9fbGlua1wiIHN0eWxlPVwiXCIgZGF0YS1pZC1hdHRyPVwicGxhY2Vob2xkZXJcIiB0eXBlPVwic3VibWl0XCIgZGF0YS13cC1jbGFzcy0taXMtc3VibWl0dGluZz1cInN0YXRlLmlzU3VibWl0dGluZ1wiIGRhdGEtd3AtYmluZC0tYXJpYS1kaXNhYmxlZD1cInN0YXRlLmlzQXJpYURpc2FibGVkXCI-RW52b3llcjxzcGFuIGNsYXNzPVwic3Bpbm5lclwiIGFyaWEtaGlkZGVuPVwidHJ1ZVwiPjxzdmcgd2lkdGg9XCIyNFwiIGhlaWdodD1cIjI0XCIgdmlld0JveD1cIjAgMCAyNCAyNFwiIHhtbG5zPVwiaHR0cDovL3d3dy53My5vcmcvMjAwMC9zdmdcIj48cGF0aCBkPVwiTTEyLDFBMTEsMTEsMCwxLDAsMjMsMTIsMTEsMTEsMCwwLDAsMTIsMVptMCwxOWE4LDgsMCwxLDEsOC04QTgsOCwwLDAsMSwxMiwyMFpcIiBvcGFjaXR5PVwiLjI1XCIvPjxwYXRoIGQ9XCJNMTAuMTQsMS4xNmExMSwxMSwwLDAsMC05LDguOTJBMS41OSwxLjU5LDAsMCwwLDIuNDYsMTIsMS41MiwxLjUyLDAsMCwwLDQuMTEsMTAuN2E4LDgsMCwwLDEsNi42Ni02LjYxQTEuNDIsMS40MiwwLDAsMCwxMiwyLjY5aDBBMS41NywxLjU3LDAsMCwwLDEwLjE0LDEuMTZaXCI-PGFuaW1hdGVUcmFuc2Zvcm0gYXR0cmlidXRlTmFtZT1cInRyYW5zZm9ybVwiIHR5cGU9XCJyb3RhdGVcIiBkdXI9XCIwLjc1c1wiIHZhbHVlcz1cIjAgMTIgMTI7MzYwIDEyIDEyXCIgcmVwZWF0Q291bnQ9XCJpbmRlZmluaXRlXCIvPjwvcGF0aD48L3N2Zz48c3BhbiBjbGFzcz1cImlzLXZpc3VhbGx5LWhpZGRlblwiPlN1Ym1pdHRpbmcgZm9ybTwvc3Bhbj48L3NwYW4-PC9idXR0b24-PC9kaXY-PC9kaXY-XG4iLCJoYXNoIjoiYTE5OWVkYThhMjc1YWJiZmMyM2VlYjZhYjdkOWViMzRkYzhhOTYzZSIsInNvdXJjZSI6eyJlbnRyeV90aXRsZSI6IkNvbnRhY3RlciBsXHUyMDE5XHUwMGU5cXVpcGUgZHUgV29yZENhbXAgUGFyaXMiLCJlbnRyeV9wYWdlIjoxLCJzb3VyY2VfaWQiOjE5Miwic291cmNlX3R5cGUiOiJzaW5nbGUiLCJyZXF1ZXN0X3VybCI6Imh0dHBzOi8vcGFyaXMud29yZGNhbXAub3JnLzIwMjMvd3AtanNvbi93cC92Mi9wYWdlcy8xOTIifSwidmVyc2lvbiI6MiwiY2lwaGVyIjoiYWVzLTI1Ni1nY20ifQ.fDXELpiq3Hr5eQs4Pk-kcriAPP-Am5xeLXCocWkPXgw' \/>\n\n<div class=\"wp-block-jetpack-contact-form\" style=\"padding-top:16px;padding-right:16px;padding-bottom:16px;padding-left:16px\">\n<div style=\"\"  data-wp-interactive=\"jetpack\/form\" data-wp-context='{\"fieldId\":\"g192-prnom\",\"fieldType\":\"name\",\"fieldLabel\":\"Pr\\u00e9nom\",\"fieldValue\":\"\",\"fieldPlaceholder\":\"\",\"fieldIsRequired\":\"1\",\"fieldErrorMessage\":\"\",\"fieldExtra\":[],\"formHash\":\"a199eda8a275abbfc23eeb6ab7d9eb34dc8a963e\"}'  class='grunion-field-name-wrap grunion-field-width-50-wrap grunion-field-wrap'  data-wp-init='callbacks.initializeField' data-wp-on--jetpack-form-reset='callbacks.initializeField' >\n<label\n\t\t\t\tfor='g192-prnom' class=\"grunion-field-label name\" >Pr\u00e9nom<span class=\"grunion-label-required\" aria-hidden=\"true\">(obligatoire)<\/span><\/label>\n<input\n\t\t\t\t\ttype='text'\n\t\t\t\t\tname='g192-prnom'\n\t\t\t\t\tid='g192-prnom'\n\t\t\t\t\tvalue=''\n\n\t\t\t\t\tdata-wp-bind--aria-invalid='state.fieldAriaInvalid'\n\t\t\t\t\tdata-wp-bind--value='state.getFieldValue'\n\t\t\t\t\taria-describedby='g192-prnom-text-error-message'\n\t\t\t\t\tdata-wp-on--input='actions.onFieldChange'\n\t\t\t\t\tdata-wp-on--blur='actions.onFieldBlur'\n\t\t\t\t\tdata-wp-class--has-value='state.hasFieldValue'\n\n\t\t\t\t\tclass='name  grunion-field-width-50 grunion-field' \n\t\t\t\t\trequired='true' aria-required='true'  \/>\n \n\t\t\t<div id=\"g192-prnom-text-error\" class=\"contact-form__input-error\" data-wp-class--has-errors=\"state.fieldHasErrors\">\n\t\t\t\t<span class=\"contact-form__warning-icon\" aria-hidden=\"true\">\n\t\t\t\t\t<svg width=\"16\" height=\"16\" viewBox=\"0 0 16 16\" fill=\"none\" xmlns=\"http:\/\/www.w3.org\/2000\/svg\">\n\t\t\t\t\t\t<path d=\"M8.50015 11.6402H7.50015V10.6402H8.50015V11.6402Z\" \/>\n\t\t\t\t\t\t<path d=\"M7.50015 9.64018H8.50015V6.30684H7.50015V9.64018Z\" \/>\n\t\t\t\t\t\t<path fill-rule=\"evenodd\" clip-rule=\"evenodd\" d=\"M6.98331 3.0947C7.42933 2.30177 8.57096 2.30177 9.01698 3.09469L13.8771 11.7349C14.3145 12.5126 13.7525 13.4735 12.8602 13.4735H3.14004C2.24774 13.4735 1.68575 12.5126 2.12321 11.7349L6.98331 3.0947ZM8.14541 3.58496C8.08169 3.47168 7.9186 3.47168 7.85488 3.58496L2.99478 12.2251C2.93229 12.3362 3.01257 12.4735 3.14004 12.4735H12.8602C12.9877 12.4735 13.068 12.3362 13.0055 12.2251L8.14541 3.58496Z\" \/>\n\t\t\t\t\t<\/svg>\n\t\t\t\t<\/span>\n\t\t\t\t<span data-wp-text=\"state.errorMessage\" id=\"g192-prnom-text-error-message\"><\/span>\n\t\t\t<\/div> \n\t<\/div>\n\n\n\n<div style=\"\"  data-wp-interactive=\"jetpack\/form\" data-wp-context='{\"fieldId\":\"g192-nom\",\"fieldType\":\"name\",\"fieldLabel\":\"Nom\",\"fieldValue\":\"\",\"fieldPlaceholder\":\"\",\"fieldIsRequired\":\"1\",\"fieldErrorMessage\":\"\",\"fieldExtra\":[],\"formHash\":\"a199eda8a275abbfc23eeb6ab7d9eb34dc8a963e\"}'  class='grunion-field-name-wrap grunion-field-width-50-wrap grunion-field-wrap'  data-wp-init='callbacks.initializeField' data-wp-on--jetpack-form-reset='callbacks.initializeField' >\n<label\n\t\t\t\tfor='g192-nom' class=\"grunion-field-label name\" >Nom<span class=\"grunion-label-required\" aria-hidden=\"true\">(obligatoire)<\/span><\/label>\n<input\n\t\t\t\t\ttype='text'\n\t\t\t\t\tname='g192-nom'\n\t\t\t\t\tid='g192-nom'\n\t\t\t\t\tvalue=''\n\n\t\t\t\t\tdata-wp-bind--aria-invalid='state.fieldAriaInvalid'\n\t\t\t\t\tdata-wp-bind--value='state.getFieldValue'\n\t\t\t\t\taria-describedby='g192-nom-text-error-message'\n\t\t\t\t\tdata-wp-on--input='actions.onFieldChange'\n\t\t\t\t\tdata-wp-on--blur='actions.onFieldBlur'\n\t\t\t\t\tdata-wp-class--has-value='state.hasFieldValue'\n\n\t\t\t\t\tclass='name  grunion-field-width-50 grunion-field' \n\t\t\t\t\trequired='true' aria-required='true'  \/>\n \n\t\t\t<div id=\"g192-nom-text-error\" class=\"contact-form__input-error\" data-wp-class--has-errors=\"state.fieldHasErrors\">\n\t\t\t\t<span class=\"contact-form__warning-icon\" aria-hidden=\"true\">\n\t\t\t\t\t<svg width=\"16\" height=\"16\" viewBox=\"0 0 16 16\" fill=\"none\" xmlns=\"http:\/\/www.w3.org\/2000\/svg\">\n\t\t\t\t\t\t<path d=\"M8.50015 11.6402H7.50015V10.6402H8.50015V11.6402Z\" \/>\n\t\t\t\t\t\t<path d=\"M7.50015 9.64018H8.50015V6.30684H7.50015V9.64018Z\" \/>\n\t\t\t\t\t\t<path fill-rule=\"evenodd\" clip-rule=\"evenodd\" d=\"M6.98331 3.0947C7.42933 2.30177 8.57096 2.30177 9.01698 3.09469L13.8771 11.7349C14.3145 12.5126 13.7525 13.4735 12.8602 13.4735H3.14004C2.24774 13.4735 1.68575 12.5126 2.12321 11.7349L6.98331 3.0947ZM8.14541 3.58496C8.08169 3.47168 7.9186 3.47168 7.85488 3.58496L2.99478 12.2251C2.93229 12.3362 3.01257 12.4735 3.14004 12.4735H12.8602C12.9877 12.4735 13.068 12.3362 13.0055 12.2251L8.14541 3.58496Z\" \/>\n\t\t\t\t\t<\/svg>\n\t\t\t\t<\/span>\n\t\t\t\t<span data-wp-text=\"state.errorMessage\" id=\"g192-nom-text-error-message\"><\/span>\n\t\t\t<\/div> \n\t<\/div>\n\n\n\n<div style=\"\"  data-wp-interactive=\"jetpack\/form\" data-wp-context='{\"fieldId\":\"g192-email\",\"fieldType\":\"email\",\"fieldLabel\":\"E-mail\",\"fieldValue\":\"\",\"fieldPlaceholder\":\"\",\"fieldIsRequired\":\"1\",\"fieldErrorMessage\":\"\",\"fieldExtra\":[],\"formHash\":\"a199eda8a275abbfc23eeb6ab7d9eb34dc8a963e\"}'  class='grunion-field-email-wrap grunion-field-wrap'  data-wp-init='callbacks.initializeField' data-wp-on--jetpack-form-reset='callbacks.initializeField' >\n<label\n\t\t\t\tfor='g192-email' class=\"grunion-field-label email\" >E-mail<span class=\"grunion-label-required\" aria-hidden=\"true\">(obligatoire)<\/span><\/label>\n<input\n\t\t\t\t\ttype='email'\n\t\t\t\t\tname='g192-email'\n\t\t\t\t\tid='g192-email'\n\t\t\t\t\tvalue=''\n\n\t\t\t\t\tdata-wp-bind--aria-invalid='state.fieldAriaInvalid'\n\t\t\t\t\tdata-wp-bind--value='state.getFieldValue'\n\t\t\t\t\taria-describedby='g192-email-email-error-message'\n\t\t\t\t\tdata-wp-on--input='actions.onFieldChange'\n\t\t\t\t\tdata-wp-on--blur='actions.onFieldBlur'\n\t\t\t\t\tdata-wp-class--has-value='state.hasFieldValue'\n\n\t\t\t\t\tclass='email  grunion-field' \n\t\t\t\t\trequired='true' aria-required='true'  \/>\n \n\t\t\t<div id=\"g192-email-email-error\" class=\"contact-form__input-error\" data-wp-class--has-errors=\"state.fieldHasErrors\">\n\t\t\t\t<span class=\"contact-form__warning-icon\" aria-hidden=\"true\">\n\t\t\t\t\t<svg width=\"16\" height=\"16\" viewBox=\"0 0 16 16\" fill=\"none\" xmlns=\"http:\/\/www.w3.org\/2000\/svg\">\n\t\t\t\t\t\t<path d=\"M8.50015 11.6402H7.50015V10.6402H8.50015V11.6402Z\" \/>\n\t\t\t\t\t\t<path d=\"M7.50015 9.64018H8.50015V6.30684H7.50015V9.64018Z\" \/>\n\t\t\t\t\t\t<path fill-rule=\"evenodd\" clip-rule=\"evenodd\" d=\"M6.98331 3.0947C7.42933 2.30177 8.57096 2.30177 9.01698 3.09469L13.8771 11.7349C14.3145 12.5126 13.7525 13.4735 12.8602 13.4735H3.14004C2.24774 13.4735 1.68575 12.5126 2.12321 11.7349L6.98331 3.0947ZM8.14541 3.58496C8.08169 3.47168 7.9186 3.47168 7.85488 3.58496L2.99478 12.2251C2.93229 12.3362 3.01257 12.4735 3.14004 12.4735H12.8602C12.9877 12.4735 13.068 12.3362 13.0055 12.2251L8.14541 3.58496Z\" \/>\n\t\t\t\t\t<\/svg>\n\t\t\t\t<\/span>\n\t\t\t\t<span data-wp-text=\"state.errorMessage\" id=\"g192-email-email-error-message\"><\/span>\n\t\t\t<\/div> \n\t<\/div>\n\n\n\n<div style=\"\"  data-wp-interactive=\"jetpack\/form\" data-wp-context='{\"fieldId\":\"g192-message\",\"fieldType\":\"textarea\",\"fieldLabel\":\"Message\",\"fieldValue\":\"\",\"fieldPlaceholder\":\"\",\"fieldIsRequired\":\"\",\"fieldErrorMessage\":\"\",\"fieldExtra\":[],\"formHash\":\"a199eda8a275abbfc23eeb6ab7d9eb34dc8a963e\"}'  class='grunion-field-textarea-wrap grunion-field-wrap'  data-wp-init='callbacks.initializeField' data-wp-on--jetpack-form-reset='callbacks.initializeField' >\n<label\n\t\t\t\tfor='contact-form-comment-g192-message' class=\"grunion-field-label textarea\" >Message<\/label>\n<textarea\n\t\t                style=''\n\t\t                name='g192-message'\n\t\t                id='contact-form-comment-g192-message'\n\t\t                rows='20'\n\t\t\t\t\t\tdata-wp-text='state.getFieldValue'\n\t\t\t\t\t\tdata-wp-on--input='actions.onFieldChange'\n\t\t\t\t\t\tdata-wp-on--blur='actions.onFieldBlur'\n\t\t\t\t\t\tdata-wp-class--has-value='state.hasFieldValue'\n\t\t\t\t\t\taria-describedby='g192-message-textarea-error-message'\n\t\t\t\t\t\tdata-wp-bind--aria-invalid='state.fieldAriaInvalid'\n\t\t\t\t\t\tclass='textarea  grunion-field'  ><\/textarea>\n \n\t\t\t<div id=\"g192-message-textarea-error\" class=\"contact-form__input-error\" data-wp-class--has-errors=\"state.fieldHasErrors\">\n\t\t\t\t<span class=\"contact-form__warning-icon\" aria-hidden=\"true\">\n\t\t\t\t\t<svg width=\"16\" height=\"16\" viewBox=\"0 0 16 16\" fill=\"none\" xmlns=\"http:\/\/www.w3.org\/2000\/svg\">\n\t\t\t\t\t\t<path d=\"M8.50015 11.6402H7.50015V10.6402H8.50015V11.6402Z\" \/>\n\t\t\t\t\t\t<path d=\"M7.50015 9.64018H8.50015V6.30684H7.50015V9.64018Z\" \/>\n\t\t\t\t\t\t<path fill-rule=\"evenodd\" clip-rule=\"evenodd\" d=\"M6.98331 3.0947C7.42933 2.30177 8.57096 2.30177 9.01698 3.09469L13.8771 11.7349C14.3145 12.5126 13.7525 13.4735 12.8602 13.4735H3.14004C2.24774 13.4735 1.68575 12.5126 2.12321 11.7349L6.98331 3.0947ZM8.14541 3.58496C8.08169 3.47168 7.9186 3.47168 7.85488 3.58496L2.99478 12.2251C2.93229 12.3362 3.01257 12.4735 3.14004 12.4735H12.8602C12.9877 12.4735 13.068 12.3362 13.0055 12.2251L8.14541 3.58496Z\" \/>\n\t\t\t\t\t<\/svg>\n\t\t\t\t<\/span>\n\t\t\t\t<span data-wp-text=\"state.errorMessage\" id=\"g192-message-textarea-error-message\"><\/span>\n\t\t\t<\/div>\n\t<\/div>\n\n\n<div class=\"contact-form__error\" data-wp-class--show-errors=\"state.showFormErrors\"><span class=\"contact-form__warning-icon\" aria-hidden=\"true\"><i><\/i><\/span><span class=\"contact-form__error-message\" tabindex=\"-1\" data-wp-watch=\"callbacks.focusOnValidationError\" data-wp-text=\"state.getFormErrorMessage\"><\/span><ul aria-label=\"Form errors\">\n\t\t\t\t<template data-wp-each=\"state.getErrorList\" data-wp-key=\"context.item.id\">\n\t\t\t\t\t<li><a data-wp-bind--href=\"context.item.anchor\" data-wp-on--click=\"actions.scrollIntoView\" data-wp-text=\"context.item.label\"><\/a><\/li>\n\t\t\t\t<\/template>\n\t\t\t\t<\/ul><\/div><div class=\"contact-form__error\" data-wp-class--show-errors=\"state.showSubmissionError\" data-wp-text=\"context.submissionError\" tabindex=\"-1\" data-wp-watch=\"callbacks.focusOnSubmissionError\"><\/div> <div class=\"wp-block-jetpack-button wp-block-button\" style=\"\"><button data-wp-bind--disabled=\"state.isAriaDisabled\" class=\"wp-block-button__link\" style=\"\" data-id-attr=\"placeholder\" type=\"submit\" data-wp-class--is-submitting=\"state.isSubmitting\" data-wp-bind--aria-disabled=\"state.isAriaDisabled\">Envoyer<span class=\"spinner\" aria-hidden=\"true\"><svg width=\"24\" height=\"24\" viewBox=\"0 0 24 24\" xmlns=\"http:\/\/www.w3.org\/2000\/svg\"><path d=\"M12,1A11,11,0,1,0,23,12,11,11,0,0,0,12,1Zm0,19a8,8,0,1,1,8-8A8,8,0,0,1,12,20Z\" opacity=\".25\"\/><path d=\"M10.14,1.16a11,11,0,0,0-9,8.92A1.59,1.59,0,0,0,2.46,12,1.52,1.52,0,0,0,4.11,10.7a8,8,0,0,1,6.66-6.61A1.42,1.42,0,0,0,12,2.69h0A1.57,1.57,0,0,0,10.14,1.16Z\"><animateTransform attributeName=\"transform\" type=\"rotate\" dur=\"0.75s\" values=\"0 12 12;360 12 12\" repeatCount=\"indefinite\"\/><\/path><\/svg><span class=\"is-visually-hidden\">Submitting form<\/span><\/span><\/button><\/div><\/div>\n\t\t<input type='hidden' name='contact-form-id' value='192' \/>\n\t\t<input type='hidden' name='action' value='grunion-contact-form' \/>\n\t\t<input type='hidden' name='contact-form-hash' value='a199eda8a275abbfc23eeb6ab7d9eb34dc8a963e' \/>\n<p style=\"display: none !important;\" class=\"akismet-fields-container\" data-prefix=\"ak_\"><label>&#916;<textarea name=\"ak_hp_textarea\" cols=\"45\" rows=\"8\" maxlength=\"100\"><\/textarea><\/label><input type=\"hidden\" id=\"ak_js_1\" name=\"ak_js\" value=\"15\"\/><script>\ndocument.getElementById( \"ak_js_1\" ).setAttribute( \"value\", ( new Date() ).getTime() );\n<\/script>\n<\/p><\/form>\n<\/div>","protected":false},"excerpt":{"rendered":"<p>Vous pouvez contacter l&rsquo;\u00e9quipe des organisateurs et organisatrices du WordCamp Paris par le biais du formulaire ci-dessous.<\/p>\n","protected":false},"author":15700049,"featured_media":196,"parent":0,"menu_order":0,"comment_status":"closed","ping_status":"closed","template":"templates\/template-cover.php","meta":{"jetpack_post_was_ever_published":false,"footnotes":""},"class_list":["post-192","page","type-page","status-publish","has-post-thumbnail","hentry"],"jetpack_sharing_enabled":true,"_links":{"self":[{"href":"https:\/\/paris.wordcamp.org\/2023\/wp-json\/wp\/v2\/pages\/192","targetHints":{"allow":["GET"]}}],"collection":[{"href":"https:\/\/paris.wordcamp.org\/2023\/wp-json\/wp\/v2\/pages"}],"about":[{"href":"https:\/\/paris.wordcamp.org\/2023\/wp-json\/wp\/v2\/types\/page"}],"author":[{"embeddable":true,"href":"https:\/\/paris.wordcamp.org\/2023\/wp-json\/wp\/v2\/users\/15700049"}],"replies":[{"embeddable":true,"href":"https:\/\/paris.wordcamp.org\/2023\/wp-json\/wp\/v2\/comments?post=192"}],"version-history":[{"count":7,"href":"https:\/\/paris.wordcamp.org\/2023\/wp-json\/wp\/v2\/pages\/192\/revisions"}],"predecessor-version":[{"id":852,"href":"https:\/\/paris.wordcamp.org\/2023\/wp-json\/wp\/v2\/pages\/192\/revisions\/852"}],"wp:featuredmedia":[{"embeddable":true,"href":"https:\/\/paris.wordcamp.org\/2023\/wp-json\/wp\/v2\/media\/196"}],"wp:attachment":[{"href":"https:\/\/paris.wordcamp.org\/2023\/wp-json\/wp\/v2\/media?parent=192"}],"curies":[{"name":"wp","href":"https:\/\/api.w.org\/{rel}","templated":true}]}}