{"id":182,"date":"2023-02-07T02:08:06","date_gmt":"2023-02-07T01:08:06","guid":{"rendered":"https:\/\/paris.wordcamp.org\/2023\/?page_id=182"},"modified":"2023-03-24T16:27:03","modified_gmt":"2023-03-24T15:27:03","slug":"code-de-conduite","status":"publish","type":"page","link":"https:\/\/paris.wordcamp.org\/2023\/code-de-conduite\/","title":{"rendered":"Code de conduite"},"content":{"rendered":"\n<h2 class=\"wp-block-heading\">1. Objectif<\/h2>\n\n\n\n<p>L\u2019\u00e9quipe du WordCamp de Paris estime que notre communaut\u00e9 devrait \u00eatre ouverte \u00e0 toutes et tous. De fait, nous nous engageons \u00e0 mettre en place un environnement convivial, s\u00fbr et accueillant pour tous les participants, sans distinction de genre, d\u2019orientation sexuelle, d\u2019handicap, d\u2019origine ethnique, ou de religion \u2014 ni m\u00eame de syst\u00e8me d\u2019exploitation, de langage de programmation ou d\u2019\u00e9diteur de code pr\u00e9f\u00e9r\u00e9.<\/p>\n\n\n\n<p>Le pr\u00e9sent code de conduite \u00e9nonce nos attentes en mati\u00e8re de comportement des participants, ainsi que les cons\u00e9quences d\u2019un comportement inacceptable.<\/p>\n\n\n\n<p>Nous invitons tous les sponsors, les b\u00e9n\u00e9voles, les intervenants, les auditeurs et les autres participants \u00e0 nous aider \u00e0 faire du WordCamp Paris une conf\u00e9rence s\u00fbre et b\u00e9n\u00e9ficiant \u00e0 tout le monde.<\/p>\n\n\n\n<h2 class=\"wp-block-heading\">2. Citoyennet\u00e9 Open Source<\/h2>\n\n\n\n<p>Un objectif suppl\u00e9mentaire de ce code de conduite est d\u2019accro\u00eetre le nombre de membres de la communaut\u00e9 open source en encourageant les participants \u00e0 d\u00e9couvrir et renforcer les relations entre ce que nous faisons et la communaut\u00e9 dans son ensemble.<\/p>\n\n\n\n<p>Dans cette optique, les organisateurs du WordCamp de Paris accepterons des nominations de citoyens exemplaires durant l\u2019\u00e9v\u00e8nement afin de mettre en avant une s\u00e9lection de participants sur le site de la conf\u00e9rence une fois celle-ci termin\u00e9e.<\/p>\n\n\n\n<p>Ainsi, si en tant que participant vous constatez que quelqu\u2019un fait un effort particulier pour s\u2019assurer que la communaut\u00e9 est accueillante, amicale, et qu\u2019elle encourage tous les participants \u00e0 contribuer le plus possible, cela nous int\u00e9resse. Vous pouvez nous en parler \u00e0 l\u2019accueil de l\u2019\u00e9v\u00e8nement ou sur le <a href=\"https:\/\/paris.wordcamp.org\/2023\/nous-contacter\/\" data-type=\"page\" data-id=\"192\">formulaire de contact.<\/a><\/p>\n\n\n\n<h2 class=\"wp-block-heading\">3. Comportement attendu<\/h2>\n\n\n\n<ul class=\"wp-block-list\">\n<li>Faites attention \u00e0 autrui, soyez respectueux et ouverts au partage.<\/li>\n\n\n\n<li>Abstenez-vous de comportements et propos discriminatoires, humiliants ou d\u00e9gradants.<\/li>\n\n\n\n<li>Tenez compte de votre environnement imm\u00e9diat et des autres participants. <\/li>\n\n\n\n<li>Pr\u00e9venez les organisateurs si vous remarquez une situation dangereuse ou quelqu\u2019un en d\u00e9tresse.<\/li>\n\n\n\n<li>Participez de mani\u00e8re authentique et active. <\/li>\n<\/ul>\n\n\n\n<p>Ce faisant, vous aiderez \u00e0 faire du WordCamp Paris un \u00e9v\u00e8nement r\u00e9ussi autant pour vous-m\u00eames que pour les autres participants.<\/p>\n\n\n\n<h2 class=\"wp-block-heading\">4. Comportements inacceptables<\/h2>\n\n\n\n<p>Les comportements inacceptables incluent : intimidation, harc\u00e8lement, discrimination, et en g\u00e9n\u00e9ral avoir une conduite abusive, d\u00e9rogatoire ou d\u00e9gradante, ce pour tous les participants du WordCamp de Paris et ses \u00e9v\u00e9nements attach\u00e9s (comme les d\u00eeners et soir\u00e9es).<\/p>\n\n\n\n<p>Tous les lieux WordCamp Paris peuvent \u00eatre partag\u00e9s avec des membres du public ; veuillez \u00eatre respectueux envers tous les clients de ces lieux.<\/p>\n\n\n\n<p>Nous d\u00e9finissons le harc\u00e8lement comme suite : faire verbalement ou par \u00e9crit des commentaires li\u00e9s au genre, \u00e0 l\u2019orientation sexuelle, \u00e0 la couleur de peau ou l\u2019origine ethnique, \u00e0 l\u2019incapacit\u00e9 ou au handicap ; utiliser la nudit\u00e9 ou des images \u00e0 caract\u00e8re pornographique dans un lieu public (y compris dans les slides de pr\u00e9sentation) ; l\u2019intimidation d\u00e9lib\u00e9r\u00e9e, la traque furtive (\u00ab stalking\u00ab ) ou le fait de suivre une personne de trop pr\u00e8s ; prendre une photo ou une vid\u00e9o par la contrainte ; perturber une conf\u00e9rence ou un autre \u00e9v\u00e8nement de mani\u00e8re prolong\u00e9e ; faire des contacts physiques inappropri\u00e9s ; faire des avances sexuelles non sollicit\u00e9es.<\/p>\n\n\n\n<h2 class=\"wp-block-heading\">5. Cons\u00e9quences&nbsp;d\u2019un comportement inacceptable<\/h2>\n\n\n\n<p>Les comportements inacceptables ne seront pas tol\u00e9r\u00e9s, qu\u2019ils soient le fait des participants, d\u2019organisateurs, des employ\u00e9s des lieux ou d\u2019autres personnes pr\u00e9sentes sur les lieux du WordCamp Paris.<\/p>\n\n\n\n<p>Quiconque se voit demander d\u2019arr\u00eater d\u2019avoir un comportement inacceptable devra se conformer aux r\u00e8gles imm\u00e9diatement.<\/p>\n\n\n\n<p>S\u2019il se trouve qu\u2019un participant prolonge son comportement inacceptable, les organisateurs de la conf\u00e9rence pourront prendre toute action qu\u2019ils estiment n\u00e9cessaires, y compris l\u2019expulsion de la conf\u00e9rence sans avertissement ni remboursement.<\/p>\n\n\n\n<h2 class=\"wp-block-heading\">6. Que faire si vous \u00eates t\u00e9moin ou victime d\u2019un comportement inacceptable&nbsp;?<\/h2>\n\n\n\n<p>Si vous \u00eates victime d\u2019un comportement inacceptable durant l\u2019\u00e9v\u00e8nement, que vous remarquez que quelqu\u2019un subit un comportement inacceptable, ou que vous avez des doutes, veuillez en parler d\u00e8s que possible \u00e0 l\u2019un des organisateurs de la conf\u00e9rence.<\/p>\n\n\n\n<p>L\u2019\u00e9quipe du WordCamp Paris sera toujours disponible pour aider les participants et participantes \u00e0 contacter le service de s\u00e9curit\u00e9 du lieu ou la police, \u00e0 escorter ou assister celles et ceux qui subissent un comportement inacceptable afin qu\u2019elles ou ils se sentent en s\u00e9curit\u00e9 pendant la dur\u00e9e de l\u2019\u00e9v\u00e8nement.<\/p>\n\n\n\n<p>Les volontaires qui pr\u00eatent main-forte aux organisateurs porteront un t-shirt distinctif. Tout volontaire pourra vous mener \u00e0 un organisateur de la conf\u00e9rence. Vous pouvez \u00e9galement vous rendre \u00e0 l\u2019accueil et demander \u00e0 parler \u00e0 un organisateur.<\/p>\n\n\n\n<h2 class=\"wp-block-heading\">7. Application<\/h2>\n\n\n\n<p>Nous comptons sur tous les participants (sponsors, volontaires, orateurs \/ oratrices, participants \/ participantes et autres personnes invit\u00e9es) \u00e0 se conformer \u00e0 ce code de conduite pendant la dur\u00e9e de l\u2019\u00e9v\u00e8nement ainsi que durant les \u00e9v\u00e8nements li\u00e9s (d\u00eeners, soir\u00e9es, etc.).<\/p>\n\n\n\n<h2 class=\"wp-block-heading\">8. Information de contact<\/h2>\n\n\n\n<p>Vous pouvez contacter les organisateurs et organisatrices depuis<a href=\"https:\/\/paris.wordcamp.org\/2023\/nous-contacter\/\"> le formulaire de contact disponible sur le site<\/a> ou nous contacter via le compte twitter <a rel=\"noreferrer noopener\" href=\"https:\/\/twitter.com\/WordCampParis\" target=\"_blank\">@WordCampParis<\/a>.<\/p>\n\n\n\n<h2 class=\"wp-block-heading\">9. Licence d\u2019utilisation&nbsp;et attribution<\/h2>\n\n\n\n<p>Ce Code de Conduite est repris directement du travail formidable r\u00e9alis\u00e9 par Open Source Bridge, mais avec les informations propres \u00e0 notre \u00e9v\u00e8nement.<\/p>\n\n\n\n<p>L&rsquo;original est disponible sur <a href=\"http:\/\/web.archive.org\/web\/20191206083557\/http:\/\/opensourcebridge.org\/about\/code-of-conduct\/\" target=\"_blank\" rel=\"noreferrer noopener\">Open Source Bridge 2018<\/a> (archive) et est distribu\u00e9 sous licence&nbsp;<a rel=\"noreferrer noopener\" href=\"http:\/\/creativecommons.org\/licenses\/by-sa\/3.0\/\" target=\"_blank\">Creative Commons Attribution-ShareAlike<\/a>.<\/p>\n\n\n\n<p><strong>D\u00e9claration concernant les \u00e9v\u00e9nements sociaux ou compl\u00e9mentaires (le cas \u00e9ch\u00e9ant)<\/strong><\/p>\n\n\n\n<p>Les \u00e9v\u00e9nements sociaux et compl\u00e9mentaires ont pour but d&rsquo;offrir des opportunit\u00e9s de r\u00e9seautage et de formation suppl\u00e9mentaire, ainsi qu&rsquo;une occasion de se d\u00e9tendre apr\u00e8s un WordCamp. Ils doivent \u00e9galement \u00eatre des lieux o\u00f9 les participants se sentent en s\u00e9curit\u00e9.<\/p>\n\n\n\n<p>Nous voulons que vous vous amusiez lors de ces \u00e9v\u00e8nements, et nous voulons que vous le fassiez en toute s\u00e9curit\u00e9. Si vous constatez une violation du code de conduite, si vous \u00eates pr\u00e9occup\u00e9 par le bien-\u00eatre, la s\u00e9curit\u00e9 ou le comportement d&rsquo;une autre personne, ou si vous avez une question d&rsquo;ordre g\u00e9n\u00e9ral (nous comprenons que les violations ne sont pas toujours \u00e9videntes !), contactez-nous imm\u00e9diatement en informant un des responsables du WordCamp ou en envoyant un e-mail \u00e0 l&rsquo;adresse suivante : <a href=\"mailto:report@wordcamp.org\">report@wordcamp.org<\/a>. Pour les \u00e9v\u00e9nements en personne, si vous avez besoin d&rsquo;aide ou si vous n&rsquo;\u00eates pas en mesure de vous sortir confortablement ou en toute s\u00e9curit\u00e9 d&rsquo;une situation dans laquelle vous ne voulez pas vous trouver, les responsables donneront la priorit\u00e9 \u00e0 l&rsquo;aide \u00e0 vous apporter imm\u00e9diatement et discr\u00e8tement. Voici quelques exemples : vous ne vous sentez pas bien, vos moyens de transport ont \u00e9chou\u00e9, vous \u00eates en \u00e9tat d&rsquo;\u00e9bri\u00e9t\u00e9, vous \u00eates seul ou avec quelqu&rsquo;un en qui vous n&rsquo;avez pas confiance, vous avez \u00e9t\u00e9 victime ou t\u00e9moin d&rsquo;une violation du code de conduite. Demandez \u00e0 une personne ou \u00e0 un responsable de l&rsquo;\u00e9v\u00e8nement qui se trouve \u00e0 proximit\u00e9 de vous aider.<\/p>\n","protected":false},"excerpt":{"rendered":"<p>1. Objectif L\u2019\u00e9quipe du WordCamp de Paris estime que notre communaut\u00e9 devrait \u00eatre ouverte \u00e0 toutes et tous. De fait, nous nous engageons \u00e0 mettre en place un environnement convivial, s\u00fbr et accueillant pour tous les participants, sans distinction de genre, d\u2019orientation sexuelle, d\u2019handicap, d\u2019origine ethnique, ou de religion \u2014 ni m\u00eame de syst\u00e8me d\u2019exploitation, [&hellip;]<\/p>\n","protected":false},"author":15700049,"featured_media":139,"parent":0,"menu_order":0,"comment_status":"closed","ping_status":"closed","template":"templates\/template-cover.php","meta":{"jetpack_post_was_ever_published":false,"footnotes":""},"class_list":["post-182","page","type-page","status-publish","has-post-thumbnail","hentry"],"jetpack_sharing_enabled":true,"_links":{"self":[{"href":"https:\/\/paris.wordcamp.org\/2023\/wp-json\/wp\/v2\/pages\/182","targetHints":{"allow":["GET"]}}],"collection":[{"href":"https:\/\/paris.wordcamp.org\/2023\/wp-json\/wp\/v2\/pages"}],"about":[{"href":"https:\/\/paris.wordcamp.org\/2023\/wp-json\/wp\/v2\/types\/page"}],"author":[{"embeddable":true,"href":"https:\/\/paris.wordcamp.org\/2023\/wp-json\/wp\/v2\/users\/15700049"}],"replies":[{"embeddable":true,"href":"https:\/\/paris.wordcamp.org\/2023\/wp-json\/wp\/v2\/comments?post=182"}],"version-history":[{"count":13,"href":"https:\/\/paris.wordcamp.org\/2023\/wp-json\/wp\/v2\/pages\/182\/revisions"}],"predecessor-version":[{"id":2848,"href":"https:\/\/paris.wordcamp.org\/2023\/wp-json\/wp\/v2\/pages\/182\/revisions\/2848"}],"wp:featuredmedia":[{"embeddable":true,"href":"https:\/\/paris.wordcamp.org\/2023\/wp-json\/wp\/v2\/media\/139"}],"wp:attachment":[{"href":"https:\/\/paris.wordcamp.org\/2023\/wp-json\/wp\/v2\/media?parent=182"}],"curies":[{"name":"wp","href":"https:\/\/api.w.org\/{rel}","templated":true}]}}