{"id":179,"date":"2023-02-07T02:00:41","date_gmt":"2023-02-07T01:00:41","guid":{"rendered":"https:\/\/paris.wordcamp.org\/2023\/?page_id=179"},"modified":"2023-02-21T18:43:15","modified_gmt":"2023-02-21T17:43:15","slug":"charte-des-wordcamps","status":"publish","type":"page","link":"https:\/\/paris.wordcamp.org\/2023\/charte-des-wordcamps\/","title":{"rendered":"Charte des WordCamps"},"content":{"rendered":"\n<p>Les organisateurs, les orateurs, les sponsors et les volontaires qui contribuent au WordCamp de Paris s\u2019engagent \u00e0 respecter\u00a0<a rel=\"noreferrer noopener\" href=\"https:\/\/make.wordpress.org\/community\/handbook\/wordcamp-organizer\/first-steps\/helpful-documents-and-templates\/agreement-among-wordcamp-organizers-speakers-sponsors-and-volunteers\/\" target=\"_blank\">la charte<\/a>\u00a0mise en place par WordCamp Community Support, l\u2019organisme qui s\u2019assure que cet \u00e9v\u00e8nement communautaire se d\u00e9roule dans les meilleures conditions pour toutes et tous.<\/p>\n\n\n\n<p>Voici notre traduction de la charte originale :<\/p>\n\n\n\n<h2 class=\"wp-block-heading\"><strong>Accord entre les organisateurs, orateurs, sponsors et volontaires du WordCamp.<\/strong><\/h2>\n\n\n\n<ol class=\"wp-block-list\">\n<li>Je reconnais que les WordCamps sont con\u00e7us au b\u00e9n\u00e9fice de la communaut\u00e9 WordPress locale par le biais d\u2019\u00e9v\u00e8nements, et celui de la communaut\u00e9 internationale par le biais de vid\u00e9os et autres contenus diffus\u00e9s en ligne.<\/li>\n\n\n\n<li>Je reconnais que les WordCamps sont des \u00e9v\u00e8nements informels organis\u00e9s par des volontaires de la communaut\u00e9 locale, et qui refl\u00e8tent la communaut\u00e9 qu\u2019ils repr\u00e9sentent.<\/li>\n\n\n\n<li>Je reconnais que les organisateurs, orateurs, sponsors et volontaires doivent soutenir le projet WordPress et ses principes.<\/li>\n\n\n\n<li>Je reconnais que les principes du projet WordPress sont notamment :\n<ul class=\"wp-block-list\">\n<li>l\u2019absence de discrimination bas\u00e9e sur le statut \u00e9conomique ou social, la couleur de&nbsp;peau, l\u2019origine ethnique, la nationalit\u00e9, les principes, les croyances politiques ou&nbsp;religieuses, la sexualit\u00e9 ou l\u2019orientation sexuelle, le statut marital, l\u2019\u00e2ge ou le handicap ;<\/li>\n\n\n\n<li>l\u2019absence d\u2019incitation \u00e0 la violence ou de&nbsp;promotion de la haine ;<\/li>\n\n\n\n<li>le refus des spammeurs ;<\/li>\n\n\n\n<li>le refus des g\u00eaneurs (\u00ab&nbsp;jerks&nbsp;\u00bb) ;<\/li>\n\n\n\n<li>le respect de la marque d\u00e9pos\u00e9e WordPress ;<\/li>\n\n\n\n<li>l\u2019acceptation de la licence de WordPress. En distribuant des cr\u00e9ations d\u00e9riv\u00e9es de&nbsp;WordPress (th\u00e8mes, extensions, distributions WordPress), les personnes et soci\u00e9t\u00e9s&nbsp;officiellement associ\u00e9es au WordCamp doivent donner \u00e0 leurs utilisateurs les m\u00eames&nbsp;libert\u00e9s que WordPress leur donne d\u00e9j\u00e0 : respect \u00e0 100% de la licence GPL ou d\u2019une&nbsp;licence compatible, comme c\u2019est le cas sur WordPress.org.<\/li>\n\n\n\n<li>l\u2019absence de promotion de personnes ou de soci\u00e9t\u00e9s qui distribuent des cr\u00e9ations bas\u00e9es sur&nbsp;WordPress qui ne sont pas \u00e0 100% compatible avec la licence GPL.<\/li>\n<\/ul>\n<\/li>\n\n\n\n<li>Je reconnais que les WordCamps sont des \u00e9v\u00e8nements \u00e0 but non lucratif, organis\u00e9s en toute transparence de budget et de financement.<\/li>\n\n\n\n<li>Je reconnais qu\u2019un WordCamp devrait \u00eatre accessible au plus grand nombre, quel que soit sa situation financi\u00e8re.<\/li>\n\n\n\n<li>Je reconnais que je ne suis pas un(e) employ\u00e9(e) de la WordPress Foundation, et que ma participation au WordCamp est volontaire.<\/li>\n<\/ol>\n\n\n\n<p>Si vous avez des craintes ou des questions au sujet de la GPL, n\u2019h\u00e9sitez pas \u00e0 nous en parler. <\/p>\n\n\n\n<p>Pour r\u00e9sumer, la charte indique\u00a0que si vous distribuez publiquement des extensions ou des th\u00e8mes WordPress (gratuits ou payants), il faut que leur code PHP soit sous licence GPL.<\/p>\n","protected":false},"excerpt":{"rendered":"<p>Les organisateurs, les orateurs, les sponsors et les volontaires qui contribuent au WordCamp de Paris s\u2019engagent \u00e0 respecter\u00a0la charte\u00a0mise en place par WordCamp Community Support, l\u2019organisme qui s\u2019assure que cet \u00e9v\u00e8nement communautaire se d\u00e9roule dans les meilleures conditions pour toutes et tous. Voici notre traduction de la charte originale : Accord entre les organisateurs, orateurs, [&hellip;]<\/p>\n","protected":false},"author":15700049,"featured_media":139,"parent":0,"menu_order":0,"comment_status":"closed","ping_status":"closed","template":"templates\/template-cover.php","meta":{"jetpack_post_was_ever_published":false,"footnotes":""},"class_list":["post-179","page","type-page","status-publish","has-post-thumbnail","hentry"],"jetpack_sharing_enabled":true,"_links":{"self":[{"href":"https:\/\/paris.wordcamp.org\/2023\/wp-json\/wp\/v2\/pages\/179","targetHints":{"allow":["GET"]}}],"collection":[{"href":"https:\/\/paris.wordcamp.org\/2023\/wp-json\/wp\/v2\/pages"}],"about":[{"href":"https:\/\/paris.wordcamp.org\/2023\/wp-json\/wp\/v2\/types\/page"}],"author":[{"embeddable":true,"href":"https:\/\/paris.wordcamp.org\/2023\/wp-json\/wp\/v2\/users\/15700049"}],"replies":[{"embeddable":true,"href":"https:\/\/paris.wordcamp.org\/2023\/wp-json\/wp\/v2\/comments?post=179"}],"version-history":[{"count":4,"href":"https:\/\/paris.wordcamp.org\/2023\/wp-json\/wp\/v2\/pages\/179\/revisions"}],"predecessor-version":[{"id":1040,"href":"https:\/\/paris.wordcamp.org\/2023\/wp-json\/wp\/v2\/pages\/179\/revisions\/1040"}],"wp:featuredmedia":[{"embeddable":true,"href":"https:\/\/paris.wordcamp.org\/2023\/wp-json\/wp\/v2\/media\/139"}],"wp:attachment":[{"href":"https:\/\/paris.wordcamp.org\/2023\/wp-json\/wp\/v2\/media?parent=179"}],"curies":[{"name":"wp","href":"https:\/\/api.w.org\/{rel}","templated":true}]}}