{"id":153,"date":"2023-02-06T20:47:32","date_gmt":"2023-02-06T19:47:32","guid":{"rendered":"https:\/\/paris.wordcamp.org\/2023\/?page_id=153"},"modified":"2023-03-08T14:50:05","modified_gmt":"2023-03-08T13:50:05","slug":"devenir-volontaire","status":"publish","type":"page","link":"https:\/\/paris.wordcamp.org\/2023\/devenir-volontaire\/","title":{"rendered":"Devenir volontaire"},"content":{"rendered":"\n<p class=\"has-text-align-center\">Les volontaires ont un r\u00f4le central lors des WordCamps. <br>Ce sont eux qui, aid\u00e9s par l&rsquo;\u00e9quipe organisatrice, accueillent les participants et participantes, aident au bon d\u00e9roulement des conf\u00e9rences et g\u00e8rent la logistique de l&rsquo;\u00e9v\u00e8nement.<\/p>\n\n\n\n<figure class=\"wp-block-gallery has-nested-images columns-default is-cropped wp-block-gallery-1 is-layout-flex wp-block-gallery-is-layout-flex\">\n<figure class=\"wp-block-image size-large\"><img loading=\"lazy\" decoding=\"async\" width=\"1024\" height=\"768\" data-id=\"408\" src=\"https:\/\/paris.wordcamp.org\/2023\/files\/2023\/02\/wordcamp-paris-volontaire-5-1024x768.jpg\" alt=\"Photo d'un espace parlotte. Les participants \/ participantes entourent un orateur\" class=\"wp-image-408\" srcset=\"https:\/\/paris.wordcamp.org\/2023\/files\/2023\/02\/wordcamp-paris-volontaire-5-1024x768.jpg 1024w, https:\/\/paris.wordcamp.org\/2023\/files\/2023\/02\/wordcamp-paris-volontaire-5-300x225.jpg 300w, https:\/\/paris.wordcamp.org\/2023\/files\/2023\/02\/wordcamp-paris-volontaire-5-768x576.jpg 768w, https:\/\/paris.wordcamp.org\/2023\/files\/2023\/02\/wordcamp-paris-volontaire-5-400x300.jpg 400w, https:\/\/paris.wordcamp.org\/2023\/files\/2023\/02\/wordcamp-paris-volontaire-5-1536x1152.jpg 1536w, https:\/\/paris.wordcamp.org\/2023\/files\/2023\/02\/wordcamp-paris-volontaire-5-1200x900.jpg 1200w, https:\/\/paris.wordcamp.org\/2023\/files\/2023\/02\/wordcamp-paris-volontaire-5-1980x1485.jpg 1980w, https:\/\/paris.wordcamp.org\/2023\/files\/2023\/02\/wordcamp-paris-volontaire-5.jpg 2048w\" sizes=\"auto, (max-width: 1024px) 100vw, 1024px\" \/><\/figure>\n\n\n\n<figure class=\"wp-block-image size-large\"><img loading=\"lazy\" decoding=\"async\" width=\"1024\" height=\"768\" data-id=\"406\" src=\"https:\/\/paris.wordcamp.org\/2023\/files\/2023\/02\/wordcamp-paris-volontaire-2-1024x768.jpg\" alt=\"Photo de volontaires qui accueillent les participants et participantes d'un WordCamp\" class=\"wp-image-406\" srcset=\"https:\/\/paris.wordcamp.org\/2023\/files\/2023\/02\/wordcamp-paris-volontaire-2-1024x768.jpg 1024w, https:\/\/paris.wordcamp.org\/2023\/files\/2023\/02\/wordcamp-paris-volontaire-2-300x225.jpg 300w, https:\/\/paris.wordcamp.org\/2023\/files\/2023\/02\/wordcamp-paris-volontaire-2-768x576.jpg 768w, https:\/\/paris.wordcamp.org\/2023\/files\/2023\/02\/wordcamp-paris-volontaire-2-400x300.jpg 400w, https:\/\/paris.wordcamp.org\/2023\/files\/2023\/02\/wordcamp-paris-volontaire-2-1536x1152.jpg 1536w, https:\/\/paris.wordcamp.org\/2023\/files\/2023\/02\/wordcamp-paris-volontaire-2-1200x900.jpg 1200w, https:\/\/paris.wordcamp.org\/2023\/files\/2023\/02\/wordcamp-paris-volontaire-2-1980x1485.jpg 1980w, https:\/\/paris.wordcamp.org\/2023\/files\/2023\/02\/wordcamp-paris-volontaire-2.jpg 2048w\" sizes=\"auto, (max-width: 1024px) 100vw, 1024px\" \/><\/figure>\n<\/figure>\n\n\n\n<hr class=\"wp-block-separator has-alpha-channel-opacity\" \/>\n\n\n\n<h2 class=\"wp-block-heading has-text-align-center\">Pourquoi devenir volontaire<\/h2>\n\n\n\n<p>\u00catre volontaire lors d&rsquo;un WordCamp, c&rsquo;est :<\/p>\n\n\n\n<ul class=\"wp-block-list\">\n<li>Participer de l&rsquo;int\u00e9rieur \u00e0 un \u00e9v\u00e8nement qui offre de belles rencontres.<\/li>\n\n\n\n<li>Une invitation au d\u00eener des orateurs. L&rsquo;occasion de rencontrer les orateurs et oratrices des conf\u00e9rences, les sponsors de l&rsquo;\u00e9v\u00e8nement et l&rsquo;\u00e9quipe organisatrice. <\/li>\n\n\n\n<li>Une invitation \u00e0 la soir\u00e9e organis\u00e9e apr\u00e8s les conf\u00e9rences.<\/li>\n<\/ul>\n\n\n\n<figure class=\"wp-block-gallery has-nested-images columns-default is-cropped wp-block-gallery-2 is-layout-flex wp-block-gallery-is-layout-flex\">\n<figure class=\"wp-block-image size-medium\"><img loading=\"lazy\" decoding=\"async\" width=\"300\" height=\"225\" data-id=\"405\" src=\"https:\/\/paris.wordcamp.org\/2023\/files\/2023\/02\/wordcamp-paris-volontaire-1-300x225.jpg\" alt=\"Photo de deux volontaires\" class=\"wp-image-405\" srcset=\"https:\/\/paris.wordcamp.org\/2023\/files\/2023\/02\/wordcamp-paris-volontaire-1-300x225.jpg 300w, https:\/\/paris.wordcamp.org\/2023\/files\/2023\/02\/wordcamp-paris-volontaire-1-1024x768.jpg 1024w, https:\/\/paris.wordcamp.org\/2023\/files\/2023\/02\/wordcamp-paris-volontaire-1-768x576.jpg 768w, https:\/\/paris.wordcamp.org\/2023\/files\/2023\/02\/wordcamp-paris-volontaire-1-400x300.jpg 400w, https:\/\/paris.wordcamp.org\/2023\/files\/2023\/02\/wordcamp-paris-volontaire-1-1536x1152.jpg 1536w, https:\/\/paris.wordcamp.org\/2023\/files\/2023\/02\/wordcamp-paris-volontaire-1-1200x900.jpg 1200w, https:\/\/paris.wordcamp.org\/2023\/files\/2023\/02\/wordcamp-paris-volontaire-1-1980x1485.jpg 1980w, https:\/\/paris.wordcamp.org\/2023\/files\/2023\/02\/wordcamp-paris-volontaire-1.jpg 2048w\" sizes=\"auto, (max-width: 300px) 100vw, 300px\" \/><\/figure>\n\n\n\n<figure class=\"wp-block-image size-medium\"><img loading=\"lazy\" decoding=\"async\" width=\"300\" height=\"200\" data-id=\"460\" src=\"https:\/\/paris.wordcamp.org\/2023\/files\/2023\/02\/wordcamp-paris-volontaire-7-300x200.jpg\" alt=\"Photo de deux volontaires qui distribuent les badges d'entr\u00e9e\" class=\"wp-image-460\" srcset=\"https:\/\/paris.wordcamp.org\/2023\/files\/2023\/02\/wordcamp-paris-volontaire-7-300x200.jpg 300w, https:\/\/paris.wordcamp.org\/2023\/files\/2023\/02\/wordcamp-paris-volontaire-7-768x511.jpg 768w, https:\/\/paris.wordcamp.org\/2023\/files\/2023\/02\/wordcamp-paris-volontaire-7-450x300.jpg 450w, https:\/\/paris.wordcamp.org\/2023\/files\/2023\/02\/wordcamp-paris-volontaire-7.jpg 1021w\" sizes=\"auto, (max-width: 300px) 100vw, 300px\" \/><\/figure>\n\n\n\n<figure class=\"wp-block-image size-large\"><img loading=\"lazy\" decoding=\"async\" width=\"1024\" height=\"768\" data-id=\"407\" src=\"https:\/\/paris.wordcamp.org\/2023\/files\/2023\/02\/wordcamp-paris-volontaire-3-1024x768.jpg\" alt=\"Photo de volontaire accueillants les participants et participantes\" class=\"wp-image-407\" srcset=\"https:\/\/paris.wordcamp.org\/2023\/files\/2023\/02\/wordcamp-paris-volontaire-3-1024x768.jpg 1024w, https:\/\/paris.wordcamp.org\/2023\/files\/2023\/02\/wordcamp-paris-volontaire-3-300x225.jpg 300w, https:\/\/paris.wordcamp.org\/2023\/files\/2023\/02\/wordcamp-paris-volontaire-3-768x576.jpg 768w, https:\/\/paris.wordcamp.org\/2023\/files\/2023\/02\/wordcamp-paris-volontaire-3-400x300.jpg 400w, https:\/\/paris.wordcamp.org\/2023\/files\/2023\/02\/wordcamp-paris-volontaire-3-1536x1152.jpg 1536w, https:\/\/paris.wordcamp.org\/2023\/files\/2023\/02\/wordcamp-paris-volontaire-3-1200x900.jpg 1200w, https:\/\/paris.wordcamp.org\/2023\/files\/2023\/02\/wordcamp-paris-volontaire-3-1980x1485.jpg 1980w, https:\/\/paris.wordcamp.org\/2023\/files\/2023\/02\/wordcamp-paris-volontaire-3.jpg 2048w\" sizes=\"auto, (max-width: 1024px) 100vw, 1024px\" \/><\/figure>\n<\/figure>\n\n\n\n<hr class=\"wp-block-separator has-alpha-channel-opacity\" \/>\n\n\n\n<h2 class=\"wp-block-heading has-text-align-center\">Formulaire d&rsquo;inscription<\/h2>\n\n\n\n<p class=\"has-text-align-center\">Le formulaire ci-dessous permet de vous inscrire en tant que volontaire du WordCamp Paris 2023. L\u2019\u00e9quipe organisatrice vous contactera au plus vite apr\u00e8s la r\u00e9ception de votre inscription. Si vous souhaitez nous poser des questions, vous pouvez nous contacter via <a rel=\"noreferrer noopener\" href=\"https:\/\/paris.wordcamp.org\/2023\/nous-contacter\/\" target=\"_blank\">notre formulaire de contact<\/a>.<\/p>\n\n\n\n<p class=\"has-text-align-center\">En vous portant volontaire, vous devez avoir lu et accept\u00e9 <a rel=\"noreferrer noopener\" href=\"https:\/\/paris.wordcamp.org\/2023\/charte-des-wordcamps\/\" target=\"_blank\">la charte des WordCamps<\/a> ainsi que <a rel=\"noreferrer noopener\" href=\"https:\/\/paris.wordcamp.org\/2023\/code-de-conduite\/\" target=\"_blank\">le code de conduite<\/a>.<\/p>\n\n\n\n<div class=\"wp-block-buttons is-content-justification-center is-layout-flex wp-container-core-buttons-is-layout-16018d1d wp-block-buttons-is-layout-flex\">\n<div class=\"wp-block-button\"><a class=\"wp-block-button__link has-text-align-center wp-element-button\" href=\"https:\/\/docs.google.com\/forms\/d\/e\/1FAIpQLSd_Noby9PmGz9nkKr2OAszZwe6peJYkWTCmFYsteqGpl0RKCw\/viewform\" target=\"_blank\" rel=\"noreferrer noopener\">Je m&rsquo;inscris pour \u00eatre volontaire<\/a><\/div>\n<\/div>\n","protected":false},"excerpt":{"rendered":"<p>Les volontaires ont un r\u00f4le central lors des WordCamps. Ce sont eux qui, aid\u00e9s par l&rsquo;\u00e9quipe organisatrice, accueillent les participants et participantes, aident au bon d\u00e9roulement des conf\u00e9rences et g\u00e8rent la logistique de l&rsquo;\u00e9v\u00e8nement. Pourquoi devenir volontaire \u00catre volontaire lors d&rsquo;un WordCamp, c&rsquo;est : Formulaire d&rsquo;inscription Le formulaire ci-dessous permet de vous inscrire en tant [&hellip;]<\/p>\n","protected":false},"author":15700049,"featured_media":422,"parent":0,"menu_order":0,"comment_status":"closed","ping_status":"closed","template":"templates\/template-cover.php","meta":{"jetpack_post_was_ever_published":false,"footnotes":""},"class_list":["post-153","page","type-page","status-publish","has-post-thumbnail","hentry"],"jetpack_sharing_enabled":true,"_links":{"self":[{"href":"https:\/\/paris.wordcamp.org\/2023\/wp-json\/wp\/v2\/pages\/153","targetHints":{"allow":["GET"]}}],"collection":[{"href":"https:\/\/paris.wordcamp.org\/2023\/wp-json\/wp\/v2\/pages"}],"about":[{"href":"https:\/\/paris.wordcamp.org\/2023\/wp-json\/wp\/v2\/types\/page"}],"author":[{"embeddable":true,"href":"https:\/\/paris.wordcamp.org\/2023\/wp-json\/wp\/v2\/users\/15700049"}],"replies":[{"embeddable":true,"href":"https:\/\/paris.wordcamp.org\/2023\/wp-json\/wp\/v2\/comments?post=153"}],"version-history":[{"count":25,"href":"https:\/\/paris.wordcamp.org\/2023\/wp-json\/wp\/v2\/pages\/153\/revisions"}],"predecessor-version":[{"id":1463,"href":"https:\/\/paris.wordcamp.org\/2023\/wp-json\/wp\/v2\/pages\/153\/revisions\/1463"}],"wp:featuredmedia":[{"embeddable":true,"href":"https:\/\/paris.wordcamp.org\/2023\/wp-json\/wp\/v2\/media\/422"}],"wp:attachment":[{"href":"https:\/\/paris.wordcamp.org\/2023\/wp-json\/wp\/v2\/media?parent=153"}],"curies":[{"name":"wp","href":"https:\/\/api.w.org\/{rel}","templated":true}]}}