{"id":130,"date":"2023-02-06T20:08:36","date_gmt":"2023-02-06T19:08:36","guid":{"rendered":"https:\/\/paris.wordcamp.org\/2023\/?page_id=130"},"modified":"2023-03-08T14:47:36","modified_gmt":"2023-03-08T13:47:36","slug":"devenir-orateur-oratrice","status":"publish","type":"page","link":"https:\/\/paris.wordcamp.org\/2023\/devenir-orateur-oratrice\/","title":{"rendered":"Devenir orateur \/ oratrice"},"content":{"rendered":"\n<p class=\"has-text-align-center has-normal-font-size\">Le 21 avril 2023 se d\u00e9roulera la douzi\u00e8me \u00e9dition du WordCamp Paris, un \u00e9v\u00e8nement d\u00e9di\u00e9 \u00e0 WordPress et \u00e0 son \u00e9cosyst\u00e8me qui regroupe des centaines de participants.<\/p>\n\n\n\n<p class=\"has-text-align-center\">Nous sommes heureux de vous inviter \u00e0 nous envoyer vos candidatures pour devenir orateur \/ oratrice de cet \u00e9v\u00e8nement r\u00e9unissant la communaut\u00e9 WordPress, y compris les d\u00e9veloppeurs, les int\u00e9grateurs, les utilisateurs de sites Web et les passionn\u00e9s des m\u00e9dias sociaux. En tant qu&rsquo;orateurs, votre participation est essentielle \u00e0 la r\u00e9ussite de l&rsquo;\u00e9v\u00e8nement.<\/p>\n\n\n\n<figure class=\"wp-block-gallery has-nested-images columns-default is-cropped wp-block-gallery-1 is-layout-flex wp-block-gallery-is-layout-flex\">\n<figure class=\"wp-block-image size-large\"><img loading=\"lazy\" decoding=\"async\" width=\"1024\" height=\"683\" data-id=\"415\" src=\"https:\/\/paris.wordcamp.org\/2023\/files\/2023\/02\/wordcamp-paris-orateur-2-1024x683.jpg\" alt=\"Photo d'une conf\u00e9rence depuis le centre de l'amphith\u00e9\u00e2tre\" class=\"wp-image-415\" srcset=\"https:\/\/paris.wordcamp.org\/2023\/files\/2023\/02\/wordcamp-paris-orateur-2-1024x683.jpg 1024w, https:\/\/paris.wordcamp.org\/2023\/files\/2023\/02\/wordcamp-paris-orateur-2-300x200.jpg 300w, https:\/\/paris.wordcamp.org\/2023\/files\/2023\/02\/wordcamp-paris-orateur-2-768x512.jpg 768w, https:\/\/paris.wordcamp.org\/2023\/files\/2023\/02\/wordcamp-paris-orateur-2-450x300.jpg 450w, https:\/\/paris.wordcamp.org\/2023\/files\/2023\/02\/wordcamp-paris-orateur-2-1536x1024.jpg 1536w, https:\/\/paris.wordcamp.org\/2023\/files\/2023\/02\/wordcamp-paris-orateur-2-1200x800.jpg 1200w, https:\/\/paris.wordcamp.org\/2023\/files\/2023\/02\/wordcamp-paris-orateur-2-1980x1320.jpg 1980w, https:\/\/paris.wordcamp.org\/2023\/files\/2023\/02\/wordcamp-paris-orateur-2.jpg 2048w\" sizes=\"auto, (max-width: 1024px) 100vw, 1024px\" \/><\/figure>\n\n\n\n<figure class=\"wp-block-image size-large\"><img loading=\"lazy\" decoding=\"async\" width=\"1024\" height=\"563\" data-id=\"417\" src=\"https:\/\/paris.wordcamp.org\/2023\/files\/2023\/02\/wordcamp-orateur-1024x563.png\" alt=\"Photo d'un orateur au cours d'une conf\u00e9rence\" class=\"wp-image-417\" srcset=\"https:\/\/paris.wordcamp.org\/2023\/files\/2023\/02\/wordcamp-orateur-1024x563.png 1024w, https:\/\/paris.wordcamp.org\/2023\/files\/2023\/02\/wordcamp-orateur-300x165.png 300w, https:\/\/paris.wordcamp.org\/2023\/files\/2023\/02\/wordcamp-orateur-768x422.png 768w, https:\/\/paris.wordcamp.org\/2023\/files\/2023\/02\/wordcamp-orateur-500x275.png 500w, https:\/\/paris.wordcamp.org\/2023\/files\/2023\/02\/wordcamp-orateur.png 1040w\" sizes=\"auto, (max-width: 1024px) 100vw, 1024px\" \/><\/figure>\n<\/figure>\n\n\n\n<hr class=\"wp-block-separator has-alpha-channel-opacity\" \/>\n\n\n\n<h2 class=\"wp-block-heading has-text-align-center\">Les sujets de conf\u00e9rences<\/h2>\n\n\n\n<ul class=\"wp-block-list\">\n<li>Les pr\u00e9sentations concernent sp\u00e9cifiquement WordPress.<\/li>\n\n\n\n<li>Vous n\u2019avez pas besoin d\u2019avoir une exp\u00e9rience pr\u00e9alable d\u2019oratrice ou d\u2019orateur\u202f; vous devez avoir une profonde connaissance du sujet que vous voulez partager.<\/li>\n\n\n\n<li>Les pr\u00e9sentations \u00ab marketing \u00bb de vos services ne sont pas les bienvenues.<\/li>\n<\/ul>\n\n\n\n<figure class=\"wp-block-gallery has-nested-images columns-default is-cropped wp-block-gallery-2 is-layout-flex wp-block-gallery-is-layout-flex\">\n<figure class=\"wp-block-image size-medium\"><img loading=\"lazy\" decoding=\"async\" width=\"300\" height=\"200\" data-id=\"453\" src=\"https:\/\/paris.wordcamp.org\/2023\/files\/2023\/02\/wordcamp-paris-orateur-4-300x200.jpg\" alt=\"Photo d'une oratrice et d'un orateur qui animent une conf\u00e9rence\" class=\"wp-image-453\" srcset=\"https:\/\/paris.wordcamp.org\/2023\/files\/2023\/02\/wordcamp-paris-orateur-4-300x200.jpg 300w, https:\/\/paris.wordcamp.org\/2023\/files\/2023\/02\/wordcamp-paris-orateur-4-1024x683.jpg 1024w, https:\/\/paris.wordcamp.org\/2023\/files\/2023\/02\/wordcamp-paris-orateur-4-768x512.jpg 768w, https:\/\/paris.wordcamp.org\/2023\/files\/2023\/02\/wordcamp-paris-orateur-4-450x300.jpg 450w, https:\/\/paris.wordcamp.org\/2023\/files\/2023\/02\/wordcamp-paris-orateur-4-1536x1024.jpg 1536w, https:\/\/paris.wordcamp.org\/2023\/files\/2023\/02\/wordcamp-paris-orateur-4-1200x800.jpg 1200w, https:\/\/paris.wordcamp.org\/2023\/files\/2023\/02\/wordcamp-paris-orateur-4-1980x1320.jpg 1980w, https:\/\/paris.wordcamp.org\/2023\/files\/2023\/02\/wordcamp-paris-orateur-4.jpg 2048w\" sizes=\"auto, (max-width: 300px) 100vw, 300px\" \/><\/figure>\n\n\n\n<figure class=\"wp-block-image size-medium\"><img loading=\"lazy\" decoding=\"async\" width=\"300\" height=\"200\" data-id=\"418\" src=\"https:\/\/paris.wordcamp.org\/2023\/files\/2023\/02\/wordcamp-conference-1-300x200.jpg\" alt=\"Photo d'une conf\u00e9rence en cours prise depuis le fond de l'amphith\u00e9\u00e2tre\" class=\"wp-image-418\" srcset=\"https:\/\/paris.wordcamp.org\/2023\/files\/2023\/02\/wordcamp-conference-1-300x200.jpg 300w, https:\/\/paris.wordcamp.org\/2023\/files\/2023\/02\/wordcamp-conference-1-1024x683.jpg 1024w, https:\/\/paris.wordcamp.org\/2023\/files\/2023\/02\/wordcamp-conference-1-768x512.jpg 768w, https:\/\/paris.wordcamp.org\/2023\/files\/2023\/02\/wordcamp-conference-1-450x300.jpg 450w, https:\/\/paris.wordcamp.org\/2023\/files\/2023\/02\/wordcamp-conference-1-1536x1024.jpg 1536w, https:\/\/paris.wordcamp.org\/2023\/files\/2023\/02\/wordcamp-conference-1-1200x800.jpg 1200w, https:\/\/paris.wordcamp.org\/2023\/files\/2023\/02\/wordcamp-conference-1-1980x1320.jpg 1980w, https:\/\/paris.wordcamp.org\/2023\/files\/2023\/02\/wordcamp-conference-1.jpg 2048w\" sizes=\"auto, (max-width: 300px) 100vw, 300px\" \/><\/figure>\n\n\n\n<figure class=\"wp-block-image size-large\"><img loading=\"lazy\" decoding=\"async\" width=\"1024\" height=\"684\" data-id=\"458\" src=\"https:\/\/paris.wordcamp.org\/2023\/files\/2023\/02\/wordcamp-paris-orateur-6-1024x684.jpg\" alt=\"Photo d'une oratrice qui anime une conf\u00e9rence\" class=\"wp-image-458\" srcset=\"https:\/\/paris.wordcamp.org\/2023\/files\/2023\/02\/wordcamp-paris-orateur-6-1024x684.jpg 1024w, https:\/\/paris.wordcamp.org\/2023\/files\/2023\/02\/wordcamp-paris-orateur-6-300x200.jpg 300w, https:\/\/paris.wordcamp.org\/2023\/files\/2023\/02\/wordcamp-paris-orateur-6-768x513.jpg 768w, https:\/\/paris.wordcamp.org\/2023\/files\/2023\/02\/wordcamp-paris-orateur-6-449x300.jpg 449w, https:\/\/paris.wordcamp.org\/2023\/files\/2023\/02\/wordcamp-paris-orateur-6-1536x1025.jpg 1536w, https:\/\/paris.wordcamp.org\/2023\/files\/2023\/02\/wordcamp-paris-orateur-6-1200x801.jpg 1200w, https:\/\/paris.wordcamp.org\/2023\/files\/2023\/02\/wordcamp-paris-orateur-6-1980x1322.jpg 1980w, https:\/\/paris.wordcamp.org\/2023\/files\/2023\/02\/wordcamp-paris-orateur-6.jpg 2048w\" sizes=\"auto, (max-width: 1024px) 100vw, 1024px\" \/><\/figure>\n<\/figure>\n\n\n\n<hr class=\"wp-block-separator has-alpha-channel-opacity\" \/>\n\n\n\n<h2 class=\"wp-block-heading has-text-align-center\">Les formats de conf\u00e9rences<\/h2>\n\n\n\n<div class=\"wp-block-columns is-layout-flex wp-container-core-columns-is-layout-9d6595d7 wp-block-columns-is-layout-flex\">\n<div class=\"wp-block-column is-vertically-aligned-top is-layout-flow wp-block-column-is-layout-flow\" style=\"flex-basis:33.33%\">\n<figure class=\"wp-block-image size-full\"><img loading=\"lazy\" decoding=\"async\" width=\"1024\" height=\"683\" src=\"https:\/\/paris.wordcamp.org\/2023\/files\/2023\/02\/wordcamp-paris-conferences.jpg\" alt=\"Photo d'une conf\u00e9rence sur WordPress lors d'un WordCamp\" class=\"wp-image-138\" srcset=\"https:\/\/paris.wordcamp.org\/2023\/files\/2023\/02\/wordcamp-paris-conferences.jpg 1024w, https:\/\/paris.wordcamp.org\/2023\/files\/2023\/02\/wordcamp-paris-conferences-300x200.jpg 300w, https:\/\/paris.wordcamp.org\/2023\/files\/2023\/02\/wordcamp-paris-conferences-768x512.jpg 768w, https:\/\/paris.wordcamp.org\/2023\/files\/2023\/02\/wordcamp-paris-conferences-450x300.jpg 450w\" sizes=\"auto, (max-width: 1024px) 100vw, 1024px\" \/><\/figure>\n<\/div>\n\n\n\n<div class=\"wp-block-column is-vertically-aligned-top is-layout-flow wp-block-column-is-layout-flow\" style=\"flex-basis:66.66%\">\n<h3 class=\"wp-block-heading\">Les conf\u00e9rences <\/h3>\n\n\n\n<p>Votre conf\u00e9rence au format classique se d\u00e9roule dans l\u2019amphith\u00e9\u00e2tre. Elle dure 40 minutes, suivie de 10 minutes de questions \/ r\u00e9ponses.<\/p>\n<\/div>\n<\/div>\n\n\n\n<div class=\"wp-block-columns is-layout-flex wp-container-core-columns-is-layout-9d6595d7 wp-block-columns-is-layout-flex\">\n<div class=\"wp-block-column is-vertically-aligned-top is-layout-flow wp-block-column-is-layout-flow\" style=\"flex-basis:33.33%\">\n<figure class=\"wp-block-image size-large\"><img loading=\"lazy\" decoding=\"async\" width=\"1024\" height=\"683\" src=\"https:\/\/paris.wordcamp.org\/2023\/files\/2023\/02\/wordcamp-paris-parlottes-1024x683.jpg\" alt=\"Un orateur qui anime une conf\u00e9rence\" class=\"wp-image-448\" srcset=\"https:\/\/paris.wordcamp.org\/2023\/files\/2023\/02\/wordcamp-paris-parlottes-1024x683.jpg 1024w, https:\/\/paris.wordcamp.org\/2023\/files\/2023\/02\/wordcamp-paris-parlottes-300x200.jpg 300w, https:\/\/paris.wordcamp.org\/2023\/files\/2023\/02\/wordcamp-paris-parlottes-768x512.jpg 768w, https:\/\/paris.wordcamp.org\/2023\/files\/2023\/02\/wordcamp-paris-parlottes-450x300.jpg 450w, https:\/\/paris.wordcamp.org\/2023\/files\/2023\/02\/wordcamp-paris-parlottes-1536x1024.jpg 1536w, https:\/\/paris.wordcamp.org\/2023\/files\/2023\/02\/wordcamp-paris-parlottes-1200x800.jpg 1200w, https:\/\/paris.wordcamp.org\/2023\/files\/2023\/02\/wordcamp-paris-parlottes-1980x1320.jpg 1980w, https:\/\/paris.wordcamp.org\/2023\/files\/2023\/02\/wordcamp-paris-parlottes.jpg 2048w\" sizes=\"auto, (max-width: 1024px) 100vw, 1024px\" \/><\/figure>\n<\/div>\n\n\n\n<div class=\"wp-block-column is-vertically-aligned-top is-layout-flow wp-block-column-is-layout-flow\" style=\"flex-basis:66.66%\">\n<h3 class=\"wp-block-heading\">Les propos \u00e9clairs <\/h3>\n\n\n\n<p>Votre intervention dans l\u2019amphith\u00e9\u00e2tre dure de 8 \u00e0 10 minutes. Il n\u2019y aura pas de questions, vous pourrez si vous le souhaitez inviter les auditeurs \u00e0 vous rejoindre ensuite \u00e0 la caf\u00e9t\u2019 WordPress.<\/p>\n<\/div>\n<\/div>\n\n\n\n<div class=\"wp-block-columns is-layout-flex wp-container-core-columns-is-layout-9d6595d7 wp-block-columns-is-layout-flex\">\n<div class=\"wp-block-column is-vertically-aligned-top is-layout-flow wp-block-column-is-layout-flow\" style=\"flex-basis:33.33%\">\n<figure class=\"wp-block-image size-large\"><img loading=\"lazy\" decoding=\"async\" width=\"1024\" height=\"768\" src=\"https:\/\/paris.wordcamp.org\/2023\/files\/2023\/02\/wordcamp-paris-volontaire-5-1024x768.jpg\" alt=\"Photo d'un espace parlotte. Les participants \/ participantes entourent un orateur\" class=\"wp-image-408\" srcset=\"https:\/\/paris.wordcamp.org\/2023\/files\/2023\/02\/wordcamp-paris-volontaire-5-1024x768.jpg 1024w, https:\/\/paris.wordcamp.org\/2023\/files\/2023\/02\/wordcamp-paris-volontaire-5-300x225.jpg 300w, https:\/\/paris.wordcamp.org\/2023\/files\/2023\/02\/wordcamp-paris-volontaire-5-768x576.jpg 768w, https:\/\/paris.wordcamp.org\/2023\/files\/2023\/02\/wordcamp-paris-volontaire-5-400x300.jpg 400w, https:\/\/paris.wordcamp.org\/2023\/files\/2023\/02\/wordcamp-paris-volontaire-5-1536x1152.jpg 1536w, https:\/\/paris.wordcamp.org\/2023\/files\/2023\/02\/wordcamp-paris-volontaire-5-1200x900.jpg 1200w, https:\/\/paris.wordcamp.org\/2023\/files\/2023\/02\/wordcamp-paris-volontaire-5-1980x1485.jpg 1980w, https:\/\/paris.wordcamp.org\/2023\/files\/2023\/02\/wordcamp-paris-volontaire-5.jpg 2048w\" sizes=\"auto, (max-width: 1024px) 100vw, 1024px\" \/><\/figure>\n<\/div>\n\n\n\n<div class=\"wp-block-column is-vertically-aligned-top is-layout-flow wp-block-column-is-layout-flow\" style=\"flex-basis:66.66%\">\n<h3 class=\"wp-block-heading\">Les parlottes<\/h3>\n\n\n\n<p>Vous pr\u00e9f\u00e9rez un format moins structur\u00e9, avec une conversation ouverte avec votre auditoire ? La parlotte est faite pour vous ! Vous aurez 45 minutes pour pr\u00e9senter votre sujet, pas besoin de diapos, faites vivre votre histoire oralement. Vos auditeurs vous entourent et vous \u00e9coutent.<\/p>\n<\/div>\n<\/div>\n\n\n\n<hr class=\"wp-block-separator has-alpha-channel-opacity\" \/>\n\n\n\n<h2 class=\"wp-block-heading has-text-align-center\">Proposer vos conf\u00e9rences<\/h2>\n\n\n\n<p class=\"has-text-align-center\">Vous pouvez d\u00e8s \u00e0 pr\u00e9sent nous envoyer vos propositions de sujets pour les conf\u00e9rences que vous souhaiteriez pr\u00e9senter. Il n\u2019y a pas besoin d\u2019\u00eatre un orateur ou une oratrice de m\u00e9tier. La communaut\u00e9 est bienveillante, et m\u00eame avide d\u2019apprendre et d\u2019\u00e9changer avec de nouveaux talents.<\/p>\n\n\n\n<p class=\"has-text-align-center\">N\u2019h\u00e9sitez pas \u00e0 proposer plusieurs sujets sur plusieurs formats (conf\u00e9rence, propos \u00e9clair ou parlotte). Vous avez jusqu&rsquo;au 13 mars 2023 pour nous faire parvenir vos propositions.<\/p>\n\n\n\n<p class=\"has-text-align-center\">Si vous souhaitez nous poser des questions avant de vous lancer, vous pouvez nous contacter via <a rel=\"noreferrer noopener\" href=\"https:\/\/paris.wordcamp.org\/2023\/nous-contacter\/\" target=\"_blank\">notre formulaire de contact<\/a>. L&rsquo;\u00e9quipe organisatrice se fera un plaisir de vous r\u00e9pondre. <\/p>\n\n\n\n<div class=\"wp-block-buttons is-content-justification-center is-layout-flex wp-container-core-buttons-is-layout-16018d1d wp-block-buttons-is-layout-flex\">\n<div class=\"wp-block-button\"><a class=\"wp-block-button__link wp-element-button\" href=\"https:\/\/wcamp.paris\/\" target=\"_blank\" rel=\"noreferrer noopener\">Proposer vos conf\u00e9rences<\/a><\/div>\n<\/div>\n","protected":false},"excerpt":{"rendered":"<p>Le 21 avril 2023 se d\u00e9roulera la douzi\u00e8me \u00e9dition du WordCamp Paris, un \u00e9v\u00e8nement d\u00e9di\u00e9 \u00e0 WordPress et \u00e0 son \u00e9cosyst\u00e8me qui regroupe des centaines de participants. Nous sommes heureux de vous inviter \u00e0 nous envoyer vos candidatures pour devenir orateur \/ oratrice de cet \u00e9v\u00e8nement r\u00e9unissant la communaut\u00e9 WordPress, y compris les d\u00e9veloppeurs, les [&hellip;]<\/p>\n","protected":false},"author":15700049,"featured_media":454,"parent":0,"menu_order":0,"comment_status":"closed","ping_status":"closed","template":"templates\/template-cover.php","meta":{"jetpack_post_was_ever_published":false,"footnotes":""},"class_list":["post-130","page","type-page","status-publish","has-post-thumbnail","hentry"],"jetpack_sharing_enabled":true,"_links":{"self":[{"href":"https:\/\/paris.wordcamp.org\/2023\/wp-json\/wp\/v2\/pages\/130","targetHints":{"allow":["GET"]}}],"collection":[{"href":"https:\/\/paris.wordcamp.org\/2023\/wp-json\/wp\/v2\/pages"}],"about":[{"href":"https:\/\/paris.wordcamp.org\/2023\/wp-json\/wp\/v2\/types\/page"}],"author":[{"embeddable":true,"href":"https:\/\/paris.wordcamp.org\/2023\/wp-json\/wp\/v2\/users\/15700049"}],"replies":[{"embeddable":true,"href":"https:\/\/paris.wordcamp.org\/2023\/wp-json\/wp\/v2\/comments?post=130"}],"version-history":[{"count":49,"href":"https:\/\/paris.wordcamp.org\/2023\/wp-json\/wp\/v2\/pages\/130\/revisions"}],"predecessor-version":[{"id":3334,"href":"https:\/\/paris.wordcamp.org\/2023\/wp-json\/wp\/v2\/pages\/130\/revisions\/3334"}],"wp:featuredmedia":[{"embeddable":true,"href":"https:\/\/paris.wordcamp.org\/2023\/wp-json\/wp\/v2\/media\/454"}],"wp:attachment":[{"href":"https:\/\/paris.wordcamp.org\/2023\/wp-json\/wp\/v2\/media?parent=130"}],"curies":[{"name":"wp","href":"https:\/\/api.w.org\/{rel}","templated":true}]}}