{"id":1233,"date":"2023-02-28T15:03:54","date_gmt":"2023-02-28T14:03:54","guid":{"rendered":"https:\/\/paris.wordcamp.org\/2023\/?page_id=1233"},"modified":"2023-03-08T14:54:06","modified_gmt":"2023-03-08T13:54:06","slug":"les-equipes","status":"publish","type":"page","link":"https:\/\/paris.wordcamp.org\/2023\/les-equipes\/","title":{"rendered":"Les \u00e9quipes"},"content":{"rendered":"\n<p class=\"has-text-align-center\"><strong>Le WordCamp de Paris rassemble diff\u00e9rentes \u00e9quipes qui partagent un projet commun : WordPress<\/strong><\/p>\n\n\n\n<hr class=\"wp-block-separator has-alpha-channel-opacity\" \/>\n\n\n\n<h2 class=\"wp-block-heading\"><a href=\"https:\/\/paris.wordcamp.org\/2023\/les-equipes\/participantes\/\" data-type=\"page\" data-id=\"1101\">Les Participants<\/a><\/h2>\n\n\n\n<p>Vous voulez avoir un aper\u00e7u des <a href=\"https:\/\/paris.wordcamp.org\/2023\/les-equipes\/participantes\/\" data-type=\"page\" data-id=\"1101\">WordPressiens<\/a> ? Vous y retrouverez s\u00fbrement des visages familiers, mais aussi beaucoup de nouveaux.<\/p>\n\n\n\n<hr class=\"wp-block-separator has-alpha-channel-opacity\" \/>\n\n\n\n<h2 class=\"wp-block-heading\"><a href=\"https:\/\/paris.wordcamp.org\/2023\/les-equipes\/sponsors\/\" data-type=\"page\" data-id=\"10\">Les Sponsors<\/a><\/h2>\n\n\n\n<p>Qu&rsquo;ils soient locaux ou mondiaux, les <a href=\"https:\/\/paris.wordcamp.org\/2023\/les-equipes\/sponsors\/\" data-type=\"page\" data-id=\"10\">Sponsors<\/a> sont des \u00e9l\u00e9ments importants dans la vie de la communaut\u00e9 WordPress.<\/p>\n\n\n\n<div class=\"wp-block-buttons is-layout-flex wp-block-buttons-is-layout-flex\">\n<div class=\"wp-block-button\"><a class=\"wp-block-button__link wp-element-button\" href=\"https:\/\/paris.wordcamp.org\/2023\/devenez-sponsor\/\">Devenez sponsor<\/a><\/div>\n<\/div>\n\n\n\n<hr class=\"wp-block-separator has-alpha-channel-opacity\" \/>\n\n\n\n<h2 class=\"wp-block-heading\"><a href=\"https:\/\/paris.wordcamp.org\/2023\/devenir-orateur-oratrice\/\" data-type=\"page\" data-id=\"130\">Les Orateurs \/ Oratrices<\/a><\/h2>\n\n\n\n<p>Etre\u00a0orateur ou oratrice, c&rsquo;est une autre fa\u00e7on de contribuer, mais c&rsquo;est avant tout partager et transmettre !<\/p>\n\n\n\n<div class=\"wp-block-buttons is-layout-flex wp-block-buttons-is-layout-flex\">\n<div class=\"wp-block-button\"><a class=\"wp-block-button__link wp-element-button\" href=\"https:\/\/paris.wordcamp.org\/2023\/appel-a-orateur-ice\/\">Devenez orateur \/ oratrice<\/a><\/div>\n<\/div>\n\n\n\n<hr class=\"wp-block-separator has-alpha-channel-opacity\" \/>\n\n\n\n<h2 class=\"wp-block-heading\">Les Volontaires<\/h2>\n\n\n\n<p>Les\u00a0b\u00e9n\u00e9voles ou volontaires\u00a0aident le jour J<\/p>\n\n\n\n<hr class=\"wp-block-separator has-alpha-channel-opacity\" \/>\n\n\n\n<h2 class=\"wp-block-heading\"><a href=\"https:\/\/paris.wordcamp.org\/2023\/les-equipes\/les-organisateurs\/\" data-type=\"page\" data-id=\"238\">Les Orga&rsquo;<\/a><\/h2>\n\n\n\n<p>Les&nbsp;<a href=\"https:\/\/paris.wordcamp.org\/2023\/les-equipes\/les-organisateurs\/\" data-type=\"page\" data-id=\"238\">organisateurs<\/a>&nbsp;vous pr\u00e9parent une journ\u00e9e aux petits oignons. <\/p>\n","protected":false},"excerpt":{"rendered":"<p>Le WordCamp de Paris rassemble diff\u00e9rentes \u00e9quipes qui partagent un projet commun : WordPress Les Participants Vous voulez avoir un aper\u00e7u des WordPressiens ? Vous y retrouverez s\u00fbrement des visages familiers, mais aussi beaucoup de nouveaux. Les Sponsors Qu&rsquo;ils soient locaux ou mondiaux, les Sponsors sont des \u00e9l\u00e9ments importants dans la vie de la communaut\u00e9 [&hellip;]<\/p>\n","protected":false},"author":14983135,"featured_media":0,"parent":0,"menu_order":0,"comment_status":"closed","ping_status":"closed","template":"","meta":{"jetpack_post_was_ever_published":false,"footnotes":""},"class_list":["post-1233","page","type-page","status-publish","hentry"],"jetpack_sharing_enabled":true,"_links":{"self":[{"href":"https:\/\/paris.wordcamp.org\/2023\/wp-json\/wp\/v2\/pages\/1233","targetHints":{"allow":["GET"]}}],"collection":[{"href":"https:\/\/paris.wordcamp.org\/2023\/wp-json\/wp\/v2\/pages"}],"about":[{"href":"https:\/\/paris.wordcamp.org\/2023\/wp-json\/wp\/v2\/types\/page"}],"author":[{"embeddable":true,"href":"https:\/\/paris.wordcamp.org\/2023\/wp-json\/wp\/v2\/users\/14983135"}],"replies":[{"embeddable":true,"href":"https:\/\/paris.wordcamp.org\/2023\/wp-json\/wp\/v2\/comments?post=1233"}],"version-history":[{"count":21,"href":"https:\/\/paris.wordcamp.org\/2023\/wp-json\/wp\/v2\/pages\/1233\/revisions"}],"predecessor-version":[{"id":1467,"href":"https:\/\/paris.wordcamp.org\/2023\/wp-json\/wp\/v2\/pages\/1233\/revisions\/1467"}],"wp:attachment":[{"href":"https:\/\/paris.wordcamp.org\/2023\/wp-json\/wp\/v2\/media?parent=1233"}],"curies":[{"name":"wp","href":"https:\/\/api.w.org\/{rel}","templated":true}]}}