{"id":1057,"date":"2023-02-23T21:13:00","date_gmt":"2023-02-23T20:13:00","guid":{"rendered":"https:\/\/paris.wordcamp.org\/2023\/?page_id=1057"},"modified":"2023-04-18T17:10:42","modified_gmt":"2023-04-18T15:10:42","slug":"billetterie","status":"publish","type":"page","link":"https:\/\/paris.wordcamp.org\/2023\/billetterie\/","title":{"rendered":"Billetterie"},"content":{"rendered":"\n<p><strong>Nous sommes complets ! Merci pour votre compr\u00e9hension.<\/strong><\/p>\n\n\n\n<hr class=\"wp-block-separator has-alpha-channel-opacity\" \/>\n\n\n\n<p>En r\u00e9servant un ou plusieurs billets pour le WordCamp Paris 2023, vous reconnaissez avoir pris connaissance et accepter les conditions suivantes :<\/p>\n\n\n\n<ul class=\"wp-block-list\">\n<li>L&rsquo;adh\u00e9sion et le respect, en tant que participant\u00b7e, \u00e0 notre&nbsp;<a href=\"https:\/\/paris.wordcamp.org\/2023\/code-de-conduite\/\">code de conduite<\/a>.<\/li>\n\n\n\n<li>Les conditions de remboursement : sur demande et <strong>avant le 14\/04\/2023<\/strong>.<\/li>\n\n\n\n<li>Vous consentez \u00e0 ce que votre image soit utilis\u00e9e dans les photos ou les vid\u00e9os qui seront prises ou enregistr\u00e9es durant l\u2019\u00e9v\u00e9nement et la soir\u00e9e.<\/li>\n\n\n\n<li>L&rsquo;adh\u00e9sion et le respect, en tant que sponsor, \u00e0 notre&nbsp;<a href=\"https:\/\/paris.wordcamp.org\/2023\/charte-des-wordcamps\/\">charte<\/a>.<\/li>\n<\/ul>\n\n\n\n<p><strong>NB : <\/strong>conservez bien l\u2019e-mail de confirmation de votre achat, il contient un lien pour vous permettre de modifier vos informations ou demander un remboursement en cas de besoin.<\/p>\n\n\n\n<p><strong>Pour info, une journ\u00e9e de contribution est organis\u00e9e par l&rsquo;association WPFR le 20 avril 2023, pour vous inscrire <a href=\"https:\/\/www.eventbrite.com\/e\/billets-journee-de-contribution-20-avril-2023-566766001367\">c&rsquo;est ici !<\/a><\/strong><\/p>\n\n\n\n<h2 class=\"wp-block-heading\" id=\"solo-jdc\">R\u00e9servez vos places !<\/h2>\n\n\n<a href=\"https:\/\/paris.wordcamp.org\/2023\/billetterie\/\">Veuillez consulter cette page dans un navigateur pour acheter ou g\u00e9rer vos billets.<\/a>\n\n\n\n<h2 class=\"wp-block-heading\" id=\"mentions-importantes\">Mentions importantes :<\/h2>\n\n\n\n<ol class=\"wp-block-list\">\n<li>En vous inscrivant au WordCamp Paris 2023, vous nous autorisez \u00e0 vous envoyer des e-mails de confirmation d\u2019achat de billet(s) ou de modification de vos pr\u00e9f\u00e9rences quant \u00e0 ce (ces) billet(s) ainsi que deux e-mails : l\u2019un pour vous communiquer des informations pour optimiser votre exp\u00e9rience du WordCamp quelques jours avant sa date, l\u2019autre pour vous remercier de votre participation et vous demander de r\u00e9pondre \u00e0 une enqu\u00eate de satisfaction par rapport \u00e0 notre rassemblement.<\/li>\n\n\n\n<li>L&rsquo;acc\u00e8s aux installations du WordCamp Paris 2023 sera soumis \u00e0 v\u00e9rification de la pr\u00e9sence de vos pr\u00e9noms et noms dans la liste des personnes inscrites \u00e0 chacune de nos journ\u00e9es. Merci donc de <strong>veiller \u00e0 vous munir d&rsquo;une pi\u00e8ce d&rsquo;identit\u00e9<\/strong> pour nous permettre d&rsquo;effectuer cette v\u00e9rification. Notez qu&rsquo;il ne sera proc\u00e9d\u00e9 \u00e0 aucun remboursement si toutefois vous n&rsquo;aviez pas \u00e9t\u00e9 autoris\u00e9 \u00e0 acc\u00e9der \u00e0 l&rsquo;enceinte des locaux du WordCamp Paris 2023. Merci par avance de votre vigilance.<\/li>\n\n\n\n<li>Si vous avez une allergie alimentaire, pensez \u00e0 nous le signaler en r\u00e9pondant \u00ab&nbsp;Oui&nbsp;\u00bb \u00e0 la question \u00ab&nbsp;<em>Avez-vous une allergie alimentaire qui affecterait votre exp\u00e9rience au WordCamp ?<\/em>&nbsp;\u00bb. Nous ferons de notre mieux pour trouver ensemble une solution.<\/li>\n\n\n\n<li><strong>Notez qu&rsquo;au-del\u00e0 du 14 avril 2023 :<\/strong>\n<ol class=\"wp-block-list\">\n<li><strong>la personnalisation de votre badge d&rsquo;acc\u00e8s et la fourniture d&rsquo;un T-shirt \u00e0 votre taille ne sont plus garanties,<\/strong><\/li>\n\n\n\n<li><strong>vous ne pourrez plus demander le remboursement de votre(vos) billet(s).<\/strong><\/li>\n<\/ol>\n<\/li>\n\n\n\n<li><strong>Notez qu&rsquo;au-del\u00e0 du 14 avril 2023 \u00e0 00h01, les modifications apport\u00e9es \u00e0 un billet ou les rachats \u00e9ventuels de billets ne sont plus garanties d\u2019effet.<\/strong><\/li>\n<\/ol>\n\n\n\n<p>Si vous avez besoin d\u2019informations compl\u00e9mentaires, n\u2019h\u00e9sitez pas \u00e0 <a rel=\"noreferrer noopener\" href=\"https:\/\/paris.wordcamp.org\/2023\/nous-contacter\/\" target=\"_blank\">nous contacter<\/a><\/p>\n\n\n\n<figure class=\"wp-block-pullquote\"><blockquote><p><strong>Compte tenu de l&rsquo;actualit\u00e9, le remboursement des billets est finalement possible jusqu&rsquo;au 18 avril inclus.<\/strong><\/p><\/blockquote><\/figure>\n","protected":false},"excerpt":{"rendered":"<p>Nous sommes complets ! Merci pour votre compr\u00e9hension. En r\u00e9servant un ou plusieurs billets pour le WordCamp Paris 2023, vous reconnaissez avoir pris connaissance et accepter les conditions suivantes : NB : conservez bien l\u2019e-mail de confirmation de votre achat, il contient un lien pour vous permettre de modifier vos informations ou demander un remboursement [&hellip;]<\/p>\n","protected":false},"author":11640091,"featured_media":1375,"parent":0,"menu_order":0,"comment_status":"closed","ping_status":"closed","template":"templates\/template-cover.php","meta":{"jetpack_post_was_ever_published":true,"footnotes":""},"class_list":["post-1057","page","type-page","status-publish","has-post-thumbnail","hentry"],"jetpack_sharing_enabled":true,"_links":{"self":[{"href":"https:\/\/paris.wordcamp.org\/2023\/wp-json\/wp\/v2\/pages\/1057","targetHints":{"allow":["GET"]}}],"collection":[{"href":"https:\/\/paris.wordcamp.org\/2023\/wp-json\/wp\/v2\/pages"}],"about":[{"href":"https:\/\/paris.wordcamp.org\/2023\/wp-json\/wp\/v2\/types\/page"}],"author":[{"embeddable":true,"href":"https:\/\/paris.wordcamp.org\/2023\/wp-json\/wp\/v2\/users\/11640091"}],"replies":[{"embeddable":true,"href":"https:\/\/paris.wordcamp.org\/2023\/wp-json\/wp\/v2\/comments?post=1057"}],"version-history":[{"count":21,"href":"https:\/\/paris.wordcamp.org\/2023\/wp-json\/wp\/v2\/pages\/1057\/revisions"}],"predecessor-version":[{"id":3548,"href":"https:\/\/paris.wordcamp.org\/2023\/wp-json\/wp\/v2\/pages\/1057\/revisions\/3548"}],"wp:featuredmedia":[{"embeddable":true,"href":"https:\/\/paris.wordcamp.org\/2023\/wp-json\/wp\/v2\/media\/1375"}],"wp:attachment":[{"href":"https:\/\/paris.wordcamp.org\/2023\/wp-json\/wp\/v2\/media?parent=1057"}],"curies":[{"name":"wp","href":"https:\/\/api.w.org\/{rel}","templated":true}]}}