{"id":6025,"date":"2020-02-10T16:09:03","date_gmt":"2020-02-10T15:09:03","guid":{"rendered":"https:\/\/2020.paris.wordcamp.org\/?page_id=6025"},"modified":"2020-03-06T10:27:07","modified_gmt":"2020-03-06T09:27:07","slug":"sponsors","status":"publish","type":"page","link":"https:\/\/paris.wordcamp.org\/2020\/les-equipes\/sponsors\/","title":{"rendered":"Les sponsors"},"content":{"rendered":"\n<h2 class=\"has-accent-color has-text-color has-text-align-center wp-block-heading\">Pain au chocolat<\/h2>\n\n\n\n<div class=\"wp-block-columns is-layout-flex wp-container-core-columns-is-layout-8f761849 wp-block-columns-is-layout-flex\">\n<div class=\"wp-block-column is-layout-flow wp-block-column-is-layout-flow\">\n<div class=\"wp-block-image is-style-default\"><figure class=\"aligncenter size-medium is-resized\"><a href=\"https:\/\/2020.paris.wordcamp.org\/?p=6028\"><img data-recalc-dims=\"1\" loading=\"lazy\" decoding=\"async\" src=\"https:\/\/i0.wp.com\/2020.paris.wordcamp.org\/files\/2019\/11\/Jetpack_Horizontal_RGB_500-300x82.png?resize=300%2C82&#038;ssl=1\" alt=\"\" class=\"wp-image-24\" width=\"300\" height=\"82\" srcset=\"https:\/\/i0.wp.com\/paris.wordcamp.org\/2020\/files\/2019\/11\/Jetpack_Horizontal_RGB_500.png?resize=300%2C82&amp;ssl=1 300w, https:\/\/i0.wp.com\/paris.wordcamp.org\/2020\/files\/2019\/11\/Jetpack_Horizontal_RGB_500.png?w=500&amp;ssl=1 500w, https:\/\/i0.wp.com\/paris.wordcamp.org\/2020\/files\/2019\/11\/Jetpack_Horizontal_RGB_500.png?resize=493%2C136&amp;ssl=1 493w\" sizes=\"auto, (max-width: 300px) 100vw, 300px\" \/><\/a><\/figure><\/div>\n<\/div>\n\n\n\n<div class=\"wp-block-column is-layout-flow wp-block-column-is-layout-flow\">\n<div class=\"wp-block-image is-style-default\"><figure class=\"aligncenter size-medium is-resized\"><a href=\"https:\/\/2020.paris.wordcamp.org\/?p=6041\"><img data-recalc-dims=\"1\" loading=\"lazy\" decoding=\"async\" src=\"https:\/\/i0.wp.com\/2020.paris.wordcamp.org\/files\/2019\/11\/logo-woocommerce-black-300x89.png?resize=300%2C89&#038;ssl=1\" alt=\"\" class=\"wp-image-22\" width=\"300\" height=\"89\" srcset=\"https:\/\/i0.wp.com\/paris.wordcamp.org\/2020\/files\/2019\/11\/logo-woocommerce-black.png?resize=300%2C89&amp;ssl=1 300w, https:\/\/i0.wp.com\/paris.wordcamp.org\/2020\/files\/2019\/11\/logo-woocommerce-black.png?resize=500%2C148&amp;ssl=1 500w, https:\/\/i0.wp.com\/paris.wordcamp.org\/2020\/files\/2019\/11\/logo-woocommerce-black.png?w=510&amp;ssl=1 510w\" sizes=\"auto, (max-width: 300px) 100vw, 300px\" \/><\/a><\/figure><\/div>\n\n\n\n<p class=\"wp-block-paragraph\"><\/p>\n<\/div>\n<\/div>\n\n\n\n<div class=\"wp-block-columns is-layout-flex wp-container-core-columns-is-layout-8f761849 wp-block-columns-is-layout-flex\">\n<div class=\"wp-block-column is-layout-flow wp-block-column-is-layout-flow\">\n<figure class=\"wp-block-image size-large is-resized is-style-default\"><a href=\"https:\/\/2020.paris.wordcamp.org\/?p=6169\"><img data-recalc-dims=\"1\" loading=\"lazy\" decoding=\"async\" src=\"https:\/\/i0.wp.com\/2020.paris.wordcamp.org\/files\/2020\/02\/o2switch-logo.png?resize=329%2C90&#038;ssl=1\" alt=\"L'h\u00e9bergeur web d'excellence - O2switch\" class=\"wp-image-6166\" width=\"329\" height=\"90\" title=\"logo O2switch\" srcset=\"https:\/\/i0.wp.com\/paris.wordcamp.org\/2020\/files\/2020\/02\/o2switch-logo.png?w=438&amp;ssl=1 438w, https:\/\/i0.wp.com\/paris.wordcamp.org\/2020\/files\/2020\/02\/o2switch-logo.png?resize=300%2C82&amp;ssl=1 300w\" sizes=\"auto, (max-width: 329px) 100vw, 329px\" \/><\/a><\/figure>\n<\/div>\n\n\n\n<div class=\"wp-block-column is-layout-flow wp-block-column-is-layout-flow\">\n<div class=\"wp-block-image is-style-default\"><figure class=\"aligncenter size-medium is-resized\"><a href=\"https:\/\/2020.paris.wordcamp.org\/?p=6078\"><img data-recalc-dims=\"1\" loading=\"lazy\" decoding=\"async\" src=\"https:\/\/i0.wp.com\/2020.paris.wordcamp.org\/files\/2020\/01\/wpserveur-logo-300x60.png?resize=300%2C60&#038;ssl=1\" alt=\"WPServeur H\u00e9bergement WordPress\" class=\"wp-image-5260\" width=\"300\" height=\"60\" srcset=\"https:\/\/i0.wp.com\/paris.wordcamp.org\/2020\/files\/2020\/01\/wpserveur-logo.png?resize=300%2C60&amp;ssl=1 300w, https:\/\/i0.wp.com\/paris.wordcamp.org\/2020\/files\/2020\/01\/wpserveur-logo.png?w=452&amp;ssl=1 452w\" sizes=\"auto, (max-width: 300px) 100vw, 300px\" \/><\/a><\/figure><\/div>\n\n\n\n<p class=\"wp-block-paragraph\"><\/p>\n<\/div>\n<\/div>\n\n\n\n<div class=\"wp-block-columns is-layout-flex wp-container-core-columns-is-layout-8f761849 wp-block-columns-is-layout-flex\">\n<div class=\"wp-block-column is-vertically-aligned-center is-layout-flow wp-block-column-is-layout-flow\">\n<div class=\"wp-block-image\"><figure class=\"aligncenter size-medium is-resized\"><a href=\"https:\/\/2020.paris.wordcamp.org\/weglot\/\"><img data-recalc-dims=\"1\" loading=\"lazy\" decoding=\"async\" src=\"https:\/\/i0.wp.com\/2020.paris.wordcamp.org\/files\/2020\/01\/weglot-logo-300x59.png?resize=300%2C59&#038;ssl=1\" alt=\"\" class=\"wp-image-5480\" width=\"300\" height=\"59\" srcset=\"https:\/\/i0.wp.com\/paris.wordcamp.org\/2020\/files\/2020\/01\/weglot-logo.png?resize=300%2C59&amp;ssl=1 300w, https:\/\/i0.wp.com\/paris.wordcamp.org\/2020\/files\/2020\/01\/weglot-logo.png?resize=1024%2C201&amp;ssl=1 1024w, https:\/\/i0.wp.com\/paris.wordcamp.org\/2020\/files\/2020\/01\/weglot-logo.png?resize=768%2C151&amp;ssl=1 768w, https:\/\/i0.wp.com\/paris.wordcamp.org\/2020\/files\/2020\/01\/weglot-logo.png?resize=500%2C98&amp;ssl=1 500w, https:\/\/i0.wp.com\/paris.wordcamp.org\/2020\/files\/2020\/01\/weglot-logo.png?resize=1536%2C302&amp;ssl=1 1536w, https:\/\/i0.wp.com\/paris.wordcamp.org\/2020\/files\/2020\/01\/weglot-logo.png?resize=1200%2C236&amp;ssl=1 1200w, https:\/\/i0.wp.com\/paris.wordcamp.org\/2020\/files\/2020\/01\/weglot-logo.png?w=1668&amp;ssl=1 1668w\" sizes=\"auto, (max-width: 300px) 100vw, 300px\" \/><\/a><\/figure><\/div>\n<\/div>\n\n\n\n<div class=\"wp-block-column is-layout-flow wp-block-column-is-layout-flow\">\n<p class=\"wp-block-paragraph\"><\/p>\n<\/div>\n<\/div>\n\n\n\n<div style=\"height:40px\" aria-hidden=\"true\" class=\"wp-block-spacer\"><\/div>\n\n\n\n<h2 class=\"has-accent-color has-text-color has-text-align-center wp-block-heading\">Croissant au beurre<\/h2>\n\n\n\n<div class=\"wp-block-columns is-layout-flex wp-container-core-columns-is-layout-8f761849 wp-block-columns-is-layout-flex\">\n<div class=\"wp-block-column is-layout-flow wp-block-column-is-layout-flow\">\n<figure class=\"wp-block-image size-large is-resized is-style-default\"><a href=\"https:\/\/2020.paris.wordcamp.org\/?p=6049\"><img data-recalc-dims=\"1\" loading=\"lazy\" decoding=\"async\" src=\"https:\/\/i0.wp.com\/2020.paris.wordcamp.org\/files\/2019\/11\/GD_WORDMARK_RGB_BLACK_WORDMARK_RGB_BLACK.png?resize=271%2C90&#038;ssl=1\" alt=\"\" class=\"wp-image-30\" width=\"271\" height=\"90\" srcset=\"https:\/\/i0.wp.com\/paris.wordcamp.org\/2020\/files\/2019\/11\/GD_WORDMARK_RGB_BLACK_WORDMARK_RGB_BLACK.png?w=451&amp;ssl=1 451w, https:\/\/i0.wp.com\/paris.wordcamp.org\/2020\/files\/2019\/11\/GD_WORDMARK_RGB_BLACK_WORDMARK_RGB_BLACK.png?resize=300%2C100&amp;ssl=1 300w\" sizes=\"auto, (max-width: 271px) 100vw, 271px\" \/><\/a><\/figure>\n\n\n\n<figure class=\"wp-block-image size-large is-resized is-style-default\"><a href=\"https:\/\/2020.paris.wordcamp.org\/wp-rocket\/\"><img data-recalc-dims=\"1\" loading=\"lazy\" decoding=\"async\" src=\"https:\/\/i0.wp.com\/2020.paris.wordcamp.org\/files\/2020\/02\/Dark.png?resize=290%2C79&#038;ssl=1\" alt=\"D\u00e9couvrir WP Rocket\n\" class=\"wp-image-6377\" width=\"290\" height=\"79\" srcset=\"https:\/\/i0.wp.com\/paris.wordcamp.org\/2020\/files\/2020\/02\/Dark.png?w=580&amp;ssl=1 580w, https:\/\/i0.wp.com\/paris.wordcamp.org\/2020\/files\/2020\/02\/Dark.png?resize=300%2C82&amp;ssl=1 300w, https:\/\/i0.wp.com\/paris.wordcamp.org\/2020\/files\/2020\/02\/Dark.png?resize=500%2C136&amp;ssl=1 500w\" sizes=\"auto, (max-width: 290px) 100vw, 290px\" \/><\/a><\/figure>\n<\/div>\n\n\n\n<div class=\"wp-block-column is-layout-flow wp-block-column-is-layout-flow\">\n<figure class=\"wp-block-image size-large is-resized is-style-default\"><a href=\"https:\/\/2020.paris.wordcamp.org\/?p=6073\"><img data-recalc-dims=\"1\" loading=\"lazy\" decoding=\"async\" src=\"https:\/\/i0.wp.com\/2020.paris.wordcamp.org\/files\/2019\/11\/bh_logo_2015.png?resize=270%2C56&#038;ssl=1\" alt=\"\" class=\"wp-image-26\" width=\"270\" height=\"56\" srcset=\"https:\/\/i0.wp.com\/paris.wordcamp.org\/2020\/files\/2019\/11\/bh_logo_2015.png?w=651&amp;ssl=1 651w, https:\/\/i0.wp.com\/paris.wordcamp.org\/2020\/files\/2019\/11\/bh_logo_2015.png?resize=300%2C63&amp;ssl=1 300w, https:\/\/i0.wp.com\/paris.wordcamp.org\/2020\/files\/2019\/11\/bh_logo_2015.png?resize=500%2C105&amp;ssl=1 500w\" sizes=\"auto, (max-width: 270px) 100vw, 270px\" \/><\/a><\/figure>\n<\/div>\n<\/div>\n\n\n\n<h2 class=\"has-accent-color has-text-color has-text-align-center wp-block-heading\">Chouquette<\/h2>\n\n\n\n<div class=\"wp-block-columns is-layout-flex wp-container-core-columns-is-layout-8f761849 wp-block-columns-is-layout-flex\">\n<div class=\"wp-block-column is-layout-flow wp-block-column-is-layout-flow\">\n<figure class=\"wp-block-image size-medium is-resized is-style-default\"><a href=\"https:\/\/2020.paris.wordcamp.org\/seopress\/\"><img data-recalc-dims=\"1\" loading=\"lazy\" decoding=\"async\" src=\"https:\/\/i0.wp.com\/2020.paris.wordcamp.org\/files\/2020\/01\/seopress-logo-300x53.png?resize=300%2C53&#038;ssl=1\" alt=\"D\u00e9couvrez SEOPress\" class=\"wp-image-5463\" width=\"300\" height=\"53\" srcset=\"https:\/\/i0.wp.com\/paris.wordcamp.org\/2020\/files\/2020\/01\/seopress-logo.png?resize=300%2C53&amp;ssl=1 300w, https:\/\/i0.wp.com\/paris.wordcamp.org\/2020\/files\/2020\/01\/seopress-logo.png?resize=500%2C88&amp;ssl=1 500w, https:\/\/i0.wp.com\/paris.wordcamp.org\/2020\/files\/2020\/01\/seopress-logo.png?w=513&amp;ssl=1 513w\" sizes=\"auto, (max-width: 300px) 100vw, 300px\" \/><\/a><\/figure>\n\n\n\n<p class=\"wp-block-paragraph\"><\/p>\n<\/div>\n\n\n\n<div class=\"wp-block-column is-layout-flow wp-block-column-is-layout-flow\">\n<div class=\"wp-block-image is-style-default\"><figure class=\"aligncenter size-medium is-resized\"><a href=\"https:\/\/2020.paris.wordcamp.org\/polylang\/\"><img data-recalc-dims=\"1\" loading=\"lazy\" decoding=\"async\" src=\"https:\/\/i0.wp.com\/2020.paris.wordcamp.org\/files\/2020\/01\/polylang-logo-300x104.png?resize=300%2C104&#038;ssl=1\" alt=\"D\u00e9couvrir Polylang Pro\" class=\"wp-image-5645\" width=\"300\" height=\"104\" srcset=\"https:\/\/i0.wp.com\/paris.wordcamp.org\/2020\/files\/2020\/01\/polylang-logo.png?resize=300%2C104&amp;ssl=1 300w, https:\/\/i0.wp.com\/paris.wordcamp.org\/2020\/files\/2020\/01\/polylang-logo.png?resize=500%2C174&amp;ssl=1 500w, https:\/\/i0.wp.com\/paris.wordcamp.org\/2020\/files\/2020\/01\/polylang-logo.png?w=720&amp;ssl=1 720w\" sizes=\"auto, (max-width: 300px) 100vw, 300px\" \/><\/a><\/figure><\/div>\n\n\n\n<p class=\"wp-block-paragraph\"><\/p>\n<\/div>\n<\/div>\n\n\n\n<div class=\"wp-block-columns is-layout-flex wp-container-core-columns-is-layout-8f761849 wp-block-columns-is-layout-flex\">\n<div class=\"wp-block-column is-layout-flow wp-block-column-is-layout-flow\">\n<div class=\"wp-block-image is-style-default\"><figure class=\"aligncenter size-medium is-resized\"><a href=\"https:\/\/2020.paris.wordcamp.org\/wpchef\/\"><img data-recalc-dims=\"1\" loading=\"lazy\" decoding=\"async\" src=\"https:\/\/i0.wp.com\/2020.paris.wordcamp.org\/files\/2020\/02\/wpchef-couleur-1000-260x300.png?resize=130%2C150&#038;ssl=1\" alt=\"Les formations WordPress \u00e0 distance de r\u00e9f\u00e9rence\" class=\"wp-image-6268\" width=\"130\" height=\"150\" srcset=\"https:\/\/i0.wp.com\/paris.wordcamp.org\/2020\/files\/2020\/02\/wpchef-couleur-1000.png?resize=260%2C300&amp;ssl=1 260w, https:\/\/i0.wp.com\/paris.wordcamp.org\/2020\/files\/2020\/02\/wpchef-couleur-1000.png?resize=768%2C886&amp;ssl=1 768w, https:\/\/i0.wp.com\/paris.wordcamp.org\/2020\/files\/2020\/02\/wpchef-couleur-1000.png?w=867&amp;ssl=1 867w\" sizes=\"auto, (max-width: 130px) 100vw, 130px\" \/><\/a><\/figure><\/div>\n<\/div>\n\n\n\n<div class=\"wp-block-column is-layout-flow wp-block-column-is-layout-flow\">\n<p class=\"wp-block-paragraph\"><\/p>\n<\/div>\n<\/div>\n\n\n\n<p class=\"has-text-align-center has-small-font-size wp-block-paragraph\">Cr\u00e9dit <em>Image \u00e0 la Une<\/em> : CC by Christophe Perrin [CP3rr1n]<\/p>\n","protected":false},"excerpt":{"rendered":"<p>Pain au chocolat Croissant au beurre Chouquette Cr\u00e9dit Image \u00e0 la Une : CC by Christophe Perrin [CP3rr1n]<\/p>\n","protected":false},"author":14551804,"featured_media":4879,"parent":5440,"menu_order":4,"comment_status":"closed","ping_status":"closed","template":"templates\/template-cover.php","meta":{"_crdt_document":"","jetpack_post_was_ever_published":false,"footnotes":""},"class_list":["post-6025","page","type-page","status-publish","has-post-thumbnail","hentry"],"jetpack_sharing_enabled":true,"jetpack_likes_enabled":true,"_links":{"self":[{"href":"https:\/\/paris.wordcamp.org\/2020\/wp-json\/wp\/v2\/pages\/6025","targetHints":{"allow":["GET"]}}],"collection":[{"href":"https:\/\/paris.wordcamp.org\/2020\/wp-json\/wp\/v2\/pages"}],"about":[{"href":"https:\/\/paris.wordcamp.org\/2020\/wp-json\/wp\/v2\/types\/page"}],"author":[{"embeddable":true,"href":"https:\/\/paris.wordcamp.org\/2020\/wp-json\/wp\/v2\/users\/14551804"}],"replies":[{"embeddable":true,"href":"https:\/\/paris.wordcamp.org\/2020\/wp-json\/wp\/v2\/comments?post=6025"}],"version-history":[{"count":35,"href":"https:\/\/paris.wordcamp.org\/2020\/wp-json\/wp\/v2\/pages\/6025\/revisions"}],"predecessor-version":[{"id":6717,"href":"https:\/\/paris.wordcamp.org\/2020\/wp-json\/wp\/v2\/pages\/6025\/revisions\/6717"}],"up":[{"embeddable":true,"href":"https:\/\/paris.wordcamp.org\/2020\/wp-json\/wp\/v2\/pages\/5440"}],"wp:featuredmedia":[{"embeddable":true,"href":"https:\/\/paris.wordcamp.org\/2020\/wp-json\/wp\/v2\/media\/4879"}],"wp:attachment":[{"href":"https:\/\/paris.wordcamp.org\/2020\/wp-json\/wp\/v2\/media?parent=6025"}],"curies":[{"name":"wp","href":"https:\/\/api.w.org\/{rel}","templated":true}]}}