{"id":5440,"date":"2020-01-17T10:42:35","date_gmt":"2020-01-17T09:42:35","guid":{"rendered":"https:\/\/2020.paris.wordcamp.org\/?page_id=5440"},"modified":"2020-03-10T19:58:20","modified_gmt":"2020-03-10T18:58:20","slug":"les-equipes","status":"publish","type":"page","link":"https:\/\/paris.wordcamp.org\/2020\/les-equipes\/","title":{"rendered":"Les \u00e9quipes"},"content":{"rendered":"\n<p class=\"wp-block-paragraph\">Le WordCamp Paris&nbsp;2020 rassemble diff\u00e9rentes \u00e9quipes qui partagent un projet commun&nbsp;: WordPress&nbsp;!<\/p>\n\n\n\n<p class=\"wp-block-paragraph\">Tout au long de la p\u00e9riode pr\u00e9paratoire, <a href=\"https:\/\/2020.paris.wordcamp.org\/category\/appels-a-contributions\/\">les appels \u00e0 contributions<\/a> permettent la constitution de ces \u00e9quipes :<\/p>\n\n\n\n<ul class=\"wp-block-list\"><li>les&nbsp;<a href=\"https:\/\/2020.paris.wordcamp.org\/les-equipes\/participants\/\">participantes et participants<\/a>&nbsp;r\u00e9servent <a href=\"https:\/\/2020.paris.wordcamp.org\/billetterie\/\">leurs places<\/a> pour assister \u00e0 la f\u00eate,<\/li><li>les&nbsp;<a href=\"https:\/\/2020.paris.wordcamp.org\/les-equipes\/sponsors\/\">sponsors<\/a>&nbsp;et les&nbsp;micro-sponsors&nbsp;soutiennent l\u2019\u00e9v\u00e9nement,<\/li><li>Les&nbsp;orateurs et les oratrices&nbsp;transmettent leur savoir et leur exp\u00e9rience,<\/li><li>Les&nbsp;volontaires&nbsp;aident et guident le jour J,<\/li><li>Les&nbsp;<a href=\"https:\/\/2020.paris.wordcamp.org\/les-equipes\/organisateurs\/\">organisateurs et organisatrices<\/a> pr\u00e9parent et orchestrent le rassemblement.<\/li><\/ul>\n\n\n\n<p class=\"wp-block-paragraph\">Sans oublier notre <em>wapuu<\/em> francilien Titi !<\/p>\n","protected":false},"excerpt":{"rendered":"<p>Le WordCamp Paris&nbsp;2020 rassemble diff\u00e9rentes \u00e9quipes qui partagent un projet commun&nbsp;: WordPress&nbsp;! Tout au long de la p\u00e9riode pr\u00e9paratoire, les appels \u00e0 contributions permettent la constitution de ces \u00e9quipes : les&nbsp;participantes et participants&nbsp;r\u00e9servent leurs places pour assister \u00e0 la f\u00eate, les&nbsp;sponsors&nbsp;et les&nbsp;micro-sponsors&nbsp;soutiennent l\u2019\u00e9v\u00e9nement, Les&nbsp;orateurs et les oratrices&nbsp;transmettent leur savoir et leur exp\u00e9rience, Les&nbsp;volontaires&nbsp;aident et guident [&hellip;]<\/p>\n","protected":false},"author":15675991,"featured_media":5445,"parent":0,"menu_order":0,"comment_status":"closed","ping_status":"closed","template":"templates\/template-cover.php","meta":{"_crdt_document":"","jetpack_post_was_ever_published":false,"footnotes":""},"class_list":["post-5440","page","type-page","status-publish","has-post-thumbnail","hentry"],"jetpack_sharing_enabled":true,"jetpack_likes_enabled":true,"_links":{"self":[{"href":"https:\/\/paris.wordcamp.org\/2020\/wp-json\/wp\/v2\/pages\/5440","targetHints":{"allow":["GET"]}}],"collection":[{"href":"https:\/\/paris.wordcamp.org\/2020\/wp-json\/wp\/v2\/pages"}],"about":[{"href":"https:\/\/paris.wordcamp.org\/2020\/wp-json\/wp\/v2\/types\/page"}],"author":[{"embeddable":true,"href":"https:\/\/paris.wordcamp.org\/2020\/wp-json\/wp\/v2\/users\/15675991"}],"replies":[{"embeddable":true,"href":"https:\/\/paris.wordcamp.org\/2020\/wp-json\/wp\/v2\/comments?post=5440"}],"version-history":[{"count":10,"href":"https:\/\/paris.wordcamp.org\/2020\/wp-json\/wp\/v2\/pages\/5440\/revisions"}],"predecessor-version":[{"id":6843,"href":"https:\/\/paris.wordcamp.org\/2020\/wp-json\/wp\/v2\/pages\/5440\/revisions\/6843"}],"wp:featuredmedia":[{"embeddable":true,"href":"https:\/\/paris.wordcamp.org\/2020\/wp-json\/wp\/v2\/media\/5445"}],"wp:attachment":[{"href":"https:\/\/paris.wordcamp.org\/2020\/wp-json\/wp\/v2\/media?parent=5440"}],"curies":[{"name":"wp","href":"https:\/\/api.w.org\/{rel}","templated":true}]}}