{"id":123,"date":"2019-11-15T08:58:03","date_gmt":"2019-11-15T08:58:03","guid":{"rendered":"https:\/\/2020.paris.wordcamp.org\/?page_id=123"},"modified":"2020-10-27T11:19:55","modified_gmt":"2020-10-27T10:19:55","slug":"accueil","status":"publish","type":"page","link":"https:\/\/paris.wordcamp.org\/2020\/","title":{"rendered":"Report en 2021"},"content":{"rendered":"\n<h2 class=\"has-text-align-left wp-block-heading\">Bienvenue au WordCamp Paris&nbsp;2020 <\/h2>\n\n\n\n<div class=\"wp-block-group has-accent-background-color has-background\"><div class=\"wp-block-group__inner-container is-layout-flow wp-block-group-is-layout-flow\">\n<h3 class=\"wp-block-heading\">C\u2019est avec regret que nous prenons la d\u00e9cision de reporter \u00e0 l\u2019ann\u00e9e prochaine le #WordCamp Paris. Ce choix afin de nous rassembler en personne en 2021 dans les conditions les meilleures et aussi nombreux\u00b7ses que nous le souhaitons tous et toutes.<\/h3>\n<\/div><\/div>\n\n\n\n<hr class=\"wp-block-separator has-text-color has-background has-background-background-color has-background-color is-style-dots\" \/>\n\n\n\n<p class=\"wp-block-paragraph\">L\u2019\u00e9quipe d\u2019orgas du #WCParis remercie chaleureusement les contributeurs\u00b7rices qui se sont engag\u00e9\u00b7e\u00b7s \u00e0 nos cot\u00e9s ces derniers mois&nbsp;: les propositions de conf\u00e9rences, de sponsoring, de volontariat \u00e9taient \u00e9patantes. Vivement 2021 que l\u2019on se retrouve !<\/p>\n\n\n\n<p class=\"wp-block-paragraph\">[post-scriptum 01] Pour celles et ceux qui avaient leur ticket pour le #WCParis, il vous sera automatiquement rembours\u00e9, sans aucune d\u00e9marche de votre part.<\/p>\n\n\n\n<p class=\"wp-block-paragraph\">[post-scriptum 02] En attendant 2021, le compte Twitter du <a href=\"https:\/\/twitter.com\/WordCampParis\">WordCampParis<\/a> t\u00e2chera de maintenir le lien et de vous tenir inform\u00e9\u00b7e des initiatives locales des groupes WordPress francilien <a rel=\"noreferrer noopener\" href=\"https:\/\/twitter.com\/wpparis\" data-type=\"URL\" data-id=\"https:\/\/twitter.com\/wpparis\" target=\"_blank\">@wpparis<\/a>, havrais, lillois&nbsp;<a href=\"https:\/\/twitter.com\/wpinlille\" data-type=\"URL\" data-id=\"https:\/\/twitter.com\/wpinlille\">@wpinlille<\/a>, genevois et d\u2019ailleurs. #wpfamily<\/p>\n\n\n\n<div style=\"height:100px\" aria-hidden=\"true\" class=\"wp-block-spacer\"><\/div>\n\n\n\n<div class=\"wp-block-group alignfull has-accent-background-color has-background\"><div class=\"wp-block-group__inner-container is-layout-flow wp-block-group-is-layout-flow\">\n<h2 class=\"has-text-align-center wp-block-heading\">Les derniers articles<\/h2>\n\n\n<ul class=\"wp-block-latest-posts__list is-grid columns-3 has-dates alignwide wp-block-latest-posts\"><li><a class=\"wp-block-latest-posts__post-title\" href=\"https:\/\/paris.wordcamp.org\/2020\/une-bonne-et-une-mauvaise-nouvelle\/\">Une bonne et une mauvaise nouvelle\u2026 \ud83d\uddef<\/a><time datetime=\"2020-03-09T16:00:32+01:00\" class=\"wp-block-latest-posts__post-date\">09\/03\/2020<\/time><div class=\"wp-block-latest-posts__post-excerpt\">On n\u2019annule pas, on reporte ! Nous voici \u00e0 6 semaines du 17 avril, date pr\u00e9vue de notre rassemblement parisien. Six semaines c&rsquo;est long lorsqu&rsquo;on a aucune visibilit\u00e9, comme c&rsquo;est le cas, dans la gestion de cette \u00e9pid\u00e9mie COVID-19.<\/div><\/li>\n<li><a class=\"wp-block-latest-posts__post-title\" href=\"https:\/\/paris.wordcamp.org\/2020\/covid-19\/\">COVID-19<\/a><time datetime=\"2020-03-06T14:10:00+01:00\" class=\"wp-block-latest-posts__post-date\">06\/03\/2020<\/time><div class=\"wp-block-latest-posts__post-excerpt\">[Edit du 10 mars 2020] : on n&rsquo;annule pas, on reporte !Voici comment et pourquoi&#8230; [Edit du 06 mars 2020]\u2026 <a class=\"wp-block-latest-posts__read-more\" href=\"https:\/\/paris.wordcamp.org\/2020\/covid-19\/\" rel=\"noopener noreferrer\">Read more<span class=\"screen-reader-text\">: COVID-19<\/span><\/a><\/div><\/li>\n<li><a class=\"wp-block-latest-posts__post-title\" href=\"https:\/\/paris.wordcamp.org\/2020\/learnwpsecurity\/\">LearnWPSecurity<\/a><time datetime=\"2020-03-01T10:00:00+01:00\" class=\"wp-block-latest-posts__post-date\">01\/03\/2020<\/time><div class=\"wp-block-latest-posts__post-excerpt\">LearnWPSecurity c&rsquo;est LA formation s\u00e9curit\u00e9 par un expert reconnu : Julio Potier.  Merci \u00e0 LearnWPSecurity, sponsor Chouquette du WordCamp Paris 2020.<\/div><\/li>\n<\/ul><\/div><\/div>\n\n\n\n<div style=\"height:100px\" aria-hidden=\"true\" class=\"wp-block-spacer\"><\/div>\n\n\n\n<h2 class=\"has-text-align-center wp-block-heading\">La mascotte&nbsp;!<\/h2>\n\n\n\n<div class=\"wp-block-image\"><figure class=\"aligncenter size-large is-resized\"><img loading=\"lazy\" decoding=\"async\" src=\"https:\/\/cldup.com\/6pCtCcXsXF.svg\" alt=\"\" width=\"370\" height=\"440\" \/><\/figure><\/div>\n\n\n\n<figure class=\"wp-block-pullquote alignwide\"><blockquote class=\"has-text-color has-secondary-color\"><p><strong>J\u2019me pr\u00e9sente je m\u2019appelle Titi. <s>J\u2019 voudrais bien<\/s> Chuis l\u2019m\u00f4me \u00e0&nbsp;<\/strong><a rel=\"noreferrer noopener\" href=\"https:\/\/21douze.fr\/welcome-to-marcel-le-wapuu-de-la-communaute-francaise-8598.html\" target=\"_blank\">Marcel<\/a><strong>, le&nbsp;<\/strong><em>wapuu<\/em><strong>&nbsp;fran\u00e7ais, mais tu savais pas ? En plus beau hein, je dis pas de mal du pater, m\u2019enfin l\u2019beret, toussa\u2026 \ud83d\ude09<\/strong><\/p><cite>TiTi, le&nbsp;<em>wapuu<\/em>&nbsp;du WordCamp Paris<\/cite><\/blockquote><\/figure>\n","protected":false},"excerpt":{"rendered":"<p>Bienvenue au WordCamp Paris&nbsp;2020 C\u2019est avec regret que nous prenons la d\u00e9cision de reporter \u00e0 l\u2019ann\u00e9e prochaine le #WordCamp Paris. Ce choix afin de nous rassembler en personne en 2021 dans les conditions les meilleures et aussi nombreux\u00b7ses que nous le souhaitons tous et toutes. L\u2019\u00e9quipe d\u2019orgas du #WCParis remercie chaleureusement les contributeurs\u00b7rices qui se [&hellip;]<\/p>\n","protected":false},"author":14983135,"featured_media":511,"parent":0,"menu_order":0,"comment_status":"closed","ping_status":"closed","template":"templates\/template-cover.php","meta":{"_crdt_document":"","jetpack_post_was_ever_published":false,"footnotes":""},"class_list":["post-123","page","type-page","status-publish","has-post-thumbnail","hentry"],"jetpack_sharing_enabled":true,"jetpack_likes_enabled":true,"_links":{"self":[{"href":"https:\/\/paris.wordcamp.org\/2020\/wp-json\/wp\/v2\/pages\/123","targetHints":{"allow":["GET"]}}],"collection":[{"href":"https:\/\/paris.wordcamp.org\/2020\/wp-json\/wp\/v2\/pages"}],"about":[{"href":"https:\/\/paris.wordcamp.org\/2020\/wp-json\/wp\/v2\/types\/page"}],"author":[{"embeddable":true,"href":"https:\/\/paris.wordcamp.org\/2020\/wp-json\/wp\/v2\/users\/14983135"}],"replies":[{"embeddable":true,"href":"https:\/\/paris.wordcamp.org\/2020\/wp-json\/wp\/v2\/comments?post=123"}],"version-history":[{"count":124,"href":"https:\/\/paris.wordcamp.org\/2020\/wp-json\/wp\/v2\/pages\/123\/revisions"}],"predecessor-version":[{"id":7015,"href":"https:\/\/paris.wordcamp.org\/2020\/wp-json\/wp\/v2\/pages\/123\/revisions\/7015"}],"wp:featuredmedia":[{"embeddable":true,"href":"https:\/\/paris.wordcamp.org\/2020\/wp-json\/wp\/v2\/media\/511"}],"wp:attachment":[{"href":"https:\/\/paris.wordcamp.org\/2020\/wp-json\/wp\/v2\/media?parent=123"}],"curies":[{"name":"wp","href":"https:\/\/api.w.org\/{rel}","templated":true}]}}