{"id":11,"date":"2019-12-06T13:24:00","date_gmt":"2019-12-06T12:24:00","guid":{"rendered":"https:\/\/2020.paris.wordcamp.org\/location\/"},"modified":"2020-10-27T10:56:42","modified_gmt":"2020-10-27T09:56:42","slug":"lieu-campus-malesherbes","status":"publish","type":"page","link":"https:\/\/paris.wordcamp.org\/2020\/lieu-campus-malesherbes\/","title":{"rendered":"WordCamp Paris 2020&nbsp;: le lieu \ud83c\udfe1"},"content":{"rendered":"\n<div class=\"wp-block-group has-background-color has-accent-background-color has-text-color has-background\"><div class=\"wp-block-group__inner-container is-layout-flow wp-block-group-is-layout-flow\">\n<h3 class=\"wp-block-heading\">[Covid-19] Attention la date change. Initialement pr\u00e9vu le 17 avril, notre rassemblement aura lieu en <s>septembre<\/s> 2021. <a rel=\"noreferrer noopener\" href=\"https:\/\/2020.paris.wordcamp.org\/une-bonne-et-une-mauvaise-nouvelle\/\" target=\"_blank\">On prend les m\u00eames et on continue \u2192<\/a><\/h3>\n<\/div><\/div>\n\n\n\n<div style=\"height:35px\" aria-hidden=\"true\" class=\"wp-block-spacer\"><\/div>\n\n\n\n<p class=\"has-primary-color has-text-color wp-block-paragraph\">Nous sommes tr\u00e8s heureux de pouvoir \u00e0 nouveau nous installer sur le campus Malesherbes pour cette nouvelle \u00e9dition du WordCamp Paris. Voici quelques informations sur les installations qui nous accueilleront <del>le 17 avril 2020 en septembre prochain<\/del>, pour celles et ceux qui n\u2019\u00e9taient pas avec nous en 2019&#8230;<\/p>\n\n\n\n<h2 class=\"wp-block-heading\">Bienvenu\u00b7e\u00b7s au campus Malesherbes<\/h2>\n\n\n\n<p class=\"wp-block-paragraph\">Situ\u00e9 dans le <strong>17<sup>e<\/sup> arrondissement<\/strong> de Paris, au num\u00e9ro <strong>108<\/strong> du <strong>boulevard Malesherbes<\/strong>, le <a rel=\"noreferrer noopener\" href=\"http:\/\/lettres.sorbonne-universite.fr\/l-universite\/sites-et-plans-d-acces\/les-sites\/le-centre-universitaire\/\" target=\"_blank\">campus Malesherbes<\/a> est l\u2019un des 14 sites parisiens de la facult\u00e9 de Lettres de Sorbonne Universit\u00e9.<\/p>\n\n\n\n<ul class=\"wp-block-list\"><li>La station de <strong>m\u00e9tro Malesherbes de la ligne 3<\/strong> est la plus proche du campus (<em>vous n&rsquo;avez que la rue \u00e0 traverser&nbsp;!<\/em>).<\/li><li>La station de <strong>m\u00e9tro Monceau de la ligne 2<\/strong> est \u00e0 trois minutes de marche.<\/li><li>Si vous pr\u00e9f\u00e9rez le <strong>bus<\/strong>, la station <strong>Place du G\u00e9n\u00e9ral Catroux de la ligne 94<\/strong> est \u00e9galement \u00e0 proximit\u00e9 du centre universitaire.<\/li><li>Les stations <strong>V\u00e9lib\u2019<\/strong> les plus proches se trouvent au carrefour Jouffroy d\u2019Abbans &#8211; Malesherbes ainsi qu\u2019au 108 boulevard Malesherbes.<\/li><\/ul>\n\n\n\n<figure class=\"wp-block-image size-large\"><img data-recalc-dims=\"1\" loading=\"lazy\" decoding=\"async\" width=\"1000\" height=\"600\" src=\"https:\/\/i0.wp.com\/2020.paris.wordcamp.org\/files\/2019\/12\/campus-porte-1024x614.jpg?resize=1000%2C600&#038;ssl=1\" alt=\"\" class=\"wp-image-4190\" srcset=\"https:\/\/i0.wp.com\/paris.wordcamp.org\/2020\/files\/2019\/12\/campus-porte-1024x614.jpg?resize=1024%2C614&amp;ssl=1 1024w, https:\/\/i0.wp.com\/paris.wordcamp.org\/2020\/files\/2019\/12\/campus-porte-1024x614.jpg?resize=300%2C180&amp;ssl=1 300w, https:\/\/i0.wp.com\/paris.wordcamp.org\/2020\/files\/2019\/12\/campus-porte-1024x614.jpg?resize=768%2C461&amp;ssl=1 768w, https:\/\/i0.wp.com\/paris.wordcamp.org\/2020\/files\/2019\/12\/campus-porte-1024x614.jpg?resize=500%2C300&amp;ssl=1 500w\" sizes=\"auto, (max-width: 1000px) 100vw, 1000px\" \/><\/figure>\n\n\n\n<p class=\"wp-block-paragraph\">Voici la porte d&rsquo;entr\u00e9e du Campus Malesherbes, elle fait face \u00e0 la station de m\u00e9tro du m\u00eame nom. Sur la photo ci-dessus, il s&rsquo;agit \u00e9tonnamment du petit b\u00e2timent nich\u00e9 entre les deux autres plus grands.<\/p>\n\n\n\n<figure class=\"wp-block-image\"><img data-recalc-dims=\"1\" height=\"600\" width=\"1000\" decoding=\"async\" src=\"https:\/\/i0.wp.com\/2019.paris.wordcamp.org\/files\/2019\/01\/campus-allee-boisee-1024x614.jpg?resize=1000%2C600&#038;ssl=1\" alt=\"This image has an empty alt attribute; its file name is campus-allee-boisee-1024x614.jpg\" \/><\/figure>\n\n\n\n<p class=\"wp-block-paragraph\">Une fois que vous passerez la porte d&rsquo;entr\u00e9e donnant sur la rue, vous emprunterez une all\u00e9e bord\u00e9e d&rsquo;arbres sur une centaine de m\u00e8tres jusqu&rsquo;\u00e0 atteindre la cour int\u00e9rieure du centre universitaire.<\/p>\n\n\n\n<figure class=\"wp-block-image\"><img data-recalc-dims=\"1\" height=\"600\" width=\"1000\" decoding=\"async\" src=\"https:\/\/i0.wp.com\/2019.paris.wordcamp.org\/files\/2019\/01\/campus-cour-interieure-1024x614.jpg?resize=1000%2C600&#038;ssl=1\" alt=\"This image has an empty alt attribute; its file name is campus-cour-interieure-1024x614.jpg\" \/><\/figure>\n\n\n\n<p class=\"has-background-color has-accent-background-color has-text-color has-background wp-block-paragraph\">Important ! Le campus Malesherbes int\u00e8gre des am\u00e9nagements permettant d\u2019accueillir les personnes \u00e0 mobilit\u00e9 r\u00e9duite. Ces derni\u00e8res pourront utiliser l\u2019ascenseur situ\u00e9 \u00e0 droite de l&rsquo;escalier.<\/p>\n\n\n\n<h2 class=\"wp-block-heading\">La caf\u00e9t\u2019<\/h2>\n\n\n\n<figure class=\"wp-block-image\"><img data-recalc-dims=\"1\" height=\"600\" width=\"1000\" decoding=\"async\" src=\"https:\/\/i0.wp.com\/2019.paris.wordcamp.org\/files\/2019\/01\/campus-cafet-outside-1024x614.jpg?resize=1000%2C600&#038;ssl=1\" alt=\"\" \/><\/figure>\n\n\n\n<figure class=\"wp-block-image size-large\"><img data-recalc-dims=\"1\" loading=\"lazy\" decoding=\"async\" width=\"1000\" height=\"750\" src=\"https:\/\/i0.wp.com\/2020.paris.wordcamp.org\/files\/2019\/11\/47744919602_84ecc2245b_k-1024x768.jpg?resize=1000%2C750&#038;ssl=1\" alt=\"\" class=\"wp-image-205\" srcset=\"https:\/\/i0.wp.com\/paris.wordcamp.org\/2020\/files\/2019\/11\/47744919602_84ecc2245b_k.jpg?resize=1024%2C768&amp;ssl=1 1024w, https:\/\/i0.wp.com\/paris.wordcamp.org\/2020\/files\/2019\/11\/47744919602_84ecc2245b_k.jpg?resize=300%2C225&amp;ssl=1 300w, https:\/\/i0.wp.com\/paris.wordcamp.org\/2020\/files\/2019\/11\/47744919602_84ecc2245b_k.jpg?resize=768%2C576&amp;ssl=1 768w, https:\/\/i0.wp.com\/paris.wordcamp.org\/2020\/files\/2019\/11\/47744919602_84ecc2245b_k.jpg?resize=400%2C300&amp;ssl=1 400w, https:\/\/i0.wp.com\/paris.wordcamp.org\/2020\/files\/2019\/11\/47744919602_84ecc2245b_k.jpg?resize=1536%2C1152&amp;ssl=1 1536w, https:\/\/i0.wp.com\/paris.wordcamp.org\/2020\/files\/2019\/11\/47744919602_84ecc2245b_k.jpg?resize=1568%2C1176&amp;ssl=1 1568w, https:\/\/i0.wp.com\/paris.wordcamp.org\/2020\/files\/2019\/11\/47744919602_84ecc2245b_k.jpg?w=2048&amp;ssl=1 2048w\" sizes=\"auto, (max-width: 1000px) 100vw, 1000px\" \/><\/figure>\n\n\n\n<p class=\"wp-block-paragraph\">La confortable, <strong>spacieuse<\/strong> et lumineuse caf\u00e9t\u00e9ria sera le lieu privil\u00e9gi\u00e9 pour se rencontrer, \u00e9changer, reprendre des forces lors des pauses caf\u00e9 ou d\u00e9jeuner et bien s\u00fbr pour faire connaissance avec les chaleureux et amicaux <em>sponsors<\/em> de notre WordCamp.<\/p>\n\n\n\n<p class=\"wp-block-paragraph\">Lorsque sera venu le moment de se restaurer, et si le soleil est de la partie, nous pourrons m\u00eame improviser un pique-nique au <a rel=\"noreferrer noopener\" href=\"https:\/\/fr.wikipedia.org\/wiki\/Parc_Monceau\" target=\"_blank\">Parc Monceau<\/a> qui est tout proche !<\/p>\n\n\n\n<p class=\"wp-block-paragraph\">Pour les personnes qui \u00e9prouverons le besoin de prendre un bon bol d\u2019air&nbsp;: le parvis et les terrasses ext\u00e9rieures de l\u2019\u00e9tablissement seront particuli\u00e8rement agr\u00e9ables.<\/p>\n\n\n\n<h2 class=\"wp-block-heading\">Le hall<\/h2>\n\n\n\n<p class=\"has-primary-color has-text-color wp-block-paragraph\">Le hall d\u2019entr\u00e9e accueillera <strong>les Parlottes<\/strong>, discussions th\u00e9matiques avec un animateur\/une animatrice et un th\u00e8me d\u00e9finis. Sur le mod\u00e8le des <em>Causeries<\/em> qui se tenaient dans la caf\u00e9t\u00e9ria derri\u00e8re le rideau en 2019, ces <em>conversations ouvertes<\/em> seront une mani\u00e8re plus informelle d\u2019\u00e9changer et d\u2019approfondir sur des sujets qui ne seront pas forc\u00e9ment \u00e9voqu\u00e9s dans les conf\u00e9rences. Ce nouvel emplacement dans le hall nous permettra d\u2019am\u00e9liorer l\u2019acoustique qui n\u2019\u00e9tait pas optimale dans la caf\u00e9teria l\u2019ann\u00e9e derni\u00e8re.<\/p>\n\n\n\n<h2 class=\"wp-block-heading\">Le grand amphith\u00e9\u00e2tre de 476&nbsp;places&nbsp;!!<\/h2>\n\n\n\n<figure class=\"wp-block-image\"><img data-recalc-dims=\"1\" height=\"303\" width=\"1000\" decoding=\"async\" src=\"https:\/\/i0.wp.com\/2019.paris.wordcamp.org\/files\/2019\/01\/IMG_2823-1024x310.jpg?resize=1000%2C303&#038;ssl=1\" alt=\"This image has an empty alt attribute; its file name is IMG_2823-1024x310.jpg\" \/><\/figure>\n\n\n\n<p class=\"wp-block-paragraph\">Le grand amphith\u00e9\u00e2tre nous permettra d\u2019assister confortablement aux conf\u00e9rences. <\/p>\n\n\n\n<p class=\"wp-block-paragraph\">Le campus Malesherbes nous offre un espace vaste, moderne et confortable : des conditions optimales pour accueillir <strong>trois fois plus<\/strong> de professionnel\u00b7le\u00b7s et de passionn\u00e9\u00b7e\u00b7s du projet <em>Open source<\/em> qui \u00e9quipe plus d\u2019un site Internet sur trois : <strong>WordPress<\/strong>. <\/p>\n\n\n\n<p class=\"wp-block-paragraph\">L\u2019\u00e9quipe du WordCamp Paris 2020 est fi\u00e8re et impatiente de vous accueillir prochainement \u00e0 l\u2019occasion ce qui s\u2019annonce comme un WordCamp m\u00e9morable !<\/p>\n\n\n\n<p class=\"wp-block-paragraph\">Nous vous attendons nombreuses et nombreux \ud83d\ude18<\/p>\n\n\n\n<h2 class=\"wp-block-heading\">O\u00f9 garer son v\u00e9hicule \u00e0 proximit\u00e9&nbsp;?<\/h2>\n\n\n\n<p class=\"wp-block-paragraph\">Nous avons list\u00e9 les parkings publics payants les plus proches du Campus. Nous ne pouvons vous garantir d&rsquo;y trouver une place ni de b\u00e9n\u00e9ficier d&rsquo;une r\u00e9duction de notre part. Cette liste n&rsquo;est ni exhaustive, ni m\u00eame d\u00e9finitive. Nous vous encourageons \u00e0 utiliser les transports publics si vous le pouvez.<\/p>\n\n\n\n<ul class=\"wp-block-list\"><li><strong>Jouffroy Automobiles<\/strong><br>40 rue Jouffroy d&rsquo;Abbans, 75017 Paris<br>01 47 63 08 88<\/li><li><strong>Parking Saemes &#8211; Haussmann-Berri<\/strong><br>Face au 155 boulevard Haussmann, 75008 Paris<br>01 42 27 53 49<br><a href=\"https:\/\/www.saemes.fr\/fr\/parking\/parking-haussmann-berri\">https:\/\/www.saemes.fr\/fr\/parking\/parking-haussmann-berri<\/a><\/li><li><strong>Parking Indigo &#8211; Villiers<\/strong><br>14 avenue de Villiers, 75017 Paris<br><a href=\"https:\/\/fr.parkindigo.com\/parking\/paris-75017\/villiers-75171800\">https:\/\/fr.parkindigo.com\/parking\/paris-75017\/villiers-75171800<\/a><\/li><li><strong>Parking Indigo &#8211; Wagram Courcelles<\/strong><br>103 ter, rue Jouffroy d&rsquo;Abbans &nbsp;75017 Paris<br><a href=\"https:\/\/fr.parkindigo.com\/parking\/paris-75017\/wagram-courcelles-75170700\">https:\/\/fr.parkindigo.com\/parking\/paris-75017\/wagram-courcelles-75170700<\/a><\/li><li><strong>Parking H\u00f4tel Novotel Paris 17<\/strong><br>34 avenue de la Porte d&rsquo;Asni\u00e8res, 75017 Paris<br><a href=\"https:\/\/2019.paris.wordcamp.org\/wp-admin\/_wp_link_placeholder\">https:\/\/www.onepark.fr\/parkings\/2893-parking-hotel-novotel-paris-17-couvert?offer_id=5713<\/a><\/li><\/ul>\n\n\n\n<h2 class=\"wp-block-heading\">Venir \u00e0 v\u00e9lo au WordCamp&nbsp;Paris<\/h2>\n\n\n\n<p class=\"wp-block-paragraph\">Avec son propre v\u00e9lo ou pas quelques liens utiles pour rouler malin \u00e0 Paris&nbsp;:<br>&#8211; l\u2019appli <a rel=\"noreferrer noopener\" aria-label=\" (opens in a new tab)\" href=\"https:\/\/www.geovelo.fr\/france\/route\" target=\"_blank\">G\u00e9ov\u00e9lo<\/a>, un GPS pour cyclistes \u00e0 Paris.<br>&#8211; le site de <a rel=\"noreferrer noopener\" aria-label=\"V\u00e9lib (opens in a new tab)\" href=\"https:\/\/www.velib-metropole.fr\/\" target=\"_blank\">V\u00e9lib<\/a> pour louer son v\u00e9lo et consulter la carte des stations.<\/p>\n","protected":false},"excerpt":{"rendered":"<p>Nous sommes tr\u00e8s heureux de pouvoir \u00e0 nouveau nous installer sur le campus Malesherbes pour cette nouvelle \u00e9dition du WordCamp Paris. Voici quelques informations sur les installations qui nous accueilleront le 17 avril 2020 en septembre prochain, pour celles et ceux qui n\u2019\u00e9taient pas avec nous en 2019&#8230; Bienvenu\u00b7e\u00b7s au campus Malesherbes Situ\u00e9 dans le [&hellip;]<\/p>\n","protected":false},"author":14328707,"featured_media":653,"parent":0,"menu_order":0,"comment_status":"open","ping_status":"closed","template":"templates\/template-cover.php","meta":{"_crdt_document":"","jetpack_post_was_ever_published":false,"footnotes":""},"class_list":["post-11","page","type-page","status-publish","has-post-thumbnail","hentry"],"jetpack_sharing_enabled":true,"jetpack_likes_enabled":true,"_links":{"self":[{"href":"https:\/\/paris.wordcamp.org\/2020\/wp-json\/wp\/v2\/pages\/11","targetHints":{"allow":["GET"]}}],"collection":[{"href":"https:\/\/paris.wordcamp.org\/2020\/wp-json\/wp\/v2\/pages"}],"about":[{"href":"https:\/\/paris.wordcamp.org\/2020\/wp-json\/wp\/v2\/types\/page"}],"author":[{"embeddable":true,"href":"https:\/\/paris.wordcamp.org\/2020\/wp-json\/wp\/v2\/users\/14328707"}],"replies":[{"embeddable":true,"href":"https:\/\/paris.wordcamp.org\/2020\/wp-json\/wp\/v2\/comments?post=11"}],"version-history":[{"count":51,"href":"https:\/\/paris.wordcamp.org\/2020\/wp-json\/wp\/v2\/pages\/11\/revisions"}],"predecessor-version":[{"id":7008,"href":"https:\/\/paris.wordcamp.org\/2020\/wp-json\/wp\/v2\/pages\/11\/revisions\/7008"}],"wp:featuredmedia":[{"embeddable":true,"href":"https:\/\/paris.wordcamp.org\/2020\/wp-json\/wp\/v2\/media\/653"}],"wp:attachment":[{"href":"https:\/\/paris.wordcamp.org\/2020\/wp-json\/wp\/v2\/media?parent=11"}],"curies":[{"name":"wp","href":"https:\/\/api.w.org\/{rel}","templated":true}]}}