{"id":729,"date":"2019-01-08T00:52:45","date_gmt":"2019-01-07T23:52:45","guid":{"rendered":"https:\/\/2019.paris.wordcamp.org\/?page_id=729"},"modified":"2019-04-25T07:53:31","modified_gmt":"2019-04-25T05:53:31","slug":"contributor-day","status":"publish","type":"page","link":"https:\/\/paris.wordcamp.org\/2019\/contributor-day\/","title":{"rendered":"Journ\u00e9e de Contribution"},"content":{"rendered":"\n<p>La journ\u00e9e de contribution aura lieu le mercredi 24 avril 2019 de 10h (accueil) \u00e0 17h (cl\u00f4ture) au <a href=\"https:\/\/2019.paris.wordcamp.org\/2019\/01\/15\/campus-malesherbes\/\">Campus Malesherbes<\/a>. Un repas sera propos\u00e9 aux contributrices et contributeurs \u00e0 partir de 13h00.<\/p>\n\n\n\n<h2 class=\"wp-block-heading\">Contribuer \u00e0 WordPress ?<\/h2>\n\n\n\n<p>WordPress est un projet <strong>open source<\/strong>. Cela signifie que chacun est libre d&rsquo;en consulter le code, de le modifier et de le redistribuer. C&rsquo;est ce qui fait sa force, car cette plateforme de publication existe gr\u00e2ce aux contributions de milliers de personnes \u00e0 travers le monde.<\/p>\n\n\n\n<p>Contribuer, c&rsquo;est une mani\u00e8re de :<\/p>\n\n\n\n<ul class=\"wp-block-list\"><li>rendre la pareille \u00e0 un outil que vous utilisez gratuitement, qui vous permet de publier du contenu et qui vous permet peut-\u00eatre m\u00eame d&rsquo;en vivre \ud83d\ude42 ;<\/li><li>monter en comp\u00e9tence sur les technologies et techniques li\u00e9es \u00e0 WordPress ;<\/li><li>valoriser votre expertise au sein de la communaut\u00e9 notamment vis-\u00e0-vis de vos clients et de votre employeur ;<\/li><li>faire de la veille &#8211; ne plus \u00eatre <em>suiveur<\/em> mais devenir <em>acteur<\/em> des changements \u00e0 venir ;<\/li><li>rencontrer des gens&nbsp;: vous n&rsquo;imaginez pas la richesse, la diversit\u00e9 et la bienveillance des personnes gravitant dans l\u2019\u00e9cosyst\u00e8me de WordPress \ud83e\udd1d.<\/li><\/ul>\n\n\n\n<p><small>Note : le contenu de cette page est issu d&rsquo;un travail collectif ayant servi de pr\u00e9paration \u00e0 la journ\u00e9e de contribution. Survolez les pictos \ud83d\udc64 pour en savoir plus sur les contributeurs et contributrices de cette page. Merci pour leur aide \ud83d\udc9a<\/small><\/p>\n\n\n\n<h2 class=\"wp-block-heading\">En quoi consiste cette journ\u00e9e ?<\/h2>\n\n\n\n<p>Une journ\u00e9e de contribution est un moment, g\u00e9n\u00e9ralement autour d&rsquo;un WordCamp, d\u00e9di\u00e9 a l&rsquo;am\u00e9lioration du projet open source qui nous lie. Pour nous il s&rsquo;agit \u00e9videmment de WordPress. Ce principe n&rsquo;est pas propre \u00e0 notre communaut\u00e9, la communaut\u00e9 Drupal par exemple organise \u00e9galement ce type de journ\u00e9e. <a title=\"Par Sebastien Serre (cliquer pour ouvrir son site dans un nouvel onglet)\" rel=\"noreferrer noopener\" aria-label=\"\ud83d\udc64 (opens in a new tab)\" href=\"https:\/\/www.thivinfo.com\/\" target=\"_blank\">\ud83d\udc64<\/a><\/p>\n\n\n\n<p>Cette ann\u00e9e, nous avons d\u00e9cid\u00e9 d&rsquo;organiser un \u00ab Contributor Day \u00bb, une premi\u00e8re pour un WordCamp local en France. L\u2019id\u00e9e de la Journ\u00e9e de Contribution est de r\u00e9unir tous les profils possibles sur l\u2019ensemble des domaines couverts par le projet open source WordPress.<\/p>\n\n\n\n<p>Lors d&rsquo;une Journ\u00e9e de Contribution, nous nous retrouvons autour de tables d\u00e9di\u00e9es \u00e0 une composante du projet avec notre meilleur copain&#8230; notre ordinateur ! Ainsi, nous pouvons choisir de rejoindre d&rsquo;autres contributeurs sur diff\u00e9rentes tables : C\u0153ur, Traduction, Accessibilit\u00e9, Documentation, Communaut\u00e9\u2026 et bien d&rsquo;autres parmi les&nbsp;<a rel=\"noreferrer noopener\" aria-label=\"domaines de contribution (opens in a new tab)\" href=\"https:\/\/make.wordpress.org\" target=\"_blank\">domaines de contribution(en)<\/a> du projet, avec l&rsquo;aide de volontaires sp\u00e9cialis\u00e9s dans chacun de ces domaines. <a title=\"Par Sebastien Serre (cliquer pour ouvrir son site dans un nouvel onglet)\" rel=\"noreferrer noopener\" aria-label=\"\ud83d\udc64 (opens in a new tab)\" href=\"https:\/\/www.thivinfo.com\/\" target=\"_blank\">\ud83d\udc64<\/a><\/p>\n\n\n\n<h3 class=\"wp-block-heading\">Qui peut contribuer ? R\u00e9ponse : tout le monde !<\/h3>\n\n\n\n<ul class=\"wp-block-list\"><li><strong>D\u00e9veloppeuses et d\u00e9veloppeurs :<\/strong> cr\u00e9ation de correctifs et d&rsquo;am\u00e9liorations sur le c\u0153ur de WordPress, sur les th\u00e8mes, les extensions ou m\u00eame sur les sites du r\u00e9seau <a rel=\"noreferrer noopener\" aria-label=\"WordPress.org (opens in a new tab)\" href=\"https:\/\/fr.wordpress.org\" target=\"_blank\">WordPress.org<\/a>. Proposez votre savoir faire et valorisez votre expertise&nbsp;! D\u00e9butantes et d\u00e9butants vous \u00eates \u00e9galement les bienvenu\u00b7e\u00b7s&nbsp;!<\/li><li><strong>Designers et graphistes :<\/strong> cr\u00e9ation et revue de th\u00e8mes, am\u00e9liorations sur les th\u00e8mes par d\u00e9faut ou sur l&rsquo;administration de WordPress\u2026 Votre regard est indispensable.<\/li><li><strong>Sp\u00e9cialistes :<\/strong> traduction, r\u00e9f\u00e9rencement (SEO), accessibilit\u00e9, performance, s\u00e9curit\u00e9\u2026 que ce soit pour le c\u0153ur de WordPress ou pour les sites du r\u00e9seau <a rel=\"noreferrer noopener\" aria-label=\"WordPress.org (opens in a new tab)\" href=\"https:\/\/fr.wordpress.org\" target=\"_blank\">WordPress.org<\/a>, le projet \u00e0 besoin de vous&nbsp;!<\/li><li><strong>\u00c9ditrices et \u00e9diteurs&nbsp;:<\/strong> vous \u00e9ditez une extension ou un th\u00e8me&nbsp;? Nous serions ravis de vous accueillir pour travailler ensemble sur la s\u00e9curit\u00e9, l&rsquo;accessibilit\u00e9, l&rsquo;ergonomie ou plus globalement tous les sujets peuvent faire l&rsquo;objet d&rsquo;un travail collectif.<\/li><li><strong>Utilisatrices et utilisateurs :<\/strong> vous r\u00e9digez des contenus gr\u00e2ce \u00e0 WordPress, administrez un ou plusieurs sites&nbsp;? Toute personne utilisant WordPress est la bienvenue pour proposer ses retours d\u2019exp\u00e9rience et ses id\u00e9es d&rsquo;am\u00e9liorations&nbsp;! Nous trouverons ensemble les moyens de concr\u00e9tiser vos id\u00e9es et propositions.<\/li><\/ul>\n\n\n\n<h3 class=\"wp-block-heading\">Contribuer \u00e0 quoi ? Pr\u00e9sentation des domaines de contribution.<\/h3>\n\n\n\n<p>Actuellement, les tables de contribution suivantes sont pr\u00e9vues, avec pour chacune des personnes de r\u00e9f\u00e9rence \u00e0 m\u00eame de vous accueillir et de vous aider&nbsp;:<\/p>\n\n\n\n<ul class=\"wp-block-list\"><li><strong>C\u0153ur&nbsp;:<\/strong> il s&rsquo;agit d&rsquo;apporter des corrections et des am\u00e9liorations sur le c\u0153ur m\u00eame du logiciel WordPress. Ne soyez pas intimid\u00e9\u00b7e, c&rsquo;est beaucoup plus abordable que ce que l&rsquo;on pourrait penser&nbsp;! Sur place, nous aurons de nombreuses personnes ayant d\u00e9j\u00e0 contribu\u00e9 au c\u0153ur pour vous accompagner.<\/li><li><strong>Traduction&nbsp;:<\/strong> WordPress est utilis\u00e9 partout dans le monde et dans de nombreuses langues. En France, nous avons la chance de disposer d&rsquo;une \u00e9quipe de traduction tr\u00e8s active et organis\u00e9e. Si vous \u00eates polyglotte, vous pouvez aider \u00e0 traduire WordPress dans votre langue. Vous pouvez \u00e9galement contribuer \u00e0 la cr\u00e9ation d&rsquo;outils qui simplifient la traduction. <a title=\"Par Marie Comet (cliquer pour ouvrir son site dans un nouvel onglet)\" rel=\"noreferrer noopener\" aria-label=\"\ud83d\udc64 (opens in a new tab)\" href=\"https:\/\/mariecomet.fr\/\" target=\"_blank\">\ud83d\udc64<\/a><\/li><li><strong>Accessibilit\u00e9&nbsp;:<\/strong> l&rsquo;objectif de WordPress est de proposer la meilleure exp\u00e9rience possible \u00e0 toutes et tous, quelque soit sa mani\u00e8re d\u2019acc\u00e9der au web. Que vous soyez utilisateur\u00b7rice de technologies d\u2019assistance, int\u00e9ress\u00e9\u00b7e par la th\u00e9matique ou expert en accessibilit\u00e9, venez nous aider \u00e0 rendre WordPress accessible \u00e0 toutes et \u00e0 tous&nbsp;!<\/li><li><strong>Documentation&nbsp;:<\/strong> que ce soit directement dans le code ou sur la documentation officielle, WordPress a besoin d\u2019\u00eatre document\u00e9 pour pouvoir \u00eatre utilis\u00e9. Une table sera d\u00e9di\u00e9e \u00e0 la documentation, \u00e0 destination des utilisateur\u00b7rice\u00b7s comme des d\u00e9veloppeur\u00b7euse\u00b7s.<\/li><li><strong>Communaut\u00e9&nbsp;:<\/strong> vous organisez ou souhaitez organiser une rencontre locale (\u00ab meetup \u00bb) ou m\u00eame un WordCamp&nbsp;? Vous voulez \u00e9changer autour de l\u2019organisation d&rsquo;\u00e9v\u00e9nements WordPress&nbsp;? Cette table vous permettra de rencontrer des personnes ayant cette exp\u00e9rience.<\/li><li><strong>Meta&nbsp;:<\/strong> saviez-vous qu&rsquo;il est possible de proposer des correctifs et des am\u00e9liorations sur l\u2019ensemble des sites du projet&nbsp;? <a rel=\"noreferrer noopener\" aria-label=\"WordPress.org (opens in a new tab)\" href=\"https:\/\/fr.wordpress.org\" target=\"_blank\">WordPress.org<\/a>, <a rel=\"noreferrer noopener\" aria-label=\"WordPress.tv (opens in a new tab)\" href=\"https:\/\/wordpress.tv\" target=\"_blank\">WordPress.tv<\/a>, <a rel=\"noreferrer noopener\" aria-label=\"forums de support (opens in a new tab)\" href=\"https:\/\/wordpress.org\/support\/forums\/\" target=\"_blank\">forums de support<\/a>\u2026 nous vous montreront comment y contribuer.<\/li><li><strong>Th\u00e8mes&nbsp;:<\/strong> de la cr\u00e9ation d&rsquo;un th\u00e8me conforme aux standards WordPress \u00e0 la validation des th\u00e8mes sur le d\u00e9p\u00f4t, vous saurez tout sur les bonnes pratiques WordPress&nbsp;!<\/li><li><strong>Extension&nbsp;:<\/strong> vous avez une extension ou souhaitez en cr\u00e9er une&nbsp;? Vous souhaitez contribuer \u00e0 une extension existante&nbsp;? Nous pouvons vous aider.<\/li><\/ul>\n\n\n\n<p>Nous vous attendons&nbsp;!<\/p>\n\n\n\n<a id=\"fr\" class=\"fr-text\"><\/a>\n<a id=\"titi\" class=\"titi-text\"><\/a>\n\n\n\n<ul class=\"language-switcher titi-switcher wp-block-list\"><li class=\"fr-tab\"><a href=\"#fr\">\ud83c\uddeb\ud83c\uddf7<\/a><\/li><li class=\"titi-tab\"><a href=\"#titi\">TiTi<\/a><\/li><\/ul>\n\n\n\n<p class=\"titi-text language\">Boustifaille !<br><\/p>\n\n\n\n<h2 class=\"wp-block-heading\">Les derni\u00e8res actualit\u00e9s au sujet de la Journ\u00e9e de Contribution<\/h2>\n\n\n<ul class=\"wp-block-latest-posts__list is-grid columns-3 has-dates aligncenter wp-block-latest-posts\"><li><a class=\"wp-block-latest-posts__post-title\" href=\"https:\/\/paris.wordcamp.org\/2019\/atelier-9-ameliorer-laccessibilite-des-themes-wordpress\/\">#Atelier 9 : am\u00e9liorer l&rsquo;accessibilit\u00e9 des th\u00e8mes WordPress \ud83c\udfa8 \ud83d\udd76<\/a><time datetime=\"2019-04-17T15:40:46+02:00\" class=\"wp-block-latest-posts__post-date\">17\/04\/2019<\/time><\/li>\n<li><a class=\"wp-block-latest-posts__post-title\" href=\"https:\/\/paris.wordcamp.org\/2019\/j-20-pour-la-journee-de-contribution-cest-lheure-de-publier-le-programme\/\">J-20 pour la journ\u00e9e de contribution\u00a0: c&rsquo;est l&rsquo;heure de publier le programme\u00a0!<\/a><time datetime=\"2019-04-05T09:04:48+02:00\" class=\"wp-block-latest-posts__post-date\">05\/04\/2019<\/time><\/li>\n<li><a class=\"wp-block-latest-posts__post-title\" href=\"https:\/\/paris.wordcamp.org\/2019\/atelier-8-la-documentation-de-wordpress\/\">#Atelier 8 : la documentation de WordPress \ud83d\udcd3<\/a><time datetime=\"2019-04-02T11:53:10+02:00\" class=\"wp-block-latest-posts__post-date\">02\/04\/2019<\/time><\/li>\n<\/ul>\n\n\n<div class=\"wp-block-button aligncenter\"><a class=\"wp-block-button__link\" href=\"https:\/\/2019.paris.wordcamp.org\/categorie\/journee-de-contribution\/\">Afficher toutes les actualit\u00e9s<\/a><\/div>\n\n\n\n<div style=\"height:50px\" aria-hidden=\"true\" class=\"wp-block-spacer\"><\/div>\n\n\n\n<h2 class=\"wp-block-heading\">Merci \u00e0 nos partenaires \u2665\ufe0f<\/h2>\n\n\n\n<div class=\"wp-block-columns alignwide has-2-columns alignfull sponsors is-layout-flex wp-container-core-columns-is-layout-9d6595d7 wp-block-columns-is-layout-flex\">\n<div class=\"wp-block-column is-layout-flow wp-block-column-is-layout-flow\">\n<div class=\"wp-block-image\"><figure class=\"aligncenter\"><a href=\"https:\/\/www.mozilla.org\/fr\/\" target=\"_blank\" rel=\"noreferrer noopener\"><img loading=\"lazy\" decoding=\"async\" width=\"524\" height=\"150\" src=\"https:\/\/2019.paris.wordcamp.org\/files\/2019\/01\/mozilla-logo.png\" alt=\"Fondation Mozilla \u00e0 Paris\" class=\"wp-image-1095\" srcset=\"https:\/\/paris.wordcamp.org\/2019\/files\/2019\/01\/mozilla-logo.png 524w, https:\/\/paris.wordcamp.org\/2019\/files\/2019\/01\/mozilla-logo-300x86.png 300w, https:\/\/paris.wordcamp.org\/2019\/files\/2019\/01\/mozilla-logo-500x143.png 500w\" sizes=\"auto, (max-width: 524px) 100vw, 524px\" \/><\/a><\/figure><\/div>\n<\/div>\n\n\n\n<div class=\"wp-block-column is-layout-flow wp-block-column-is-layout-flow\">\n<div class=\"wp-block-image\"><figure class=\"aligncenter\"><a href=\"http:\/\/www.epitech.eu\/fr\/ecole-informatique-paris\/\" target=\"_blank\" rel=\"noreferrer noopener\"><img loading=\"lazy\" decoding=\"async\" width=\"637\" height=\"150\" src=\"https:\/\/2019.paris.wordcamp.org\/files\/2019\/01\/epitech-logo.png\" alt=\"Epitech Ecole informatique Paris\" class=\"wp-image-1096\" srcset=\"https:\/\/paris.wordcamp.org\/2019\/files\/2019\/01\/epitech-logo.png 637w, https:\/\/paris.wordcamp.org\/2019\/files\/2019\/01\/epitech-logo-300x71.png 300w, https:\/\/paris.wordcamp.org\/2019\/files\/2019\/01\/epitech-logo-500x118.png 500w\" sizes=\"auto, (max-width: 637px) 100vw, 637px\" \/><\/a><\/figure><\/div>\n<\/div>\n<\/div>\n\n\n\n<div class=\"wp-block-columns alignwide has-2-columns alignfull sponsors is-layout-flex wp-container-core-columns-is-layout-9d6595d7 wp-block-columns-is-layout-flex\">\n<div class=\"wp-block-column is-layout-flow wp-block-column-is-layout-flow\">\n<div class=\"wp-block-image\"><figure class=\"aligncenter\"><a href=\"https:\/\/www.whodunit.fr\" target=\"_blank\" rel=\"noreferrer noopener\"><img loading=\"lazy\" decoding=\"async\" width=\"362\" height=\"150\" src=\"https:\/\/2019.paris.wordcamp.org\/files\/2019\/01\/whodunit-logo.png\" alt=\"Agence WordPress Whodunit\" class=\"wp-image-1097\" srcset=\"https:\/\/paris.wordcamp.org\/2019\/files\/2019\/01\/whodunit-logo.png 362w, https:\/\/paris.wordcamp.org\/2019\/files\/2019\/01\/whodunit-logo-300x124.png 300w\" sizes=\"auto, (max-width: 362px) 100vw, 362px\" \/><\/a><\/figure><\/div>\n<\/div>\n\n\n\n<div class=\"wp-block-column is-layout-flow wp-block-column-is-layout-flow\">\n<div class=\"wp-block-image\"><figure class=\"aligncenter\"><a href=\"https:\/\/wpparis.fr\/\" target=\"_blank\" rel=\"noreferrer noopener\"><img loading=\"lazy\" decoding=\"async\" width=\"385\" height=\"150\" src=\"https:\/\/2019.paris.wordcamp.org\/files\/2019\/01\/wpparis-logo.png\" alt=\"Association d\u2019utilisateurs de WordPress WP Paris\" class=\"wp-image-1098\" srcset=\"https:\/\/paris.wordcamp.org\/2019\/files\/2019\/01\/wpparis-logo.png 385w, https:\/\/paris.wordcamp.org\/2019\/files\/2019\/01\/wpparis-logo-300x117.png 300w\" sizes=\"auto, (max-width: 385px) 100vw, 385px\" \/><\/a><\/figure><\/div>\n<\/div>\n<\/div>\n\n\n\n<div class=\"wp-block-columns has-2-columns is-layout-flex wp-container-core-columns-is-layout-9d6595d7 wp-block-columns-is-layout-flex\">\n<div class=\"wp-block-column is-layout-flow wp-block-column-is-layout-flow\">\n<div class=\"wp-block-image\"><figure class=\"aligncenter\"><a href=\"https:\/\/www.stickermule.com\/eu\/uses?utm_source=sponsorship&amp;utm_medium=referral&amp;utm_campaign=WordCampParis\" target=\"_blank\" rel=\"noreferrer noopener\"><img loading=\"lazy\" decoding=\"async\" width=\"224\" height=\"150\" src=\"https:\/\/2019.paris.wordcamp.org\/files\/2019\/01\/stickermule-logo.png\" alt=\"StickerMule - Custom stickers that kick ass\" class=\"wp-image-1266\" \/><\/a><\/figure><\/div>\n<\/div>\n\n\n\n<div class=\"wp-block-column is-layout-flow wp-block-column-is-layout-flow\">\n<div class=\"wp-block-image\"><figure class=\"aligncenter\"><a href=\"https:\/\/www.o2switch.fr\" target=\"_blank\" rel=\"noreferrer noopener nofollow\"><img loading=\"lazy\" decoding=\"async\" width=\"434\" height=\"115\" src=\"https:\/\/2019.paris.wordcamp.org\/files\/2019\/01\/o2switch.png\" alt=\"\" class=\"wp-image-943\" srcset=\"https:\/\/paris.wordcamp.org\/2019\/files\/2019\/01\/o2switch.png 434w, https:\/\/paris.wordcamp.org\/2019\/files\/2019\/01\/o2switch-300x79.png 300w\" sizes=\"auto, (max-width: 434px) 100vw, 434px\" \/><\/a><\/figure><\/div>\n<\/div>\n<\/div>\n","protected":false},"excerpt":{"rendered":"<p>La journ\u00e9e de contribution aura lieu le mercredi 24 avril 2019 de 10h (accueil) \u00e0 17h (cl\u00f4ture) au Campus Malesherbes. Un repas sera propos\u00e9 aux contributrices et contributeurs \u00e0 partir de 13h00. Contribuer \u00e0 WordPress ? WordPress est un projet open source. Cela signifie que chacun est libre d&rsquo;en consulter le code, de le modifier &hellip; <\/p>\n<p class=\"link-more\"><a href=\"https:\/\/paris.wordcamp.org\/2019\/contributor-day\/\" class=\"more-link\">Continuer la lecture <span class=\"screen-reader-text\"> \u00ab\u00a0Journ\u00e9e de Contribution\u00a0\u00bb<\/span><\/a><\/p>\n","protected":false},"author":6594935,"featured_media":728,"parent":0,"menu_order":0,"comment_status":"closed","ping_status":"closed","template":"","meta":{"jetpack_post_was_ever_published":false,"footnotes":""},"class_list":["post-729","page","type-page","status-publish","has-post-thumbnail","hentry","entry"],"jetpack_sharing_enabled":true,"jetpack_shortlink":"https:\/\/wp.me\/Pa49y4-bL","jetpack_likes_enabled":true,"_links":{"self":[{"href":"https:\/\/paris.wordcamp.org\/2019\/wp-json\/wp\/v2\/pages\/729","targetHints":{"allow":["GET"]}}],"collection":[{"href":"https:\/\/paris.wordcamp.org\/2019\/wp-json\/wp\/v2\/pages"}],"about":[{"href":"https:\/\/paris.wordcamp.org\/2019\/wp-json\/wp\/v2\/types\/page"}],"author":[{"embeddable":true,"href":"https:\/\/paris.wordcamp.org\/2019\/wp-json\/wp\/v2\/users\/6594935"}],"replies":[{"embeddable":true,"href":"https:\/\/paris.wordcamp.org\/2019\/wp-json\/wp\/v2\/comments?post=729"}],"version-history":[{"count":46,"href":"https:\/\/paris.wordcamp.org\/2019\/wp-json\/wp\/v2\/pages\/729\/revisions"}],"predecessor-version":[{"id":4112,"href":"https:\/\/paris.wordcamp.org\/2019\/wp-json\/wp\/v2\/pages\/729\/revisions\/4112"}],"wp:featuredmedia":[{"embeddable":true,"href":"https:\/\/paris.wordcamp.org\/2019\/wp-json\/wp\/v2\/media\/728"}],"wp:attachment":[{"href":"https:\/\/paris.wordcamp.org\/2019\/wp-json\/wp\/v2\/media?parent=729"}],"curies":[{"name":"wp","href":"https:\/\/api.w.org\/{rel}","templated":true}]}}