{"id":510,"date":"2018-12-03T17:10:32","date_gmt":"2018-12-03T16:10:32","guid":{"rendered":"https:\/\/2019.paris.wordcamp.org\/?page_id=510"},"modified":"2019-04-05T11:35:00","modified_gmt":"2019-04-05T09:35:00","slug":"les-equipes","status":"publish","type":"page","link":"https:\/\/paris.wordcamp.org\/2019\/les-equipes\/","title":{"rendered":"Les \u00e9quipes"},"content":{"rendered":"\n<p>Le WordCamp de Paris rassemble diff\u00e9rentes \u00e9quipes qui partagent un projet commun : WordPress.<\/p>\n\n\n\n<p>Tout au long de la p\u00e9riode pr\u00e9paratoire qui nous s\u00e9pare de notre c\u00e9l\u00e9bration (qui se tiendra du 24 au 26 avril 2019), elles seront&nbsp;<a href=\"https:\/\/2019.paris.wordcamp.org\/categorie\/appels-a-contributions\/\">\u00ab&nbsp;appel\u00e9es&nbsp;\u00bb<\/a>&nbsp;\u00e0 contribuer \u00e0 sa r\u00e9ussite :<\/p>\n\n\n\n<ul class=\"wp-block-list\"><li>Les\u00a0<a href=\"https:\/\/2019.paris.wordcamp.org\/les-equipes\/participant-e-s\/\">participant\u00b7e\u00b7s<\/a>\u00a0r\u00e9serveront leurs places pour assister \u00e0 la f\u00eate,<\/li><li>Les\u00a0<a href=\"https:\/\/2019.paris.wordcamp.org\/les-equipes\/sponsors\/\">sponsors<\/a> et les <a href=\"https:\/\/2019.paris.wordcamp.org\/les-equipes\/micro-sponsors\/\">micro-sponsors<\/a> soutiendront l&rsquo;\u00e9v\u00e9nement,<\/li><li>Les\u00a0<a href=\"https:\/\/2019.paris.wordcamp.org\/les-equipes\/orateur-rice-s\/\">orateur\u00b7rice\u00b7s<\/a>\u00a0transmettront leurs savoirs,<\/li><li>Les <a href=\"https:\/\/2019.paris.wordcamp.org\/les-equipes\/animateur%C2%B7rice%C2%B7s\/\">animateur\u00b7rice\u00b7s<\/a> des tables de contribution guideront les <a href=\"https:\/\/2019.paris.wordcamp.org\/les-equipes\/contributeur-rice-s\/\">contributeur\u00b7rice\u00b7s<\/a> lors de la toute premi\u00e8re journ\u00e9e de contribution de l&rsquo;histoire du WordCamp Paris.<\/li><li>Les <a href=\"https:\/\/2019.paris.wordcamp.org\/les-equipes\/volontaires\/\">volontaires<\/a> aideront le jour J,<\/li><li>Les\u00a0<a href=\"https:\/\/2019.paris.wordcamp.org\/les-equipes\/organisateur-rice-s\/\">organisateur\u00b7rice\u00b7s<\/a>\u00a0pr\u00e9pareront la f\u00eate et l\u2019orchestreront.<\/li><\/ul>\n","protected":false},"excerpt":{"rendered":"<p>Le WordCamp de Paris rassemble diff\u00e9rentes \u00e9quipes qui partagent un projet commun : WordPress. Tout au long de la p\u00e9riode pr\u00e9paratoire qui nous s\u00e9pare de notre c\u00e9l\u00e9bration (qui se tiendra du 24 au 26 avril 2019), elles seront&nbsp;\u00ab&nbsp;appel\u00e9es&nbsp;\u00bb&nbsp;\u00e0 contribuer \u00e0 sa r\u00e9ussite : Les\u00a0participant\u00b7e\u00b7s\u00a0r\u00e9serveront leurs places pour assister \u00e0 la f\u00eate, Les\u00a0sponsors et les micro-sponsors &hellip; <\/p>\n<p class=\"link-more\"><a href=\"https:\/\/paris.wordcamp.org\/2019\/les-equipes\/\" class=\"more-link\">Continuer la lecture <span class=\"screen-reader-text\"> \u00ab\u00a0Les \u00e9quipes\u00a0\u00bb<\/span><\/a><\/p>\n","protected":false},"author":6594935,"featured_media":252,"parent":0,"menu_order":0,"comment_status":"closed","ping_status":"closed","template":"","meta":{"jetpack_post_was_ever_published":false,"footnotes":""},"class_list":["post-510","page","type-page","status-publish","has-post-thumbnail","hentry","entry"],"jetpack_sharing_enabled":true,"jetpack_shortlink":"https:\/\/wp.me\/Pa49y4-8e","jetpack_likes_enabled":true,"_links":{"self":[{"href":"https:\/\/paris.wordcamp.org\/2019\/wp-json\/wp\/v2\/pages\/510","targetHints":{"allow":["GET"]}}],"collection":[{"href":"https:\/\/paris.wordcamp.org\/2019\/wp-json\/wp\/v2\/pages"}],"about":[{"href":"https:\/\/paris.wordcamp.org\/2019\/wp-json\/wp\/v2\/types\/page"}],"author":[{"embeddable":true,"href":"https:\/\/paris.wordcamp.org\/2019\/wp-json\/wp\/v2\/users\/6594935"}],"replies":[{"embeddable":true,"href":"https:\/\/paris.wordcamp.org\/2019\/wp-json\/wp\/v2\/comments?post=510"}],"version-history":[{"count":6,"href":"https:\/\/paris.wordcamp.org\/2019\/wp-json\/wp\/v2\/pages\/510\/revisions"}],"predecessor-version":[{"id":3377,"href":"https:\/\/paris.wordcamp.org\/2019\/wp-json\/wp\/v2\/pages\/510\/revisions\/3377"}],"wp:featuredmedia":[{"embeddable":true,"href":"https:\/\/paris.wordcamp.org\/2019\/wp-json\/wp\/v2\/media\/252"}],"wp:attachment":[{"href":"https:\/\/paris.wordcamp.org\/2019\/wp-json\/wp\/v2\/media?parent=510"}],"curies":[{"name":"wp","href":"https:\/\/api.w.org\/{rel}","templated":true}]}}