{"id":3049,"date":"2019-04-05T11:31:07","date_gmt":"2019-04-05T09:31:07","guid":{"rendered":"https:\/\/2019.paris.wordcamp.org\/?page_id=3049"},"modified":"2019-04-05T11:31:08","modified_gmt":"2019-04-05T09:31:08","slug":"animateur%c2%b7rice%c2%b7s","status":"publish","type":"page","link":"https:\/\/paris.wordcamp.org\/2019\/les-equipes\/animateur%c2%b7rice%c2%b7s\/","title":{"rendered":"Animateur\u00b7rice\u00b7s"},"content":{"rendered":"\n<p>Merci aux animateur\u00b7rice\u00b7s de la toute premi\u00e8re journ\u00e9e de contribution. Ces pionni\u00e8res et pionniers guideront les contributeur\u00b7rice\u00b7s dans leur d\u00e9couverte des joies de la contribution aux projets open source de WordPress.<\/p>\n\n\n\n\t<div class=\"wcorg-speakers\">\n\n\t\t\n\t\t\t<!-- Organizers note: The id attribute is deprecated and only remains for backwards compatibility, please use the corresponding class to target individual speakers -->\n\t\t\t<div id=\"wcorg-speaker-bruno-tritsch\" class=\"wcorg-speaker wcorg-speaker-bruno-tritsch wcorg-track-mercredi-24-04-2019\">\n\t\t\t\t<h2>\n\t\t\t\t\t\n\t\t\t\t\t\t<a href=\"https:\/\/paris.wordcamp.org\/2019\/speaker\/bruno-tritsch\/\">\n\t\t\t\t\t\t\tBruno Tritsch\t\t\t\t\t\t<\/a>\n\n\t\t\t\t\t\t\t\t\t<\/h2>\n\n\t\t\t\t<div class=\"wcorg-speaker-description\">\n\t\t\t\t\t<img alt='' src='https:\/\/secure.gravatar.com\/avatar\/5bd39df8e853f92f84264bfca92a5841cf11151e2b7706b49d1e35f9fdaf3001?s=100&#038;d=mm&#038;r=g' srcset='https:\/\/secure.gravatar.com\/avatar\/5bd39df8e853f92f84264bfca92a5841cf11151e2b7706b49d1e35f9fdaf3001?s=200&#038;d=mm&#038;r=g 2x' class='avatar avatar-100 photo' height='100' width='100' \/>\t\t\t\t\t\n<p>Ayant fait mes premiers pas dans la cr\u00e9ation de site internet en 2009 en autodidacte, je me suis sp\u00e9cialis\u00e9 d\u00e8s 2012 pour devenir consultant et formateur WordPress.<\/p>\n\n\n\n<p>Je traduis en fran\u00e7ais de nombreux th\u00e8mes et extensions, aussi bien sur l\u2019<a href=\"https:\/\/translate.wordpress.org\/locale\/fr\/\">outil officiel de traduction de WordPress<\/a>&nbsp;en tant que Global Project Translation Editor (GPTE ou \u00e9diteur de traduction pour tous les th\u00e8mes et extensions disponibles sur le d\u00e9p\u00f4t officiel) que sur WP Traduction pour ce qui concerne les th\u00e8mes et extensions premium.<\/p>\n\n\n\n<p>J\u2019ai \u00e0 c\u0153ur de vous initier \u00e0 participer \u00e0 l\u2019effort commun de traduction en fran\u00e7ais de l\u2019\u00e9cosyst\u00e8me WordPress afin que nous puissions tous profiter d\u2019un maximum de th\u00e8mes et extensions 100% traduits en fran\u00e7ais.<\/p>\n\t\t\t\t<\/div>\n\t\t\t<\/div>\n\n\t\t\n\t\t\t<!-- Organizers note: The id attribute is deprecated and only remains for backwards compatibility, please use the corresponding class to target individual speakers -->\n\t\t\t<div id=\"wcorg-speaker-claire-bizingre\" class=\"wcorg-speaker wcorg-speaker-claire-bizingre wcorg-track-mercredi-24-04-2019 wcorg-track-jeudi-25-04-2019\">\n\t\t\t\t<h2>\n\t\t\t\t\t\n\t\t\t\t\t\t<a href=\"https:\/\/paris.wordcamp.org\/2019\/speaker\/claire-bizingre\/\">\n\t\t\t\t\t\t\tClaire Bizingre\t\t\t\t\t\t<\/a>\n\n\t\t\t\t\t\t\t\t\t<\/h2>\n\n\t\t\t\t<div class=\"wcorg-speaker-description\">\n\t\t\t\t\t<img alt='' src='https:\/\/secure.gravatar.com\/avatar\/28b86a04cfd9ac4c45f8735a36ec97098fa9696aeef4cd117eb49b77f7dd0b6d?s=100&#038;d=mm&#038;r=g' srcset='https:\/\/secure.gravatar.com\/avatar\/28b86a04cfd9ac4c45f8735a36ec97098fa9696aeef4cd117eb49b77f7dd0b6d?s=200&#038;d=mm&#038;r=g 2x' class='avatar avatar-100 photo' height='100' width='100' \/>\t\t\t\t\t\n<p>Claire dispose d\u2019une expertise acquise gr\u00e2ce \u00e0 9 ann\u00e9es de missions de formation, d\u2019Assistance en Ma\u00eetrise d\u2019Ouvrage et d\u2019Assistance en Ma\u00eetrise d\u2019\u0153uvre portant sur l\u2019accessibilit\u00e9 num\u00e9rique (audit, conseil, suivi de production).<\/p>\n\n\n\n<p>En 2006, elle d\u00e9couvre WordPress, d\u00e9veloppe des th\u00e8mes sur mesure et participe \u00e0 plusieurs projets WordPress en tant que r\u00e9f\u00e9rent accessibilit\u00e9. Elle intervient en tant qu\u2019oratrice sur le th\u00e8me de l\u2019accessibilit\u00e9 au sein de WordPress (WordCamp, meetup\u2026) et r\u00e9dige des articles sur les usages, le code \u00e0 int\u00e9grer dans son th\u00e8me.<\/p>\n\n\n\n<p>Certifi\u00e9e Opquast Qualit\u00e9 Web en octobre 2016, elle atteint le niveau expert. Apr\u00e8s plusieurs ann\u00e9es en freelance, elle fait maintenant partie de la soci\u00e9t\u00e9 Temesis sp\u00e9cialis\u00e9e en accessibilit\u00e9 num\u00e9rique et qualit\u00e9 web.<\/p>\n\t\t\t\t<\/div>\n\t\t\t<\/div>\n\n\t\t\n\t\t\t<!-- Organizers note: The id attribute is deprecated and only remains for backwards compatibility, please use the corresponding class to target individual speakers -->\n\t\t\t<div id=\"wcorg-speaker-clement-martinez\" class=\"wcorg-speaker wcorg-speaker-clement-martinez wcorg-track-mercredi-24-04-2019\">\n\t\t\t\t<h2>\n\t\t\t\t\t\n\t\t\t\t\t\t<a href=\"https:\/\/paris.wordcamp.org\/2019\/speaker\/clement-martinez\/\">\n\t\t\t\t\t\t\tCl\u00e9ment Martinez\t\t\t\t\t\t<\/a>\n\n\t\t\t\t\t\t\t\t\t<\/h2>\n\n\t\t\t\t<div class=\"wcorg-speaker-description\">\n\t\t\t\t\t<img alt='' src='https:\/\/secure.gravatar.com\/avatar\/b75a6011918b6771a64fd3fb4e6dd169a4bafdb25b42643a6f3577bc14999afc?s=100&#038;d=mm&#038;r=g' srcset='https:\/\/secure.gravatar.com\/avatar\/b75a6011918b6771a64fd3fb4e6dd169a4bafdb25b42643a6f3577bc14999afc?s=200&#038;d=mm&#038;r=g 2x' class='avatar avatar-100 photo' height='100' width='100' \/>\t\t\t\t\t\n<p>Je suis d\u00e9veloppeur web sp\u00e9cialis\u00e9 WordPress depuis 2014. <\/p>\n\n\n\n<p>J\u2019ai commenc\u00e9 \u00e0 utiliser WordPress comme un simple outil pour cr\u00e9er des sites administrables. Puis j\u2019ai commenc\u00e9 \u00e0 m\u2019investir petit \u00e0 petit dans la communaut\u00e9 (b\u00e9n\u00e9vole WordCamp, spectateur <a href=\"https:\/\/wptech.fr\/\">WP TECH<\/a>, meetups).<\/p>\n\n\n\n<p>Arriv\u00e9 sur Paris en octobre 2018, j\u2019habitais avant \u00e0 Aix-en-Provence o\u00f9 j\u2019\u00e9tais co-organisateur des <a href=\"https:\/\/www.meetup.com\/fr-FR\/Meetup-WordPress-Aix-en-Provence\/\">meetups WordPress Aix<\/a>.<\/p>\n\t\t\t\t<\/div>\n\t\t\t<\/div>\n\n\t\t\n\t\t\t<!-- Organizers note: The id attribute is deprecated and only remains for backwards compatibility, please use the corresponding class to target individual speakers -->\n\t\t\t<div id=\"wcorg-speaker-emilie-lebrun\" class=\"wcorg-speaker wcorg-speaker-emilie-lebrun wcorg-track-mercredi-24-04-2019\">\n\t\t\t\t<h2>\n\t\t\t\t\t\n\t\t\t\t\t\t<a href=\"https:\/\/paris.wordcamp.org\/2019\/speaker\/emilie-lebrun\/\">\n\t\t\t\t\t\t\t\u00c9milie Lebrun\t\t\t\t\t\t<\/a>\n\n\t\t\t\t\t\t\t\t\t<\/h2>\n\n\t\t\t\t<div class=\"wcorg-speaker-description\">\n\t\t\t\t\t<img alt='' src='https:\/\/secure.gravatar.com\/avatar\/ab0448d926577f7cf9c23a99f92ae2f2ab398a348e25941b3b345805db029ca4?s=100&#038;d=mm&#038;r=g' srcset='https:\/\/secure.gravatar.com\/avatar\/ab0448d926577f7cf9c23a99f92ae2f2ab398a348e25941b3b345805db029ca4?s=200&#038;d=mm&#038;r=g 2x' class='avatar avatar-100 photo' height='100' width='100' \/>\t\t\t\t\t\n<p>Workaholic et entrepreneuse dans l\u2019\u00e2me, \u00c9milie LEBRUN est dirigeante fondatrice de l\u2019<a href=\"https:\/\/whodunit.fr\">agence WordPress Whodunit<\/a> cr\u00e9\u00e9e en 2009. Convaincue  du potentiel du CMS, elle se lance en 2010 dans l\u2019aventure WordPress,  travaillant au quotidien avec des annonceurs (RUE DU COMMERCE, TELE Z,  Pierre&amp;Vacances, NBC Universal, MGC, Groupe Moniteur, Gan, Groupama).<\/p>\n\n\n\n<p>Oratrice au WordCamp Paris, Nantes et Lyon, co-organisatrice des  WordCamp Paris et Europe et r\u00e9dactrice du blog GeekPress, elle  accompagne au quotidien les entreprises dans la d\u00e9couverte de WordPress  et de son \u00e9cosyst\u00e8me.<\/p>\n\t\t\t\t<\/div>\n\t\t\t<\/div>\n\n\t\t\n\t\t\t<!-- Organizers note: The id attribute is deprecated and only remains for backwards compatibility, please use the corresponding class to target individual speakers -->\n\t\t\t<div id=\"wcorg-speaker-fx-benard\" class=\"wcorg-speaker wcorg-speaker-fx-benard wcorg-track-mercredi-24-04-2019\">\n\t\t\t\t<h2>\n\t\t\t\t\t\n\t\t\t\t\t\t<a href=\"https:\/\/paris.wordcamp.org\/2019\/speaker\/fx-benard\/\">\n\t\t\t\t\t\t\tFX B\u00e9nard\t\t\t\t\t\t<\/a>\n\n\t\t\t\t\t\t\t\t\t<\/h2>\n\n\t\t\t\t<div class=\"wcorg-speaker-description\">\n\t\t\t\t\t<img alt='' src='https:\/\/secure.gravatar.com\/avatar\/ffd54876088845e174078a60b9ab71068618b02db31d4103d21e2d833c91b83b?s=100&#038;d=mm&#038;r=g' srcset='https:\/\/secure.gravatar.com\/avatar\/ffd54876088845e174078a60b9ab71068618b02db31d4103d21e2d833c91b83b?s=200&#038;d=mm&#038;r=g 2x' class='avatar avatar-100 photo' height='100' width='100' \/>\t\t\t\t\t\n<p>Responsable de la traduction officielle fran\u00e7aise de WordPress, je traduis en fran\u00e7ais tout ce qui touche \u00e0 l\u2019\u00e9cosyst\u00e8me de WordPress.<\/p>\n\n\n\n<p> Co-fondateur de <a href=\"https:\/\/wp-translations.pro\">WP-Translations.pro<\/a>, de nombreux projets utilisent mes services de traductions comme Gravity Forms, MailPoet et bien d\u2019autres.<\/p>\n\n\n\n<p> Orateur au WordCamp Paris, du WordCamp Bordeaux, organisateur du WordPress Translation Day,  vous l\u2019avez compris, je participe \u00e0 l\u2019effort de traduction de WordPress.<\/p>\n\t\t\t\t<\/div>\n\t\t\t<\/div>\n\n\t\t\n\t\t\t<!-- Organizers note: The id attribute is deprecated and only remains for backwards compatibility, please use the corresponding class to target individual speakers -->\n\t\t\t<div id=\"wcorg-speaker-jb-audras\" class=\"wcorg-speaker wcorg-speaker-jb-audras wcorg-track-mercredi-24-04-2019\">\n\t\t\t\t<h2>\n\t\t\t\t\t\n\t\t\t\t\t\t<a href=\"https:\/\/paris.wordcamp.org\/2019\/speaker\/jb-audras\/\">\n\t\t\t\t\t\t\tJb Audras\t\t\t\t\t\t<\/a>\n\n\t\t\t\t\t\t\t\t\t<\/h2>\n\n\t\t\t\t<div class=\"wcorg-speaker-description\">\n\t\t\t\t\t<img alt='' src='https:\/\/secure.gravatar.com\/avatar\/6f505c6be9a951929a99becb6b413dcfa583a5ca3dd0f7320766fee1481f0f82?s=100&#038;d=mm&#038;r=g' srcset='https:\/\/secure.gravatar.com\/avatar\/6f505c6be9a951929a99becb6b413dcfa583a5ca3dd0f7320766fee1481f0f82?s=200&#038;d=mm&#038;r=g 2x' class='avatar avatar-100 photo' height='100' width='100' \/>\t\t\t\t\t\n<p><strong>Responsable du contenu de la journ\u00e9e de contribution du WordCamp Paris 2019.<\/strong><\/p>\n\n\n\n<p>Directeur technique de&nbsp;l&rsquo;agence&nbsp;<a href=\"https:\/\/whodunit.fr\">Whodunit<\/a>, t\u00e9l\u00e9travailleur \u00e0 plein temps.<\/p>\n\n\n\n<p>Contributeur au noyau WordPress, Lead des versions de WP 4.9.5 et 5.0.3, responsable de la traduction (<abbr title=\"General Translation Editor\">GTE<\/abbr>) France et repr\u00e9sentant de l&rsquo;\u00e9quipe d&rsquo;accessibilit\u00e9 de WordPress.<\/p>\n\n\n\n<p>Co-responsable du <a href=\"https:\/\/fr.wordpress.org\">site officiel WordPress France<\/a>&nbsp;en tant que <em>Locale Manager<\/em>. Co-animateur du meetup WP Dr\u00f4me-Ard\u00e8che.<\/p>\n\n\n\n<p>Site personnel : <a href=\"https:\/\/jeanbaptisteaudras.com\">jeanbaptisteaudras.com<\/a><\/p>\n\t\t\t\t<\/div>\n\t\t\t<\/div>\n\n\t\t\n\t\t\t<!-- Organizers note: The id attribute is deprecated and only remains for backwards compatibility, please use the corresponding class to target individual speakers -->\n\t\t\t<div id=\"wcorg-speaker-julio-potier\" class=\"wcorg-speaker wcorg-speaker-julio-potier wcorg-track-mercredi-24-04-2019\">\n\t\t\t\t<h2>\n\t\t\t\t\t\n\t\t\t\t\t\t<a href=\"https:\/\/paris.wordcamp.org\/2019\/speaker\/julio-potier\/\">\n\t\t\t\t\t\t\tJulio Potier\t\t\t\t\t\t<\/a>\n\n\t\t\t\t\t\t\t\t\t<\/h2>\n\n\t\t\t\t<div class=\"wcorg-speaker-description\">\n\t\t\t\t\t<img alt='' src='https:\/\/secure.gravatar.com\/avatar\/7f2fd2d51c2450990cb3fdfa75946d75b665b9d2bb1ddda8219009089163e321?s=100&#038;d=mm&#038;r=g' srcset='https:\/\/secure.gravatar.com\/avatar\/7f2fd2d51c2450990cb3fdfa75946d75b665b9d2bb1ddda8219009089163e321?s=200&#038;d=mm&#038;r=g 2x' class='avatar avatar-100 photo' height='100' width='100' \/>\t\t\t\t\t\n<p><strong>Julio Potier<\/strong>&nbsp;est un s\u00e9rial orateur, formateur WordPress, consultant en s\u00e9curit\u00e9, et cr\u00e9ateur du plugin de s\u00e9curit\u00e9 WordPress&nbsp;<a rel=\"noreferrer noopener\" href=\"https:\/\/secupress.me\/fr\/\" target=\"_blank\">SecuPress<\/a>. Il a donn\u00e9 18 conf\u00e9rences dont 12 dans des WordCamps. \u00c0 Paris en 2018 il s\u2019est occup\u00e9 des orateurs et a lead\u00e9 l&rsquo;organisation du WordCamp Lille en fin de cette m\u00eame ann\u00e9e.<\/p>\n\n\n\n<p>Il d\u00e9veloppe et s\u00e9curise du contenu web tous les jours. La cr\u00e9ation de plugins WordPress et la vente de produits WordPress font partie de son quotidien.<\/p>\n\n\n\n<p>Il partage tout ce qu\u2019il peut sur ses diff\u00e9rents blogs comme\u00a0<a rel=\"noreferrer noopener\" href=\"https:\/\/boiteaweb.fr\/\" target=\"_blank\">boiteaweb.fr<\/a>\u00a0le blog technique,\u00a0<a rel=\"noreferrer noopener\" href=\"https:\/\/management79.net\/\" target=\"_blank\">management79.net<\/a>\u00a0le blog leadership, et plus r\u00e9cemment via son livre sur le\u00a0<a href=\"https:\/\/www.amazon.fr\/Tous-secrets-wp-config-php-constantes-WordPress\/dp\/1726140911\/\">wp-config<\/a>\u00a0sur Amazon.<\/p>\n\t\t\t\t<\/div>\n\t\t\t<\/div>\n\n\t\t\n\t\t\t<!-- Organizers note: The id attribute is deprecated and only remains for backwards compatibility, please use the corresponding class to target individual speakers -->\n\t\t\t<div id=\"wcorg-speaker-mathieu-viet\" class=\"wcorg-speaker wcorg-speaker-mathieu-viet wcorg-track-mercredi-24-04-2019\">\n\t\t\t\t<h2>\n\t\t\t\t\t\n\t\t\t\t\t\t<a href=\"https:\/\/paris.wordcamp.org\/2019\/speaker\/mathieu-viet\/\">\n\t\t\t\t\t\t\tMathieu Viet\t\t\t\t\t\t<\/a>\n\n\t\t\t\t\t\t\t\t\t<\/h2>\n\n\t\t\t\t<div class=\"wcorg-speaker-description\">\n\t\t\t\t\t<img alt='' src='https:\/\/secure.gravatar.com\/avatar\/2876a84e0c96558b3870bee12554170babd9c30be564fe13ad7d01418b0fcb50?s=100&#038;d=mm&#038;r=g' srcset='https:\/\/secure.gravatar.com\/avatar\/2876a84e0c96558b3870bee12554170babd9c30be564fe13ad7d01418b0fcb50?s=200&#038;d=mm&#038;r=g 2x' class='avatar avatar-100 photo' height='100' width='100' \/>\t\t\t\t\t\n<p>Depuis la version 2.7 de WordPress, je suis un auteur d\u2019extensions. 2 versions majeures plus tard (2.9), j\u2019ai ajout\u00e9 la conception d\u2019extensions BuddyPress \u00e0 mes comp\u00e9tences. Au fil des ann\u00e9es, j\u2019ai diversifi\u00e9 mes mani\u00e8res de contribuer \u00e0 WordPress.<\/p>\n\n\n\n<ol class=\"wp-block-list\"><li><a rel=\"noreferrer noopener\" aria-label=\"Extensions (opens in a new tab)\" href=\"https:\/\/imathi.eu\/tag\/extensions\/\" target=\"_blank\">Extensions<\/a> : cr\u00e9ateur d\u2019extensions depuis fin 2008.<\/li><li><a rel=\"noreferrer noopener\" aria-label=\"Noyau de WordPress (opens in a new tab)\" href=\"https:\/\/core.trac.wordpress.org\/query?status=accepted&amp;status=assigned&amp;status=closed&amp;status=new&amp;status=reopened&amp;status=reviewing&amp;reporter=imath&amp;order=priority\" target=\"_blank\">Noyau de WordPress<\/a> : cr\u00e9er des extensions me permet d\u2019identifier des anomalies et de proposer des correctifs \u00e0 l\u2019\u00e9quipe de d\u00e9veloppement du projet open source.<\/li><li><a rel=\"noreferrer noopener\" aria-label=\"BuddyPress (opens in a new tab)\" href=\"https:\/\/buddypress.org\/2014\/01\/welcoming-mathieu-viet-to-the-buddypress-core-team\/\" target=\"_blank\">BuddyPress<\/a> : j\u2019ai int\u00e9gr\u00e9 son \u00e9quipe de d\u00e9veloppement en 2014.<\/li><li><a rel=\"noreferrer noopener\" aria-label=\"WordCamps (opens in a new tab)\" href=\"https:\/\/central.wordcamp.org\" target=\"_blank\">WordCamps<\/a> : d\u2019abord orateur, je contribue d\u00e9sormais r\u00e9guli\u00e8rement \u00e0 l\u2019organisation de ces fabuleux moments.<\/li><li><a rel=\"noreferrer noopener\" aria-label=\"Meetups (opens in a new tab)\" href=\"https:\/\/www.meetup.com\/fr-FR\/wordpress-ile-de-france\/\" target=\"_blank\">Meetups<\/a> : je participe \u00e0 l\u2019animation de la communaut\u00e9 parisienne de WordPress.<\/li><li><a href=\"https:\/\/veryfrenchtrip.com\/\" target=\"_blank\" rel=\"noreferrer noopener\" aria-label=\"Podcasts (opens in a new tab)\">Podcasts<\/a> : je fais partie du trio qui anime le #VFTPodcast.<\/li><\/ol>\n\t\t\t\t<\/div>\n\t\t\t<\/div>\n\n\t\t\n\t\t\t<!-- Organizers note: The id attribute is deprecated and only remains for backwards compatibility, please use the corresponding class to target individual speakers -->\n\t\t\t<div id=\"wcorg-speaker-rachel-peter\" class=\"wcorg-speaker wcorg-speaker-rachel-peter wcorg-track-mercredi-24-04-2019\">\n\t\t\t\t<h2>\n\t\t\t\t\t\n\t\t\t\t\t\t<a href=\"https:\/\/paris.wordcamp.org\/2019\/speaker\/rachel-peter\/\">\n\t\t\t\t\t\t\tRachel Peter\t\t\t\t\t\t<\/a>\n\n\t\t\t\t\t\t\t\t\t<\/h2>\n\n\t\t\t\t<div class=\"wcorg-speaker-description\">\n\t\t\t\t\t<img alt='' src='https:\/\/secure.gravatar.com\/avatar\/091018e5b4abb618f80e76d060635fb84f50e18d8249684ee005dfc6f31a3f78?s=100&#038;d=mm&#038;r=g' srcset='https:\/\/secure.gravatar.com\/avatar\/091018e5b4abb618f80e76d060635fb84f50e18d8249684ee005dfc6f31a3f78?s=200&#038;d=mm&#038;r=g 2x' class='avatar avatar-100 photo' height='100' width='100' \/>\t\t\t\t\t\n<p>Rachel est <strong>Lead Theme Dev<\/strong> \u00e0 l&rsquo;agence <a href=\"\">Whodunit<\/a>.<\/p>\n\n\n\n<p>Travailler dans une agence WordPress ne lui suffit pas car elle aime aussi passer du temps \u00e0 contribuer \u00e0 l&rsquo;open-source et surtout s&rsquo;investir dans la communaut\u00e9.<\/p>\n\n\n\n<p>Elle contribue \u00e0 l&rsquo;\u00e9cosyst\u00e8me de plusieurs fa\u00e7ons :  la traduction, des modifs CSS sur le th\u00e8me <em>Twenty Seventeen<\/em>, la cr\u00e9ation d&rsquo;une extension, une <a href=\"https:\/\/wordpress.tv\/2017\/09\/23\/jean-baptiste-audras-rachel-peter-wp_remote_getjob-args\/\">conf\u00e9rence au WordCamp Marseille<\/a>, l&rsquo;organisation du <a href=\"https:\/\/www.meetup.com\/fr-FR\/Valence-WordPress-Meetup\/\">meetup Dr\u00f4me-Ard\u00e8che<\/a> et du <a href=\"https:\/\/2018.nice.wordcamp.org\/\">WordCamp Nice<\/a>.<\/p>\n\n\n\n<p>Adepte des bonnes pratiques web et des <em>codings standards<\/em>, son nouvel objectif est de contribuer \u00e0 la validation des th\u00e8me dans le repo. Elle animera l&rsquo;atelier \u00ab revue de th\u00e8me \u00bb lors de la journ\u00e9e de contribution du WordCamp Paris.<\/p>\n\t\t\t\t<\/div>\n\t\t\t<\/div>\n\n\t\t\n\t\t\t<!-- Organizers note: The id attribute is deprecated and only remains for backwards compatibility, please use the corresponding class to target individual speakers -->\n\t\t\t<div id=\"wcorg-speaker-riad-benguella\" class=\"wcorg-speaker wcorg-speaker-riad-benguella wcorg-track-mercredi-24-04-2019 wcorg-track-vendredi-26-04-2019\">\n\t\t\t\t<h2>\n\t\t\t\t\t\n\t\t\t\t\t\t<a href=\"https:\/\/paris.wordcamp.org\/2019\/speaker\/riad-benguella\/\">\n\t\t\t\t\t\t\tRiad Benguella\t\t\t\t\t\t<\/a>\n\n\t\t\t\t\t\t\t\t\t<\/h2>\n\n\t\t\t\t<div class=\"wcorg-speaker-description\">\n\t\t\t\t\t<img alt='' src='https:\/\/secure.gravatar.com\/avatar\/861898493d138e0d98ba81c4caa711380d5c5e0da303343d88785d6af4d9181a?s=100&#038;d=mm&#038;r=g' srcset='https:\/\/secure.gravatar.com\/avatar\/861898493d138e0d98ba81c4caa711380d5c5e0da303343d88785d6af4d9181a?s=200&#038;d=mm&#038;r=g 2x' class='avatar avatar-100 photo' height='100' width='100' \/>\t\t\t\t\t\n<p>D\u00e9veloppeur chez Automattic lead technique de la phase 2 du d\u00e9veloppement Gutenberg. Je parle couramment le JavaScript, le PHP et le WordPress.<\/p>\n\n\n\n<p>Quand je ne travaille pas je code et quand je travaille je code. Il m&rsquo;arrive d&rsquo;\u00e9crire quelques articles quand je m&rsquo;ennuie. Et si je n&rsquo;ai plus de connexion internet, je sors faire un peu de VTT.<\/p>\n\t\t\t\t<\/div>\n\t\t\t<\/div>\n\n\t\t\n\t\t\t<!-- Organizers note: The id attribute is deprecated and only remains for backwards compatibility, please use the corresponding class to target individual speakers -->\n\t\t\t<div id=\"wcorg-speaker-valerie-galassi\" class=\"wcorg-speaker wcorg-speaker-valerie-galassi wcorg-track-mercredi-24-04-2019\">\n\t\t\t\t<h2>\n\t\t\t\t\t\n\t\t\t\t\t\t<a href=\"https:\/\/paris.wordcamp.org\/2019\/speaker\/valerie-galassi\/\">\n\t\t\t\t\t\t\tVal\u00e9rie Galassi\t\t\t\t\t\t<\/a>\n\n\t\t\t\t\t\t\t\t\t<\/h2>\n\n\t\t\t\t<div class=\"wcorg-speaker-description\">\n\t\t\t\t\t<img alt='' src='https:\/\/secure.gravatar.com\/avatar\/604d3fd8a6af4266789b1a63b9e4539a7bcdd999149f81beb9dab20b336e7e0a?s=100&#038;d=mm&#038;r=g' srcset='https:\/\/secure.gravatar.com\/avatar\/604d3fd8a6af4266789b1a63b9e4539a7bcdd999149f81beb9dab20b336e7e0a?s=200&#038;d=mm&#038;r=g 2x' class='avatar avatar-100 photo' height='100' width='100' \/>\t\t\t\t\t\n<p>Apr\u00e8s des \u00e9tudes en Arts Appliqu\u00e9s, puis en Histoire de l\u2019Art et Arch\u00e9ologie, Val\u00e9rie Galassi a&nbsp;d\u00e9couvert le monde du Web en 1999 en travaillant pour une start-up ayant cr\u00e9\u00e9 le premier site de communaut\u00e9s virtuelles.<\/p>\n\n\n\n<p>Apr\u00e8s l\u2019\u00e9clatement de la bulle internet, elle se tourne vers le print, d\u2019abord dans une entreprise de marketing direct, comme chef de fabrication et coordinatrice de projet, puis en freelance comme graphiste.<\/p>\n\n\n\n<p>Au cours de ces ann\u00e9es, le web n\u2019\u00e9tait jamais bien loin. Elle a commenc\u00e9 par se plonger dans le HTML en autodidacte, pour finalement reprendre ses \u00e9tudes et apprendre la gestion de projet web et les langages de programmation.<\/p>\n\n\n\n<p>Val\u00e9rie Galassi a&nbsp;commenc\u00e9 \u00e0 utiliser WordPress en 2011 pour la cr\u00e9ation de son <a href=\"http:\/\/www.chapitre-onze.fr\/\" target=\"_blank\" rel=\"noreferrer noopener\">blog personnel de litt\u00e9rature.<\/a><\/p>\n\n\n\n<p>Aujourd\u2019hui, <a href=\"http:\/\/valerie-galassi.com\/\" target=\"_blank\" rel=\"noreferrer noopener\">elle est int\u00e9gratrice front-end freelance, certifi\u00e9e Opquast&nbsp;<\/a>et a fait de WordPress son outil de cr\u00e9ation web.<\/p>\n\n\n\n<p>Elle contribue \u00e0 WordPress en co-organisant des meetups et des WordCamps, elle s&rsquo;implique dans la traduction de WordPress et d&rsquo;extensions. Elle a r\u00e9cemment ouvert son premier ticket sur WordPress Trac et a propos\u00e9 son premier patch \ud83d\ude42<\/p>\n\t\t\t\t<\/div>\n\t\t\t<\/div>\n\n\t\t\n\t<\/div>\n\n\t\n","protected":false},"excerpt":{"rendered":"<p>Merci aux animateur\u00b7rice\u00b7s de la toute premi\u00e8re journ\u00e9e de contribution. Ces pionni\u00e8res et pionniers guideront les contributeur\u00b7rice\u00b7s dans leur d\u00e9couverte des joies de la contribution aux projets open source de WordPress.<\/p>\n","protected":false},"author":6594935,"featured_media":715,"parent":510,"menu_order":0,"comment_status":"closed","ping_status":"closed","template":"","meta":{"jetpack_post_was_ever_published":false,"footnotes":""},"class_list":["post-3049","page","type-page","status-publish","has-post-thumbnail","hentry","entry"],"jetpack_sharing_enabled":true,"jetpack_shortlink":"https:\/\/wp.me\/Pa49y4-Nb","jetpack_likes_enabled":true,"_links":{"self":[{"href":"https:\/\/paris.wordcamp.org\/2019\/wp-json\/wp\/v2\/pages\/3049","targetHints":{"allow":["GET"]}}],"collection":[{"href":"https:\/\/paris.wordcamp.org\/2019\/wp-json\/wp\/v2\/pages"}],"about":[{"href":"https:\/\/paris.wordcamp.org\/2019\/wp-json\/wp\/v2\/types\/page"}],"author":[{"embeddable":true,"href":"https:\/\/paris.wordcamp.org\/2019\/wp-json\/wp\/v2\/users\/6594935"}],"replies":[{"embeddable":true,"href":"https:\/\/paris.wordcamp.org\/2019\/wp-json\/wp\/v2\/comments?post=3049"}],"version-history":[{"count":3,"href":"https:\/\/paris.wordcamp.org\/2019\/wp-json\/wp\/v2\/pages\/3049\/revisions"}],"predecessor-version":[{"id":4374,"href":"https:\/\/paris.wordcamp.org\/2019\/wp-json\/wp\/v2\/pages\/3049\/revisions\/4374"}],"up":[{"embeddable":true,"href":"https:\/\/paris.wordcamp.org\/2019\/wp-json\/wp\/v2\/pages\/510"}],"wp:featuredmedia":[{"embeddable":true,"href":"https:\/\/paris.wordcamp.org\/2019\/wp-json\/wp\/v2\/media\/715"}],"wp:attachment":[{"href":"https:\/\/paris.wordcamp.org\/2019\/wp-json\/wp\/v2\/media?parent=3049"}],"curies":[{"name":"wp","href":"https:\/\/api.w.org\/{rel}","templated":true}]}}