{"id":193,"date":"2018-09-22T14:47:59","date_gmt":"2018-09-22T12:47:59","guid":{"rendered":"https:\/\/2019.paris.wordcamp.org\/?page_id=193"},"modified":"2019-04-22T18:22:57","modified_gmt":"2019-04-22T16:22:57","slug":"a-propos","status":"publish","type":"page","link":"https:\/\/paris.wordcamp.org\/2019\/a-propos\/","title":{"rendered":"Un WordCamp est un rassemblement annuel d\u00e9di\u00e9 \u00e0 \u2026"},"content":{"rendered":"\n<div class=\"wp-block-image\"><figure class=\"aligncenter\"><a href=\"https:\/\/fr.wordpress.org\"><img decoding=\"async\" src=\"https:\/\/s.w.org\/style\/images\/about\/WordPress-logotype-alternative.png\" alt=\"Logo de WordPress\" \/><\/a><\/figure><\/div>\n\n\n\n<p>WordPress est un logiciel <strong>open-source<\/strong> \u00e0 la fois <strong>gratuit<\/strong> et inestimable, mettant l\u2019accent sur l\u2019accessibilit\u00e9, la performance, la s\u00e9curit\u00e9 et la facilit\u00e9 d\u2019utilisation. Il est con\u00e7u pour d\u00e9mocratiser et simplifier la publication sur le web.<\/p>\n\n\n\n<p><strong><a href=\"https:\/\/w3techs.com\/technologies\/overview\/content_management\/all\" target=\"_blank\" rel=\"noreferrer noopener\">32% des sites Internet<\/a><\/strong><a href=\"https:\/\/w3techs.com\/technologies\/overview\/content_management\/all\" target=\"_blank\" rel=\"noreferrer noopener\"> <\/a>font confiance \u00e0 WordPress \u2013 et, depuis 15 ans, cela progresse de jour en jour. Des sites simples aux blogs, en passant par des portails complexes ou des sites d\u2019entreprises, et m\u00eame des applications, tout peut-\u00eatre fait avec WordPress.<\/p>\n\n\n\n<div class=\"wp-block-button aligncenter is-style-squared\"><a class=\"wp-block-button__link has-background\" href=\"https:\/\/fr.wordpress.org\" style=\"background-color:#206fa8\">D\u00e9couvrez en plus sur WordPress<\/a><\/div>\n\n\n\n<div style=\"height:50px\" class=\"wp-block-spacer\"><\/div>\n\n\n\n<h2 class=\"wp-block-heading\">\u2026 Organis\u00e9 par des b\u00e9n\u00e9voles issu\u00b7e\u00b7s des communaut\u00e9s locales \u2026<\/h2>\n\n\n\n<div class=\"wp-block-image\"><figure class=\"aligncenter\"><a href=\"https:\/\/www.meetup.com\/fr-FR\/wordpress-ile-de-france\/\"><img loading=\"lazy\" decoding=\"async\" width=\"2028\" height=\"1200\" src=\"https:\/\/i0.wp.com\/2019.paris.wordcamp.org\/files\/2018\/09\/meetup-paris.jpeg?fit=2028%2C1200&amp;ssl=1\" alt=\"\" class=\"wp-image-194\" srcset=\"https:\/\/paris.wordcamp.org\/2019\/files\/2018\/09\/meetup-paris.jpeg 2028w, https:\/\/paris.wordcamp.org\/2019\/files\/2018\/09\/meetup-paris-300x178.jpeg 300w, https:\/\/paris.wordcamp.org\/2019\/files\/2018\/09\/meetup-paris-768x454.jpeg 768w, https:\/\/paris.wordcamp.org\/2019\/files\/2018\/09\/meetup-paris-1024x606.jpeg 1024w, https:\/\/paris.wordcamp.org\/2019\/files\/2018\/09\/meetup-paris-500x296.jpeg 500w\" sizes=\"auto, (max-width: 2028px) 100vw, 2028px\" \/><\/a><figcaption><em>Cr\u00e9dits Photo : Thierry Pigot<\/em><\/figcaption><\/figure><\/div>\n\n\n\n<p>Des centaines de milliers de d\u00e9veloppeur\u00b7ses, de cr\u00e9ateur\u00b7ices de contenu et de propri\u00e9taires de sites se rassemblent lors de rencontres mensuelles dans 436 villes dans le monde et en particulier \u00e0 <strong>Paris<\/strong> !<\/p>\n\n\n\n<p><strong>WordPress Paris<\/strong> compte \u00e0 ce jour plus de 1000 membres. Soyez les bienvenu\u00b7e\u00b7s tout au long de l\u2019ann\u00e9e \u00e0 nos ateliers et moments conviviaux lors desquels nous partageons nos exp\u00e9riences et bonnes pratiques.<\/p>\n\n\n\n<div class=\"wp-block-button aligncenter is-style-squared\"><a class=\"wp-block-button__link has-background\" href=\"https:\/\/www.meetup.com\/fr-FR\/wordpress-ile-de-france\/\" style=\"background-color:#c20041\">Participez aux prochaines rencontres parisiennes<\/a><\/div>\n\n\n\n<div style=\"height:50px\" class=\"wp-block-spacer\"><\/div>\n\n\n\n<a id=\"fr\" class=\"fr-text\"><\/a>\n<a id=\"titi\" class=\"titi-text\"><\/a>\n\n\n\n<ul class=\"language-switcher titi-switcher wp-block-list\"><li class=\"fr-tab\"><a href=\"#fr\">\ud83c\uddeb\ud83c\uddf7<\/a><\/li><li class=\"titi-tab\"><a href=\"#titi\">TiTi<\/a><\/li><\/ul>\n\n\n\n<p class=\"titi-text language\">le gratin !<\/p>\n\n\n\n<h2 class=\"wp-block-heading\">\u2026 Ouvert \u00e0 tou\u00b7te\u00b7s !<\/h2>\n\n\n\n<div class=\"wp-block-image\"><figure class=\"aligncenter\"><img loading=\"lazy\" decoding=\"async\" width=\"1024\" height=\"684\" src=\"https:\/\/2019.paris.wordcamp.org\/files\/2019\/01\/wcparis-2018-remarques-ouverture-1024x684.jpg\" alt=\"\" class=\"wp-image-716\" srcset=\"https:\/\/paris.wordcamp.org\/2019\/files\/2019\/01\/wcparis-2018-remarques-ouverture-1024x684.jpg 1024w, https:\/\/paris.wordcamp.org\/2019\/files\/2019\/01\/wcparis-2018-remarques-ouverture-300x200.jpg 300w, https:\/\/paris.wordcamp.org\/2019\/files\/2019\/01\/wcparis-2018-remarques-ouverture-768x513.jpg 768w, https:\/\/paris.wordcamp.org\/2019\/files\/2019\/01\/wcparis-2018-remarques-ouverture-449x300.jpg 449w, https:\/\/paris.wordcamp.org\/2019\/files\/2019\/01\/wcparis-2018-remarques-ouverture.jpg 2048w\" sizes=\"auto, (max-width: 1024px) 100vw, 1024px\" \/><figcaption>CC BY Olivier Gobet<\/figcaption><\/figure><\/div>\n\n\n\n<p>Le WordCamp de Paris existe depuis 10 ans et c\u2019est la c\u00e9l\u00e9bration annuelle de WordPress par la communaut\u00e9 parisienne \u00e0 laquelle <strong>vous \u00eates tou\u00b7te\u00b7s invit\u00e9\u00b7e\u00b7s \u00e0 prendre part<\/strong>, quelque soit votre ville ou pays d\u2019origine. Un seul imp\u00e9ratif : le respect de notre <a target=\"_blank\" href=\"https:\/\/2019.paris.wordcamp.org\/code-de-conduite\/\" rel=\"noreferrer noopener\">code de conduite<\/a>.<\/p>\n\n\n\n<p>D\u2019abord organis\u00e9 sous la forme de BarCamps, notre rassemblement communautaire vous propose, depuis sa <a target=\"_blank\" href=\"https:\/\/2011.paris.wordcamp.org\/\" rel=\"noreferrer noopener\">cinqui\u00e8me \u00e9dition<\/a>, de participer \u00e0 des <strong>conf\u00e9rences<\/strong>, des <strong>ateliers<\/strong> et des moments de <strong>contribution<\/strong> sur WordPress.<\/p>\n","protected":false},"excerpt":{"rendered":"<p>WordPress est un logiciel open-source \u00e0 la fois gratuit et inestimable, mettant l\u2019accent sur l\u2019accessibilit\u00e9, la performance, la s\u00e9curit\u00e9 et la facilit\u00e9 d\u2019utilisation. Il est con\u00e7u pour d\u00e9mocratiser et simplifier la publication sur le web. 32% des sites Internet font confiance \u00e0 WordPress \u2013 et, depuis 15 ans, cela progresse de jour en jour. Des &hellip; <\/p>\n<p class=\"link-more\"><a href=\"https:\/\/paris.wordcamp.org\/2019\/a-propos\/\" class=\"more-link\">Continuer la lecture <span class=\"screen-reader-text\"> \u00ab\u00a0Un WordCamp est un rassemblement annuel d\u00e9di\u00e9 \u00e0 \u2026\u00a0\u00bb<\/span><\/a><\/p>\n","protected":false},"author":6594935,"featured_media":144,"parent":0,"menu_order":0,"comment_status":"closed","ping_status":"closed","template":"","meta":{"jetpack_post_was_ever_published":false,"footnotes":""},"class_list":["post-193","page","type-page","status-publish","has-post-thumbnail","hentry","entry"],"jetpack_sharing_enabled":true,"jetpack_shortlink":"https:\/\/wp.me\/Pa49y4-37","jetpack_likes_enabled":true,"_links":{"self":[{"href":"https:\/\/paris.wordcamp.org\/2019\/wp-json\/wp\/v2\/pages\/193","targetHints":{"allow":["GET"]}}],"collection":[{"href":"https:\/\/paris.wordcamp.org\/2019\/wp-json\/wp\/v2\/pages"}],"about":[{"href":"https:\/\/paris.wordcamp.org\/2019\/wp-json\/wp\/v2\/types\/page"}],"author":[{"embeddable":true,"href":"https:\/\/paris.wordcamp.org\/2019\/wp-json\/wp\/v2\/users\/6594935"}],"replies":[{"embeddable":true,"href":"https:\/\/paris.wordcamp.org\/2019\/wp-json\/wp\/v2\/comments?post=193"}],"version-history":[{"count":13,"href":"https:\/\/paris.wordcamp.org\/2019\/wp-json\/wp\/v2\/pages\/193\/revisions"}],"predecessor-version":[{"id":4079,"href":"https:\/\/paris.wordcamp.org\/2019\/wp-json\/wp\/v2\/pages\/193\/revisions\/4079"}],"wp:featuredmedia":[{"embeddable":true,"href":"https:\/\/paris.wordcamp.org\/2019\/wp-json\/wp\/v2\/media\/144"}],"wp:attachment":[{"href":"https:\/\/paris.wordcamp.org\/2019\/wp-json\/wp\/v2\/media?parent=193"}],"curies":[{"name":"wp","href":"https:\/\/api.w.org\/{rel}","templated":true}]}}