{"id":1524,"date":"2019-02-12T02:15:01","date_gmt":"2019-02-12T01:15:01","guid":{"rendered":"https:\/\/2019.paris.wordcamp.org\/?page_id=1524"},"modified":"2019-05-03T18:19:27","modified_gmt":"2019-05-03T16:19:27","slug":"micro-sponsors","status":"publish","type":"page","link":"https:\/\/paris.wordcamp.org\/2019\/les-equipes\/micro-sponsors\/","title":{"rendered":"Les micro-sponsors"},"content":{"rendered":"\n<p>Le micro-sponsoring permet aux petites entreprises, aux freelances ou tout simplement aux fans de WordPress de s&rsquo;associer \u00e0 la r\u00e9ussite du WordCamp, tout en gagnant de la visibilit\u00e9.<\/p>\n\n\n\n<div class=\"wp-block-columns alignwide has-2-columns is-layout-flex wp-container-core-columns-is-layout-9d6595d7 wp-block-columns-is-layout-flex\">\n<div class=\"wp-block-column is-layout-flow wp-block-column-is-layout-flow\">\n<p style=\"text-align:center\"><a href=\"https:\/\/www.agence-web-cvmh.fr\/\" target=\"_blank\" rel=\"noreferrer noopener\" aria-label=\"CVMH (opens in a new tab)\">CVMH<\/a><\/p>\n\n\n\n<div class=\"wp-block-image\"><figure class=\"aligncenter is-resized\"><a href=\"https:\/\/www.agence-web-cvmh.fr\/\" target=\"_blank\" rel=\"noreferrer noopener\"><img loading=\"lazy\" decoding=\"async\" src=\"https:\/\/2019.paris.wordcamp.org\/files\/2019\/02\/cvmh-1024x379.png\" alt=\"CVMH Solutions\" class=\"wp-image-1514\" width=\"245\" height=\"70\" \/><\/a><\/figure><\/div>\n<\/div>\n\n\n\n<div class=\"wp-block-column is-layout-flow wp-block-column-is-layout-flow\">\n<p style=\"text-align:center\"><a rel=\"noreferrer noopener\" aria-label=\"Absolute Web (opens in a new tab)\" href=\"https:\/\/www.absoluteweb.net\/\" target=\"_blank\">Absolute Web<\/a><\/p>\n\n\n\n<div class=\"wp-block-image\"><figure class=\"aligncenter\"><a href=\"https:\/\/www.absoluteweb.net\/\" target=\"_blank\" rel=\"noreferrer noopener\"><img loading=\"lazy\" decoding=\"async\" width=\"310\" height=\"70\" src=\"https:\/\/2019.paris.wordcamp.org\/files\/2019\/02\/absolute-web-logo.gif\" alt=\"Absolute Web, cr\u00e9ation de sites Internet\" class=\"wp-image-1675\" \/><\/a><\/figure><\/div>\n<\/div>\n<\/div>\n\n\n\n<div class=\"wp-block-columns alignwide has-3-columns is-layout-flex wp-container-core-columns-is-layout-9d6595d7 wp-block-columns-is-layout-flex\">\n<div class=\"wp-block-column is-layout-flow wp-block-column-is-layout-flow\">\n<p style=\"text-align:center\"><a href=\"https:\/\/binaire01.fr\/\" target=\"_blank\" rel=\"noreferrer noopener\" aria-label=\"Binaire01 (opens in a new tab)\">Binaire01<\/a><\/p>\n\n\n\n<div class=\"wp-block-image\"><figure class=\"aligncenter\"><a href=\"https:\/\/binaire01.fr\/\" target=\"_blank\" rel=\"noreferrer noopener\"><img loading=\"lazy\" decoding=\"async\" width=\"500\" height=\"132\" src=\"https:\/\/2019.paris.wordcamp.org\/files\/2019\/04\/logo-binaire-01.png\" alt=\"Logo Binaire.01\" class=\"wp-image-3252\" srcset=\"https:\/\/paris.wordcamp.org\/2019\/files\/2019\/04\/logo-binaire-01.png 500w, https:\/\/paris.wordcamp.org\/2019\/files\/2019\/04\/logo-binaire-01-300x79.png 300w\" sizes=\"auto, (max-width: 500px) 100vw, 500px\" \/><\/a><\/figure><\/div>\n<\/div>\n\n\n\n<div class=\"wp-block-column is-layout-flow wp-block-column-is-layout-flow\">\n<p style=\"text-align:center\"><a href=\"https:\/\/www.krealab.fr\" target=\"_blank\" rel=\"noreferrer noopener\" aria-label=\"Krea'Lab (opens in a new tab)\">Krea&rsquo;Lab<\/a><\/p>\n\n\n\n<div class=\"wp-block-image\"><figure class=\"aligncenter is-resized\"><a href=\"https:\/\/www.krealab.fr\" target=\"_blank\" rel=\"noreferrer noopener\"><img loading=\"lazy\" decoding=\"async\" src=\"https:\/\/2019.paris.wordcamp.org\/files\/2019\/02\/logo-krealab.png\" alt=\"Krea'Lab\" class=\"wp-image-1607\" width=\"75\" height=\"75\" srcset=\"https:\/\/paris.wordcamp.org\/2019\/files\/2019\/02\/logo-krealab.png 260w, https:\/\/paris.wordcamp.org\/2019\/files\/2019\/02\/logo-krealab-150x150.png 150w\" sizes=\"auto, (max-width: 75px) 100vw, 75px\" \/><\/a><\/figure><\/div>\n<\/div>\n\n\n\n<div class=\"wp-block-column is-layout-flow wp-block-column-is-layout-flow\">\n<p style=\"text-align:center\"><a rel=\"noreferrer noopener\" aria-label=\"MyComLocale (opens in a new tab)\" href=\"https:\/\/mycomlocale.fr\/\" target=\"_blank\">MyComLocale<\/a><\/p>\n\n\n\n<div class=\"wp-block-image\"><figure class=\"aligncenter is-resized\"><a href=\"https:\/\/mycomlocale.fr\/\" target=\"_blank\" rel=\"noreferrer noopener\"><img loading=\"lazy\" decoding=\"async\" src=\"https:\/\/2019.paris.wordcamp.org\/files\/2019\/02\/mycomlocale.png\" alt=\"MyComLocale\" class=\"wp-image-1516\" width=\"100\" height=\"100\" srcset=\"https:\/\/paris.wordcamp.org\/2019\/files\/2019\/02\/mycomlocale.png 960w, https:\/\/paris.wordcamp.org\/2019\/files\/2019\/02\/mycomlocale-150x150.png 150w, https:\/\/paris.wordcamp.org\/2019\/files\/2019\/02\/mycomlocale-300x300.png 300w, https:\/\/paris.wordcamp.org\/2019\/files\/2019\/02\/mycomlocale-768x768.png 768w\" sizes=\"auto, (max-width: 100px) 100vw, 100px\" \/><\/a><\/figure><\/div>\n<\/div>\n<\/div>\n\n\n\n<a id=\"fr\" class=\"fr-text\"><\/a>\n<a id=\"titi\" class=\"titi-text\"><\/a>\n\n\n\n<ul class=\"language-switcher titi-switcher wp-block-list\"><li class=\"fr-tab\"><a href=\"#fr\">\ud83c\uddeb\ud83c\uddf7<\/a><\/li><li class=\"titi-tab\"><a href=\"#titi\">TiTi<\/a><\/li><\/ul>\n\n\n\n<p class=\"titi-text language\">Maousse !<\/p>\n","protected":false},"excerpt":{"rendered":"<p>Le micro-sponsoring permet aux petites entreprises, aux freelances ou tout simplement aux fans de WordPress de s&rsquo;associer \u00e0 la r\u00e9ussite du WordCamp, tout en gagnant de la visibilit\u00e9. Maousse !<\/p>\n","protected":false},"author":6594935,"featured_media":1530,"parent":510,"menu_order":1,"comment_status":"closed","ping_status":"closed","template":"","meta":{"jetpack_post_was_ever_published":false,"footnotes":""},"class_list":["post-1524","page","type-page","status-publish","has-post-thumbnail","hentry","entry"],"jetpack_sharing_enabled":true,"jetpack_shortlink":"https:\/\/wp.me\/Pa49y4-oA","jetpack_likes_enabled":true,"_links":{"self":[{"href":"https:\/\/paris.wordcamp.org\/2019\/wp-json\/wp\/v2\/pages\/1524","targetHints":{"allow":["GET"]}}],"collection":[{"href":"https:\/\/paris.wordcamp.org\/2019\/wp-json\/wp\/v2\/pages"}],"about":[{"href":"https:\/\/paris.wordcamp.org\/2019\/wp-json\/wp\/v2\/types\/page"}],"author":[{"embeddable":true,"href":"https:\/\/paris.wordcamp.org\/2019\/wp-json\/wp\/v2\/users\/6594935"}],"replies":[{"embeddable":true,"href":"https:\/\/paris.wordcamp.org\/2019\/wp-json\/wp\/v2\/comments?post=1524"}],"version-history":[{"count":14,"href":"https:\/\/paris.wordcamp.org\/2019\/wp-json\/wp\/v2\/pages\/1524\/revisions"}],"predecessor-version":[{"id":4209,"href":"https:\/\/paris.wordcamp.org\/2019\/wp-json\/wp\/v2\/pages\/1524\/revisions\/4209"}],"up":[{"embeddable":true,"href":"https:\/\/paris.wordcamp.org\/2019\/wp-json\/wp\/v2\/pages\/510"}],"wp:featuredmedia":[{"embeddable":true,"href":"https:\/\/paris.wordcamp.org\/2019\/wp-json\/wp\/v2\/media\/1530"}],"wp:attachment":[{"href":"https:\/\/paris.wordcamp.org\/2019\/wp-json\/wp\/v2\/media?parent=1524"}],"curies":[{"name":"wp","href":"https:\/\/api.w.org\/{rel}","templated":true}]}}