{"id":1094,"date":"2019-01-19T23:35:32","date_gmt":"2019-01-19T22:35:32","guid":{"rendered":"https:\/\/2019.paris.wordcamp.org\/?page_id=1094"},"modified":"2019-03-24T01:26:57","modified_gmt":"2019-03-24T00:26:57","slug":"partenaires","status":"publish","type":"page","link":"https:\/\/paris.wordcamp.org\/2019\/les-equipes\/partenaires\/","title":{"rendered":"Partenaires"},"content":{"rendered":"\n<p>Nos partenaires supportent la <a href=\"https:\/\/2019.paris.wordcamp.org\/contributor-day\/\">Journ\u00e9e de Contribution<\/a> du WordCamp Paris 2019. Ce support se mat\u00e9rialise par un apport en nature, par exemple la mise \u00e0 disposition de salles dans le cadre des ateliers de pr\u00e9paration \u00e0 cette journ\u00e9e. Nous avons de nombreux besoins et serions enchant\u00e9s de pouvoir vous accueillir dans notre \u00e9quipe de partenaires. <a href=\"https:\/\/2019.paris.wordcamp.org\/2018\/10\/18\/appel-a-partenaires\/\">Rejoignez-nous<\/a> !<\/p>\n\n\n\n<div class=\"wp-block-columns alignwide has-2-columns alignfull sponsors is-layout-flex wp-container-core-columns-is-layout-9d6595d7 wp-block-columns-is-layout-flex\">\n<div class=\"wp-block-column is-layout-flow wp-block-column-is-layout-flow\">\n<div class=\"wp-block-image\"><figure class=\"aligncenter\"><a href=\"https:\/\/www.mozilla.org\/fr\/\" target=\"_blank\" rel=\"noreferrer noopener\"><img loading=\"lazy\" decoding=\"async\" width=\"524\" height=\"150\" src=\"https:\/\/2019.paris.wordcamp.org\/files\/2019\/01\/mozilla-logo.png\" alt=\"Fondation Mozilla \u00e0 Paris\" class=\"wp-image-1095\" srcset=\"https:\/\/paris.wordcamp.org\/2019\/files\/2019\/01\/mozilla-logo.png 524w, https:\/\/paris.wordcamp.org\/2019\/files\/2019\/01\/mozilla-logo-300x86.png 300w, https:\/\/paris.wordcamp.org\/2019\/files\/2019\/01\/mozilla-logo-500x143.png 500w\" sizes=\"auto, (max-width: 524px) 100vw, 524px\" \/><\/a><\/figure><\/div>\n<\/div>\n\n\n\n<div class=\"wp-block-column is-layout-flow wp-block-column-is-layout-flow\">\n<div class=\"wp-block-image\"><figure class=\"aligncenter\"><a href=\"http:\/\/www.epitech.eu\/fr\/ecole-informatique-paris\/\" target=\"_blank\" rel=\"noreferrer noopener\"><img loading=\"lazy\" decoding=\"async\" width=\"637\" height=\"150\" src=\"https:\/\/2019.paris.wordcamp.org\/files\/2019\/01\/epitech-logo.png\" alt=\"Epitech Ecole informatique Paris\" class=\"wp-image-1096\" srcset=\"https:\/\/paris.wordcamp.org\/2019\/files\/2019\/01\/epitech-logo.png 637w, https:\/\/paris.wordcamp.org\/2019\/files\/2019\/01\/epitech-logo-300x71.png 300w, https:\/\/paris.wordcamp.org\/2019\/files\/2019\/01\/epitech-logo-500x118.png 500w\" sizes=\"auto, (max-width: 637px) 100vw, 637px\" \/><\/a><\/figure><\/div>\n<\/div>\n<\/div>\n\n\n\n<div class=\"wp-block-columns alignwide has-2-columns alignfull sponsors is-layout-flex wp-container-core-columns-is-layout-9d6595d7 wp-block-columns-is-layout-flex\">\n<div class=\"wp-block-column is-layout-flow wp-block-column-is-layout-flow\">\n<div class=\"wp-block-image\"><figure class=\"aligncenter\"><a href=\"https:\/\/www.whodunit.fr\" target=\"_blank\" rel=\"noreferrer noopener\"><img loading=\"lazy\" decoding=\"async\" width=\"362\" height=\"150\" src=\"https:\/\/2019.paris.wordcamp.org\/files\/2019\/01\/whodunit-logo.png\" alt=\"Agence WordPress Whodunit\" class=\"wp-image-1097\" srcset=\"https:\/\/paris.wordcamp.org\/2019\/files\/2019\/01\/whodunit-logo.png 362w, https:\/\/paris.wordcamp.org\/2019\/files\/2019\/01\/whodunit-logo-300x124.png 300w\" sizes=\"auto, (max-width: 362px) 100vw, 362px\" \/><\/a><\/figure><\/div>\n<\/div>\n\n\n\n<div class=\"wp-block-column is-layout-flow wp-block-column-is-layout-flow\">\n<div class=\"wp-block-image\"><figure class=\"aligncenter\"><a href=\"https:\/\/wpparis.fr\/\" target=\"_blank\" rel=\"noreferrer noopener\"><img loading=\"lazy\" decoding=\"async\" width=\"385\" height=\"150\" src=\"https:\/\/2019.paris.wordcamp.org\/files\/2019\/01\/wpparis-logo.png\" alt=\"Association d\u2019utilisateurs de WordPress WP Paris\" class=\"wp-image-1098\" srcset=\"https:\/\/paris.wordcamp.org\/2019\/files\/2019\/01\/wpparis-logo.png 385w, https:\/\/paris.wordcamp.org\/2019\/files\/2019\/01\/wpparis-logo-300x117.png 300w\" sizes=\"auto, (max-width: 385px) 100vw, 385px\" \/><\/a><\/figure><\/div>\n<\/div>\n<\/div>\n\n\n\n<div class=\"wp-block-columns has-2-columns is-layout-flex wp-container-core-columns-is-layout-9d6595d7 wp-block-columns-is-layout-flex\">\n<div class=\"wp-block-column is-layout-flow wp-block-column-is-layout-flow\">\n<div class=\"wp-block-image\"><figure class=\"aligncenter\"><a href=\"https:\/\/www.stickermule.com\/eu\/uses?utm_source=sponsorship&amp;utm_medium=referral&amp;utm_campaign=WordCampParis\" target=\"_blank\" rel=\"noreferrer noopener\"><img loading=\"lazy\" decoding=\"async\" width=\"224\" height=\"150\" src=\"https:\/\/2019.paris.wordcamp.org\/files\/2019\/01\/stickermule-logo.png\" alt=\"StickerMule - Custom stickers that kick ass\" class=\"wp-image-1266\" \/><\/a><\/figure><\/div>\n<\/div>\n\n\n\n<div class=\"wp-block-column is-layout-flow wp-block-column-is-layout-flow\">\n<div class=\"wp-block-image\"><figure class=\"aligncenter\"><a href=\"https:\/\/www.o2switch.fr\" target=\"_blank\" rel=\"noreferrer noopener nofollow\"><img loading=\"lazy\" decoding=\"async\" width=\"434\" height=\"115\" src=\"https:\/\/2019.paris.wordcamp.org\/files\/2019\/01\/o2switch.png\" alt=\"\" class=\"wp-image-943\" srcset=\"https:\/\/paris.wordcamp.org\/2019\/files\/2019\/01\/o2switch.png 434w, https:\/\/paris.wordcamp.org\/2019\/files\/2019\/01\/o2switch-300x79.png 300w\" sizes=\"auto, (max-width: 434px) 100vw, 434px\" \/><\/a><\/figure><\/div>\n<\/div>\n<\/div>\n","protected":false},"excerpt":{"rendered":"<p>Nos partenaires supportent la Journ\u00e9e de Contribution du WordCamp Paris 2019. Ce support se mat\u00e9rialise par un apport en nature, par exemple la mise \u00e0 disposition de salles dans le cadre des ateliers de pr\u00e9paration \u00e0 cette journ\u00e9e. Nous avons de nombreux besoins et serions enchant\u00e9s de pouvoir vous accueillir dans notre \u00e9quipe de partenaires. &hellip; <\/p>\n<p class=\"link-more\"><a href=\"https:\/\/paris.wordcamp.org\/2019\/les-equipes\/partenaires\/\" class=\"more-link\">Continuer la lecture <span class=\"screen-reader-text\"> \u00ab\u00a0Partenaires\u00a0\u00bb<\/span><\/a><\/p>\n","protected":false},"author":6594935,"featured_media":728,"parent":510,"menu_order":0,"comment_status":"closed","ping_status":"closed","template":"","meta":{"jetpack_post_was_ever_published":false,"footnotes":""},"class_list":["post-1094","page","type-page","status-publish","has-post-thumbnail","hentry","entry"],"jetpack_sharing_enabled":true,"jetpack_shortlink":"https:\/\/wp.me\/Pa49y4-hE","jetpack_likes_enabled":true,"_links":{"self":[{"href":"https:\/\/paris.wordcamp.org\/2019\/wp-json\/wp\/v2\/pages\/1094","targetHints":{"allow":["GET"]}}],"collection":[{"href":"https:\/\/paris.wordcamp.org\/2019\/wp-json\/wp\/v2\/pages"}],"about":[{"href":"https:\/\/paris.wordcamp.org\/2019\/wp-json\/wp\/v2\/types\/page"}],"author":[{"embeddable":true,"href":"https:\/\/paris.wordcamp.org\/2019\/wp-json\/wp\/v2\/users\/6594935"}],"replies":[{"embeddable":true,"href":"https:\/\/paris.wordcamp.org\/2019\/wp-json\/wp\/v2\/comments?post=1094"}],"version-history":[{"count":3,"href":"https:\/\/paris.wordcamp.org\/2019\/wp-json\/wp\/v2\/pages\/1094\/revisions"}],"predecessor-version":[{"id":1102,"href":"https:\/\/paris.wordcamp.org\/2019\/wp-json\/wp\/v2\/pages\/1094\/revisions\/1102"}],"up":[{"embeddable":true,"href":"https:\/\/paris.wordcamp.org\/2019\/wp-json\/wp\/v2\/pages\/510"}],"wp:featuredmedia":[{"embeddable":true,"href":"https:\/\/paris.wordcamp.org\/2019\/wp-json\/wp\/v2\/media\/728"}],"wp:attachment":[{"href":"https:\/\/paris.wordcamp.org\/2019\/wp-json\/wp\/v2\/media?parent=1094"}],"curies":[{"name":"wp","href":"https:\/\/api.w.org\/{rel}","templated":true}]}}