{"id":10,"date":"2018-07-09T21:57:33","date_gmt":"2018-07-09T21:57:33","guid":{"rendered":"https:\/\/2019.paris.wordcamp.org\/sponsors\/"},"modified":"2019-04-21T16:32:43","modified_gmt":"2019-04-21T14:32:43","slug":"sponsors","status":"publish","type":"page","link":"https:\/\/paris.wordcamp.org\/2019\/les-equipes\/sponsors\/","title":{"rendered":"Sponsors"},"content":{"rendered":"\n<p>Merci \u00e0 nos sponsors qui nous permettent financer la majeure partie des co\u00fbts li\u00e9s \u00e0 notre rassemblement local.<\/p>\n\n\n\n<h2 style=\"text-align:center\" id=\"sponsors-platine\" class=\"platinum wp-block-heading\">Nos sponsors Platine<\/h2>\n\n\n\n<div class=\"wp-block-columns alignfull has-2-columns sponsors is-layout-flex wp-container-core-columns-is-layout-9d6595d7 wp-block-columns-is-layout-flex\">\n<div class=\"wp-block-column is-layout-flow wp-block-column-is-layout-flow\">\n<div class=\"wp-block-image\"><figure class=\"aligncenter\"><a href=\"https:\/\/2019.paris.wordcamp.org\/sponsor\/jetpack\/\"><img decoding=\"async\" src=\"https:\/\/2019.paris.wordcamp.org\/files\/2018\/07\/Jetpack_Horizontal_RGB-1.png\" alt=\"JetPack extension WP\" \/><\/a><\/figure><\/div>\n<\/div>\n\n\n\n<div class=\"wp-block-column is-layout-flow wp-block-column-is-layout-flow\">\n<div class=\"wp-block-image\"><figure class=\"aligncenter\"><a href=\"https:\/\/2019.paris.wordcamp.org\/sponsor\/woocommerce\/\"><img decoding=\"async\" src=\"https:\/\/2019.paris.wordcamp.org\/files\/2018\/07\/woocommerce_logo.png\" alt=\"WooCommerce\" \/><\/a><\/figure><\/div>\n<\/div>\n<\/div>\n\n\n\n<div class=\"wp-block-columns alignfull has-2-columns sponsors is-layout-flex wp-container-core-columns-is-layout-9d6595d7 wp-block-columns-is-layout-flex\">\n<div class=\"wp-block-column is-layout-flow wp-block-column-is-layout-flow\">\n<div class=\"wp-block-image\"><figure class=\"aligncenter\"><a href=\"https:\/\/2019.paris.wordcamp.org\/sponsor\/o2switch\/\"><img loading=\"lazy\" decoding=\"async\" width=\"438\" height=\"120\" src=\"https:\/\/2019.paris.wordcamp.org\/files\/2019\/01\/o2switch-logo.png\" alt=\"H\u00e9bergeur o2switch\" class=\"wp-image-866\" srcset=\"https:\/\/paris.wordcamp.org\/2019\/files\/2019\/01\/o2switch-logo.png 438w, https:\/\/paris.wordcamp.org\/2019\/files\/2019\/01\/o2switch-logo-300x82.png 300w\" sizes=\"auto, (max-width: 438px) 100vw, 438px\" \/><\/a><\/figure><\/div>\n<\/div>\n\n\n\n<div class=\"wp-block-column is-layout-flow wp-block-column-is-layout-flow\">\n<div class=\"wp-block-image\"><figure class=\"aligncenter\"><a href=\"https:\/\/2019.paris.wordcamp.org\/sponsor\/wpserveur\/\"><img loading=\"lazy\" decoding=\"async\" width=\"452\" height=\"90\" src=\"https:\/\/2019.paris.wordcamp.org\/files\/2019\/01\/wpserveur-logo.png\" alt=\"H\u00e9bergeur WP Serveur\" class=\"wp-image-867\" srcset=\"https:\/\/paris.wordcamp.org\/2019\/files\/2019\/01\/wpserveur-logo.png 452w, https:\/\/paris.wordcamp.org\/2019\/files\/2019\/01\/wpserveur-logo-300x60.png 300w\" sizes=\"auto, (max-width: 452px) 100vw, 452px\" \/><\/a><\/figure><\/div>\n<\/div>\n<\/div>\n\n\n\n<div class=\"wp-block-columns alignfull has-2-columns sponsors is-layout-flex wp-container-core-columns-is-layout-9d6595d7 wp-block-columns-is-layout-flex\">\n<div class=\"wp-block-column is-layout-flow wp-block-column-is-layout-flow\">\n<div class=\"wp-block-image\"><figure class=\"aligncenter\"><a href=\"https:\/\/2019.paris.wordcamp.org\/sponsor\/weglot\/\"><img loading=\"lazy\" decoding=\"async\" width=\"400\" height=\"137\" src=\"https:\/\/2019.paris.wordcamp.org\/files\/2019\/01\/weglot.png\" alt=\"Extension de traduction Weglot\" class=\"wp-image-944\" srcset=\"https:\/\/paris.wordcamp.org\/2019\/files\/2019\/01\/weglot.png 400w, https:\/\/paris.wordcamp.org\/2019\/files\/2019\/01\/weglot-300x103.png 300w\" sizes=\"auto, (max-width: 400px) 100vw, 400px\" \/><\/a><\/figure><\/div>\n<\/div>\n\n\n\n<div class=\"wp-block-column is-layout-flow wp-block-column-is-layout-flow\">\n<div class=\"wp-block-image\"><figure class=\"aligncenter\"><a href=\"https:\/\/2019.paris.wordcamp.org\/sponsor\/planethoster\/\"><img loading=\"lazy\" decoding=\"async\" width=\"464\" height=\"128\" src=\"https:\/\/2019.paris.wordcamp.org\/files\/2019\/01\/planethoster-logo.jpg\" alt=\"H\u00e9bergeur Web PlanetHoster\" class=\"wp-image-1193\" srcset=\"https:\/\/paris.wordcamp.org\/2019\/files\/2019\/01\/planethoster-logo.jpg 464w, https:\/\/paris.wordcamp.org\/2019\/files\/2019\/01\/planethoster-logo-300x83.jpg 300w\" sizes=\"auto, (max-width: 464px) 100vw, 464px\" \/><\/a><\/figure><\/div>\n<\/div>\n<\/div>\n\n\n\n<div class=\"wp-block-image\"><figure class=\"aligncenter is-resized\"><a href=\"https:\/\/2019.paris.wordcamp.org\/sponsor\/atoo-next\/\"><img loading=\"lazy\" decoding=\"async\" src=\"https:\/\/2019.paris.wordcamp.org\/files\/2019\/01\/atoo-next-logo-ecommerce.png\" alt=\"Atoo Next, Acc\u00e9l\u00e9rateur de Croissance\" class=\"wp-image-1275\" width=\"400\" height=\"133\" srcset=\"https:\/\/paris.wordcamp.org\/2019\/files\/2019\/01\/atoo-next-logo-ecommerce.png 400w, https:\/\/paris.wordcamp.org\/2019\/files\/2019\/01\/atoo-next-logo-ecommerce-300x100.png 300w\" sizes=\"auto, (max-width: 400px) 100vw, 400px\" \/><\/a><\/figure><\/div>\n\n\n\n<div style=\"height:50px\" aria-hidden=\"true\" class=\"wp-block-spacer\"><\/div>\n\n\n\n<h2 style=\"text-align:center\" id=\"sponsors-or\" class=\"gold wp-block-heading\">Nos Sponsors Or<\/h2>\n\n\n\n<div class=\"wp-block-columns alignfull has-3-columns sponsors is-layout-flex wp-container-core-columns-is-layout-9d6595d7 wp-block-columns-is-layout-flex\">\n<div class=\"wp-block-column is-layout-flow wp-block-column-is-layout-flow\">\n<div class=\"wp-block-image\"><figure class=\"aligncenter\"><a href=\"https:\/\/2019.paris.wordcamp.org\/sponsor\/kinsta\/\"><img loading=\"lazy\" decoding=\"async\" width=\"504\" height=\"100\" src=\"https:\/\/2019.paris.wordcamp.org\/files\/2019\/01\/kinsta-logo-alpha-purple.png\" alt=\"Kinsta\" class=\"wp-image-1184\" srcset=\"https:\/\/paris.wordcamp.org\/2019\/files\/2019\/01\/kinsta-logo-alpha-purple.png 504w, https:\/\/paris.wordcamp.org\/2019\/files\/2019\/01\/kinsta-logo-alpha-purple-300x60.png 300w, https:\/\/paris.wordcamp.org\/2019\/files\/2019\/01\/kinsta-logo-alpha-purple-500x99.png 500w\" sizes=\"auto, (max-width: 504px) 100vw, 504px\" \/><\/a><\/figure><\/div>\n<\/div>\n\n\n\n<div class=\"wp-block-column is-layout-flow wp-block-column-is-layout-flow\">\n<div class=\"wp-block-image\"><figure class=\"aligncenter\"><a href=\"https:\/\/2019.paris.wordcamp.org\/sponsor\/godaddy\/\"><img decoding=\"async\" src=\"https:\/\/2019.paris.wordcamp.org\/files\/2018\/07\/GoDaddy_Pro_RGB_Full_B2.png\" alt=\"H\u00e9bergeur GoDaddy\" \/><\/a><\/figure><\/div>\n<\/div>\n\n\n\n<div class=\"wp-block-column is-layout-flow wp-block-column-is-layout-flow\">\n<div class=\"wp-block-image\"><figure class=\"aligncenter\"><a href=\"https:\/\/2019.paris.wordcamp.org\/sponsor\/bluehost\/\"><img decoding=\"async\" src=\"https:\/\/2019.paris.wordcamp.org\/files\/2018\/07\/bh_logo_2015.png\" alt=\"H\u00e9bergeur Bluehost\" \/><\/a><\/figure><\/div>\n<\/div>\n<\/div>\n\n\n\n<div class=\"wp-block-columns alignfull has-3-columns sponsors is-layout-flex wp-container-core-columns-is-layout-9d6595d7 wp-block-columns-is-layout-flex\">\n<div class=\"wp-block-column empty is-layout-flow wp-block-column-is-layout-flow\">\n<p><\/p>\n<\/div>\n\n\n\n<div class=\"wp-block-column is-layout-flow wp-block-column-is-layout-flow\">\n<div class=\"wp-block-image\"><figure class=\"aligncenter is-resized\"><a href=\"https:\/\/2019.paris.wordcamp.org\/sponsor\/mollie\/\"><img loading=\"lazy\" decoding=\"async\" src=\"https:\/\/2019.paris.wordcamp.org\/files\/2019\/02\/mollie-logo-transparent.png\" alt=\"Mollie, la force de la simplicit\u00e9\" class=\"wp-image-1340\" width=\"244\" height=\"100\" srcset=\"https:\/\/paris.wordcamp.org\/2019\/files\/2019\/02\/mollie-logo-transparent.png 789w, https:\/\/paris.wordcamp.org\/2019\/files\/2019\/02\/mollie-logo-transparent-300x124.png 300w, https:\/\/paris.wordcamp.org\/2019\/files\/2019\/02\/mollie-logo-transparent-768x316.png 768w, https:\/\/paris.wordcamp.org\/2019\/files\/2019\/02\/mollie-logo-transparent-500x206.png 500w\" sizes=\"auto, (max-width: 244px) 100vw, 244px\" \/><\/a><\/figure><\/div>\n<\/div>\n\n\n\n<div class=\"wp-block-column empty is-layout-flow wp-block-column-is-layout-flow\">\n<p><\/p>\n<\/div>\n<\/div>\n\n\n\n<div style=\"height:50px\" aria-hidden=\"true\" class=\"wp-block-spacer\"><\/div>\n\n\n\n<h2 style=\"text-align:center\" id=\"sponsors-or\" class=\"silver wp-block-heading\">Nos Sponsors Argent<\/h2>\n\n\n\n<div class=\"wp-block-columns alignwide has-2-columns sponsors is-layout-flex wp-container-core-columns-is-layout-9d6595d7 wp-block-columns-is-layout-flex\">\n<div class=\"wp-block-column is-layout-flow wp-block-column-is-layout-flow\">\n<figure class=\"wp-block-image is-resized\"><a href=\"https:\/\/2019.paris.wordcamp.org\/sponsor\/planet-work\/\"><img loading=\"lazy\" decoding=\"async\" src=\"https:\/\/2019.paris.wordcamp.org\/files\/2019\/02\/planet-work-logo.png\" alt=\"Planet-Work\" class=\"wp-image-1572\" width=\"308\" height=\"50\" srcset=\"https:\/\/paris.wordcamp.org\/2019\/files\/2019\/02\/planet-work-logo.png 615w, https:\/\/paris.wordcamp.org\/2019\/files\/2019\/02\/planet-work-logo-300x49.png 300w, https:\/\/paris.wordcamp.org\/2019\/files\/2019\/02\/planet-work-logo-500x81.png 500w\" sizes=\"auto, (max-width: 308px) 100vw, 308px\" \/><\/a><\/figure>\n<\/div>\n\n\n\n<div class=\"wp-block-column is-layout-flow wp-block-column-is-layout-flow\">\n<div class=\"wp-block-image\"><figure class=\"aligncenter is-resized\"><a href=\"https:\/\/2019.paris.wordcamp.org\/sponsor\/oceanwp\/\"><img loading=\"lazy\" decoding=\"async\" src=\"https:\/\/2019.paris.wordcamp.org\/files\/2019\/02\/oceanwp-logo.png\" alt=\"OceanWP\" class=\"wp-image-1462\" width=\"261\" height=\"42\" srcset=\"https:\/\/paris.wordcamp.org\/2019\/files\/2019\/02\/oceanwp-logo.png 521w, https:\/\/paris.wordcamp.org\/2019\/files\/2019\/02\/oceanwp-logo-300x48.png 300w, https:\/\/paris.wordcamp.org\/2019\/files\/2019\/02\/oceanwp-logo-500x80.png 500w\" sizes=\"auto, (max-width: 261px) 100vw, 261px\" \/><\/a><\/figure><\/div>\n<\/div>\n<\/div>\n\n\n\n<div style=\"height:50px\" aria-hidden=\"true\" class=\"wp-block-spacer\"><\/div>\n\n\n\n<h2 style=\"text-align:center\" id=\"sponsors-bronze\" class=\"bronze wp-block-heading\">Nos sponsors Bronze<\/h2>\n\n\n\n<div class=\"wp-block-columns alignfull has-3-columns sponsors is-layout-flex wp-container-core-columns-is-layout-9d6595d7 wp-block-columns-is-layout-flex\">\n<div class=\"wp-block-column is-layout-flow wp-block-column-is-layout-flow\">\n<figure class=\"wp-block-image\"><a href=\"https:\/\/2019.paris.wordcamp.org\/sponsor\/wpformation\/\"><img loading=\"lazy\" decoding=\"async\" width=\"1024\" height=\"193\" src=\"https:\/\/2019.paris.wordcamp.org\/files\/2019\/01\/logo-wpformation-1024x193.png\" alt=\"WPFormation - Formez-vous \u00e0 WordPress\" class=\"wp-image-1299\" srcset=\"https:\/\/paris.wordcamp.org\/2019\/files\/2019\/01\/logo-wpformation.png 1024w, https:\/\/paris.wordcamp.org\/2019\/files\/2019\/01\/logo-wpformation-300x57.png 300w, https:\/\/paris.wordcamp.org\/2019\/files\/2019\/01\/logo-wpformation-768x145.png 768w, https:\/\/paris.wordcamp.org\/2019\/files\/2019\/01\/logo-wpformation-500x94.png 500w\" sizes=\"auto, (max-width: 1024px) 100vw, 1024px\" \/><\/a><\/figure>\n<\/div>\n\n\n\n<div class=\"wp-block-column is-layout-flow wp-block-column-is-layout-flow\">\n<div class=\"wp-block-image\"><figure class=\"aligncenter\"><a href=\"https:\/\/2019.paris.wordcamp.org\/sponsor\/wpchef\/\"><img loading=\"lazy\" decoding=\"async\" width=\"150\" height=\"150\" src=\"https:\/\/2019.paris.wordcamp.org\/files\/2019\/01\/wpchef-logo.png\" alt=\"Formation WordPress WP Chef\" class=\"wp-image-1089\" \/><\/a><\/figure><\/div>\n<\/div>\n\n\n\n<div class=\"wp-block-column is-layout-flow wp-block-column-is-layout-flow\">\n<div class=\"wp-block-image\"><figure class=\"aligncenter\"><a href=\"https:\/\/2019.paris.wordcamp.org\/sponsor\/beapi\/\"><img loading=\"lazy\" decoding=\"async\" width=\"141\" height=\"150\" src=\"https:\/\/2019.paris.wordcamp.org\/files\/2019\/01\/BeAPI-logo.png\" alt=\"beApi Cr\u00e9ateur bonheur digital\" class=\"wp-image-1213\" \/><\/a><\/figure><\/div>\n<\/div>\n<\/div>\n\n\n\n<div class=\"wp-block-columns alignfull has-3-columns sponsors is-layout-flex wp-container-core-columns-is-layout-9d6595d7 wp-block-columns-is-layout-flex\">\n<div class=\"wp-block-column is-layout-flow wp-block-column-is-layout-flow\">\n<div class=\"wp-block-image\"><figure class=\"aligncenter is-resized\"><a href=\"https:\/\/2019.paris.wordcamp.org\/sponsor\/wpmarmite\/\"><img loading=\"lazy\" decoding=\"async\" src=\"https:\/\/2019.paris.wordcamp.org\/files\/2019\/01\/logo_wp_marmite-black-1024x352.png\" alt=\"WP Marmite\" class=\"wp-image-1252\" width=\"328\" height=\"113\" srcset=\"https:\/\/paris.wordcamp.org\/2019\/files\/2019\/01\/logo_wp_marmite-black-1024x352.png 1024w, https:\/\/paris.wordcamp.org\/2019\/files\/2019\/01\/logo_wp_marmite-black-300x103.png 300w, https:\/\/paris.wordcamp.org\/2019\/files\/2019\/01\/logo_wp_marmite-black-768x264.png 768w, https:\/\/paris.wordcamp.org\/2019\/files\/2019\/01\/logo_wp_marmite-black-500x172.png 500w, https:\/\/paris.wordcamp.org\/2019\/files\/2019\/01\/logo_wp_marmite-black-1568x538.png 1568w\" sizes=\"auto, (max-width: 328px) 100vw, 328px\" \/><\/a><\/figure><\/div>\n<\/div>\n\n\n\n<div class=\"wp-block-column is-layout-flow wp-block-column-is-layout-flow\">\n<div class=\"wp-block-image\"><figure class=\"aligncenter is-resized\"><a href=\"https:\/\/2019.paris.wordcamp.org\/sponsor\/polylang\/\"><img loading=\"lazy\" decoding=\"async\" src=\"https:\/\/2019.paris.wordcamp.org\/files\/2019\/02\/polylang-logo.png\" alt=\"Polylang, making WordPress Multilingual\" class=\"wp-image-1460\" width=\"360\" height=\"125\" srcset=\"https:\/\/paris.wordcamp.org\/2019\/files\/2019\/02\/polylang-logo.png 720w, https:\/\/paris.wordcamp.org\/2019\/files\/2019\/02\/polylang-logo-300x104.png 300w, https:\/\/paris.wordcamp.org\/2019\/files\/2019\/02\/polylang-logo-500x174.png 500w\" sizes=\"auto, (max-width: 360px) 100vw, 360px\" \/><\/a><\/figure><\/div>\n<\/div>\n\n\n\n<div class=\"wp-block-column is-layout-flow wp-block-column-is-layout-flow\">\n<div class=\"wp-block-image\"><figure class=\"aligncenter\"><a href=\"https:\/\/2019.paris.wordcamp.org\/sponsor\/wp-rocket\/\"><img loading=\"lazy\" decoding=\"async\" width=\"479\" height=\"130\" src=\"https:\/\/2019.paris.wordcamp.org\/files\/2019\/02\/wp-rocket-logo.png\" alt=\"WP Rocket\" class=\"wp-image-1599\" srcset=\"https:\/\/paris.wordcamp.org\/2019\/files\/2019\/02\/wp-rocket-logo.png 479w, https:\/\/paris.wordcamp.org\/2019\/files\/2019\/02\/wp-rocket-logo-300x81.png 300w\" sizes=\"auto, (max-width: 479px) 100vw, 479px\" \/><\/a><\/figure><\/div>\n<\/div>\n<\/div>\n\n\n\n<div class=\"wp-block-columns alignfull has-3-columns sponsors is-layout-flex wp-container-core-columns-is-layout-9d6595d7 wp-block-columns-is-layout-flex\">\n<div class=\"wp-block-column is-layout-flow wp-block-column-is-layout-flow\">\n<div class=\"wp-block-image\"><figure class=\"aligncenter is-resized\"><a href=\"https:\/\/2019.paris.wordcamp.org\/sponsor\/web-studios\/\"><img loading=\"lazy\" decoding=\"async\" src=\"https:\/\/2019.paris.wordcamp.org\/files\/2019\/03\/logo-webstudios.png\" alt=\"Web Studios, d\u00e9veloppeur de visibilit\u00e9.\" class=\"wp-image-2548\" width=\"278\" height=\"64\" srcset=\"https:\/\/paris.wordcamp.org\/2019\/files\/2019\/03\/logo-webstudios.png 545w, https:\/\/paris.wordcamp.org\/2019\/files\/2019\/03\/logo-webstudios-300x70.png 300w, https:\/\/paris.wordcamp.org\/2019\/files\/2019\/03\/logo-webstudios-500x117.png 500w\" sizes=\"auto, (max-width: 278px) 100vw, 278px\" \/><\/a><\/figure><\/div>\n<\/div>\n\n\n\n<div class=\"wp-block-column is-layout-flow wp-block-column-is-layout-flow\">\n<div class=\"wp-block-image\"><figure class=\"aligncenter is-resized\"><a href=\"https:\/\/2019.paris.wordcamp.org\/sponsor\/imagify\/\"><img loading=\"lazy\" decoding=\"async\" src=\"https:\/\/2019.paris.wordcamp.org\/files\/2019\/02\/imagify-logo.png\" alt=\"Imagify\" class=\"wp-image-1602\" width=\"329\" height=\"98\" srcset=\"https:\/\/paris.wordcamp.org\/2019\/files\/2019\/02\/imagify-logo.png 439w, https:\/\/paris.wordcamp.org\/2019\/files\/2019\/02\/imagify-logo-300x89.png 300w\" sizes=\"auto, (max-width: 329px) 100vw, 329px\" \/><\/a><\/figure><\/div>\n<\/div>\n\n\n\n<div class=\"wp-block-column is-layout-flow wp-block-column-is-layout-flow\">\n<div class=\"wp-block-image\"><figure class=\"aligncenter is-resized\"><a href=\"https:\/\/2019.paris.wordcamp.org\/sponsor\/eoxia\/\"><img loading=\"lazy\" decoding=\"async\" src=\"https:\/\/2019.paris.wordcamp.org\/files\/2019\/03\/logo-eoxia.png\" alt=\"Eoxia\" class=\"wp-image-2513\" width=\"291\" height=\"66\" srcset=\"https:\/\/paris.wordcamp.org\/2019\/files\/2019\/03\/logo-eoxia.png 545w, https:\/\/paris.wordcamp.org\/2019\/files\/2019\/03\/logo-eoxia-300x69.png 300w, https:\/\/paris.wordcamp.org\/2019\/files\/2019\/03\/logo-eoxia-500x115.png 500w\" sizes=\"auto, (max-width: 291px) 100vw, 291px\" \/><\/a><\/figure><\/div>\n<\/div>\n<\/div>\n\n\n\n<div style=\"height:50px\" aria-hidden=\"true\" class=\"wp-block-spacer\"><\/div>\n\n\n\n<h2 style=\"text-align:center\" id=\"partenaires\" class=\"silver wp-block-heading\">Nos partenaires<\/h2>\n\n\n\n<div class=\"wp-block-image\"><figure class=\"aligncenter\"><a href=\"https:\/\/www.stickermule.com\/eu\/uses?utm_source=sponsorship&amp;utm_medium=referral&amp;utm_campaign=WordCampParis\" target=\"_blank\" rel=\"noreferrer noopener\"><img loading=\"lazy\" decoding=\"async\" width=\"224\" height=\"150\" src=\"https:\/\/2019.paris.wordcamp.org\/files\/2019\/01\/stickermule-logo.png\" alt=\"StickerMule - Custom stickers that kick ass.\" class=\"wp-image-1266\" \/><\/a><\/figure><\/div>\n","protected":false},"excerpt":{"rendered":"<p>Merci \u00e0 nos sponsors qui nous permettent financer la majeure partie des co\u00fbts li\u00e9s \u00e0 notre rassemblement local.<\/p>\n","protected":false},"author":6594935,"featured_media":144,"parent":510,"menu_order":0,"comment_status":"closed","ping_status":"closed","template":"","meta":{"jetpack_post_was_ever_published":false,"footnotes":""},"class_list":["post-10","page","type-page","status-publish","has-post-thumbnail","hentry","entry"],"jetpack_sharing_enabled":true,"jetpack_shortlink":"https:\/\/wp.me\/Pa49y4-a","jetpack_likes_enabled":true,"_links":{"self":[{"href":"https:\/\/paris.wordcamp.org\/2019\/wp-json\/wp\/v2\/pages\/10","targetHints":{"allow":["GET"]}}],"collection":[{"href":"https:\/\/paris.wordcamp.org\/2019\/wp-json\/wp\/v2\/pages"}],"about":[{"href":"https:\/\/paris.wordcamp.org\/2019\/wp-json\/wp\/v2\/types\/page"}],"author":[{"embeddable":true,"href":"https:\/\/paris.wordcamp.org\/2019\/wp-json\/wp\/v2\/users\/6594935"}],"replies":[{"embeddable":true,"href":"https:\/\/paris.wordcamp.org\/2019\/wp-json\/wp\/v2\/comments?post=10"}],"version-history":[{"count":11,"href":"https:\/\/paris.wordcamp.org\/2019\/wp-json\/wp\/v2\/pages\/10\/revisions"}],"predecessor-version":[{"id":5848,"href":"https:\/\/paris.wordcamp.org\/2019\/wp-json\/wp\/v2\/pages\/10\/revisions\/5848"}],"up":[{"embeddable":true,"href":"https:\/\/paris.wordcamp.org\/2019\/wp-json\/wp\/v2\/pages\/510"}],"wp:featuredmedia":[{"embeddable":true,"href":"https:\/\/paris.wordcamp.org\/2019\/wp-json\/wp\/v2\/media\/144"}],"wp:attachment":[{"href":"https:\/\/paris.wordcamp.org\/2019\/wp-json\/wp\/v2\/media?parent=10"}],"curies":[{"name":"wp","href":"https:\/\/api.w.org\/{rel}","templated":true}]}}