{"id":4821,"date":"2018-03-06T00:48:42","date_gmt":"2018-03-05T23:48:42","guid":{"rendered":"https:\/\/2018.paris.wordcamp.org\/?page_id=4821"},"modified":"2018-03-10T14:30:10","modified_gmt":"2018-03-10T13:30:10","slug":"livestream","status":"publish","type":"page","link":"https:\/\/paris.wordcamp.org\/2018\/livestream\/","title":{"rendered":"Replay"},"content":{"rendered":"\n<p>En attendant la publication des conf\u00e9rences et des ateliers sur WordPress.TV, nous vous proposons de les revivre dans les conditions du direct. Dans la partie droite des pages, vous trouverez l&#x27;int\u00e9gralit\u00e9 des supports utilis\u00e9s par <a href=\"https:\/\/2018.paris.wordcamp.org\/orateurs\/\">nos magnifiques orateurs et sensationnelle oratrices<\/a> lors de leurs performances.<\/p>\n\n\n\n<section class=\"wp-block-cover-image has-background-dim-30 has-background-dim has-parallax replay-conferences\">\n    <h2><a href=\"https:\/\/2018.paris.wordcamp.org\/livestream\/le-direct-des-conferences\/\">Revivez les conf\u00e9rences<\/a><\/h2>\n<\/section>\n\n\n\n<hr class=\"wp-block-separator\" \/>\n\n\n\n<section class=\"wp-block-cover-image has-background-dim-30 has-background-dim has-parallax replay-ateliers\">\n    <h2><a href=\"https:\/\/2018.paris.wordcamp.org\/livestream\/le-direct-des-ateliers\/\">Revivez les ateliers<\/a><\/h2>\n<\/section>\n","protected":false},"excerpt":{"rendered":"<p>En attendant la publication des conf\u00e9rences et des ateliers sur WordPress.TV, nous vous proposons de les revivre dans les conditions du direct. Dans la partie droite des pages, vous trouverez l&#x27;int\u00e9gralit\u00e9 des supports utilis\u00e9s par nos magnifiques orateurs et sensationnelle oratrices lors de leurs performances.<\/p>\n","protected":false},"author":6594935,"featured_media":0,"parent":0,"menu_order":0,"comment_status":"closed","ping_status":"closed","template":"","meta":{"jetpack_post_was_ever_published":false,"footnotes":""},"class_list":["post-4821","page","type-page","status-publish","hentry"],"jetpack_sharing_enabled":false,"jetpack_shortlink":"https:\/\/wp.me\/P91XyD-1fL","_links":{"self":[{"href":"https:\/\/paris.wordcamp.org\/2018\/wp-json\/wp\/v2\/pages\/4821","targetHints":{"allow":["GET"]}}],"collection":[{"href":"https:\/\/paris.wordcamp.org\/2018\/wp-json\/wp\/v2\/pages"}],"about":[{"href":"https:\/\/paris.wordcamp.org\/2018\/wp-json\/wp\/v2\/types\/page"}],"author":[{"embeddable":true,"href":"https:\/\/paris.wordcamp.org\/2018\/wp-json\/wp\/v2\/users\/6594935"}],"replies":[{"embeddable":true,"href":"https:\/\/paris.wordcamp.org\/2018\/wp-json\/wp\/v2\/comments?post=4821"}],"version-history":[{"count":32,"href":"https:\/\/paris.wordcamp.org\/2018\/wp-json\/wp\/v2\/pages\/4821\/revisions"}],"predecessor-version":[{"id":4948,"href":"https:\/\/paris.wordcamp.org\/2018\/wp-json\/wp\/v2\/pages\/4821\/revisions\/4948"}],"wp:attachment":[{"href":"https:\/\/paris.wordcamp.org\/2018\/wp-json\/wp\/v2\/media?parent=4821"}],"curies":[{"name":"wp","href":"https:\/\/api.w.org\/{rel}","templated":true}]}}