{"id":1949,"date":"2018-01-12T16:13:26","date_gmt":"2018-01-12T15:13:26","guid":{"rendered":"https:\/\/2018.paris.wordcamp.org\/?page_id=1949"},"modified":"2018-03-11T14:36:19","modified_gmt":"2018-03-11T13:36:19","slug":"la-boussole","status":"publish","type":"page","link":"https:\/\/paris.wordcamp.org\/2018\/la-boussole\/","title":{"rendered":"La boussole"},"content":{"rendered":"<h2>Les Conseils \u00e0 <a href=\"https:\/\/2018.paris.wordcamp.org\/2017\/10\/23\/voici-titi-le-wapuu-du-wordcamp-paris\/\">TiTi<\/a> !<\/h2>\n<p>Tu cogites et tu sais pu \u00e0 quoi tu tournes ? T&rsquo;inqui\u00e8te, y&rsquo;a tout l&rsquo;principal cid&rsquo;ssous, t&rsquo;en auras pas pour des plombes \u00e0 y retrouver tes p&rsquo;tits\u2026 \ud83d\ude09<\/p>\n<h3><img loading=\"lazy\" decoding=\"async\" class=\"alignleft size-full wp-image-1260\" src=\"https:\/\/2018.paris.wordcamp.org\/files\/2017\/11\/smiley.png\" alt=\"\" width=\"81\" height=\"61\" \/>Prix :<\/h3>\n<p><strong>20\u20ac.\u00a0<\/strong><\/p>\n<h3><img loading=\"lazy\" decoding=\"async\" class=\"size-full wp-image-1268 alignleft\" style=\"color: #333333;font-size: 1rem\" src=\"https:\/\/2018.paris.wordcamp.org\/files\/2017\/11\/smile.png\" alt=\"\" width=\"82\" height=\"61\" \/>Horaires :<\/h3>\n<p><strong>De 9h00 \u00e0 18h00<\/strong><br \/>\nPetit conseil de Titi : on ouvre \u00e0 8h30, viens un peu plus t\u00f4t, \u00e7a te permettra de r\u00e9cup\u00e9rer tes babioles et pis on pourra taper la causette \ud83d\ude09<\/p>\n<h3><img loading=\"lazy\" decoding=\"async\" class=\"alignleft wp-image-1264 size-full\" src=\"https:\/\/2018.paris.wordcamp.org\/files\/2017\/11\/grin.png\" alt=\"\" width=\"81\" height=\"61\" \/>Adresse :<\/h3>\n<p>La <a href=\"https:\/\/2018.paris.wordcamp.org\/2017\/11\/13\/notre-terrain-de-jeu-et-les-activites-qui-sy-derouleront\/\">Maison des Associations de Solidarit\u00e9<\/a> (MAS) de Paris.<br \/>\n10\/18 rue des Terres au Cur\u00e9 75013 Paris.<\/p>\n<div class=\"googlemaps\">\n\t\t\t\t<iframe loading=\"lazy\" width=\"740\" height=\"350\" frameborder=\"0\" scrolling=\"no\" marginheight=\"0\" marginwidth=\"0\"  src=\"https:\/\/www.google.fr\/maps\/d\/embed?mid=1MmAVXgk09EpAV_5zYXLRfunTrAu1E4d9&#038;ll=48.82415860034605,2.3737218361511623&#038;z=17&#038;height=580\"><\/iframe>\n\t\t\t<\/div>\n<ul>\n<li>La station de M\u00e9tro (7) \/ Tramway (3a) de la <strong>Porte d&rsquo;Ivry<\/strong> est \u00e0 5 minutes.<\/li>\n<li>La station de M\u00e9tro (14) <strong>Olympiades<\/strong> est \u00e0 10 minutes.<\/li>\n<li>La station de RER (C) \/ M\u00e9tro (14) de la <strong>Biblioth\u00e8que F. Mitterand<\/strong> est \u00e0 15 minutes.<\/li>\n<li>La ligne de bus 83 vous d\u00e9pose \u00e0 la station <strong>Ch\u00e2teau des rentiers<\/strong> qui est \u00e0 5 minutes.<\/li>\n<li>Les lignes 27, 64 et 62 font quant \u00e0 elles une halte \u00e0 la station <strong>Patay-Tolbiac<\/strong> distante de 5 minutes.<\/li>\n<li>Les deux stations de V\u00e9lib&rsquo; les plus proches sont <strong>Patay-Regnault<\/strong> et <strong>Oudin\u00e9-Patay<\/strong><\/li>\n<li>Le lieu se situe au centre du triangle form\u00e9 par les stations d&rsquo;Autolib&rsquo; <strong>Ivry<\/strong>, <strong>Oudin\u00e9<\/strong>, <strong>Darmesteter<\/strong>.<\/li>\n<\/ul>\n<h3><img loading=\"lazy\" decoding=\"async\" class=\"alignleft size-full wp-image-1261\" src=\"https:\/\/2018.paris.wordcamp.org\/files\/2017\/11\/blush.png\" alt=\"\" width=\"81\" height=\"61\" \/>La liste des participants<\/h3>\n<p>T&rsquo;as peur de t&rsquo;\u00eatre m\u00e9lang\u00e9\u00b7e les pinceaux dans ton inscription ? Tu veux savoir si t&rsquo;as des potos qui viennent ? Tu peux v\u00e9rifier en allant <a href=\"https:\/\/2018.paris.wordcamp.org\/participants\/\">\u00e0 c&rsquo;te page<\/a><\/p>\n<h3><img loading=\"lazy\" decoding=\"async\" class=\"alignleft size-full wp-image-1268\" src=\"https:\/\/2018.paris.wordcamp.org\/files\/2017\/11\/smile.png\" alt=\"\" width=\"82\" height=\"61\" \/>Le programme<\/h3>\n<p>Tu te d&rsquo;mandes c&rsquo;est quoi d&rsquo;j\u00e0 qu&rsquo;y a \u00e0 14h dans le programme ?<br \/>\n&#8211;&gt; <a href=\"https:\/\/2018.paris.wordcamp.org\/programme\/\">Va voir par l\u00e0<\/a><\/p>\n","protected":false},"excerpt":{"rendered":"<p>Les Conseils \u00e0 TiTi ! Tu cogites et tu sais pu \u00e0 quoi tu tournes ? T&rsquo;inqui\u00e8te, y&rsquo;a tout l&rsquo;principal cid&rsquo;ssous, t&rsquo;en auras pas pour des plombes \u00e0 y retrouver tes p&rsquo;tits\u2026 \ud83d\ude09 Prix : 20\u20ac.\u00a0 Horaires : De 9h00 \u00e0 18h00 Petit conseil de Titi : on ouvre \u00e0 8h30, viens un peu plus &hellip; <\/p>\n<p class=\"link-more\"><a href=\"https:\/\/paris.wordcamp.org\/2018\/la-boussole\/\" class=\"more-link\">Continuer la lecture<span class=\"screen-reader-text\"> de &laquo;&nbsp;La boussole&nbsp;&raquo;<\/span><\/a><\/p>\n","protected":false},"author":13630777,"featured_media":2401,"parent":0,"menu_order":0,"comment_status":"closed","ping_status":"closed","template":"","meta":{"jetpack_post_was_ever_published":false,"footnotes":""},"class_list":["post-1949","page","type-page","status-publish","has-post-thumbnail","hentry"],"jetpack_sharing_enabled":true,"jetpack_shortlink":"https:\/\/wp.me\/P91XyD-vr","_links":{"self":[{"href":"https:\/\/paris.wordcamp.org\/2018\/wp-json\/wp\/v2\/pages\/1949","targetHints":{"allow":["GET"]}}],"collection":[{"href":"https:\/\/paris.wordcamp.org\/2018\/wp-json\/wp\/v2\/pages"}],"about":[{"href":"https:\/\/paris.wordcamp.org\/2018\/wp-json\/wp\/v2\/types\/page"}],"author":[{"embeddable":true,"href":"https:\/\/paris.wordcamp.org\/2018\/wp-json\/wp\/v2\/users\/13630777"}],"replies":[{"embeddable":true,"href":"https:\/\/paris.wordcamp.org\/2018\/wp-json\/wp\/v2\/comments?post=1949"}],"version-history":[{"count":59,"href":"https:\/\/paris.wordcamp.org\/2018\/wp-json\/wp\/v2\/pages\/1949\/revisions"}],"predecessor-version":[{"id":4952,"href":"https:\/\/paris.wordcamp.org\/2018\/wp-json\/wp\/v2\/pages\/1949\/revisions\/4952"}],"wp:featuredmedia":[{"embeddable":true,"href":"https:\/\/paris.wordcamp.org\/2018\/wp-json\/wp\/v2\/media\/2401"}],"wp:attachment":[{"href":"https:\/\/paris.wordcamp.org\/2018\/wp-json\/wp\/v2\/media?parent=1949"}],"curies":[{"name":"wp","href":"https:\/\/api.w.org\/{rel}","templated":true}]}}