{"id":177,"date":"2017-08-03T02:00:30","date_gmt":"2017-08-03T00:00:30","guid":{"rendered":"https:\/\/2018.paris.wordcamp.org\/?page_id=177"},"modified":"2018-02-07T17:29:44","modified_gmt":"2018-02-07T16:29:44","slug":"les-equipes","status":"publish","type":"page","link":"https:\/\/paris.wordcamp.org\/2018\/les-equipes\/","title":{"rendered":"Les \u00e9quipes"},"content":{"rendered":"<p>Le WordCamp de Paris rassemble diff\u00e9rentes \u00e9quipes qui partagent un projet commun : WordPress.<\/p>\n<p>Tout au long de la p\u00e9riode pr\u00e9paratoire qui nous s\u00e9pare de notre c\u00e9l\u00e9bration du 9 mars 2018, elles seront <a href=\"https:\/\/2018.paris.wordcamp.org\/categorie\/appels-a-contribution\/\">\u00ab\u00a0appel\u00e9es\u00a0\u00bb<\/a> \u00e0 contribuer \u00e0 sa r\u00e9ussite :<\/p>\n<ul>\n<li>Les <a href=\"https:\/\/2018.paris.wordcamp.org\/participants\/\">participants<\/a> r\u00e9serveront leurs places pour assister \u00e0 la f\u00eate,<\/li>\n<li>Les <a href=\"https:\/\/2018.paris.wordcamp.org\/sponsors\/\">sponsors<\/a> soutiendront l&rsquo;\u00e9v\u00e8nement,<\/li>\n<li>Les <a href=\"https:\/\/2018.paris.wordcamp.org\/orateurs\/\">orateurs<\/a> transmettront leurs savoirs,<\/li>\n<li>Les <a href=\"https:\/\/2018.paris.wordcamp.org\/benevoles\/\">b\u00e9n\u00e9voles\/volontaires<\/a> aideront le jour J,<\/li>\n<li>Les <a href=\"https:\/\/2018.paris.wordcamp.org\/organisateurs\/\">organisateurs<\/a> pr\u00e9pareront la f\u00eate et l&rsquo;orchestreront.<\/li>\n<\/ul>\n","protected":false},"excerpt":{"rendered":"<p>Le WordCamp de Paris rassemble diff\u00e9rentes \u00e9quipes qui partagent un projet commun : WordPress. Tout au long de la p\u00e9riode pr\u00e9paratoire qui nous s\u00e9pare de notre c\u00e9l\u00e9bration du 9 mars 2018, elles seront \u00ab\u00a0appel\u00e9es\u00a0\u00bb \u00e0 contribuer \u00e0 sa r\u00e9ussite : Les participants r\u00e9serveront leurs places pour assister \u00e0 la f\u00eate, Les sponsors soutiendront l&rsquo;\u00e9v\u00e8nement, Les &hellip; <\/p>\n<p class=\"link-more\"><a href=\"https:\/\/paris.wordcamp.org\/2018\/les-equipes\/\" class=\"more-link\">Continuer la lecture<span class=\"screen-reader-text\"> de &laquo;&nbsp;Les \u00e9quipes&nbsp;&raquo;<\/span><\/a><\/p>\n","protected":false},"author":6594935,"featured_media":0,"parent":0,"menu_order":0,"comment_status":"closed","ping_status":"closed","template":"","meta":{"jetpack_post_was_ever_published":false,"footnotes":""},"class_list":["post-177","page","type-page","status-publish","hentry"],"jetpack_sharing_enabled":true,"jetpack_shortlink":"https:\/\/wp.me\/P91XyD-2R","_links":{"self":[{"href":"https:\/\/paris.wordcamp.org\/2018\/wp-json\/wp\/v2\/pages\/177","targetHints":{"allow":["GET"]}}],"collection":[{"href":"https:\/\/paris.wordcamp.org\/2018\/wp-json\/wp\/v2\/pages"}],"about":[{"href":"https:\/\/paris.wordcamp.org\/2018\/wp-json\/wp\/v2\/types\/page"}],"author":[{"embeddable":true,"href":"https:\/\/paris.wordcamp.org\/2018\/wp-json\/wp\/v2\/users\/6594935"}],"replies":[{"embeddable":true,"href":"https:\/\/paris.wordcamp.org\/2018\/wp-json\/wp\/v2\/comments?post=177"}],"version-history":[{"count":7,"href":"https:\/\/paris.wordcamp.org\/2018\/wp-json\/wp\/v2\/pages\/177\/revisions"}],"predecessor-version":[{"id":3484,"href":"https:\/\/paris.wordcamp.org\/2018\/wp-json\/wp\/v2\/pages\/177\/revisions\/3484"}],"wp:attachment":[{"href":"https:\/\/paris.wordcamp.org\/2018\/wp-json\/wp\/v2\/media?parent=177"}],"curies":[{"name":"wp","href":"https:\/\/api.w.org\/{rel}","templated":true}]}}