{"id":1597,"date":"2018-03-08T21:05:21","date_gmt":"2018-03-08T20:05:21","guid":{"rendered":"https:\/\/2018.paris.wordcamp.org\/?page_id=1597"},"modified":"2018-03-11T14:33:14","modified_gmt":"2018-03-11T13:33:14","slug":"note-de-version","status":"publish","type":"page","link":"https:\/\/paris.wordcamp.org\/2018\/","title":{"rendered":"Bienvenue au WordCamp Paris 2.0.18"},"content":{"rendered":"<div class=\"wp-block-image release-wapuu\">\n<figure class=\"aligncenter\"><img decoding=\"async\" src=\"https:\/\/cldup.com\/cP8DAoGw0q.svg\" alt=\"TiTi\" \/><\/figure>\n<\/div>\n\n\n<p style=\"font-size:22px\" class=\"has-drop-cap release-intro\">Merci \u00e0 tou\u00b7te\u00b7s d&#x27;avoir r\u00e9pondu pr\u00e9sent pour notre c\u00e9l\u00e9bration de dix ann\u00e9es de WordCamps \u00e0 Paris. <strong>2018<\/strong> est l&#x27;\u00e9dition la plus <strong>\ufeffinnovante<\/strong>, la plus <strong>inclusive<\/strong> et la plus <strong>surprenante<\/strong>\u00a0de notre rencontre communautaire !<\/p>\n\n\n\n<a id=\"new\" class=\"new-tab\"><\/a>\n<a id=\"props\" class=\"props-tab\"><\/a>\n\n\n\n<div class=\"release-tab new-tab default-release-tab\">\n\n\n\n<ul class=\"nav-tab-wrapper wp-block-list\">\n    <li><a href=\"#new\" class=\"current\">Les nouveaut\u00e9s<\/a><\/li>\n    <li><a href=\"#props\">Les props*<\/a><\/li>\n<\/ul>\n\n\n\n<section class=\"wp-block-cover-image has-background-dim has-parallax livestream-cover\">\n    <h2><a href=\"https:\/\/2018.paris.wordcamp.org\/2018\/02\/28\/les-videos-des-wordcamps-ca-tourne\/\">Diffusion en direct des conf\u00e9rences et des ateliers\ufeff<\/a><\/h2>\n<\/section>\n\n\n\n<p style=\"font-size:11px;text-align:center\">CC BY Thierry Pigot<\/p>\n\n\n\n<p>250 participants se sont r\u00e9unis \u00e0 la MAS de Paris pour vivre &quot;IRL&quot; notre magnifique <a href=\"https:\/\/2018.paris.wordcamp.org\/programme\/\">programme<\/a> de 12 conf\u00e9rences, d&#x27;un documentaire et de 9 ateliers. Et cette ann\u00e9e, pour la toute premi\u00e8re fois de notre histoire,\u00a0nous relevons le d\u00e9fi du &quot;<strong>livestream<\/strong>&quot;. 250 autres participants ont ainsi pu vivre en direct l&#x27;int\u00e9gralit\u00e9 des conf\u00e9rences et des ateliers du WordCamp.<\/p>\n\n\n\n<hr class=\"wp-block-separator\" \/>\n\n\n\n<section class=\"wp-block-cover-image has-background-dim has-parallax velotypie-cover\">\n    <h2><a href=\"https:\/\/2018.paris.wordcamp.org\/2018\/03\/05\/le-wc-paris-accessible-aux-sourds-et-malentandants\/\">Sous-titrage en temps r\u00e9els des conf\u00e9rences\ufeff<\/a><\/h2>\n<\/section>\n\n\n\n<p style=\"font-size:11px;text-align:center\">CC BY-SA Steve Blythe<\/p>\n\n\n\n<p>Pour cette 10e \u00e9dition, l&#x27;\u00e9quipe a tout mis en oeuvre pour am\u00e9liorer encore plus <strong>l&#x27;accessibilit\u00e9<\/strong> de notre rassemblement communautaire en proposant \u00e0 nos membres ayant des difficult\u00e9s d&#x27;audition de pouvoir profiter au mieux des conf\u00e9rences qui se sont d\u00e9roul\u00e9es dans la salle Emile Laffon. Pour ce faire nous avons fait appel \u00e0 des sp\u00e9cialistes de la &quot;<strong>v\u00e9lotypie<\/strong>&quot; : ceux qui avaient admirablement oeuvr\u00e9 lors du <a href=\"https:\/\/2018.paris.wordcamp.org\/2018\/02\/25\/leurope-en-tete\/#wceu-2017\">WordCamp Europe 2017<\/a> qui s&#x27;est d\u00e9roul\u00e9 \u00e0 Paris.<\/p>\n\n\n\n<hr class=\"wp-block-separator\" \/>\n\n\n\n<section class=\"wp-block-cover-image has-background-dim has-parallax openbar-cover\">\n    <h2><a href=\"https:\/\/2018.paris.wordcamp.org\/2018\/02\/12\/au-menu-de-lopenbar\/\">\ufeffL&#x27;OpenBar : contribuez, jouez et approfondissez.<\/a><\/h2>\n<\/section>\n\n\n\n<p style=\"font-size:11px;text-align:center\">CC BY imath<\/p>\n\n\n\n<p>En hommage aux tous premiers WordCamps parisiens organis\u00e9s sous la forme de <strong>Barcamps<\/strong>, l&#x27;OpenBar vous a propos\u00e9 un ensemble d&#x27;activit\u00e9s ludiques, contributives et participatives. Vous avez propos\u00e9 et vot\u00e9 pour ces activit\u00e9s, le WordCamp Paris vous les a servies en salle Tilleul !<\/p>\n\n\n\n<hr class=\"wp-block-separator\" \/>\n\n\n\n<h2 class=\"wp-block-heading\" style=\"text-align:center\">Dans le d\u00e9tail<\/h2>\n\n\n\n<div class=\"wp-block-columns has-3-columns is-layout-flex wp-container-core-columns-is-layout-9d6595d7 wp-block-columns-is-layout-flex\">\n    \n    <h3 class=\"layout-column-1 wp-block-heading\">Fid\u00e9lit\u00e9 \u00e0 la tradition<\/h3>\n    \n\n    \n    <ul class=\"layout-column-1 wp-block-list\">\n        <li>Chaque participant \u00e0 notre f\u00eate a re\u00e7u le <a href=\"https:\/\/2018.paris.wordcamp.org\/2018\/02\/27\/tee-shirts-wordcamp-paris-collection-hiver-2018-in-progress\/\">Tee-Shirt collector du WordCamp<\/a><\/li>\n        <li>A l&#x27;issue de la journ\u00e9e de conf\u00e9rences une <a href=\"https:\/\/2018.paris.wordcamp.org\/2018\/02\/22\/notre-after-party\/\">After Party<\/a>\u00a0a accueilli les plus f\u00eatards d&#x27;entre nous.<\/li>\n    <\/ul>\n    \n\n    \n    <h3 class=\"layout-column-2 wp-block-heading\">Un contenu \u00e9labor\u00e9 plus participativement<\/h3>\n    \n\n    \n    <ul class=\"layout-column-2 wp-block-list\">\n        <li>Le comit\u00e9 de s\u00e9lection des conf\u00e9rences et des ateliers \u00e9tait compos\u00e9 d\u2019organisateurs et d\u2019\u00e9valuateurs volontaires de la communaut\u00e9. Comit\u00e9 dont la majorit\u00e9 des membres a vot\u00e9 en \u00ab aveugle \u00bb.<\/li>\n        <li>Les activit\u00e9s de l\u2019OpenBar ont \u00e9t\u00e9 propos\u00e9es et choisies par la communaut\u00e9. Les 16 plus populaires d\u2019entre elles seront \u00ab servies \u00bb en salle Tilleul.<\/li>\n    <\/ul>\n    \n\n    \n    <h3 class=\"layout-column-3 wp-block-heading\">La contribution pour leitmotiv.<\/h3>\n    \n\n    \n    <ul class=\"layout-column-3 wp-block-list\">\n        <li><a href=\"https:\/\/2018.paris.wordcamp.org\/categorie\/appels-a-contribution\/\">6 appels \u00e0 contributions<\/a> ont \u00e9t\u00e9 publi\u00e9s tout au long de la phase de pr\u00e9paration du WordCamp (organisateurs, sponsors, orateurs, OpenBar, b\u00e9n\u00e9voles et souvenirs).<\/li>\n        <li>Deux <a href=\"https:\/\/github.com\/WordCampParis\">extensions WordPress<\/a> ont \u00e9t\u00e9 cr\u00e9\u00e9es pour g\u00e9rer la s\u00e9lection des conf\u00e9rences et des activit\u00e9s participatives de l&#x27;OpenBar.<\/li>\n    <\/ul>\n    \n<\/div>\n\n\n\n<\/div>\n\n\n\n<div class=\"release-tab props-tab\">\n\n\n\n<ul class=\"nav-tab-wrapper wp-block-list\">\n    <li><a href=\"#new\">Les nouveaut\u00e9s<\/a><\/li>\n    <li><a href=\"#props\" class=\"current\">Les props*\ufeff<\/a><\/li>\n<\/ul>\n\n\n\n<p class=\"props-intro\"><em><code>*<\/code> le terme &quot;props&quot; est utilis\u00e9 dans les messages de &quot;commit&quot; pour t\u00e9moigner \u00e0 l&#x27;auteur d&#x27;un correctif d&#x27;une reconnaissance pour sa contribution<\/em><\/p>\n\n\n\n<p>Le WordCamp de Paris est le r\u00e9sultat des contributions et de la collaboration des \u00e9quipes qu&#x27;il rassemble. La premi\u00e8re d&#x27;entre elle, compos\u00e9e de b\u00e9n\u00e9voles passionn\u00e9.e.s de WordPress et de sa communaut\u00e9 est <strong>l&#x27;\u00e9quipe d&#x27;organisation<\/strong>.<\/p>\n\n\n\n<ul class=\"wp-block-gallery alignnone columns-3 wp-block-gallery-1 is-layout-flex wp-block-gallery-is-layout-flex\">\n    <li class=\"blocks-gallery-item\">\n        <figure><img decoding=\"async\" src=\"https:\/\/2018.paris.wordcamp.org\/files\/2018\/03\/wapuu-eric.jpg\" \/>\n            <figcaption>\u00c9ric Martin &#8211; Logistique<\/figcaption>\n        <\/figure>\n    <\/li>\n    <li class=\"blocks-gallery-item\">\n        <figure><img decoding=\"async\" src=\"https:\/\/2018.paris.wordcamp.org\/files\/2018\/03\/wapuu-florent.jpg\" \/>\n            <figcaption>Florent Christophe &#8211; Participants<\/figcaption>\n        <\/figure>\n    <\/li>\n    <li class=\"blocks-gallery-item\">\n        <figure><img decoding=\"async\" src=\"https:\/\/2018.paris.wordcamp.org\/files\/2018\/03\/wapuu-florian.jpg\" \/>\n            <figcaption>Florian Chambolle &#8211; B\u00e9n\u00e9voles<\/figcaption>\n        <\/figure>\n    <\/li>\n    <li class=\"blocks-gallery-item\">\n        <figure><img decoding=\"async\" src=\"https:\/\/2018.paris.wordcamp.org\/files\/2018\/03\/wapuu-julio.jpg\" \/>\n            <figcaption>Julio Potier &#8211; Orateurs<\/figcaption>\n        <\/figure>\n    <\/li>\n    <li class=\"blocks-gallery-item\">\n        <figure><img decoding=\"async\" src=\"https:\/\/2018.paris.wordcamp.org\/files\/2018\/03\/wapuu-laurent.jpg\" \/>\n            <figcaption>Laurent Vergnaud &#8211; Sponsors<\/figcaption>\n        <\/figure>\n    <\/li>\n    <li class=\"blocks-gallery-item\">\n        <figure><img decoding=\"async\" src=\"https:\/\/2018.paris.wordcamp.org\/files\/2018\/03\/wapuu-marc.jpg\" \/>\n            <figcaption>Marc Saffar &#8211; Participants<\/figcaption>\n        <\/figure>\n    <\/li>\n    <li class=\"blocks-gallery-item\">\n        <figure><img decoding=\"async\" src=\"https:\/\/2018.paris.wordcamp.org\/files\/2018\/03\/wapuu-mathieu.jpg\" \/>\n            <figcaption>Mathieu Viet &#8211; Coordination<\/figcaption>\n        <\/figure>\n    <\/li>\n    <li class=\"blocks-gallery-item\">\n        <figure><img decoding=\"async\" src=\"https:\/\/2018.paris.wordcamp.org\/files\/2018\/03\/wapuu-olivier.jpg\" \/>\n            <figcaption>Olivier Gobet &#8211; Photo\/Vid\u00e9o<\/figcaption>\n        <\/figure>\n    <\/li>\n    <li class=\"blocks-gallery-item\">\n        <figure><img decoding=\"async\" src=\"https:\/\/2018.paris.wordcamp.org\/files\/2018\/03\/wapuu-sylvie.jpg\" \/>\n            <figcaption>Sylvie Cl\u00e9ment &#8211; Orateurs<\/figcaption>\n        <\/figure>\n    <\/li>\n    <li class=\"blocks-gallery-item\">\n        <figure><img decoding=\"async\" src=\"https:\/\/2018.paris.wordcamp.org\/files\/2018\/03\/wapuu-thierry.jpg\" \/>\n            <figcaption>Thierry Pigot &#8211; Participants<\/figcaption>\n        <\/figure>\n    <\/li>\n    <li class=\"blocks-gallery-item\">\n        <figure><img decoding=\"async\" src=\"https:\/\/2018.paris.wordcamp.org\/files\/2018\/03\/wapuu-thomas.jpg\" \/>\n            <figcaption>Thomas Villain &#8211; Design<\/figcaption>\n        <\/figure>\n    <\/li>\n    <li class=\"blocks-gallery-item\">\n        <figure><img decoding=\"async\" src=\"https:\/\/2018.paris.wordcamp.org\/files\/2018\/03\/wapuu-valerie.jpg\" \/>\n            <figcaption>Val\u00e9rie Galassi &#8211; Communication<\/figcaption>\n        <\/figure>\n    <\/li>\n<\/ul>\n\n\n\n<h2 class=\"wp-block-heading\">WordPress Community Support<\/h2>\n\n\n\n<p>Cami Kaos, Roc\u00eco Valdivia, Andrea Middleton, Courtney Kranzke.<\/p>\n\n\n\n<h2 class=\"wp-block-heading\">B\u00e9n\u00e9voles<\/h2>\n\n\n\n<p>Aline H\u00e9au, Rachel Peter, Christophe Perrin, Fr\u00e9d\u00e9ric Champion, Paolo Tesei, Laurent Briere, Marie Linard, Marjorie Pasqualini.<\/p>\n\n\n\n<h2 class=\"wp-block-heading\">Orateurs<\/h2>\n\n\n\n<p>Maxime Bernard-Jacquet, Kirsten Cassidy, Fr\u00e9d\u00e9rique Game, Deborah Donnier, \u00c9milie Lebrun, Mathieu Le Roi, Julio Potier, Claire Bizingre, Riad Benguella, Jb Audras, Benjamin Pirson, Benjamin Lupu, Myl\u00e8ne Ueda, Nicolas CreaNico, Boone Gorges, Vincent Dubroeucq, Amaury Balmer, Daniel Roch, Juan Pablo Gomez, Tony Archambeau, Bilal Sebaa.<\/p>\n\n\n\n<h2 class=\"wp-block-heading\">Contributeurs aux contenus et au code<\/h2>\n\n\n\n<p>Mathieu Viet, Thomas Villain, Val\u00e9rie Galassi, Thierry Pigot, Julio Potier, \u00c9ric Martin, Marc Saffar, Florian Chambolle, Laurent Vergnaud, Florent Christophe, Olivier Gobet, Sylvie Cl\u00e9ment, Benoit Catherineau, Xavier Borderie, Benjamin Lupu, Jenny Beaumont, Manuel Schmalstieg, Didier Demory, Alexandre Valensi, Maxime Bernard-Jacquet, Claire Bizingre, Aur\u00e9lien Denis, Patricia Torre Brun, Nicolas &quot;CreaNico&quot;, B Audras, FX B\u00e9nard, Hugh Lashbrooke, Alexandre Yepes, Brice Capobianco, Fran\u00e7ois de Cambourg, Kevin Rocher, Fr\u00e9r\u00e9dique Battel, Florian Tiar, Marie Comet, Nicolas Birckel, R\u00e9my P\u00e9rona, Iann Dunn, Tom J. Nowell, Corey McKrill, Jo\u00ebl Nadal, Sandra Boulou.<\/p>\n\n\n\n<h2 class=\"wp-block-heading\">Sponsors<\/h2>\n\n\n\n<p><strong>JetPack &amp; Woocommerce<\/strong>:\u00a0Stephen Quirk, Brezo Cardero, R\u00e9mi Corson, Dat Hoang, Miguel Fonseca.\u00a0<strong>o2switch<\/strong>:\u00a0Alexandre Yepes.\u00a0<strong>WP Serveur<\/strong>:\u00a0Fabrice Ducarme.\u00a0<strong>GoDaddy<\/strong>:\u00a0Mendel Kurland, Alicia Wedd, Juliane M\u00fcller.\u00a0<strong>BeAPI<\/strong>: Amaury Balmer.\u00a0<strong>Weglot<\/strong>: Augustin Prot.\u00a0<strong>WP Search Console<\/strong>:\u00a0Fran\u00e7ois Lamotte.\u00a0<strong>Bluehost<\/strong>:\u00a0Devin Sears.\u00a0<strong>SecuPress\ufeff<\/strong>: Julio Potier. <strong>WP Assistance<\/strong>: Thierry Pigot.\u00a0<strong>PlanetHoster<\/strong>:\u00a0Saber Bariz,\u00a0Mina Shenouda. <strong>Planet-Work<\/strong>:\u00a0Sandrine Davy,\u00a0Arnaud Gautier.\u00a0<strong>WPMarmite<\/strong>: Alex Bortolotti.\u00a0<strong>PolyLang<\/strong>:\u00a0Fr\u00e9d\u00e9ric Demarle. <strong>Whodunit<\/strong>:\u00a0\u00c9milie Lebrun.\u00a0<strong>NOUS<\/strong> :\u00a0Fred Neau,\u00a0Bastien Ho.\u00a0<strong>Globali<\/strong>s:\u00a0Fr\u00e9d\u00e9ric Hovart.\u00a0<strong>CVMH<\/strong>:\u00a0Nicolas Renard.\u00a0<strong>WPChef<\/strong> :\u00a0Maxime Bernard-Jacquet,\u00a0Alex Bortolotti.\u00a0<strong>Themecloud<\/strong>: Laurent Vergnaud.\u00a0<strong>YoastSEO\ufeff<\/strong>:\u00a0Inge Ari\u00ebns,\u00a0Taco Verdonschot.<\/p>\n\n\n\n<\/div>\n","protected":false},"excerpt":{"rendered":"<p>Merci \u00e0 tou\u00b7te\u00b7s d&#x27;avoir r\u00e9pondu pr\u00e9sent pour notre c\u00e9l\u00e9bration de dix ann\u00e9es de WordCamps \u00e0 Paris. 2018 est l&#x27;\u00e9dition la plus \ufeffinnovante, la plus inclusive et la plus surprenante\u00a0de notre rencontre communautaire ! Les nouveaut\u00e9s Les props* CC BY Thierry Pigot 250 participants se sont r\u00e9unis \u00e0 la MAS de Paris pour vivre &quot;IRL&quot; notre &hellip; <\/p>\n<p class=\"link-more\"><a href=\"https:\/\/paris.wordcamp.org\/2018\/\" class=\"more-link\">Continuer la lecture<span class=\"screen-reader-text\"> de &laquo;&nbsp;Bienvenue au WordCamp Paris 2.0.18&nbsp;&raquo;<\/span><\/a><\/p>\n","protected":false},"author":6594935,"featured_media":4897,"parent":0,"menu_order":0,"comment_status":"closed","ping_status":"closed","template":"","meta":{"jetpack_post_was_ever_published":false,"footnotes":""},"class_list":["post-1597","page","type-page","status-publish","has-post-thumbnail","hentry"],"jetpack_sharing_enabled":true,"jetpack_shortlink":"https:\/\/wp.me\/P91XyD-pL","_links":{"self":[{"href":"https:\/\/paris.wordcamp.org\/2018\/wp-json\/wp\/v2\/pages\/1597","targetHints":{"allow":["GET"]}}],"collection":[{"href":"https:\/\/paris.wordcamp.org\/2018\/wp-json\/wp\/v2\/pages"}],"about":[{"href":"https:\/\/paris.wordcamp.org\/2018\/wp-json\/wp\/v2\/types\/page"}],"author":[{"embeddable":true,"href":"https:\/\/paris.wordcamp.org\/2018\/wp-json\/wp\/v2\/users\/6594935"}],"replies":[{"embeddable":true,"href":"https:\/\/paris.wordcamp.org\/2018\/wp-json\/wp\/v2\/comments?post=1597"}],"version-history":[{"count":40,"href":"https:\/\/paris.wordcamp.org\/2018\/wp-json\/wp\/v2\/pages\/1597\/revisions"}],"predecessor-version":[{"id":4951,"href":"https:\/\/paris.wordcamp.org\/2018\/wp-json\/wp\/v2\/pages\/1597\/revisions\/4951"}],"wp:featuredmedia":[{"embeddable":true,"href":"https:\/\/paris.wordcamp.org\/2018\/wp-json\/wp\/v2\/media\/4897"}],"wp:attachment":[{"href":"https:\/\/paris.wordcamp.org\/2018\/wp-json\/wp\/v2\/media?parent=1597"}],"curies":[{"name":"wp","href":"https:\/\/api.w.org\/{rel}","templated":true}]}}