{"id":70,"date":"2015-08-03T19:00:34","date_gmt":"2015-08-03T17:00:34","guid":{"rendered":"https:\/\/2016.paris.wordcamp.org\/?page_id=70"},"modified":"2016-01-14T11:06:20","modified_gmt":"2016-01-14T10:06:20","slug":"dont-speak-french","status":"publish","type":"page","link":"https:\/\/paris.wordcamp.org\/2016\/dont-speak-french\/","title":{"rendered":"Don&rsquo;t speak French?"},"content":{"rendered":"<h2>Welcome!<\/h2>\n<p>This is the information page dedicated to non French-speaking participants of\u00a0 <strong>WordCamp Paris, to be held February 5 &amp; 6, 2016<\/strong>.<\/p>\n<p><strong><a href=\"https:\/\/2016.paris.wordcamp.org\/tickets\/\">Reserve your tickets now<\/a><\/strong>, general entry is 40\u20ac for:<\/p>\n<ul>\n<li>2 days of exceptional talks<\/li>\n<li>1 official WordCamp Paris 2016 t-shirt<\/li>\n<li>Morning coffee and a hot lunch on both days<\/li>\n<li>The chance to meet and exchange with WordPress community members from all over France and from abroad<\/li>\n<\/ul>\n<h2>Will there be talks in English?<\/h2>\n<p><strong>Yes!<\/strong> We have 5 talks in English scheduled this year. Check out <a href=\"https:\/\/2016.paris.wordcamp.org\/programme-2016\/\">the full program here<\/a>!<\/p>\n<h2>Where is it?<\/h2>\n<p>CAP 15<br \/>\n13 Quai de Grenelle<br \/>\n75015 Paris<br \/>\n<a href=\"http:\/\/www.cap15.com\" target=\"_self\">www.cap15.com<\/a><\/p>\n<div class=\"googlemaps\">\n\t\t\t\t<iframe loading=\"lazy\" width=\"800\" height=\"600\" frameborder=\"0\" scrolling=\"no\" marginheight=\"0\" marginwidth=\"0\"  src=\"https:\/\/www.google.com\/maps\/embed?pb=!1m18!1m12!1m3!1d2625.2193965633896!2d2.2884132999999998!3d48.8540266!2m3!1f0!2f0!3f0!3m2!1i1024!2i768!4f13.1!3m3!1m2!1s0x47e6701cd21d7113:0x859d6549ba6955f3!2sCAP%2015!5e0!3m2!1sfr!2sfr!4v1443211807454\"><\/iframe>\n\t\t\t<\/div>\n<h2>Where to stay?<\/h2>\n<p>Here are a few places near the venue in various price ranges. We were able to negotiate a few deals, but places are limited!<\/p>\n<div class=\"googlemaps\">\n\t\t\t\t<iframe loading=\"lazy\" width=\"800\" height=\"600\" frameborder=\"0\" scrolling=\"no\" marginheight=\"0\" marginwidth=\"0\"  src=\"https:\/\/mapsengine.google.com\/map\/u\/1\/embed?mid=zlHVezAKcRts.kX0ls_K_psK8\"><\/iframe>\n\t\t\t<\/div>\n<h3>Hotel Eiffel Seine<\/h3>\n<p>3 Boulevard de Grenelle, 75015 Paris<br \/>\n<a href=\"http:\/\/www.hoteleiffelseineparis.com\/\">hoteleiffelseineparis.com<br \/>\n<\/a>+33 (0)1 45 78 14 81<\/p>\n<h3>Hotel Mercure Paris Centre Tour Eiffel<\/h3>\n<p>20 Rue Jean Rey, 75015 Paris<br \/>\n<a href=\"http:\/\/www.accorhotels.com\/lien_externe.svlt?goto=fiche_hotel&amp;code_hotel=2175&amp;merchantid=seo-maps-FR-2175&amp;sourceid=aw-cen\">accorhotels.com<br \/>\n<\/a>+33 (0)1 45 78 53 00<\/p>\n<p><strong>SPECIAL OFFER (only 7 available until the end of December):<\/strong><\/p>\n<ul>\n<li>Single bed (1 person): 140\u20ac \/ night, breakfast included<\/li>\n<li>Double bed (2 people): 156\u20ac \/ night, 2 breakfasts included<\/li>\n<\/ul>\n<h3>Best Western<\/h3>\n<p>46 Rue de la Croix Nivert, 75015 Paris<br \/>\n<a href=\"http:\/\/www.bestwestern.fr\/fiche_hotel.jsp?HotelCode=93469&amp;sob=A46\">bestwestern.fr<br \/>\n<\/a>+33 (0)1 56 58 56 78<br \/>\n<a href=\"mailto:hotel@eiffelcambronne.com\">hotel@eiffelcambronne.com<\/a><\/p>\n<p><strong>SPECIAL OFFER (limit 15 rooms) :<\/strong><\/p>\n<ul>\n<li>Single bed (1 personn): 96\u20ac \/ night, breakfast included<\/li>\n<li>Double bed (2 people): : 110\u20ac \/ night, 2 breakfasts included<\/li>\n<\/ul>\n<p><em>(add1,65\u20ac hotel tax per person, per night)<\/em><\/p>\n<p>Reserve by phone or email only with the code WORDCAMP PARIS.<\/p>\n<h3>Ibis Cambronne<\/h3>\n<p>2 Rue Cambronne, 75015 Paris<br \/>\n<a href=\"http:\/\/www.accorhotels.com\/lien_externe.svlt?goto=fiche_hotel&amp;code_hotel=1400&amp;merchantid=seo-maps-FR-1400&amp;sourceid=aw-cen\">accorhotels.com<br \/>\n<\/a>+33 (0)1 40 61 21 21<\/p>\n<h3>3 Ducks Hostel<\/h3>\n<p>6, place Etienne Pernet<br \/>\n75015 Paris<br \/>\n+33 (0)1 48 42 04 05<br \/>\n<a href=\"http:\/\/3ducks.fr\/\">3ducks.fr<\/a><\/p>\n<h2>Will there be an after party?<\/h2>\n<p>Yes! The after party will be held the Friday evening from 7pm-midnight at La Javelle, a 20-30min walk from the venue.<\/p>\n<p>Entrance is free, bring your badge!<\/p>\n<div class=\"googlemaps\">\n\t\t\t\t<iframe loading=\"lazy\" width=\"100\" height=\"350\" frameborder=\"0\" scrolling=\"no\" marginheight=\"0\" marginwidth=\"0\"  src=\"https:\/\/www.google.com\/maps\/d\/u\/1\/embed?mid=zlHVezAKcRts.kp0hDb4ZoSgM\"><\/iframe>\n\t\t\t<\/div>\n<p><strong>Public\u00a0transportation<br \/>\n<\/strong>RER C \/ Tram 3 : Pont du Garigliano<br \/>\nM\u00e9tro 10 : Javel Andr\u00e9 Citro\u00ebn<br \/>\nM\u00e9tro 8 : Lourmel \/ Balard<br \/>\nM\u00e9tro 9 : Exelmans<\/p>\n<p><strong>Food<\/strong><br \/>\nThere will be a food truck available if you want to grab a bite there, otherwise there are plenty of restaurants in the area.<\/p>\n<p><a href=\"https:\/\/www.google.fr\/maps\/place\/Le+Bistrot+d'en+face\/@48.8496758,2.2907202,16z\/data=!4m2!3m1!1s0x0000000000000000:0x5266096716066d23\"><strong>Le Bistrot d&rsquo;en Face<\/strong><\/a><br \/>\n24 Rue du Dr Finlay<br \/>\n75015 Paris<br \/>\n<a href=\"http:\/\/www.lebistrotdenface.com\/\" target=\"_blank\">www.lebistrotdenface.com<\/a><\/p>\n<p><strong><a href=\"https:\/\/www.google.fr\/maps\/place\/Restaurant+Japonais+Benkay+Paris\/@48.8495025,2.281058,17z\/data=!4m5!1m2!2m1!1sRestaurant+Japonais+Benkay+Paris!3m1!1s0x47e6700434651167:0xe422d454fd2dc442\">Restaurant Japonais Benkay Paris<\/a><\/strong><br \/>\n61 Quai de Grenelle<br \/>\n75015 Paris<\/p>\n<p><a href=\"https:\/\/www.google.fr\/maps\/place\/Restaurant+Eclectic\/@48.8488708,2.2796719,17z\/data=!4m5!1m2!2m1!1sRestaurant+Eclectic!3m1!1s0x47e67006744ff911:0xa30f421589ead4f7\"><strong>Restaurant Eclectic<\/strong><\/a><br \/>\n2 Rue Linois, 75015 Paris<br \/>\n<a class=\"widget-pane-link\" href=\"http:\/\/www.restauranteclectic.fr\/\" target=\"_blank\">restauranteclectic.fr<\/a><\/p>\n<p><a href=\"https:\/\/www.google.fr\/maps\/place\/LA+CANTINE\/@48.8392502,2.2767241,16.65z\/data=!4m2!3m1!1s0x0000000000000000:0x94ba622efe18c735\"><strong>La Cantine<\/strong><\/a><br \/>\n46 Rue Balard, 75015 Paris<br \/>\n<a class=\"widget-pane-link\" href=\"http:\/\/www.restaurantbar-lacantine.com\/\" target=\"_blank\">restaurantbar-lacantine.com<\/a><\/p>\n<p>In the\u00a0Beaugrenelle shopping center:<br \/>\n&#8211;\u00a0<a href=\"https:\/\/www.google.fr\/maps\/place\/Chipotle\/@48.8492399,2.282576,15z\/data=!4m2!3m1!1s0x0:0x815ef63421993209\">Chipotle<\/a><br \/>\n&#8211;\u00a0<a href=\"https:\/\/www.google.fr\/maps\/place\/Cojean+Beaugrenelle\/@48.8488235,2.280707,17z\/data=!3m1!4b1!4m2!3m1!1s0x47e67005e8080bfd:0xe2b54992bc503c12\">Cojean Beaugrenelle<\/a><br \/>\n&#8211;\u00a0<a href=\"https:\/\/www.google.fr\/maps\/place\/Noura+Beaugrenelle\/@48.8488539,2.2653378,14z\/data=!4m5!1m2!2m1!1sNoura+Beaugrenelle!3m1!1s0x47e67005d8e2de31:0x157352c93b5b947e\">Noura Beaugrenelle<\/a><br \/>\n&#8211;\u00a0<a href=\"https:\/\/www.google.fr\/maps\/place\/BERMUDA+ONION\/@48.849105,2.2805429,17z\/data=!4m5!1m2!2m1!1sBermuda+Onion!3m1!1s0x47e67005ddce23cf:0xe489af25201c1dbf\">Bermuda Onion<\/a><\/p>\n<h2>For more information<\/h2>\n<p>General questions: <a href=\"mailto:info@wcamp.paris\">info@wcamp.paris<\/a><br \/>\nSponsorship &amp; partnerships: <a href=\"mailto:sponsors@wcamp.paris\">sponsors@wcamp.paris<\/a><br \/>\nPress inquiries: <a href=\"mailto:presse@wcamp.paris\">presse@wcamp.paris<\/a><\/p>\n","protected":false},"excerpt":{"rendered":"<p>Welcome! This is the information page dedicated to non French-speaking participants of\u00a0 WordCamp Paris, to be held February 5 &amp; 6, 2016. Reserve your tickets now, general entry is 40\u20ac for: 2 days of exceptional talks 1 official WordCamp Paris 2016 t-shirt Morning coffee and a hot lunch on both days The chance to meet &hellip; <a href=\"https:\/\/paris.wordcamp.org\/2016\/dont-speak-french\/\" class=\"more-link\">Continuer la lecture de <span class=\"screen-reader-text\">Don&rsquo;t speak French?<\/span>  <span class=\"meta-nav\">&rarr;<\/span><\/a><\/p>\n","protected":false},"author":573593,"featured_media":384,"parent":0,"menu_order":0,"comment_status":"open","ping_status":"closed","template":"","meta":{"jetpack_post_was_ever_published":false,"footnotes":""},"class_list":["post-70","page","type-page","status-publish","has-post-thumbnail","hentry"],"jetpack_sharing_enabled":true,"jetpack_shortlink":"https:\/\/wp.me\/P6xjzJ-18","_links":{"self":[{"href":"https:\/\/paris.wordcamp.org\/2016\/wp-json\/wp\/v2\/pages\/70","targetHints":{"allow":["GET"]}}],"collection":[{"href":"https:\/\/paris.wordcamp.org\/2016\/wp-json\/wp\/v2\/pages"}],"about":[{"href":"https:\/\/paris.wordcamp.org\/2016\/wp-json\/wp\/v2\/types\/page"}],"author":[{"embeddable":true,"href":"https:\/\/paris.wordcamp.org\/2016\/wp-json\/wp\/v2\/users\/573593"}],"replies":[{"embeddable":true,"href":"https:\/\/paris.wordcamp.org\/2016\/wp-json\/wp\/v2\/comments?post=70"}],"version-history":[{"count":27,"href":"https:\/\/paris.wordcamp.org\/2016\/wp-json\/wp\/v2\/pages\/70\/revisions"}],"predecessor-version":[{"id":2423,"href":"https:\/\/paris.wordcamp.org\/2016\/wp-json\/wp\/v2\/pages\/70\/revisions\/2423"}],"wp:featuredmedia":[{"embeddable":true,"href":"https:\/\/paris.wordcamp.org\/2016\/wp-json\/wp\/v2\/media\/384"}],"wp:attachment":[{"href":"https:\/\/paris.wordcamp.org\/2016\/wp-json\/wp\/v2\/media?parent=70"}],"curies":[{"name":"wp","href":"https:\/\/api.w.org\/{rel}","templated":true}]}}