{"id":569,"date":"2015-09-25T22:23:40","date_gmt":"2015-09-25T20:23:40","guid":{"rendered":"https:\/\/2016.paris.wordcamp.org\/?page_id=569"},"modified":"2015-09-27T18:48:25","modified_gmt":"2015-09-27T16:48:25","slug":"charte-des-wordcamps","status":"publish","type":"page","link":"https:\/\/paris.wordcamp.org\/2016\/charte-des-wordcamps\/","title":{"rendered":"Charte des WordCamps"},"content":{"rendered":"<p style=\"text-align: justify\">Tous les WordCamps doivent respecter <a href=\"http:\/\/plan.wordcamp.org\/agreement-among-wordcamp-organizers-speakers-sponsors-and-volunteers\/\">une\u00a0charte<\/a> mise en place par WordCamp Central, l&rsquo;organisme qui s&rsquo;assure qu&rsquo;un WordCamp suit certaines r\u00e8gles.<\/p>\n<p style=\"text-align: justify\">Elle s&rsquo;applique aux organisateurs\/trices, aux volontaires, aux orateurs\/trices et aux sponsors sans discernement. Elle ne s&rsquo;applique pas aux auditeurs qui assistent \u00e0 l&rsquo;\u00e9v\u00e8nement.<\/p>\n<p style=\"text-align: justify\">Voici notre traduction de la charte originale :<\/p>\n<p style=\"text-align: justify\"><strong>Accord entre les organisateurs, orateurs, sponsors et volontaires du WordCamp.<\/strong><\/p>\n<ul style=\"text-align: justify\">\n<li>Je reconnais que les WordCamp sont con\u00e7us au b\u00e9n\u00e9fice de la communaut\u00e9 WordPress locale par le biais d&rsquo;\u00e9v\u00e8nements, et celui de la communaut\u00e9 internationale par le biais de vid\u00e9os et autres contenus diffus\u00e9s en ligne.<\/li>\n<li>Je reconnais que les WordCamps sont des \u00e9v\u00e8nements informels organis\u00e9s par des volontaires de la communaut\u00e9 locale, et qui refl\u00e8tent la communaut\u00e9 qu&rsquo;ils repr\u00e9sentent.<\/li>\n<li>Je reconnais que les organisateurs, orateurs, sponsors et volontaires doivent soutenir le projet WordPress et ses principes.<\/li>\n<li>Je reconnais que les principes du projet WordPress sont notamment :\n<ul>\n<li>l&rsquo;absence de discrimination bas\u00e9e sur le statut \u00e9conomique ou social, la couleur de\u00a0peau, l&rsquo;origine ethnique, la nationalit\u00e9, les principes, les croyances politiques ou\u00a0religieuses, la sexualit\u00e9 ou l&rsquo;orientation sexuelle, le statut marital, l&rsquo;\u00e2ge ou le handicap ;<\/li>\n<li>l&rsquo;absence d&rsquo;incitation \u00e0 la violence ou de\u00a0promotion de la haine ;<\/li>\n<li>le refus des spammeurs ;<\/li>\n<li>le refus des g\u00eaneurs (\u00ab\u00a0jerks\u00a0\u00bb) ;<\/li>\n<li>le respect de la marque d\u00e9pos\u00e9e WordPress ;<\/li>\n<li>l&rsquo;acceptation de la licence de WordPress. En distribuant des cr\u00e9ations d\u00e9riv\u00e9es de\u00a0WordPress (th\u00e8mes, extensions, distributions WordPress), les personnes et soci\u00e9t\u00e9s\u00a0officiellement associ\u00e9es au WordCamp doivent donner \u00e0 leurs utilisateurs les m\u00eames\u00a0libert\u00e9s que WordPress leur donne d\u00e9j\u00e0 : respect \u00e0 100% de la licence GPL ou d&rsquo;une\u00a0licence compatible, comme c&rsquo;est le cas sur WordPress.org.<\/li>\n<li>l&rsquo;absence de promotion de personnes ou de soci\u00e9t\u00e9s qui distribuent des cr\u00e9ations bas\u00e9es sur\u00a0WordPress qui ne sont pas \u00e0 100% compatible avec la licence GPL.<\/li>\n<\/ul>\n<\/li>\n<li>Je reconnais que les WordCamps sont des \u00e9v\u00e8nements \u00e0 but non lucratif, organis\u00e9s en toute transparence de budget et de financement.<\/li>\n<li>Je reconnais qu&rsquo;un WordCamp devrait \u00eatre accessible au plus grand nombre, quel que soit sa situation financi\u00e8re.<\/li>\n<li>Je reconnais que je ne suis pas un(e) employ\u00e9(e) de la WordPress Foundation, et que ma participation au WordCamp est volontaire.<\/li>\n<\/ul>\n<p style=\"text-align: justify\">Si vous avez des craintes ou des questions au sujet de la GPL, n&rsquo;h\u00e9sitez pas \u00e0 nous en parler. Pour r\u00e9sumer, la charte indique\u00a0que si vous distribuez publiquement des extensions ou des th\u00e8mes WordPress (gratuits ou payants), il faut que leur code PHP soit sous licence GPL.<\/p>\n","protected":false},"excerpt":{"rendered":"<p>Tous les WordCamps doivent respecter une\u00a0charte mise en place par WordCamp Central, l&rsquo;organisme qui s&rsquo;assure qu&rsquo;un WordCamp suit certaines r\u00e8gles. Elle s&rsquo;applique aux organisateurs\/trices, aux volontaires, aux orateurs\/trices et aux sponsors sans discernement. Elle ne s&rsquo;applique pas aux auditeurs qui assistent \u00e0 l&rsquo;\u00e9v\u00e8nement. Voici notre traduction de la charte originale : Accord entre les organisateurs, &hellip; <a href=\"https:\/\/paris.wordcamp.org\/2016\/charte-des-wordcamps\/\" class=\"more-link\">Continuer la lecture de <span class=\"screen-reader-text\">Charte des WordCamps<\/span>  <span class=\"meta-nav\">&rarr;<\/span><\/a><\/p>\n","protected":false},"author":11552840,"featured_media":384,"parent":0,"menu_order":0,"comment_status":"closed","ping_status":"closed","template":"","meta":{"jetpack_post_was_ever_published":false,"footnotes":""},"class_list":["post-569","page","type-page","status-publish","has-post-thumbnail","hentry"],"jetpack_sharing_enabled":true,"jetpack_shortlink":"https:\/\/wp.me\/P6xjzJ-9b","_links":{"self":[{"href":"https:\/\/paris.wordcamp.org\/2016\/wp-json\/wp\/v2\/pages\/569","targetHints":{"allow":["GET"]}}],"collection":[{"href":"https:\/\/paris.wordcamp.org\/2016\/wp-json\/wp\/v2\/pages"}],"about":[{"href":"https:\/\/paris.wordcamp.org\/2016\/wp-json\/wp\/v2\/types\/page"}],"author":[{"embeddable":true,"href":"https:\/\/paris.wordcamp.org\/2016\/wp-json\/wp\/v2\/users\/11552840"}],"replies":[{"embeddable":true,"href":"https:\/\/paris.wordcamp.org\/2016\/wp-json\/wp\/v2\/comments?post=569"}],"version-history":[{"count":1,"href":"https:\/\/paris.wordcamp.org\/2016\/wp-json\/wp\/v2\/pages\/569\/revisions"}],"predecessor-version":[{"id":570,"href":"https:\/\/paris.wordcamp.org\/2016\/wp-json\/wp\/v2\/pages\/569\/revisions\/570"}],"wp:featuredmedia":[{"embeddable":true,"href":"https:\/\/paris.wordcamp.org\/2016\/wp-json\/wp\/v2\/media\/384"}],"wp:attachment":[{"href":"https:\/\/paris.wordcamp.org\/2016\/wp-json\/wp\/v2\/media?parent=569"}],"curies":[{"name":"wp","href":"https:\/\/api.w.org\/{rel}","templated":true}]}}