{"id":547,"date":"2015-09-25T21:57:01","date_gmt":"2015-09-25T19:57:01","guid":{"rendered":"https:\/\/2016.paris.wordcamp.org\/?page_id=547"},"modified":"2016-01-25T19:03:51","modified_gmt":"2016-01-25T18:03:51","slug":"tickets","status":"publish","type":"page","link":"https:\/\/paris.wordcamp.org\/2016\/tickets\/","title":{"rendered":"Billetterie"},"content":{"rendered":"<h2 style=\"text-align: center\">R\u00e9servez vos places<\/h2>\n<p style=\"text-align: center\">Pour la 9<sup>e<\/sup> \u00e9dition de l&rsquo;\u00e9v\u00e9nement WordPress incontournable en France<br \/>\n<strong>Les 5 et 6 f\u00e9vrier 2016<\/strong><br \/>\n<strong> \u00e0 Espaces Cap 15 &#8211; Paris<\/strong><\/p>\n<a href=\"https:\/\/paris.wordcamp.org\/2016\/tickets\/\">Veuillez consulter cette page dans un navigateur pour acheter ou g\u00e9rer vos billets.<\/a>\n<p>Les pages suivantes sont \u00e0 conna\u00eetre :<\/p>\n<ul>\n<li><a href=\"https:\/\/2016.paris.wordcamp.org\/mentions-legales-cgv\/\">Mentions l\u00e9gales<\/a><\/li>\n<li><a href=\"https:\/\/2016.paris.wordcamp.org\/charte-des-wordcamps\/\">Charte des WordCamp<\/a><\/li>\n<li><a href=\"https:\/\/2016.paris.wordcamp.org\/code-de-conduite\/\">Code de conduite<\/a><\/li>\n<\/ul>\n","protected":false},"excerpt":{"rendered":"<p>R\u00e9servez vos places Pour la 9e \u00e9dition de l&rsquo;\u00e9v\u00e9nement WordPress incontournable en France Les 5 et 6 f\u00e9vrier 2016 \u00e0 Espaces Cap 15 &#8211; Paris Les pages suivantes sont \u00e0 conna\u00eetre : Mentions l\u00e9gales Charte des WordCamp Code de conduite<\/p>\n","protected":false},"author":11552840,"featured_media":384,"parent":0,"menu_order":0,"comment_status":"closed","ping_status":"closed","template":"","meta":{"jetpack_post_was_ever_published":false,"footnotes":""},"class_list":["post-547","page","type-page","status-publish","has-post-thumbnail","hentry"],"jetpack_sharing_enabled":true,"jetpack_shortlink":"https:\/\/wp.me\/P6xjzJ-8P","_links":{"self":[{"href":"https:\/\/paris.wordcamp.org\/2016\/wp-json\/wp\/v2\/pages\/547","targetHints":{"allow":["GET"]}}],"collection":[{"href":"https:\/\/paris.wordcamp.org\/2016\/wp-json\/wp\/v2\/pages"}],"about":[{"href":"https:\/\/paris.wordcamp.org\/2016\/wp-json\/wp\/v2\/types\/page"}],"author":[{"embeddable":true,"href":"https:\/\/paris.wordcamp.org\/2016\/wp-json\/wp\/v2\/users\/11552840"}],"replies":[{"embeddable":true,"href":"https:\/\/paris.wordcamp.org\/2016\/wp-json\/wp\/v2\/comments?post=547"}],"version-history":[{"count":26,"href":"https:\/\/paris.wordcamp.org\/2016\/wp-json\/wp\/v2\/pages\/547\/revisions"}],"predecessor-version":[{"id":929,"href":"https:\/\/paris.wordcamp.org\/2016\/wp-json\/wp\/v2\/pages\/547\/revisions\/929"}],"wp:featuredmedia":[{"embeddable":true,"href":"https:\/\/paris.wordcamp.org\/2016\/wp-json\/wp\/v2\/media\/384"}],"wp:attachment":[{"href":"https:\/\/paris.wordcamp.org\/2016\/wp-json\/wp\/v2\/media?parent=547"}],"curies":[{"name":"wp","href":"https:\/\/api.w.org\/{rel}","templated":true}]}}