{"id":12,"date":"2015-07-31T20:26:35","date_gmt":"2015-07-31T18:26:35","guid":{"rendered":"https:\/\/2016.paris.wordcamp.org\/organizers\/"},"modified":"2015-12-14T11:01:33","modified_gmt":"2015-12-14T10:01:33","slug":"organisateurs","status":"publish","type":"page","link":"https:\/\/paris.wordcamp.org\/2016\/organisateurs\/","title":{"rendered":"Organisateurs"},"content":{"rendered":"<p><em>L&rsquo;\u00e9quipe 2016 est fi\u00e8re de vous pr\u00e9senter le 9\u00e8me WordCamp Paris.<\/em><\/p>\n\t<div class=\"wcorg-organizers\">\n\n\t\t\n\t\t\t<div class=\"wcorg-organizer\">\n\t\t\t\t<h2>Jenny Beaumont<\/h2>\n\t\t\t\t<div class=\"wcorg-organizer-description\">\n\t\t\t\t\t\t\t\t\t\t<img alt='' src='https:\/\/secure.gravatar.com\/avatar\/f3de4d6add4b59297e37461cdba6132e4632097a94391701c26c69fca127570b?s=100&#038;d=mm&#038;r=g' srcset='https:\/\/secure.gravatar.com\/avatar\/f3de4d6add4b59297e37461cdba6132e4632097a94391701c26c69fca127570b?s=200&#038;d=mm&#038;r=g 2x' class='avatar avatar-100 photo' height='100' width='100' \/>\t\t\t\t\t<p>Jenny est \u00e9galement co-organisatrice du <a href=\"https:\/\/europe.wordcamp.org\/2016\/\">WordCamp Europe 2016<\/a>, oratrice occasionnelle aux WordCamps et conf\u00e9rences indies en France et \u00e0 l&rsquo;\u00e9tranger, et contributrice \u00e0 un nombre de blogs. Apr\u00e8s 17 ans d&rsquo;entrepreneuriat autour du web, elle prend\u00a0une ann\u00e9e sabbatique pour affronter de grands changements professionnels.<\/p>\n<p><a href=\"http:\/\/www.jennybeaumont.com\/\">www.jennybeaumont.com<\/a><\/p>\n\t\t\t\t<\/div>\n\t\t\t<\/div>\n\n\t\t\n\t\t\t<div class=\"wcorg-organizer\">\n\t\t\t\t<h2>\u00c9milie Lebrun<\/h2>\n\t\t\t\t<div class=\"wcorg-organizer-description\">\n\t\t\t\t\t\t\t\t\t\t<img alt='' src='https:\/\/secure.gravatar.com\/avatar\/ab0448d926577f7cf9c23a99f92ae2f2ab398a348e25941b3b345805db029ca4?s=100&#038;d=mm&#038;r=g' srcset='https:\/\/secure.gravatar.com\/avatar\/ab0448d926577f7cf9c23a99f92ae2f2ab398a348e25941b3b345805db029ca4?s=200&#038;d=mm&#038;r=g 2x' class='avatar avatar-100 photo' height='100' width='100' \/>\t\t\t\t\t<p><span style=\"color: #141412\">Work addict et entrepreneuse dans l&rsquo;\u00e2me, Emilie fonde sa premi\u00e8re soci\u00e9t\u00e9 dans l\u00b9informatique en 2001 puis exerce 6 ans en tant que freelance.<\/span><br style=\"color: #141412\" \/><span style=\"color: #141412\">En 2009, elle cr\u00e9e avec Nandor Wiener l&rsquo;<a href=\"https:\/\/www.whodunit.fr\/\" target=\"_blank\" rel=\"noopener nofollow\">agence WordPress Whodunit<\/a>.<\/span><br style=\"color: #141412\" \/><span style=\"color: #141412\">En 2010 elle se lance dans l&rsquo;aventure WordPress, convaincue du potentiel du CMS.<\/span><br style=\"color: #141412\" \/><span style=\"color: #141412\">Un livre blanc, un blog et de nombreux sites plus tard, elle accompagne au quotidien les entreprises dans la d\u00e9couverte de WordPress et de son \u00e9cosyst\u00e8me.<\/span><br style=\"color: #141412\" \/><span style=\"color: #141412\">Directrice projets de l&rsquo;agence, passionn\u00e9e par le web, le management et la conduite du changement, elle optimise, planifie, cherche constamment de nouvelles solutions \u2026 Le tout entre deux comp\u00e9titions de SingStar.<\/span><\/p>\n\t\t\t\t<\/div>\n\t\t\t<\/div>\n\n\t\t\n\t\t\t<div class=\"wcorg-organizer\">\n\t\t\t\t<h2>Benjamin Lupu<\/h2>\n\t\t\t\t<div class=\"wcorg-organizer-description\">\n\t\t\t\t\t\t\t\t\t\t<img alt='' src='https:\/\/secure.gravatar.com\/avatar\/bf8f876897b2261587545bd2066933763a8b271be1e4b87c3996c9f0734adb87?s=100&#038;d=mm&#038;r=g' srcset='https:\/\/secure.gravatar.com\/avatar\/bf8f876897b2261587545bd2066933763a8b271be1e4b87c3996c9f0734adb87?s=200&#038;d=mm&#038;r=g 2x' class='avatar avatar-100 photo' height='100' width='100' \/>\t\t\t\t\t<p>Je dirige les activit\u00e9s num\u00e9riques du\u00a0\u00a0groupe de presse <a href=\"http:\/\/www.jeuneafrique.com\/\">Jeune Afrique<\/a>. J\u2019utilise WordPress pour la quasi-totalit\u00e9 de mes projets depuis 2008. Comme tout le monde, j\u2019ai une vie secr\u00e8te : j\u2019interviens\u00a0comme orateur lors de\u00a0diff\u00e9rents \u00e9v\u00e9nements (WordCamp Paris, AgoraCMS, meetup PhoneGap Paris),\u00a0je\u00a0participe \u00e0 l\u2019organisation du WordCamp Paris et je suis co-cr\u00e9ateur de\u00a0<a href=\"http:\/\/uncatcrea.com\/\">WP-AppKit<\/a>, un plugin\u00a0pour cr\u00e9er des applis mobiles avec WordPress.<\/p>\n\t\t\t\t<\/div>\n\t\t\t<\/div>\n\n\t\t\n\t\t\t<div class=\"wcorg-organizer\">\n\t\t\t\t<h2>Xavier Borderie<\/h2>\n\t\t\t\t<div class=\"wcorg-organizer-description\">\n\t\t\t\t\t\t\t\t\t\t<img alt='' src='https:\/\/secure.gravatar.com\/avatar\/2349fe153237a398b058cefe15910aff3acea2c67da2f8bb6ee587a3cdb31347?s=100&#038;d=mm&#038;r=g' srcset='https:\/\/secure.gravatar.com\/avatar\/2349fe153237a398b058cefe15910aff3acea2c67da2f8bb6ee587a3cdb31347?s=200&#038;d=mm&#038;r=g 2x' class='avatar avatar-100 photo' height='100' width='100' \/>\t\t\t\t\t<p>Xavier est co-fondateur de l&rsquo;association WordPress-Francophone, et son pr\u00e9sident depuis les premiers jours jusqu&rsquo;\u00e0 fin 2015, soit 8 ans. Il traduit WordPress en fran\u00e7ais depuis 2005, et a co-\u00e9crit trois \u00e9ditions du livre WordPress \u00e9dit\u00e9 par Pearson.<\/p>\n<p>Il a \u00e9t\u00e9 co-organisateur de tous les barcamps et WordCamps organis\u00e9s par WPFR \u00e0 Paris de 2008 \u00e0 2015. Il a \u00e9t\u00e9 co-organisateur du premier WordCamp Europe (2013, Leiden), orateur au WordCamp Europe 2015 (S\u00e9ville), et repr\u00e9sentant de la communaut\u00e9 fran\u00e7aise aux deux premiers Community Summits (2012 et 2014).<\/p>\n<p>Professionnellement, il\u00a0est r\u00e9dacteur technique chez PrestaShop, en charge de la documentation. Il y tient \u00e9galement le r\u00f4le d&rsquo;Open Source Advocate depuis 2015.<\/p>\n\t\t\t\t<\/div>\n\t\t\t<\/div>\n\n\t\t\n\t\t\t<div class=\"wcorg-organizer\">\n\t\t\t\t<h2>Olivier Gobet<\/h2>\n\t\t\t\t<div class=\"wcorg-organizer-description\">\n\t\t\t\t\t\t\t\t\t\t<img alt='' src='https:\/\/secure.gravatar.com\/avatar\/d360bb2b369b932d91f91e2a79bd924c7331f709fa455f2dae5b1f8a74ad5b3b?s=100&#038;d=mm&#038;r=g' srcset='https:\/\/secure.gravatar.com\/avatar\/d360bb2b369b932d91f91e2a79bd924c7331f709fa455f2dae5b1f8a74ad5b3b?s=200&#038;d=mm&#038;r=g 2x' class='avatar avatar-100 photo' height='100' width='100' \/>\t\t\t\t\t<p>Olivier est g\u00e9rant de la sarl Gd6d. Il habite dans le Gers en France et travaille dans le web depuis 2000. Pour ses clients, il imagine, construis et accompagne le d\u00e9veloppement d&rsquo;une pr\u00e9sence r\u00e9ussie sur le web avec le CMS WordPress.<\/p>\n\t\t\t\t<\/div>\n\t\t\t<\/div>\n\n\t\t\n\t\t\t<div class=\"wcorg-organizer\">\n\t\t\t\t<h2>Jonathan Buttigieg<\/h2>\n\t\t\t\t<div class=\"wcorg-organizer-description\">\n\t\t\t\t\t\t\t\t\t\t<img alt='' src='https:\/\/secure.gravatar.com\/avatar\/ef49df4344c99c2397607cc041d563644dbddc820157557c102496d9e6ff2d86?s=100&#038;d=mm&#038;r=g' srcset='https:\/\/secure.gravatar.com\/avatar\/ef49df4344c99c2397607cc041d563644dbddc820157557c102496d9e6ff2d86?s=200&#038;d=mm&#038;r=g 2x' class='avatar avatar-100 photo' height='100' width='100' \/>\t\t\t\t\t<p>Jonathan est le co-fondateur de WP Media, startup internationale compos\u00e9e de 11 personnes r\u00e9parties dans le monde : France, \u00c9tat-Unis, Serbie et Espagne.<\/p>\n<p>Nous d\u00e9veloppons des produits WordPress et SaaS. Nous sommes connus pour \u00eatre les cr\u00e9ateurs de WP Rocket. C\u2019est un plugin de cache premium utilis\u00e9 par plus de 40 000 sites et 10 000 clients.<\/p>\n<p>Notre objectif est d\u2019am\u00e9liorer le web \u00e0 travers nos diff\u00e9rents produits pour le rendre plus :<br \/>\n&#8211; rapide avec WP Rocket, notre plugin de cache pour WordPress<br \/>\n&#8211; l\u00e9ger avec Imagify, notre futur service d\u2019optimisation des images<br \/>\n&#8211; s\u00e9curis\u00e9 avec notre prochain plugin de s\u00e9curit\u00e9 pour WordPress<br \/>\n&#8211; beau et accessible avec notre boutique de th\u00e8me actuellement en d\u00e9veloppement<\/p>\n\t\t\t\t<\/div>\n\t\t\t<\/div>\n\n\t\t\n\t\t\t<div class=\"wcorg-organizer\">\n\t\t\t\t<h2>Mathieu Viet<\/h2>\n\t\t\t\t<div class=\"wcorg-organizer-description\">\n\t\t\t\t\t\t\t\t\t\t<img alt='' src='https:\/\/secure.gravatar.com\/avatar\/31b3c1a05559fa8d6432e64ec1ba2884047ed82589c42201d9df8a49eb5391f3?s=100&#038;d=mm&#038;r=g' srcset='https:\/\/secure.gravatar.com\/avatar\/31b3c1a05559fa8d6432e64ec1ba2884047ed82589c42201d9df8a49eb5391f3?s=200&#038;d=mm&#038;r=g 2x' class='avatar avatar-100 photo' height='100' width='100' \/>\t\t\t\t\t<p>Mathieu \u00ab\u00a0imath\u00a0\u00bb Viet est un \u201ccore developer\u201d BuddyPress et un auteur de plugins WordPress \/ BuddyPress \/ bbPress.<\/p>\n<p>Avec deux de ses amis, il produit aussi un podcast mensuel sur http:\/\/veryfrenchtrip.com et est l&rsquo;un des membres fondateurs de l&rsquo;association \u201cWP Paris\u00a0\u00bb, une association visant \u00e0 organiser des meetups avec les amateurs de WordPress vivant dans et autour de la ville de Paris.<\/p>\n<p>Mathieu blogue sur <a href=\"https:\/\/translate.googleusercontent.com\/translate_c?act=url&amp;depth=1&amp;hl=fr&amp;ie=UTF8&amp;prev=_t&amp;rurl=translate.google.fr&amp;sl=en&amp;tl=fr&amp;u=http:\/\/imathi.eu\/&amp;usg=ALkJrhi2WkHVGKzzr2SmXYUTaP6IxpVWjA\">http:\/\/imathi.eu\/<\/a><\/p>\n\t\t\t\t<\/div>\n\t\t\t<\/div>\n\n\t\t\n\t\t\t<div class=\"wcorg-organizer\">\n\t\t\t\t<h2>Alexandre Sadowski<\/h2>\n\t\t\t\t<div class=\"wcorg-organizer-description\">\n\t\t\t\t\t\t\t\t\t\t<img alt='' src='https:\/\/secure.gravatar.com\/avatar\/988af8f62cf270223de2c90fa8bffb2e9f4a45b26a57fa31fe0192eadfa9997e?s=100&#038;d=mm&#038;r=g' srcset='https:\/\/secure.gravatar.com\/avatar\/988af8f62cf270223de2c90fa8bffb2e9f4a45b26a57fa31fe0192eadfa9997e?s=200&#038;d=mm&#038;r=g 2x' class='avatar avatar-100 photo' height='100' width='100' \/>\t\t\t\t\t<p>D\u00e9veloppeur chez @be_api, Alexandre est un grand passionn\u00e9 de WordPress et n\u2019h\u00e9site pas \u00e0 partager son savoir et ses connaissances autour de lui et dans la communaut\u00e9. Il s&rsquo;int\u00e9resse \u00e0 l&rsquo;impl\u00e9mentation du responsive image dans WordPress apr\u00e8s avoir propos\u00e9 un atelier au WordCamp Paris 2015.\u00a0 Avec son accent chantant du Sud-Est de la France, il pourra vous aider sur le sujet ou bien discuter Rugby et notamment l\u2019\u00e9quipe du RCT autour d&rsquo;un verre.<\/p>\n\t\t\t\t<\/div>\n\t\t\t<\/div>\n\n\t\t\n\t\t\t<div class=\"wcorg-organizer\">\n\t\t\t\t<h2>Beno\u00eet Catherineau<\/h2>\n\t\t\t\t<div class=\"wcorg-organizer-description\">\n\t\t\t\t\t\t\t\t\t\t<img alt='' src='https:\/\/secure.gravatar.com\/avatar\/9e5a28ac8e1a097d8d41a5cc4cca73d41cf5042ca38b2e51066f2e23769ec9eb?s=100&#038;d=mm&#038;r=g' srcset='https:\/\/secure.gravatar.com\/avatar\/9e5a28ac8e1a097d8d41a5cc4cca73d41cf5042ca38b2e51066f2e23769ec9eb?s=200&#038;d=mm&#038;r=g 2x' class='avatar avatar-100 photo' height='100' width='100' \/>\t\t\t\t\t<p>Utilisateur de WordPress depuis la version 1.2, Il int\u00e9gre l&rsquo;\u00e9quipe de WPFR d\u00e8s les premi\u00e8res semaines de sa cr\u00e9ation&#8230; cela fait bient\u00f4t 10 ans ! Il est aujourd&rsquo;hui secr\u00e9taire de l&rsquo;association WPFR, traducteur de WordPress et animateur de la communaut\u00e9 fran\u00e7aise. Son\u00a0<a href=\"http:\/\/www.wordpress-fr.net\/tag\/hebdo\/\">Hebdo<\/a>\u00a0fait figure de r\u00e9f\u00e9rence dans l&rsquo;information francophone \u00e0 propos de WordPress.<\/p>\n<p>Sa particularit\u00e9 ? Il n&rsquo;est pas un professionnel du web comme la plupart (tous ?) des co-organisateurs de ce WordCamp. Fonctionnaire territorial en charge des Ressources Humaines, le web en g\u00e9n\u00e9ral et WordPress en particulier sont donc, pour lui, avant tout, une affaire de loisirs.<\/p>\n<p>Son \u0153il non technique apporte un avis d&rsquo;utilisateur lambda pour tous les projets de l&rsquo;association (qui a dit Candide ?).<br \/>\nIl est la preuve que WordPress n&rsquo;est pas r\u00e9serv\u00e9 \u00e0 une \u00e9lite de d\u00e9veloppeurs.<\/p>\n\t\t\t\t<\/div>\n\t\t\t<\/div>\n\n\t\t\n\t\t\t<div class=\"wcorg-organizer\">\n\t\t\t\t<h2>Julio Potier<\/h2>\n\t\t\t\t<div class=\"wcorg-organizer-description\">\n\t\t\t\t\t\t\t\t\t\t<img alt='' src='https:\/\/secure.gravatar.com\/avatar\/7f2fd2d51c2450990cb3fdfa75946d75b665b9d2bb1ddda8219009089163e321?s=100&#038;d=mm&#038;r=g' srcset='https:\/\/secure.gravatar.com\/avatar\/7f2fd2d51c2450990cb3fdfa75946d75b665b9d2bb1ddda8219009089163e321?s=200&#038;d=mm&#038;r=g 2x' class='avatar avatar-100 photo' height='100' width='100' \/>\t\t\t\t\t<p>Orateur compulsif, pilier des happiness bars, d\u00e9veloppeur de l&rsquo;extr\u00eame, Julio est le psychopathe de l&rsquo;optimisation et de la s\u00e9curit\u00e9 sous WordPress.<br \/>\nIl aime contribuer aux tickets et au core de WordPress dans un but d&rsquo;am\u00e9lioration.<br \/>\nLa formation de d\u00e9butant \u00e0 expert WordPress fait aussi partie de sa panoplie, m\u00eame s&rsquo;il ne se d\u00e9guise pas toujours en Capitaine Hook.<br \/>\nLe codex incrust\u00e9 dans l&rsquo;oeil gauche, la souris greff\u00e9e dans la main droite, il code tous les jours des plugins ou des astuces pour votre CMS favori.<br \/>\nLa WordPressite aig\u00fce ? Bien possible, et tant mieux !<\/p>\n\t\t\t\t<\/div>\n\t\t\t<\/div>\n\n\t\t\n\t\t\t<div class=\"wcorg-organizer\">\n\t\t\t\t<h2>Adrian Koss<\/h2>\n\t\t\t\t<div class=\"wcorg-organizer-description\">\n\t\t\t\t\t\t\t\t\t\t<img alt='' src='https:\/\/secure.gravatar.com\/avatar\/?s=100&#038;d=mm&#038;r=g' srcset='https:\/\/secure.gravatar.com\/avatar\/?s=200&#038;d=mm&#038;r=g 2x' class='avatar avatar-100 photo avatar-default' height='100' width='100' \/>\t\t\t\t\t<p>Web et UX designer depuis 2002, je me suis sp\u00e9cialis\u00e9 dans la r\u00e9alisation de sites de presse. Au sein du Groupe Moniteur depuis 2007, j&rsquo;ai particip\u00e9 \u00e0 la conception et l&rsquo;\u00e9volution de LaGazette.fr, site de r\u00e9f\u00e9rence dans le secteur des collectivit\u00e9s locales. Ce site, enti\u00e8rement propuls\u00e9 par WordPress, m&rsquo;a donn\u00e9 la chance d&rsquo;en apprendre beaucoup sur ce CMS.<\/p>\n<p>J&rsquo;exerce par ailleurs dans la vid\u00e9o, comme cadreur, monteur et motion designer. Et depuis 2012 j&rsquo;ai d\u00e9velopp\u00e9 le design d&rsquo;une application mobile pour iOS et Andro\u00efd, toujours pour LaGazette.fr.<\/p>\n<p>Je fais \u00e9galement de la photo (http:\/\/500px.com\/korido), j&rsquo;aime les films de SF, et je milite dans diverses organisations&#8230; pour construire un monde meilleur.<\/p>\n\t\t\t\t<\/div>\n\t\t\t<\/div>\n\n\t\t\n\t\t\t<div class=\"wcorg-organizer\">\n\t\t\t\t<h2>Gr\u00e9goire Noyelle<\/h2>\n\t\t\t\t<div class=\"wcorg-organizer-description\">\n\t\t\t\t\t\t\t\t\t\t<img alt='' src='https:\/\/secure.gravatar.com\/avatar\/2ad809959fb7c1e8824ae3338f0ee87458a68cfee3fba9260dae7d29d60d8c9d?s=100&#038;d=mm&#038;r=g' srcset='https:\/\/secure.gravatar.com\/avatar\/2ad809959fb7c1e8824ae3338f0ee87458a68cfee3fba9260dae7d29d60d8c9d?s=200&#038;d=mm&#038;r=g 2x' class='avatar avatar-100 photo' height='100' width='100' \/>\t\t\t\t\t<p>De formation graphique (Pennighen, Arts Appliqu\u00e9s Duperr\u00e9) et artistique (Beaux-Arts de Paris), j\u2019ai exp\u00e9riment\u00e9 de nombreuses approches li\u00e9es \u00e0 l\u2019image.<br \/>\nEn 2006, je d\u00e9cide que la cr\u00e9ation de sites deviendra mon activit\u00e9 principale. WordPress deviendra tr\u00e8s rapidement mon outil de pr\u00e9dilection.<br \/>\nAujourd\u2019hui, plus de 90% de mon activit\u00e9 repose sur WordPress entre la r\u00e9alisation de th\u00e8me sur mesure sur le Framework Genesis exclusivement et la formation dans plusieurs \u00e9coles dont les Gobelins et apaxxdesigns.<\/p>\n\t\t\t\t<\/div>\n\t\t\t<\/div>\n\n\t\t\n\t\t\t<div class=\"wcorg-organizer\">\n\t\t\t\t<h2>Julien Oger<\/h2>\n\t\t\t\t<div class=\"wcorg-organizer-description\">\n\t\t\t\t\t\t\t\t\t\t<img alt='' src='https:\/\/secure.gravatar.com\/avatar\/f05d600e10809ce887957ce38d57629ce186d910cb13e556840821ef5b3add9e?s=100&#038;d=mm&#038;r=g' srcset='https:\/\/secure.gravatar.com\/avatar\/f05d600e10809ce887957ce38d57629ce186d910cb13e556840821ef5b3add9e?s=200&#038;d=mm&#038;r=g 2x' class='avatar avatar-100 photo' height='100' width='100' \/>\t\t\t\t\t<p>Chef de Projet chez GLOBALIS media systems, je travaille depuis plus de 10 ans dans le web sur des sujets aussi divers que le d\u00e9veloppement front ou c\u00f4t\u00e9 serveur (PHP), l&rsquo;assistance MOA, audit organisationnel, gestion de projet au forfait, organisation de TMA.<br \/>\nEn charge de l&rsquo;organisation des m\u00e9thodes de travail, je porte \u00e9galement l&rsquo;offre WordPress depuis plusieurs ann\u00e9es avec notamment la publication d&rsquo;un plugin de duplication de site multisite-clone-duplicator.<\/p>\n\t\t\t\t<\/div>\n\t\t\t<\/div>\n\n\t\t\n\t\t\t<div class=\"wcorg-organizer\">\n\t\t\t\t<h2>Thierry Pigot<\/h2>\n\t\t\t\t<div class=\"wcorg-organizer-description\">\n\t\t\t\t\t\t\t\t\t\t<img alt='' src='https:\/\/secure.gravatar.com\/avatar\/6c51f524d64cabe361c9fd08fa481f5c542907c8abea3732966b1da1cee8220c?s=100&#038;d=mm&#038;r=g' srcset='https:\/\/secure.gravatar.com\/avatar\/6c51f524d64cabe361c9fd08fa481f5c542907c8abea3732966b1da1cee8220c?s=200&#038;d=mm&#038;r=g 2x' class='avatar avatar-100 photo' height='100' width='100' \/>\t\t\t\t\t<p>Thierry stimule la communaut\u00e9 WordPress Ile-de-France et co-anime un Podcast d\u00e9di\u00e9 \u00e0 WordPress et au monde du web, en compagnie de ses confr\u00e8res du collectif Very French Trip.<br \/>\nExpert WordPress depuis 2005, Thierry intervient en majorit\u00e9 aupr\u00e8s des \u00ab primo acc\u00e9dants \u00bb du web. Il leurs apporte son exp\u00e9rience de consultant et les accompagne dans le d\u00e9veloppement de leurs activit\u00e9s sur le net et l\u2019optimisation de leur visibilit\u00e9. Il compte parmi sa client\u00e8le des particuliers, des associations, mais aussi des PME \/ TPE, des collectivit\u00e9s ou bien de grands groupes Fran\u00e7ais.<\/p>\n\t\t\t\t<\/div>\n\t\t\t<\/div>\n\n\t\t\n\t<\/div><!-- .wcorg-organizers -->\n\t\n","protected":false},"excerpt":{"rendered":"<p>L&rsquo;\u00e9quipe 2016 est fi\u00e8re de vous pr\u00e9senter le 9\u00e8me WordCamp Paris.<\/p>\n","protected":false},"author":573593,"featured_media":384,"parent":0,"menu_order":0,"comment_status":"open","ping_status":"closed","template":"","meta":{"jetpack_post_was_ever_published":false,"footnotes":""},"class_list":["post-12","page","type-page","status-publish","has-post-thumbnail","hentry"],"jetpack_sharing_enabled":true,"jetpack_shortlink":"https:\/\/wp.me\/P6xjzJ-c","_links":{"self":[{"href":"https:\/\/paris.wordcamp.org\/2016\/wp-json\/wp\/v2\/pages\/12","targetHints":{"allow":["GET"]}}],"collection":[{"href":"https:\/\/paris.wordcamp.org\/2016\/wp-json\/wp\/v2\/pages"}],"about":[{"href":"https:\/\/paris.wordcamp.org\/2016\/wp-json\/wp\/v2\/types\/page"}],"author":[{"embeddable":true,"href":"https:\/\/paris.wordcamp.org\/2016\/wp-json\/wp\/v2\/users\/573593"}],"replies":[{"embeddable":true,"href":"https:\/\/paris.wordcamp.org\/2016\/wp-json\/wp\/v2\/comments?post=12"}],"version-history":[{"count":6,"href":"https:\/\/paris.wordcamp.org\/2016\/wp-json\/wp\/v2\/pages\/12\/revisions"}],"predecessor-version":[{"id":1926,"href":"https:\/\/paris.wordcamp.org\/2016\/wp-json\/wp\/v2\/pages\/12\/revisions\/1926"}],"wp:featuredmedia":[{"embeddable":true,"href":"https:\/\/paris.wordcamp.org\/2016\/wp-json\/wp\/v2\/media\/384"}],"wp:attachment":[{"href":"https:\/\/paris.wordcamp.org\/2016\/wp-json\/wp\/v2\/media?parent=12"}],"curies":[{"name":"wp","href":"https:\/\/api.w.org\/{rel}","templated":true}]}}