{"id":989,"date":"2014-12-12T15:45:23","date_gmt":"2014-12-12T14:45:23","guid":{"rendered":"https:\/\/2015.paris.wordcamp.org\/?page_id=989"},"modified":"2014-12-17T11:57:02","modified_gmt":"2014-12-17T10:57:02","slug":"conferences-du-vendredi","status":"publish","type":"page","link":"https:\/\/paris.wordcamp.org\/2015\/programme\/conferences-du-vendredi\/","title":{"rendered":"Conf\u00e9rences du vendredi"},"content":{"rendered":"<h1>Vendredi 23 janvier<\/h1>\n<table class=\"wcpt-schedule\" border=\"0\"><thead><tr><th class=\"wcpt-col-time\">Heure<\/th><th class=\"wcpt-col-track\"> <span class=\"wcpt-track-name\">Grande salle<\/span> <span class=\"wcpt-track-description\"><\/span> <\/th><th class=\"wcpt-col-track\"> <span class=\"wcpt-track-name\">Salle Tilleul<\/span> <span class=\"wcpt-track-description\"><\/span> <\/th><\/tr><\/thead><tbody><tr class=\"wcpt-time-0800 global-session accueil-et-petit-djeuner\"><td class=\"wcpt-time\">08:00<\/td><td colspan=\"2\" class=\"wcb-track-grande-salle wcb-track-salle-tilleul wcpt-session-type-custom wcb-session-accueil-et-petit-dejeuner\" data-track-title=\"Grande salle, Salle Tilleul\" data-session-id=\"916\"><div class=\"wcb-session-cell-content\"><span class=\"wcpt-session-title\">Accueil et Petit D\u00e9jeuner<\/span><\/div><\/td><\/tr><tr class=\"wcpt-time-0845 global-session introduction\"><td class=\"wcpt-time\">08:45<\/td><td colspan=\"2\" class=\"wcb-track-grande-salle wcb-track-salle-tilleul wcpt-session-type-custom wcb-session-introduction\" data-track-title=\"Grande salle, Salle Tilleul\" data-session-id=\"920\"><div class=\"wcb-session-cell-content\"><span class=\"wcpt-session-title\">Introduction<\/span><\/div><\/td><\/tr><tr class=\"wcpt-time-0900\"><td class=\"wcpt-time\">09:00<\/td><td colspan=\"1\" class=\"wcb-speaker-sylvie-clement wcb-track-grande-salle wcpt-session-type-session wcb-session-le-developpeur-pragmatique-vs-les-bonnes-pratiques\" data-track-title=\"Grande salle\" data-session-id=\"891\"><div class=\"wcb-session-cell-content\"><a class=\"wcpt-session-title\" href=\"https:\/\/paris.wordcamp.org\/2015\/session\/le-developpeur-pragmatique-vs-les-bonnes-pratiques\/\">Le d\u00e9veloppeur pragmatique vs les bonnes pratiques<\/a> <span class=\"wcpt-session-speakers\"><a href=\"https:\/\/paris.wordcamp.org\/2015\/speaker\/sylvie-clement\/\">Sylvie Cl\u00e9ment<\/a><\/span><\/div><div class=\"wcb-session-favourite-icon\"><a href=\"#\" role=\"button\" class=\"fav-session-button\" aria-pressed=\"false\"><span class=\"screen-reader-text\">Session pr\u00e9f\u00e9r\u00e9e\u00a0: Le d\u00e9veloppeur pragmatique vs les bonnes pratiques<\/span><span class=\"dashicons dashicons-star-filled\"><\/span><\/a><\/div><\/td><td colspan=\"1\" class=\"wcb-speaker-daniel-farnier wcb-track-salle-tilleul wcpt-session-type-session wcb-session-wordpress-decouvrir-les-notions-de-base\" data-track-title=\"Salle Tilleul\" data-session-id=\"922\"><div class=\"wcb-session-cell-content\"><a class=\"wcpt-session-title\" href=\"https:\/\/paris.wordcamp.org\/2015\/session\/wordpress-decouvrir-les-notions-de-base\/\">Regardons sous le capot de WordPress<\/a> <span class=\"wcpt-session-speakers\"><a href=\"https:\/\/paris.wordcamp.org\/2015\/speaker\/daniel-farnier\/\">Daniel Farnier<\/a><\/span><\/div><div class=\"wcb-session-favourite-icon\"><a href=\"#\" role=\"button\" class=\"fav-session-button\" aria-pressed=\"false\"><span class=\"screen-reader-text\">Session pr\u00e9f\u00e9r\u00e9e\u00a0: Regardons sous le capot de WordPress<\/span><span class=\"dashicons dashicons-star-filled\"><\/span><\/a><\/div><\/td><\/tr><tr class=\"wcpt-time-1000\"><td class=\"wcpt-time\">10:00<\/td><td colspan=\"1\" class=\"wcb-speaker-aurelien-denis wcb-track-grande-salle wcpt-session-type-session wcb-session-industrialiser-sa-maintenance-sous-wordpress\" data-track-title=\"Grande salle\" data-session-id=\"893\"><div class=\"wcb-session-cell-content\"><a class=\"wcpt-session-title\" href=\"https:\/\/paris.wordcamp.org\/2015\/session\/industrialiser-sa-maintenance-sous-wordpress\/\">Industrialiser sa maintenance sous WordPress<\/a> <span class=\"wcpt-session-speakers\"><a href=\"https:\/\/paris.wordcamp.org\/2015\/speaker\/aurelien-denis\/\">Aur\u00e9lien Denis<\/a><\/span><\/div><div class=\"wcb-session-favourite-icon\"><a href=\"#\" role=\"button\" class=\"fav-session-button\" aria-pressed=\"false\"><span class=\"screen-reader-text\">Session pr\u00e9f\u00e9r\u00e9e\u00a0: Industrialiser sa maintenance sous WordPress<\/span><span class=\"dashicons dashicons-star-filled\"><\/span><\/a><\/div><\/td><td colspan=\"1\" class=\"wcb-speaker-daniel-halstenbach wcb-track-salle-tilleul wcpt-session-type-session wcb-session-au-coeur-de-buddypress-les-membres\" data-track-title=\"Salle Tilleul\" data-session-id=\"924\"><div class=\"wcb-session-cell-content\"><a class=\"wcpt-session-title\" href=\"https:\/\/paris.wordcamp.org\/2015\/session\/au-coeur-de-buddypress-les-membres\/\">Au c\u0153ur de BuddyPress : les membres !<\/a> <span class=\"wcpt-session-speakers\"><a href=\"https:\/\/paris.wordcamp.org\/2015\/speaker\/daniel-halstenbach\/\">Daniel Halstenbach<\/a><\/span><\/div><div class=\"wcb-session-favourite-icon\"><a href=\"#\" role=\"button\" class=\"fav-session-button\" aria-pressed=\"false\"><span class=\"screen-reader-text\">Session pr\u00e9f\u00e9r\u00e9e\u00a0: Au c\u0153ur de BuddyPress : les membres !<\/span><span class=\"dashicons dashicons-star-filled\"><\/span><\/a><\/div><\/td><\/tr><tr class=\"wcpt-time-1100\"><td class=\"wcpt-time\">11:00<\/td><td colspan=\"1\" class=\"wcb-speaker-pierre-dargham wcb-track-grande-salle wcpt-session-type-session wcb-session-un-generateur-de-sites-avec-wordpress-la-preuve-par-lexemple-tour-dhorizon-et-potentiel-du-multi-site-wordpress\" data-track-title=\"Grande salle\" data-session-id=\"895\"><div class=\"wcb-session-cell-content\"><a class=\"wcpt-session-title\" href=\"https:\/\/paris.wordcamp.org\/2015\/session\/un-generateur-de-sites-avec-wordpress-la-preuve-par-lexemple-tour-dhorizon-et-potentiel-du-multi-site-wordpress\/\">Un g\u00e9n\u00e9rateur de sites avec WordPress ? La preuve par l&rsquo;exemple ! Tour d&rsquo;horizon et potentiel du Multi-site WordPress<\/a> <span class=\"wcpt-session-speakers\"><a href=\"https:\/\/paris.wordcamp.org\/2015\/speaker\/pierre-dargham\/\">Pierre Dargham<\/a><\/span><\/div><div class=\"wcb-session-favourite-icon\"><a href=\"#\" role=\"button\" class=\"fav-session-button\" aria-pressed=\"false\"><span class=\"screen-reader-text\">Session pr\u00e9f\u00e9r\u00e9e\u00a0: Un g\u00e9n\u00e9rateur de sites avec WordPress ? La preuve par l&rsquo;exemple ! Tour d&rsquo;horizon et potentiel du Multi-site WordPress<\/span><span class=\"dashicons dashicons-star-filled\"><\/span><\/a><\/div><\/td><td colspan=\"1\" class=\"wcb-speaker-sebastien-grillot wcb-track-salle-tilleul wcpt-session-type-session wcb-session-e-commerce-multisite-multilingue-multi-utilisateurs-wordpress-un-outil-versatile-et-flexible\" data-track-title=\"Salle Tilleul\" data-session-id=\"926\"><div class=\"wcb-session-cell-content\"><a class=\"wcpt-session-title\" href=\"https:\/\/paris.wordcamp.org\/2015\/session\/e-commerce-multisite-multilingue-multi-utilisateurs-wordpress-un-outil-versatile-et-flexible\/\">E-commerce multisite, multilingue &amp; multi-utilisateurs&nbsp;: WordPress, un outil versatile et flexible<\/a> <span class=\"wcpt-session-speakers\"><a href=\"https:\/\/paris.wordcamp.org\/2015\/speaker\/sebastien-grillot\/\">S\u00e9bastien Grillot<\/a><\/span><\/div><div class=\"wcb-session-favourite-icon\"><a href=\"#\" role=\"button\" class=\"fav-session-button\" aria-pressed=\"false\"><span class=\"screen-reader-text\">Session pr\u00e9f\u00e9r\u00e9e\u00a0: E-commerce multisite, multilingue &amp; multi-utilisateurs&nbsp;: WordPress, un outil versatile et flexible<\/span><span class=\"dashicons dashicons-star-filled\"><\/span><\/a><\/div><\/td><\/tr><tr class=\"wcpt-time-1200 global-session djeuner\"><td class=\"wcpt-time\">12:00<\/td><td colspan=\"2\" class=\"wcb-track-grande-salle wcb-track-salle-tilleul wcpt-session-type-custom wcb-session-dejeuner\" data-track-title=\"Grande salle, Salle Tilleul\" data-session-id=\"897\"><div class=\"wcb-session-cell-content\"><span class=\"wcpt-session-title\">D\u00e9jeuner<\/span><\/div><\/td><\/tr><tr class=\"wcpt-time-1300\"><td class=\"wcpt-time\">13:00<\/td><td colspan=\"1\" class=\"wcb-speaker-fabrice-ducarme wcb-track-grande-salle wcpt-session-type-session wcb-session-les-constructeurs-de-page-pour-wordpress-2\" data-track-title=\"Grande salle\" data-session-id=\"932\"><div class=\"wcb-session-cell-content\"><a class=\"wcpt-session-title\" href=\"https:\/\/paris.wordcamp.org\/2015\/session\/les-constructeurs-de-page-pour-wordpress-2\/\">Les Constructeurs de Page pour WordPress<\/a> <span class=\"wcpt-session-speakers\"><a href=\"https:\/\/paris.wordcamp.org\/2015\/speaker\/fabrice-ducarme\/\">Fabrice Ducarme<\/a><\/span><\/div><div class=\"wcb-session-favourite-icon\"><a href=\"#\" role=\"button\" class=\"fav-session-button\" aria-pressed=\"false\"><span class=\"screen-reader-text\">Session pr\u00e9f\u00e9r\u00e9e\u00a0: Les Constructeurs de Page pour WordPress<\/span><span class=\"dashicons dashicons-star-filled\"><\/span><\/a><\/div><\/td><td colspan=\"1\" class=\"wcb-speaker-kasia-swiderska wcb-track-salle-tilleul wcpt-session-type-session wcb-session-clients-from-hell-how-to-recognize-and-avoid-them\" data-track-title=\"Salle Tilleul\" data-session-id=\"934\"><div class=\"wcb-session-cell-content\"><a class=\"wcpt-session-title\" href=\"https:\/\/paris.wordcamp.org\/2015\/session\/clients-from-hell-how-to-recognize-and-avoid-them\/\">Clients from Hell &#8211; how to recognize and deal with them<\/a> <span class=\"wcpt-session-speakers\"><a href=\"https:\/\/paris.wordcamp.org\/2015\/speaker\/kasia-swiderska\/\">Kasia \u015awiderska<\/a><\/span><\/div><div class=\"wcb-session-favourite-icon\"><a href=\"#\" role=\"button\" class=\"fav-session-button\" aria-pressed=\"false\"><span class=\"screen-reader-text\">Session pr\u00e9f\u00e9r\u00e9e\u00a0: Clients from Hell &#8211; how to recognize and deal with them<\/span><span class=\"dashicons dashicons-star-filled\"><\/span><\/a><\/div><\/td><\/tr><tr class=\"wcpt-time-1330\"><td class=\"wcpt-time\">13:30<\/td><td colspan=\"1\" class=\"wcb-speaker-maxime-bernard-jacquet wcb-track-grande-salle wcpt-session-type-session wcb-session-retours-dexperience-avec-lutilisation-dacf-pour-un-cms-ultra-ergonomique\" data-track-title=\"Grande salle\" data-session-id=\"901\"><div class=\"wcb-session-cell-content\"><a class=\"wcpt-session-title\" href=\"https:\/\/paris.wordcamp.org\/2015\/session\/retours-dexperience-avec-lutilisation-dacf-pour-un-cms-ultra-ergonomique\/\">Cas concrets d&rsquo;utilisation d&rsquo;ACF dans des projets de toute envergure<\/a> <span class=\"wcpt-session-speakers\"><a href=\"https:\/\/paris.wordcamp.org\/2015\/speaker\/maxime-bernard-jacquet\/\">Maxime Bernard-Jacquet<\/a><\/span><\/div><div class=\"wcb-session-favourite-icon\"><a href=\"#\" role=\"button\" class=\"fav-session-button\" aria-pressed=\"false\"><span class=\"screen-reader-text\">Session pr\u00e9f\u00e9r\u00e9e\u00a0: Cas concrets d&rsquo;utilisation d&rsquo;ACF dans des projets de toute envergure<\/span><span class=\"dashicons dashicons-star-filled\"><\/span><\/a><\/div><\/td><td colspan=\"1\" class=\"wcb-speaker-julio-potier wcb-track-salle-tilleul wcpt-session-type-session wcb-session-etre-un-freelancer-wordpress-cest-quoi\" data-track-title=\"Salle Tilleul\" data-session-id=\"928\"><div class=\"wcb-session-cell-content\"><a class=\"wcpt-session-title\" href=\"https:\/\/paris.wordcamp.org\/2015\/session\/etre-un-freelancer-wordpress-cest-quoi\/\">\u00catre un freelancer WordPress, c\u2019est quoi&nbsp;?<\/a> <span class=\"wcpt-session-speakers\"><a href=\"https:\/\/paris.wordcamp.org\/2015\/speaker\/julio-potier\/\">Julio Potier<\/a><\/span><\/div><div class=\"wcb-session-favourite-icon\"><a href=\"#\" role=\"button\" class=\"fav-session-button\" aria-pressed=\"false\"><span class=\"screen-reader-text\">Session pr\u00e9f\u00e9r\u00e9e\u00a0: \u00catre un freelancer WordPress, c\u2019est quoi&nbsp;?<\/span><span class=\"dashicons dashicons-star-filled\"><\/span><\/a><\/div><\/td><\/tr><tr class=\"wcpt-time-1400\"><td class=\"wcpt-time\">14:00<\/td><td colspan=\"1\" class=\"wcb-speaker-benjamin-lupu wcb-track-grande-salle wcpt-session-type-session wcb-session-wordpress-comme-back-office-dapplications-mobiles\" data-track-title=\"Grande salle\" data-session-id=\"907\"><div class=\"wcb-session-cell-content\"><a class=\"wcpt-session-title\" href=\"https:\/\/paris.wordcamp.org\/2015\/session\/wordpress-comme-back-office-dapplications-mobiles\/\">WordPress comme back office d&rsquo;applications mobiles<\/a> <span class=\"wcpt-session-speakers\"><a href=\"https:\/\/paris.wordcamp.org\/2015\/speaker\/benjamin-lupu\/\">Benjamin Lupu<\/a><\/span><\/div><div class=\"wcb-session-favourite-icon\"><a href=\"#\" role=\"button\" class=\"fav-session-button\" aria-pressed=\"false\"><span class=\"screen-reader-text\">Session pr\u00e9f\u00e9r\u00e9e\u00a0: WordPress comme back office d&rsquo;applications mobiles<\/span><span class=\"dashicons dashicons-star-filled\"><\/span><\/a><\/div><\/td><td colspan=\"1\" class=\"wcb-speaker-jonathan-buttigieg wcb-track-salle-tilleul wcpt-session-type-session wcb-session-pourquoi-vous-devriez-vendre-un-plugintheme-premium\" data-track-title=\"Salle Tilleul\" data-session-id=\"930\"><div class=\"wcb-session-cell-content\"><a class=\"wcpt-session-title\" href=\"https:\/\/paris.wordcamp.org\/2015\/session\/pourquoi-vous-devriez-vendre-un-plugintheme-premium\/\">Pourquoi vous devriez vendre un plugin\/th\u00e8me premium<\/a> <span class=\"wcpt-session-speakers\"><a href=\"https:\/\/paris.wordcamp.org\/2015\/speaker\/jonathan-buttigieg\/\">Jonathan Buttigieg<\/a><\/span><\/div><div class=\"wcb-session-favourite-icon\"><a href=\"#\" role=\"button\" class=\"fav-session-button\" aria-pressed=\"false\"><span class=\"screen-reader-text\">Session pr\u00e9f\u00e9r\u00e9e\u00a0: Pourquoi vous devriez vendre un plugin\/th\u00e8me premium<\/span><span class=\"dashicons dashicons-star-filled\"><\/span><\/a><\/div><\/td><\/tr><tr class=\"wcpt-time-1500\"><td class=\"wcpt-time\">15:00<\/td><td colspan=\"1\" class=\"wcb-speaker-frederique-game wcb-track-grande-salle wcpt-session-type-session wcb-session-design-ergonomie-et-lisibilite-des-sites-internet\" data-track-title=\"Grande salle\" data-session-id=\"936\"><div class=\"wcb-session-cell-content\"><a class=\"wcpt-session-title\" href=\"https:\/\/paris.wordcamp.org\/2015\/session\/design-ergonomie-et-lisibilite-des-sites-internet\/\">Design, ergonomie et lisibilit\u00e9 des sites internet<\/a> <span class=\"wcpt-session-speakers\"><a href=\"https:\/\/paris.wordcamp.org\/2015\/speaker\/frederique-game\/\">Fr\u00e9d\u00e9rique Game<\/a><\/span><\/div><div class=\"wcb-session-favourite-icon\"><a href=\"#\" role=\"button\" class=\"fav-session-button\" aria-pressed=\"false\"><span class=\"screen-reader-text\">Session pr\u00e9f\u00e9r\u00e9e\u00a0: Design, ergonomie et lisibilit\u00e9 des sites internet<\/span><span class=\"dashicons dashicons-star-filled\"><\/span><\/a><\/div><\/td><td colspan=\"1\" class=\"wcb-speaker-taylor-lovett wcb-track-salle-tilleul wcpt-session-type-session wcb-session-modernizing-wordpress-search-with-elasticsearch\" data-track-title=\"Salle Tilleul\" data-session-id=\"905\"><div class=\"wcb-session-cell-content\"><a class=\"wcpt-session-title\" href=\"https:\/\/paris.wordcamp.org\/2015\/session\/modernizing-wordpress-search-with-elasticsearch\/\">Modernizing WordPress Search with Elasticsearch<\/a> <span class=\"wcpt-session-speakers\"><a href=\"https:\/\/paris.wordcamp.org\/2015\/speaker\/taylor-lovett\/\">Taylor Lovett<\/a><\/span><\/div><div class=\"wcb-session-favourite-icon\"><a href=\"#\" role=\"button\" class=\"fav-session-button\" aria-pressed=\"false\"><span class=\"screen-reader-text\">Session pr\u00e9f\u00e9r\u00e9e\u00a0: Modernizing WordPress Search with Elasticsearch<\/span><span class=\"dashicons dashicons-star-filled\"><\/span><\/a><\/div><\/td><\/tr><tr class=\"wcpt-time-1600\"><td class=\"wcpt-time\">16:00<\/td><td colspan=\"1\" class=\"wcb-speaker-florent-tamet wcb-track-grande-salle wcpt-session-type-session wcb-session-ijsberg-reinventer-le-journalisme-web-grace-a-wordpress\" data-track-title=\"Grande salle\" data-session-id=\"909\"><div class=\"wcb-session-cell-content\"><a class=\"wcpt-session-title\" href=\"https:\/\/paris.wordcamp.org\/2015\/session\/ijsberg-reinventer-le-journalisme-web-grace-a-wordpress\/\">Ijsberg : r\u00e9inventer le journalisme web gr\u00e2ce \u00e0 WordPress<\/a> <span class=\"wcpt-session-speakers\"><a href=\"https:\/\/paris.wordcamp.org\/2015\/speaker\/florent-tamet\/\">Florent Tamet<\/a><\/span><\/div><div class=\"wcb-session-favourite-icon\"><a href=\"#\" role=\"button\" class=\"fav-session-button\" aria-pressed=\"false\"><span class=\"screen-reader-text\">Session pr\u00e9f\u00e9r\u00e9e\u00a0: Ijsberg : r\u00e9inventer le journalisme web gr\u00e2ce \u00e0 WordPress<\/span><span class=\"dashicons dashicons-star-filled\"><\/span><\/a><\/div><\/td><td colspan=\"1\" class=\"wcb-speaker-daniel-roch wcb-track-salle-tilleul wcpt-session-type-session wcb-session-organiser-un-evenement-wordpress\" data-track-title=\"Salle Tilleul\" data-session-id=\"938\"><div class=\"wcb-session-cell-content\"><a class=\"wcpt-session-title\" href=\"https:\/\/paris.wordcamp.org\/2015\/session\/organiser-un-evenement-wordpress\/\">Organiser un \u00e9v\u00e9nement WordPress<\/a> <span class=\"wcpt-session-speakers\"><a href=\"https:\/\/paris.wordcamp.org\/2015\/speaker\/daniel-roch\/\">Daniel Roch<\/a><\/span><\/div><div class=\"wcb-session-favourite-icon\"><a href=\"#\" role=\"button\" class=\"fav-session-button\" aria-pressed=\"false\"><span class=\"screen-reader-text\">Session pr\u00e9f\u00e9r\u00e9e\u00a0: Organiser un \u00e9v\u00e9nement WordPress<\/span><span class=\"dashicons dashicons-star-filled\"><\/span><\/a><\/div><\/td><\/tr><tr class=\"wcpt-time-1700\"><td class=\"wcpt-time\">17:00<\/td><td colspan=\"1\" class=\"wcb-speaker-remi-corson wcb-track-grande-salle wcpt-session-type-session wcb-session-marketing-woocommerce-pour-augmenter-vos-ventes\" data-track-title=\"Grande salle\" data-session-id=\"911\"><div class=\"wcb-session-cell-content\"><a class=\"wcpt-session-title\" href=\"https:\/\/paris.wordcamp.org\/2015\/session\/marketing-woocommerce-pour-augmenter-vos-ventes\/\">Marketing WooCommerce pour augmenter significativement vos ventes<\/a> <span class=\"wcpt-session-speakers\"><a href=\"https:\/\/paris.wordcamp.org\/2015\/speaker\/remi-corson\/\">R\u00e9mi Corson<\/a><\/span><\/div><div class=\"wcb-session-favourite-icon\"><a href=\"#\" role=\"button\" class=\"fav-session-button\" aria-pressed=\"false\"><span class=\"screen-reader-text\">Session pr\u00e9f\u00e9r\u00e9e\u00a0: Marketing WooCommerce pour augmenter significativement vos ventes<\/span><span class=\"dashicons dashicons-star-filled\"><\/span><\/a><\/div><\/td><td colspan=\"1\" class=\"wcb-speaker-paulina-hetman wcb-track-salle-tilleul wcpt-session-type-session wcb-session-pensez-vos-themes-child-theme-ready-meilleures-pratiques\" data-track-title=\"Salle Tilleul\" data-session-id=\"940\"><div class=\"wcb-session-cell-content\"><a class=\"wcpt-session-title\" href=\"https:\/\/paris.wordcamp.org\/2015\/session\/pensez-vos-themes-child-theme-ready-meilleures-pratiques\/\">Pensez vos th\u00e8mes \u00ab&nbsp;Child-theme&nbsp;ready&nbsp;\u00bb&nbsp;: meilleures pratiques<\/a> <span class=\"wcpt-session-speakers\"><a href=\"https:\/\/paris.wordcamp.org\/2015\/speaker\/paulina-hetman\/\">Paulina Hetman<\/a><\/span><\/div><div class=\"wcb-session-favourite-icon\"><a href=\"#\" role=\"button\" class=\"fav-session-button\" aria-pressed=\"false\"><span class=\"screen-reader-text\">Session pr\u00e9f\u00e9r\u00e9e\u00a0: Pensez vos th\u00e8mes \u00ab&nbsp;Child-theme&nbsp;ready&nbsp;\u00bb&nbsp;: meilleures pratiques<\/span><span class=\"dashicons dashicons-star-filled\"><\/span><\/a><\/div><\/td><\/tr><tr class=\"wcpt-time-1800 global-session conclusion\"><td class=\"wcpt-time\">18:00<\/td><td colspan=\"2\" class=\"wcb-track-grande-salle wcb-track-salle-tilleul wcpt-session-type-custom wcb-session-conclusion-2\" data-track-title=\"Grande salle, Salle Tilleul\" data-session-id=\"944\"><div class=\"wcb-session-cell-content\"><span class=\"wcpt-session-title\">Conclusion<\/span><\/div><\/td><\/tr><\/tbody><\/table>\n\t<div class=\"email-form fav-session-email-form-hide\">\n\t\t<!-- Tab links -->\n\t\t<div class=\"fav-session-share-tab\">\n\t\t\t\t\t\t\t<div class=\"fav-session-tablinks\" id=\"fav-session-btn-email\">\n\t\t\t\t\tE-mail\t\t\t\t<\/div>\n\t\t\t\n\t\t\t<div class=\"fav-session-tablinks\" id=\"fav-session-btn-link\">\n\t\t\t\tLien\t\t\t<\/div>\n\n\t\t\t<div class=\"fav-session-tablinks\" id=\"fav-session-btn-print\">\n\t\t\t\tImprimer\t\t\t<\/div>\n\t\t<\/div>\n\n\t\t<!-- Tab content -->\n\t\t\t\t\t<div id=\"fav-session-tab-email\" class=\"fav-session-share-tabcontent\">\n\t\t\t\t<div id=\"fav-session-email-form\">\n\t\t\t\t\tM\u2019envoyer mes sessions favorites\u00a0:\n\t\t\t\t\t<form id=\"fav-sessions-form\">\n\t\t\t\t\t\t<input\n\t\t\t\t\t\t\ttype=\"text\"\n\t\t\t\t\t\t\tname=\"email_address\"\n\t\t\t\t\t\t\tid=\"fav-sessions-email-address\"\n\t\t\t\t\t\t\tplaceholder=\"me@protonmail.com\"\n\t\t\t\t\t\t\/>\n\t\t\t\t\t\t<input type=\"submit\" value=\"Envoyer\" \/>\n\t\t\t\t\t<\/form>\n\t\t\t\t<\/div>\n\n\t\t\t\t<div class=\"fav-session-email-wait-spinner\"><\/div>\n\t\t\t\t<div class=\"fav-session-email-result\"><\/div>\n\t\t\t<\/div>\n\t\t\n\t\t<div id=\"fav-session-tab-link\" class=\"fav-session-share-tabcontent\">\n\t\t\tLien partageable\u00a0:\t\t\t<br \/>\n\t\t\t<a id=\"fav-sessions-link\" href=\"\"><\/a>\n\t\t<\/div>\n\n\t\t<div id=\"fav-session-tab-print\" class=\"fav-session-share-tabcontent\">\n\t\t\t<button id=\"fav-session-print\">\n\t\t\t\tAfficher les sessions favorites\t\t\t<\/button>\n\t\t<\/div>\n\t<\/div>\n\n\t<a class=\"show-email-form\" href=\"javascript:\">\n\t\t<span class=\"dashicons dashicons-star-filled\"><\/span>\n\t\t<span class=\"dashicons dashicons-email-alt\"><\/span>\n\t<\/a>\n\n\t\n","protected":false},"excerpt":{"rendered":"<p>Vendredi 23 janvier<\/p>\n","protected":false},"author":1185,"featured_media":0,"parent":1,"menu_order":0,"comment_status":"open","ping_status":"closed","template":"","meta":{"jetpack_post_was_ever_published":false,"footnotes":""},"class_list":["post-989","page","type-page","status-publish","hentry"],"jetpack_sharing_enabled":true,"_links":{"self":[{"href":"https:\/\/paris.wordcamp.org\/2015\/wp-json\/wp\/v2\/pages\/989","targetHints":{"allow":["GET"]}}],"collection":[{"href":"https:\/\/paris.wordcamp.org\/2015\/wp-json\/wp\/v2\/pages"}],"about":[{"href":"https:\/\/paris.wordcamp.org\/2015\/wp-json\/wp\/v2\/types\/page"}],"author":[{"embeddable":true,"href":"https:\/\/paris.wordcamp.org\/2015\/wp-json\/wp\/v2\/users\/1185"}],"replies":[{"embeddable":true,"href":"https:\/\/paris.wordcamp.org\/2015\/wp-json\/wp\/v2\/comments?post=989"}],"version-history":[{"count":4,"href":"https:\/\/paris.wordcamp.org\/2015\/wp-json\/wp\/v2\/pages\/989\/revisions"}],"predecessor-version":[{"id":1268,"href":"https:\/\/paris.wordcamp.org\/2015\/wp-json\/wp\/v2\/pages\/989\/revisions\/1268"}],"up":[{"embeddable":true,"href":"https:\/\/paris.wordcamp.org\/2015\/wp-json\/wp\/v2\/pages\/1"}],"wp:attachment":[{"href":"https:\/\/paris.wordcamp.org\/2015\/wp-json\/wp\/v2\/media?parent=989"}],"curies":[{"name":"wp","href":"https:\/\/api.w.org\/{rel}","templated":true}]}}