{"id":988,"date":"2014-12-12T15:45:25","date_gmt":"2014-12-12T14:45:25","guid":{"rendered":"https:\/\/2015.paris.wordcamp.org\/?page_id=988"},"modified":"2014-12-17T11:56:38","modified_gmt":"2014-12-17T10:56:38","slug":"ateliers-du-samedi","status":"publish","type":"page","link":"https:\/\/paris.wordcamp.org\/2015\/programme\/ateliers-du-samedi\/","title":{"rendered":"Ateliers du samedi"},"content":{"rendered":"<h1>Samedi 24 janvier<\/h1>\n<table class=\"wcpt-schedule\" border=\"0\"><thead><tr><th class=\"wcpt-col-time\">Heure<\/th><th class=\"wcpt-col-track\"> <span class=\"wcpt-track-name\">Agora<\/span> <span class=\"wcpt-track-description\"><\/span> <\/th><th class=\"wcpt-col-track\"> <span class=\"wcpt-track-name\">Salle atelier<\/span> <span class=\"wcpt-track-description\"><\/span> <\/th><\/tr><\/thead><tbody><tr class=\"wcpt-time-0800 global-session accueil-et-petit-djeuner\"><td class=\"wcpt-time\">08:00<\/td><td colspan=\"2\" class=\"wcb-track-salle-atelier-1 wcb-track-salle-atelier-2 wcpt-session-type-custom wcb-session-accueil-et-petit-dejeuner-2\" data-track-title=\"Agora, Salle atelier\" data-session-id=\"947\"><div class=\"wcb-session-cell-content\"><span class=\"wcpt-session-title\">Accueil et Petit D\u00e9jeuner<\/span><\/div><\/td><\/tr><tr class=\"wcpt-time-0900\"><td class=\"wcpt-time\">09:00<\/td><td colspan=\"1\" class=\"wcb-speaker-julio-potier wcb-track-salle-atelier-1 wcpt-session-type-session wcb-session-traduction-vous-faites-fausse-route\" data-track-title=\"Agora\" data-session-id=\"949\"><div class=\"wcb-session-cell-content\"><a class=\"wcpt-session-title\" href=\"https:\/\/paris.wordcamp.org\/2015\/session\/traduction-vous-faites-fausse-route\/\">Traduction : vous faites fausse route !<\/a> <span class=\"wcpt-session-speakers\"><a href=\"https:\/\/paris.wordcamp.org\/2015\/speaker\/julio-potier\/\">Julio Potier<\/a><\/span><\/div><div class=\"wcb-session-favourite-icon\"><a href=\"#\" role=\"button\" class=\"fav-session-button\" aria-pressed=\"false\"><span class=\"screen-reader-text\">Session pr\u00e9f\u00e9r\u00e9e\u00a0: Traduction : vous faites fausse route !<\/span><span class=\"dashicons dashicons-star-filled\"><\/span><\/a><\/div><\/td><td colspan=\"1\" class=\"wcb-speaker-ozh-richard wcb-track-salle-atelier-2 wcpt-session-type-session wcb-session-des-unit-tests-pour-ses-plugins-pourquoi-comment\" data-track-title=\"Salle atelier\" data-session-id=\"968\"><div class=\"wcb-session-cell-content\"><a class=\"wcpt-session-title\" href=\"https:\/\/paris.wordcamp.org\/2015\/session\/des-unit-tests-pour-ses-plugins-pourquoi-comment\/\">Des Unit Tests pour ses plugins : pourquoi, comment&nbsp;?<\/a> <span class=\"wcpt-session-speakers\"><a href=\"https:\/\/paris.wordcamp.org\/2015\/speaker\/ozh-richard\/\">Ozh Richard<\/a><\/span><\/div><div class=\"wcb-session-favourite-icon\"><a href=\"#\" role=\"button\" class=\"fav-session-button\" aria-pressed=\"false\"><span class=\"screen-reader-text\">Session pr\u00e9f\u00e9r\u00e9e\u00a0: Des Unit Tests pour ses plugins : pourquoi, comment&nbsp;?<\/span><span class=\"dashicons dashicons-star-filled\"><\/span><\/a><\/div><\/td><\/tr><tr class=\"wcpt-time-1000\"><td class=\"wcpt-time\">10:00<\/td><td class=\"wcpt-session-empty\"><\/td><td colspan=\"1\" class=\"wcb-speaker-jenny-beaumont wcb-track-salle-atelier-2 wcpt-session-type-session wcb-session-a-multilingual-dialogue\" data-track-title=\"Salle atelier\" data-session-id=\"951\"><div class=\"wcb-session-cell-content\"><a class=\"wcpt-session-title\" href=\"https:\/\/paris.wordcamp.org\/2015\/session\/a-multilingual-dialogue\/\">A Multilingual Dialogue<\/a> <span class=\"wcpt-session-speakers\"><a href=\"https:\/\/paris.wordcamp.org\/2015\/speaker\/jenny-beaumont\/\">Jenny Beaumont<\/a><\/span><\/div><div class=\"wcb-session-favourite-icon\"><a href=\"#\" role=\"button\" class=\"fav-session-button\" aria-pressed=\"false\"><span class=\"screen-reader-text\">Session pr\u00e9f\u00e9r\u00e9e\u00a0: A Multilingual Dialogue<\/span><span class=\"dashicons dashicons-star-filled\"><\/span><\/a><\/div><\/td><\/tr><tr class=\"wcpt-time-1100\"><td class=\"wcpt-time\">11:00<\/td><td colspan=\"1\" class=\"wcb-speaker-daniel-roch wcb-track-salle-atelier-1 wcpt-session-type-session wcb-session-ne-faites-jamais-confiance-a-wordpress-et-a-ses-utilisateurs\" data-track-title=\"Agora\" data-session-id=\"953\"><div class=\"wcb-session-cell-content\"><a class=\"wcpt-session-title\" href=\"https:\/\/paris.wordcamp.org\/2015\/session\/ne-faites-jamais-confiance-a-wordpress-et-a-ses-utilisateurs\/\">Ne faites jamais confiance \u00e0 WordPress et \u00e0 ses utilisateurs<\/a> <span class=\"wcpt-session-speakers\"><a href=\"https:\/\/paris.wordcamp.org\/2015\/speaker\/daniel-roch\/\">Daniel Roch<\/a><\/span><\/div><div class=\"wcb-session-favourite-icon\"><a href=\"#\" role=\"button\" class=\"fav-session-button\" aria-pressed=\"false\"><span class=\"screen-reader-text\">Session pr\u00e9f\u00e9r\u00e9e\u00a0: Ne faites jamais confiance \u00e0 WordPress et \u00e0 ses utilisateurs<\/span><span class=\"dashicons dashicons-star-filled\"><\/span><\/a><\/div><\/td><td colspan=\"1\" class=\"wcb-speaker-kirsten-cassidy wcb-track-salle-atelier-2 wcpt-session-type-session wcb-session-histoire-dun-framework\" data-track-title=\"Salle atelier\" data-session-id=\"972\"><div class=\"wcb-session-cell-content\"><a class=\"wcpt-session-title\" href=\"https:\/\/paris.wordcamp.org\/2015\/session\/histoire-dun-framework\/\">Histoire d\u2019un framework<\/a> <span class=\"wcpt-session-speakers\"><a href=\"https:\/\/paris.wordcamp.org\/2015\/speaker\/kirsten-cassidy\/\">Kirsten Cassidy<\/a><\/span><\/div><div class=\"wcb-session-favourite-icon\"><a href=\"#\" role=\"button\" class=\"fav-session-button\" aria-pressed=\"false\"><span class=\"screen-reader-text\">Session pr\u00e9f\u00e9r\u00e9e\u00a0: Histoire d\u2019un framework<\/span><span class=\"dashicons dashicons-star-filled\"><\/span><\/a><\/div><\/td><\/tr><tr class=\"wcpt-time-1200 global-session djeuner\"><td class=\"wcpt-time\">12:00<\/td><td colspan=\"2\" class=\"wcb-track-salle-atelier-1 wcb-track-salle-atelier-2 wcpt-session-type-custom wcb-session-dejeuner-2\" data-track-title=\"Agora, Salle atelier\" data-session-id=\"955\"><div class=\"wcb-session-cell-content\"><span class=\"wcpt-session-title\">D\u00e9jeuner<\/span><\/div><\/td><\/tr><tr class=\"wcpt-time-1300\"><td class=\"wcpt-time\">13:00<\/td><td colspan=\"1\" class=\"wcb-speaker-claire-bizingre wcb-track-salle-atelier-1 wcpt-session-type-session wcb-session-pourquoi-et-comment-ameliorer-laccessibilite-des-sites-wordpress\" data-track-title=\"Agora\" data-session-id=\"957\"><div class=\"wcb-session-cell-content\"><a class=\"wcpt-session-title\" href=\"https:\/\/paris.wordcamp.org\/2015\/session\/pourquoi-et-comment-ameliorer-laccessibilite-des-sites-wordpress\/\">Pourquoi et comment am\u00e9liorer l\u2019accessibilit\u00e9 des sites WordPress<\/a> <span class=\"wcpt-session-speakers\"><a href=\"https:\/\/paris.wordcamp.org\/2015\/speaker\/claire-bizingre\/\">Claire Bizingre<\/a><\/span><\/div><div class=\"wcb-session-favourite-icon\"><a href=\"#\" role=\"button\" class=\"fav-session-button\" aria-pressed=\"false\"><span class=\"screen-reader-text\">Session pr\u00e9f\u00e9r\u00e9e\u00a0: Pourquoi et comment am\u00e9liorer l\u2019accessibilit\u00e9 des sites WordPress<\/span><span class=\"dashicons dashicons-star-filled\"><\/span><\/a><\/div><\/td><td colspan=\"1\" class=\"wcb-speaker-julien-mession wcb-track-salle-atelier-2 wcpt-session-type-session wcb-session-etendre-le-front-end-wordpress-avec-nodejs\" data-track-title=\"Salle atelier\" data-session-id=\"974\"><div class=\"wcb-session-cell-content\"><a class=\"wcpt-session-title\" href=\"https:\/\/paris.wordcamp.org\/2015\/session\/etendre-le-front-end-wordpress-avec-nodejs\/\">\u00c9tendre le front-end WordPress avec Node.js<\/a> <span class=\"wcpt-session-speakers\"><a href=\"https:\/\/paris.wordcamp.org\/2015\/speaker\/julien-mession\/\">Julien Mession<\/a><\/span><\/div><div class=\"wcb-session-favourite-icon\"><a href=\"#\" role=\"button\" class=\"fav-session-button\" aria-pressed=\"false\"><span class=\"screen-reader-text\">Session pr\u00e9f\u00e9r\u00e9e\u00a0: \u00c9tendre le front-end WordPress avec Node.js<\/span><span class=\"dashicons dashicons-star-filled\"><\/span><\/a><\/div><\/td><\/tr><tr class=\"wcpt-time-1400\"><td class=\"wcpt-time\">14:00<\/td><td colspan=\"1\" class=\"wcb-speaker-francois-xavier-benard wcb-track-salle-atelier-1 wcpt-session-type-session wcb-session-li18n-et-les-outils-de-l10n-en-2015\" data-track-title=\"Agora\" data-session-id=\"959\"><div class=\"wcb-session-cell-content\"><a class=\"wcpt-session-title\" href=\"https:\/\/paris.wordcamp.org\/2015\/session\/li18n-et-les-outils-de-l10n-en-2015\/\">L&rsquo;i18n et les outils de l10n en 2015<\/a> <span class=\"wcpt-session-speakers\"><a href=\"https:\/\/paris.wordcamp.org\/2015\/speaker\/francois-xavier-benard\/\">Fran\u00e7ois-Xavier B\u00e9nard<\/a><\/span><\/div><div class=\"wcb-session-favourite-icon\"><a href=\"#\" role=\"button\" class=\"fav-session-button\" aria-pressed=\"false\"><span class=\"screen-reader-text\">Session pr\u00e9f\u00e9r\u00e9e\u00a0: L&rsquo;i18n et les outils de l10n en 2015<\/span><span class=\"dashicons dashicons-star-filled\"><\/span><\/a><\/div><\/td><td colspan=\"1\" class=\"wcb-speaker-nicolas-birckel wcb-track-salle-atelier-2 wcpt-session-type-session wcb-session-vous-aussi-organisez-votre-evenement-wordpress-design-ou-autre\" data-track-title=\"Salle atelier\" data-session-id=\"976\"><div class=\"wcb-session-cell-content\"><a class=\"wcpt-session-title\" href=\"https:\/\/paris.wordcamp.org\/2015\/session\/vous-aussi-organisez-votre-evenement-wordpress-design-ou-autre\/\">Vous aussi, organisez votre \u00e9v\u00e9nement WordPress, Design, ou autre !<\/a> <span class=\"wcpt-session-speakers\"><a href=\"https:\/\/paris.wordcamp.org\/2015\/speaker\/nicolas-birckel\/\">Nicolas Birckel<\/a><\/span><\/div><div class=\"wcb-session-favourite-icon\"><a href=\"#\" role=\"button\" class=\"fav-session-button\" aria-pressed=\"false\"><span class=\"screen-reader-text\">Session pr\u00e9f\u00e9r\u00e9e\u00a0: Vous aussi, organisez votre \u00e9v\u00e9nement WordPress, Design, ou autre !<\/span><span class=\"dashicons dashicons-star-filled\"><\/span><\/a><\/div><\/td><\/tr><tr class=\"wcpt-time-1500\"><td class=\"wcpt-time\">15:00<\/td><td colspan=\"1\" class=\"wcb-speaker-julien-lambe wcb-track-salle-atelier-1 wcpt-session-type-session wcb-session-wordpress-en-tant-que-framework-dapplication-developper-des-applications-web-avec-wordpress-et-themosis\" data-track-title=\"Agora\" data-session-id=\"961\"><div class=\"wcb-session-cell-content\"><a class=\"wcpt-session-title\" href=\"https:\/\/paris.wordcamp.org\/2015\/session\/wordpress-en-tant-que-framework-dapplication-developper-des-applications-web-avec-wordpress-et-themosis\/\">WordPress en tant que \u201cframework\u201d d\u2019application : d\u00e9velopper des applications web avec WordPress et Themosis<\/a> <span class=\"wcpt-session-speakers\"><a href=\"https:\/\/paris.wordcamp.org\/2015\/speaker\/julien-lambe\/\">Julien Lamb\u00e9<\/a><\/span><\/div><div class=\"wcb-session-favourite-icon\"><a href=\"#\" role=\"button\" class=\"fav-session-button\" aria-pressed=\"false\"><span class=\"screen-reader-text\">Session pr\u00e9f\u00e9r\u00e9e\u00a0: WordPress en tant que \u201cframework\u201d d\u2019application : d\u00e9velopper des applications web avec WordPress et Themosis<\/span><span class=\"dashicons dashicons-star-filled\"><\/span><\/a><\/div><\/td><td colspan=\"1\" class=\"wcb-speaker-sara-rosso wcb-speaker-siobhan-mckeown wcb-track-salle-atelier-2 wcpt-session-type-session wcb-session-lets-talk-community\" data-track-title=\"Salle atelier\" data-session-id=\"978\"><div class=\"wcb-session-cell-content\"><a class=\"wcpt-session-title\" href=\"https:\/\/paris.wordcamp.org\/2015\/session\/lets-talk-community\/\">Let\u2019s talk Community!<\/a> <span class=\"wcpt-session-speakers\"><a href=\"https:\/\/paris.wordcamp.org\/2015\/speaker\/sara-rosso\/\">Sara Rosso<\/a>, <a href=\"https:\/\/paris.wordcamp.org\/2015\/speaker\/siobhan-mckeown\/\">Siobhan McKeown<\/a><\/span><\/div><div class=\"wcb-session-favourite-icon\"><a href=\"#\" role=\"button\" class=\"fav-session-button\" aria-pressed=\"false\"><span class=\"screen-reader-text\">Session pr\u00e9f\u00e9r\u00e9e\u00a0: Let\u2019s talk Community!<\/span><span class=\"dashicons dashicons-star-filled\"><\/span><\/a><\/div><\/td><\/tr><tr class=\"wcpt-time-1600\"><td class=\"wcpt-time\">16:00<\/td><td colspan=\"1\" class=\"wcb-speaker-alexandre-sadowski wcb-track-salle-atelier-1 wcpt-session-type-session wcb-session-integrer-la-problematique-du-responsive-image-dans-wordpress\" data-track-title=\"Agora\" data-session-id=\"980\"><div class=\"wcb-session-cell-content\"><a class=\"wcpt-session-title\" href=\"https:\/\/paris.wordcamp.org\/2015\/session\/integrer-la-problematique-du-responsive-image-dans-wordpress\/\">Int\u00e9grer la probl\u00e9matique du responsive image dans WordPress<\/a> <span class=\"wcpt-session-speakers\"><a href=\"https:\/\/paris.wordcamp.org\/2015\/speaker\/alexandre-sadowski\/\">Alexandre Sadowski<\/a><\/span><\/div><div class=\"wcb-session-favourite-icon\"><a href=\"#\" role=\"button\" class=\"fav-session-button\" aria-pressed=\"false\"><span class=\"screen-reader-text\">Session pr\u00e9f\u00e9r\u00e9e\u00a0: Int\u00e9grer la probl\u00e9matique du responsive image dans WordPress<\/span><span class=\"dashicons dashicons-star-filled\"><\/span><\/a><\/div><\/td><td colspan=\"1\" class=\"wcb-speaker-richard-archambault wcb-track-salle-atelier-2 wcpt-session-type-session wcb-session-faites-decoller-votre-site-avec-jetpack\" data-track-title=\"Salle atelier\" data-session-id=\"963\"><div class=\"wcb-session-cell-content\"><a class=\"wcpt-session-title\" href=\"https:\/\/paris.wordcamp.org\/2015\/session\/faites-decoller-votre-site-avec-jetpack\/\">Faites d\u00e9coller votre site avec Jetpack<\/a> <span class=\"wcpt-session-speakers\"><a href=\"https:\/\/paris.wordcamp.org\/2015\/speaker\/richard-archambault\/\">Richard Archambault<\/a><\/span><\/div><div class=\"wcb-session-favourite-icon\"><a href=\"#\" role=\"button\" class=\"fav-session-button\" aria-pressed=\"false\"><span class=\"screen-reader-text\">Session pr\u00e9f\u00e9r\u00e9e\u00a0: Faites d\u00e9coller votre site avec Jetpack<\/span><span class=\"dashicons dashicons-star-filled\"><\/span><\/a><\/div><\/td><\/tr><tr class=\"wcpt-time-1700\"><td class=\"wcpt-time\">17:00<\/td><td colspan=\"1\" class=\"wcb-speaker-amaury-balmer wcb-track-salle-atelier-1 wcpt-session-type-session wcb-session-mon-site-est-lent-que-faire\" data-track-title=\"Agora\" data-session-id=\"982\"><div class=\"wcb-session-cell-content\"><a class=\"wcpt-session-title\" href=\"https:\/\/paris.wordcamp.org\/2015\/session\/mon-site-est-lent-que-faire\/\">Mon site est lent ! Que faire&nbsp;?<\/a> <span class=\"wcpt-session-speakers\"><a href=\"https:\/\/paris.wordcamp.org\/2015\/speaker\/amaury-balmer\/\">Amaury Balmer<\/a><\/span><\/div><div class=\"wcb-session-favourite-icon\"><a href=\"#\" role=\"button\" class=\"fav-session-button\" aria-pressed=\"false\"><span class=\"screen-reader-text\">Session pr\u00e9f\u00e9r\u00e9e\u00a0: Mon site est lent ! Que faire&nbsp;?<\/span><span class=\"dashicons dashicons-star-filled\"><\/span><\/a><\/div><\/td><td colspan=\"1\" class=\"wcb-speaker-nicolas-juen wcb-track-salle-atelier-2 wcpt-session-type-session wcb-session-developper-en-javascript-une-extension-de-a-a-z\" data-track-title=\"Salle atelier\" data-session-id=\"965\"><div class=\"wcb-session-cell-content\"><a class=\"wcpt-session-title\" href=\"https:\/\/paris.wordcamp.org\/2015\/session\/developper-en-javascript-une-extension-de-a-a-z\/\">D\u00e9velopper en JavaScript : une extension de A \u00e0 Z<\/a> <span class=\"wcpt-session-speakers\"><a href=\"https:\/\/paris.wordcamp.org\/2015\/speaker\/nicolas-juen\/\">Nicolas Juen<\/a><\/span><\/div><div class=\"wcb-session-favourite-icon\"><a href=\"#\" role=\"button\" class=\"fav-session-button\" aria-pressed=\"false\"><span class=\"screen-reader-text\">Session pr\u00e9f\u00e9r\u00e9e\u00a0: D\u00e9velopper en JavaScript : une extension de A \u00e0 Z<\/span><span class=\"dashicons dashicons-star-filled\"><\/span><\/a><\/div><\/td><\/tr><tr class=\"wcpt-time-1800 global-session conclusion\"><td class=\"wcpt-time\">18:00<\/td><td colspan=\"2\" class=\"wcb-track-salle-atelier-1 wcb-track-salle-atelier-2 wcpt-session-type-custom wcb-session-conclusion-3\" data-track-title=\"Agora, Salle atelier\" data-session-id=\"985\"><div class=\"wcb-session-cell-content\"><span class=\"wcpt-session-title\">Conclusion<\/span><\/div><\/td><\/tr><\/tbody><\/table>\n\t<div class=\"email-form fav-session-email-form-hide\">\n\t\t<!-- Tab links -->\n\t\t<div class=\"fav-session-share-tab\">\n\t\t\t\t\t\t\t<div class=\"fav-session-tablinks\" id=\"fav-session-btn-email\">\n\t\t\t\t\tE-mail\t\t\t\t<\/div>\n\t\t\t\n\t\t\t<div class=\"fav-session-tablinks\" id=\"fav-session-btn-link\">\n\t\t\t\tLien\t\t\t<\/div>\n\n\t\t\t<div class=\"fav-session-tablinks\" id=\"fav-session-btn-print\">\n\t\t\t\tImprimer\t\t\t<\/div>\n\t\t<\/div>\n\n\t\t<!-- Tab content -->\n\t\t\t\t\t<div id=\"fav-session-tab-email\" class=\"fav-session-share-tabcontent\">\n\t\t\t\t<div id=\"fav-session-email-form\">\n\t\t\t\t\tM\u2019envoyer mes sessions favorites\u00a0:\n\t\t\t\t\t<form id=\"fav-sessions-form\">\n\t\t\t\t\t\t<input\n\t\t\t\t\t\t\ttype=\"text\"\n\t\t\t\t\t\t\tname=\"email_address\"\n\t\t\t\t\t\t\tid=\"fav-sessions-email-address\"\n\t\t\t\t\t\t\tplaceholder=\"me@protonmail.com\"\n\t\t\t\t\t\t\/>\n\t\t\t\t\t\t<input type=\"submit\" value=\"Envoyer\" \/>\n\t\t\t\t\t<\/form>\n\t\t\t\t<\/div>\n\n\t\t\t\t<div class=\"fav-session-email-wait-spinner\"><\/div>\n\t\t\t\t<div class=\"fav-session-email-result\"><\/div>\n\t\t\t<\/div>\n\t\t\n\t\t<div id=\"fav-session-tab-link\" class=\"fav-session-share-tabcontent\">\n\t\t\tLien partageable\u00a0:\t\t\t<br \/>\n\t\t\t<a id=\"fav-sessions-link\" href=\"\"><\/a>\n\t\t<\/div>\n\n\t\t<div id=\"fav-session-tab-print\" class=\"fav-session-share-tabcontent\">\n\t\t\t<button id=\"fav-session-print\">\n\t\t\t\tAfficher les sessions favorites\t\t\t<\/button>\n\t\t<\/div>\n\t<\/div>\n\n\t<a class=\"show-email-form\" href=\"javascript:\">\n\t\t<span class=\"dashicons dashicons-star-filled\"><\/span>\n\t\t<span class=\"dashicons dashicons-email-alt\"><\/span>\n\t<\/a>\n\n\t\n","protected":false},"excerpt":{"rendered":"<p>Samedi 24 janvier<\/p>\n","protected":false},"author":1185,"featured_media":0,"parent":1,"menu_order":0,"comment_status":"open","ping_status":"closed","template":"","meta":{"jetpack_post_was_ever_published":false,"footnotes":""},"class_list":["post-988","page","type-page","status-publish","hentry"],"jetpack_sharing_enabled":true,"_links":{"self":[{"href":"https:\/\/paris.wordcamp.org\/2015\/wp-json\/wp\/v2\/pages\/988","targetHints":{"allow":["GET"]}}],"collection":[{"href":"https:\/\/paris.wordcamp.org\/2015\/wp-json\/wp\/v2\/pages"}],"about":[{"href":"https:\/\/paris.wordcamp.org\/2015\/wp-json\/wp\/v2\/types\/page"}],"author":[{"embeddable":true,"href":"https:\/\/paris.wordcamp.org\/2015\/wp-json\/wp\/v2\/users\/1185"}],"replies":[{"embeddable":true,"href":"https:\/\/paris.wordcamp.org\/2015\/wp-json\/wp\/v2\/comments?post=988"}],"version-history":[{"count":2,"href":"https:\/\/paris.wordcamp.org\/2015\/wp-json\/wp\/v2\/pages\/988\/revisions"}],"predecessor-version":[{"id":1267,"href":"https:\/\/paris.wordcamp.org\/2015\/wp-json\/wp\/v2\/pages\/988\/revisions\/1267"}],"up":[{"embeddable":true,"href":"https:\/\/paris.wordcamp.org\/2015\/wp-json\/wp\/v2\/pages\/1"}],"wp:attachment":[{"href":"https:\/\/paris.wordcamp.org\/2015\/wp-json\/wp\/v2\/media?parent=988"}],"curies":[{"name":"wp","href":"https:\/\/api.w.org\/{rel}","templated":true}]}}