{"id":6,"date":"2014-06-20T22:45:33","date_gmt":"2014-06-20T22:45:33","guid":{"rendered":"https:\/\/2015.paris.wordcamp.org\/organizers\/"},"modified":"2014-10-13T18:30:38","modified_gmt":"2014-10-13T16:30:38","slug":"organisateurs","status":"publish","type":"page","link":"https:\/\/paris.wordcamp.org\/2015\/organisateurs\/","title":{"rendered":"Organisateurs"},"content":{"rendered":"<p>Le WordCamp Paris 2015 est organis\u00e9 par l&rsquo;association loi 1901 <a href=\"http:\/\/www.wordpress-fr.net\">WordPress-Francophone<\/a>, avec l&rsquo;aide de plusieurs volontaires actifs dans la communaut\u00e9 WordPress de France.<\/p>\n\t<div class=\"wcorg-organizers\">\n\n\t\t\n\t\t\t<div class=\"wcorg-organizer\">\n\t\t\t\t<h2>Olivier Gobet<\/h2>\n\t\t\t\t<div class=\"wcorg-organizer-description\">\n\t\t\t\t\t\t\t\t\t\t<img alt='' src='https:\/\/secure.gravatar.com\/avatar\/?s=100&#038;d=mm&#038;r=g' srcset='https:\/\/secure.gravatar.com\/avatar\/?s=200&#038;d=mm&#038;r=g 2x' class='avatar avatar-100 photo avatar-default' height='100' width='100' \/>\t\t\t\t\t<p>Olivier est g\u00e9rant de la sarl Gd6d. Il habite dans le Gers en France et travaille dans le web depuis 2000. Pour ses clients, il imagine, construis et accompagne le d\u00e9veloppement d&rsquo;une pr\u00e9sence r\u00e9ussie sur le web avec le CMS WordPress.<\/p>\n\t\t\t\t<\/div>\n\t\t\t<\/div>\n\n\t\t\n\t\t\t<div class=\"wcorg-organizer\">\n\t\t\t\t<h2>Beno\u00eet Catherineau<\/h2>\n\t\t\t\t<div class=\"wcorg-organizer-description\">\n\t\t\t\t\t\t\t\t\t\t<img alt='' src='https:\/\/secure.gravatar.com\/avatar\/9e5a28ac8e1a097d8d41a5cc4cca73d41cf5042ca38b2e51066f2e23769ec9eb?s=100&#038;d=mm&#038;r=g' srcset='https:\/\/secure.gravatar.com\/avatar\/9e5a28ac8e1a097d8d41a5cc4cca73d41cf5042ca38b2e51066f2e23769ec9eb?s=200&#038;d=mm&#038;r=g 2x' class='avatar avatar-100 photo' height='100' width='100' \/>\t\t\t\t\t<p>Utilisateur de WordPress depuis la version 1.2, Il int\u00e9gre l&rsquo;\u00e9quipe de WPFR d\u00e8s les premi\u00e8res semaines de sa cr\u00e9ation&#8230; cela fait bient\u00f4t 10 ans ! Il est aujourd&rsquo;hui secr\u00e9taire de l&rsquo;association WPFR, traducteur de WordPress et animateur de la communaut\u00e9 fran\u00e7aise. Son <a href=\"http:\/\/www.wordpress-fr.net\/tag\/hebdo\/\">Hebdo<\/a> fait figure de r\u00e9f\u00e9rence dans l&rsquo;information francophone \u00e0 propos de WordPress.<\/p>\n<p>Sa particularit\u00e9 ? Il n&rsquo;est pas un professionnel du web comme la plupart (tous ?) des co-organisateurs de ce WordCamp. Fonctionnaire territorial en charge des Ressources Humaines, le web en g\u00e9n\u00e9ral et WordPress en particulier sont donc, pour lui, avant tout, une affaire de loisirs.<\/p>\n<p>Son \u0153il non technique apporte un avis d&rsquo;utilisateur lambda pour tous les projets de l&rsquo;association (qui a dit Candide ?).<br \/>\nIl est la preuve que WordPress n&rsquo;est pas r\u00e9serv\u00e9 \u00e0 une \u00e9lite de d\u00e9veloppeurs.<\/p>\n\t\t\t\t<\/div>\n\t\t\t<\/div>\n\n\t\t\n\t\t\t<div class=\"wcorg-organizer\">\n\t\t\t\t<h2>Adrian Koss<\/h2>\n\t\t\t\t<div class=\"wcorg-organizer-description\">\n\t\t\t\t\t\t\t\t\t\t<img alt='' src='https:\/\/secure.gravatar.com\/avatar\/?s=100&#038;d=mm&#038;r=g' srcset='https:\/\/secure.gravatar.com\/avatar\/?s=200&#038;d=mm&#038;r=g 2x' class='avatar avatar-100 photo avatar-default' height='100' width='100' \/>\t\t\t\t\t<p>N\u00e9 en Argentine en 1979, j&rsquo;ai commenc\u00e9 l&rsquo;\u00e9cole en Isra\u00ebl. Je parlais espagnol \u00e0 la maison, h\u00e9breu en classe. J&rsquo;ai d\u00e9barqu\u00e9 \u00e0 Paris en 1984&#8230; Et depuis j&rsquo;ai perdu l&rsquo;h\u00e9breu&#8230; Par la suite j&rsquo;ai pass\u00e9 mon enfance dans le Val d&rsquo;Oise. Mes meilleurs souvenirs s&rsquo;appellent Amiga 500, Megadrive et Palm.<\/p>\n<p>Web et UX designer depuis 2002, je me suis sp\u00e9cialis\u00e9 dans la r\u00e9alisation de sites de presse. Au sein du Groupe Moniteur depuis 2007, j&rsquo;ai particip\u00e9 \u00e0 la conception et l&rsquo;\u00e9volution de LaGazette.fr, site de r\u00e9f\u00e9rence dans le secteur des collectivit\u00e9s locales. Ce site, enti\u00e8rement propuls\u00e9 par WordPress, m&rsquo;a donn\u00e9 la chance d&rsquo;en apprendre beaucoup sur ce CMS.<\/p>\n<p>J&rsquo;exerce par ailleurs dans la vid\u00e9o, comme cadreur, monteur et motion designer. Et depuis 2012 j&rsquo;ai d\u00e9velopp\u00e9 le design d&rsquo;une application mobile pour iOS et Andro\u00efd, toujours pour LaGazette.fr.<\/p>\n<p>Je fais \u00e9galement de la photo (http:\/\/500px.com\/korido), j&rsquo;aime les films de SF, et je milite dans diverses organisations&#8230; pour construire un monde meilleur.<\/p>\n\t\t\t\t<\/div>\n\t\t\t<\/div>\n\n\t\t\n\t\t\t<div class=\"wcorg-organizer\">\n\t\t\t\t<h2>Julien Oger<\/h2>\n\t\t\t\t<div class=\"wcorg-organizer-description\">\n\t\t\t\t\t\t\t\t\t\t<img alt='' src='https:\/\/secure.gravatar.com\/avatar\/?s=100&#038;d=mm&#038;r=g' srcset='https:\/\/secure.gravatar.com\/avatar\/?s=200&#038;d=mm&#038;r=g 2x' class='avatar avatar-100 photo avatar-default' height='100' width='100' \/>\t\t\t\t\t<p>Chef de Projet chez GLOBALIS media systems, je travaille depuis plus de 10 ans dans le web sur des sujets aussi divers que le d\u00e9veloppement front ou c\u00f4t\u00e9 serveur (PHP), l&rsquo;assistance MOA, audit organisationnel, gestion de projet au forfait, organisation de TMA.<br \/>\nEn charge de l&rsquo;organisation des m\u00e9thodes de travail, je porte \u00e9galement l&rsquo;offre WordPress depuis plusieurs ann\u00e9es avec notamment la publication d&rsquo;un plugin de duplication de site multisite-clone-duplicator.<\/p>\n\t\t\t\t<\/div>\n\t\t\t<\/div>\n\n\t\t\n\t\t\t<div class=\"wcorg-organizer\">\n\t\t\t\t<h2>Xavier Borderie<\/h2>\n\t\t\t\t<div class=\"wcorg-organizer-description\">\n\t\t\t\t\t\t\t\t\t\t<img alt='' src='https:\/\/secure.gravatar.com\/avatar\/2349fe153237a398b058cefe15910aff3acea2c67da2f8bb6ee587a3cdb31347?s=100&#038;d=mm&#038;r=g' srcset='https:\/\/secure.gravatar.com\/avatar\/2349fe153237a398b058cefe15910aff3acea2c67da2f8bb6ee587a3cdb31347?s=200&#038;d=mm&#038;r=g 2x' class='avatar avatar-100 photo' height='100' width='100' \/>\t\t\t\t\t<p>Xavier est co-fondateur de l&rsquo;association WordPress-Francophone, et son pr\u00e9sident. Il est reponsable de la communaut\u00e9, traduit WordPress en fran\u00e7ais depuis le d\u00e9but, et a co-\u00e9crit trois \u00e9ditions du livre WordPress \u00e9dit\u00e9 par Pearson.<\/p>\n<p>Il est co-organisateur de tous les barcamps et WordCamps organis\u00e9s par WPFR \u00e0 Paris depuis 2008 (environ un de chaque par an).<\/p>\n<p>Professionnellement, Xavier Borderie est r\u00e9dacteur technique, et est responsable de la documentation de PrestaShop.<\/p>\n\t\t\t\t<\/div>\n\t\t\t<\/div>\n\n\t\t\n\t\t\t<div class=\"wcorg-organizer\">\n\t\t\t\t<h2>Jenny Beaumont<\/h2>\n\t\t\t\t<div class=\"wcorg-organizer-description\">\n\t\t\t\t\t\t\t\t\t\t<img alt='' src='https:\/\/secure.gravatar.com\/avatar\/f3de4d6add4b59297e37461cdba6132e4632097a94391701c26c69fca127570b?s=100&#038;d=mm&#038;r=g' srcset='https:\/\/secure.gravatar.com\/avatar\/f3de4d6add4b59297e37461cdba6132e4632097a94391701c26c69fca127570b?s=200&#038;d=mm&#038;r=g 2x' class='avatar avatar-100 photo' height='100' width='100' \/>\t\t\t\t\t<p>D&rsquo;origine am\u00e9ricaine, Jenny Beaumont s&rsquo;est install\u00e9e en France en 1998 o\u00f9 elle a d\u00e9marr\u00e9 sa carri\u00e8re avec la cr\u00e9ation de sa premi\u00e8re agence web. En 2000, elle s\u2019est mise en freelance et, en passant par la gestion de projet, le design graphique, l\u2019animation Flash et l\u2019UI design, s\u2019est orient\u00e9e vers le d\u00e9veloppement front-end. Sp\u00e9cialiste WordPress maintenant depuis 2009, Jenny est aussi membre active de la communaut\u00e9 en France et \u00e0 l&rsquo;internationale.<\/p>\n\t\t\t\t<\/div>\n\t\t\t<\/div>\n\n\t\t\n\t\t\t<div class=\"wcorg-organizer\">\n\t\t\t\t<h2>\u00c9milie Lebrun<\/h2>\n\t\t\t\t<div class=\"wcorg-organizer-description\">\n\t\t\t\t\t\t\t\t\t\t<img alt='' src='https:\/\/secure.gravatar.com\/avatar\/ab0448d926577f7cf9c23a99f92ae2f2ab398a348e25941b3b345805db029ca4?s=100&#038;d=mm&#038;r=g' srcset='https:\/\/secure.gravatar.com\/avatar\/ab0448d926577f7cf9c23a99f92ae2f2ab398a348e25941b3b345805db029ca4?s=200&#038;d=mm&#038;r=g 2x' class='avatar avatar-100 photo' height='100' width='100' \/>\t\t\t\t\t<p><span style=\"color: #141412\">Work addict et entrepreneuse dans l&rsquo;\u00e2me, Emilie fonde sa premi\u00e8re soci\u00e9t\u00e9 dans l\u00b9informatique en 2001 puis exerce 6 ans en tant que freelance.<\/span><br style=\"color: #141412\" \/><span style=\"color: #141412\">En 2009, elle cr\u00e9e avec Nandor Wiener l&rsquo;<a href=\"https:\/\/www.whodunit.fr\/\" target=\"_blank\" rel=\"noopener\">agence WordPress Whodunit<\/a>.<\/span><br style=\"color: #141412\" \/><span style=\"color: #141412\">En 2010 elle se lance dans l&rsquo;aventure WordPress, convaincue du potentiel du CMS.<\/span><br style=\"color: #141412\" \/><span style=\"color: #141412\">Un livre blanc, un blog et de nombreux sites plus tard, elle accompagne au quotidien les entreprises dans la d\u00e9couverte de WordPress et de son \u00e9cosyst\u00e8me.<\/span><br style=\"color: #141412\" \/><span style=\"color: #141412\">Directrice projets de l&rsquo;agence, passionn\u00e9e par le web, le management et la conduite du changement, elle optimise, planifie, cherche constamment de nouvelles solutions \u2026 Le tout entre deux comp\u00e9titions de SingStar.<\/span><\/p>\n\t\t\t\t<\/div>\n\t\t\t<\/div>\n\n\t\t\n\t\t\t<div class=\"wcorg-organizer\">\n\t\t\t\t<h2>Gr\u00e9goire Noyelle<\/h2>\n\t\t\t\t<div class=\"wcorg-organizer-description\">\n\t\t\t\t\t\t\t\t\t\t<img alt='' src='https:\/\/secure.gravatar.com\/avatar\/2ad809959fb7c1e8824ae3338f0ee87458a68cfee3fba9260dae7d29d60d8c9d?s=100&#038;d=mm&#038;r=g' srcset='https:\/\/secure.gravatar.com\/avatar\/2ad809959fb7c1e8824ae3338f0ee87458a68cfee3fba9260dae7d29d60d8c9d?s=200&#038;d=mm&#038;r=g 2x' class='avatar avatar-100 photo' height='100' width='100' \/>\t\t\t\t\t<p>De formation graphique (Pennighen, Arts Appliqu\u00e9s Duperr\u00e9) et artistique (Beaux-Arts de Paris), j\u2019ai exp\u00e9riment\u00e9 de nombreuses approches li\u00e9es \u00e0 l\u2019image.<br \/>\nEn 2006, je d\u00e9cide que la cr\u00e9ation de sites deviendra mon activit\u00e9 principale. WordPress deviendra tr\u00e8s rapidement mon outil de pr\u00e9dilection.<br \/>\nAujourd\u2019hui, plus de 90% de mon activit\u00e9 repose sur WordPress entre la r\u00e9alisation de th\u00e8me sur mesure sur le Framework Genesis exclusivement et la formation dans plusieurs \u00e9coles dont les Gobelins et apaxxdesigns.<\/p>\n\t\t\t\t<\/div>\n\t\t\t<\/div>\n\n\t\t\n\t\t\t<div class=\"wcorg-organizer\">\n\t\t\t\t<h2>Thierry Pigot<\/h2>\n\t\t\t\t<div class=\"wcorg-organizer-description\">\n\t\t\t\t\t\t\t\t\t\t<img alt='' src='https:\/\/secure.gravatar.com\/avatar\/6c51f524d64cabe361c9fd08fa481f5c542907c8abea3732966b1da1cee8220c?s=100&#038;d=mm&#038;r=g' srcset='https:\/\/secure.gravatar.com\/avatar\/6c51f524d64cabe361c9fd08fa481f5c542907c8abea3732966b1da1cee8220c?s=200&#038;d=mm&#038;r=g 2x' class='avatar avatar-100 photo' height='100' width='100' \/>\t\t\t\t\t<p>Expert du CMS WordPress depuis 2005.<\/p>\n<p>Sp\u00e9cialiste en architecture de sites WordPress, il conseille et accompagne au quotidien nos clients et entreprises dans leurs probl\u00e9matiques fonctionnelles et techniques.<\/p>\n<p>Manager de l\u2019\u00e9quipe technique, garant de la qualit\u00e9 des d\u00e9veloppements livr\u00e9s, il assure le suivi de la production de l\u2019ensemble des projets de l\u2019<a href=\"https:\/\/www.wearewp.pro\">agence WordPress<\/a> WeAreWP (<a href=\"https:\/\/www.wp-assistance.fr\/support-wordpress\/\">Support WordPress<\/a> <a href=\"https:\/\/www.wp-assistance.fr\/maintenance-wordpress\/\">Maintenance WordPress<\/a>).<\/p>\n<p>Membre de l\u2019\u00e9quipe organisatrice, conf\u00e9rencier et animateur d\u2019\u00e9v\u00e9nements locaux, il participe activement aux \u00e9v\u00e9nements de la communaut\u00e9 WordPress en France et \u00e0 l\u2019\u00e9tranger (WordCamp, <a href=\"https:\/\/www.meetup.com\/fr-FR\/wordpress-ile-de-france\/\">Meetup<\/a>, Barcamp, WPtech \u2026).<\/p>\n\t\t\t\t<\/div>\n\t\t\t<\/div>\n\n\t\t\n\t\t\t<div class=\"wcorg-organizer\">\n\t\t\t\t<h2>Alex Concha<\/h2>\n\t\t\t\t<div class=\"wcorg-organizer-description\">\n\t\t\t\t\t\t\t\t\t\t<img alt='' src='https:\/\/secure.gravatar.com\/avatar\/371aaa6682706b3564f11179382def1bc5a751ed95e246d104c740ee875a9844?s=100&#038;d=mm&#038;r=g' srcset='https:\/\/secure.gravatar.com\/avatar\/371aaa6682706b3564f11179382def1bc5a751ed95e246d104c740ee875a9844?s=200&#038;d=mm&#038;r=g 2x' class='avatar avatar-100 photo' height='100' width='100' \/>\t\t\t\t\t<p>Passionn\u00e9 de WordPress. J\u2019ai contribu\u00e9 depuis les premi\u00e8res versions \u00e0<br \/>\nsa s\u00e9curisation. Je suis maintenant membre de l&rsquo;\u00e9quipe de s\u00e9curit\u00e9 de<br \/>\nWordPress et travaille actuellement en tant que d\u00e9veloppeur chez<br \/>\nAutomattic.<\/p>\n\t\t\t\t<\/div>\n\t\t\t<\/div>\n\n\t\t\n\t\t\t<div class=\"wcorg-organizer\">\n\t\t\t\t<h2>Benjamin Lupu<\/h2>\n\t\t\t\t<div class=\"wcorg-organizer-description\">\n\t\t\t\t\t\t\t\t\t\t<img alt='' src='https:\/\/secure.gravatar.com\/avatar\/bf8f876897b2261587545bd2066933763a8b271be1e4b87c3996c9f0734adb87?s=100&#038;d=mm&#038;r=g' srcset='https:\/\/secure.gravatar.com\/avatar\/bf8f876897b2261587545bd2066933763a8b271be1e4b87c3996c9f0734adb87?s=200&#038;d=mm&#038;r=g 2x' class='avatar avatar-100 photo' height='100' width='100' \/>\t\t\t\t\t<p>Professionnel du digital depuis 1998, Benjamin dirige les activit\u00e9s num\u00e9riques du groupe de presse Jeune Afrique.\u00a0Benjamin utilise WordPress pour la quasi-totalit\u00e9 de ses projets depuis 2008 et s\u2019est petit \u00e0 petit investi dans la communaut\u00e9. Il participe aussi au collectif Uncategorized Creations \u00e0 l&rsquo;origine du plugin WP-AppKit.<\/p>\n\t\t\t\t<\/div>\n\t\t\t<\/div>\n\n\t\t\n\t\t\t<div class=\"wcorg-organizer\">\n\t\t\t\t<h2>Julio Potier<\/h2>\n\t\t\t\t<div class=\"wcorg-organizer-description\">\n\t\t\t\t\t\t\t\t\t\t<img alt='' src='https:\/\/secure.gravatar.com\/avatar\/7f2fd2d51c2450990cb3fdfa75946d75b665b9d2bb1ddda8219009089163e321?s=100&#038;d=mm&#038;r=g' srcset='https:\/\/secure.gravatar.com\/avatar\/7f2fd2d51c2450990cb3fdfa75946d75b665b9d2bb1ddda8219009089163e321?s=200&#038;d=mm&#038;r=g 2x' class='avatar avatar-100 photo' height='100' width='100' \/>\t\t\t\t\t<p>Orateur compulsif, pilier des happiness bars, d\u00e9veloppeur de l&rsquo;extr\u00eame, Julio est le psychopathe de l&rsquo;optimisation et de la s\u00e9curit\u00e9 sous WordPress.<br \/>\nIl aime contribuer aux tickets et au core de WordPress dans un but d&rsquo;am\u00e9lioration.<br \/>\nLa formation de d\u00e9butant \u00e0 expert WordPress fait aussi partie de sa panoplie, m\u00eame s&rsquo;il ne se d\u00e9guise pas toujours en Capitaine Hook.<br \/>\nLe codex incrust\u00e9 dans l&rsquo;oeil gauche, la souris greff\u00e9e dans la main droite, il code tous les jours des plugins ou des astuces pour votre CMS favori.<br \/>\nLa WordPressite aig\u00fce ? Bien possible, et tant mieux !<\/p>\n\t\t\t\t<\/div>\n\t\t\t<\/div>\n\n\t\t\n\t<\/div><!-- .wcorg-organizers -->\n\t\n","protected":false},"excerpt":{"rendered":"<p>Le WordCamp Paris 2015 est organis\u00e9 par l&rsquo;association loi 1901 WordPress-Francophone, avec l&rsquo;aide de plusieurs volontaires actifs dans la communaut\u00e9 WordPress de France.<\/p>\n","protected":false},"author":7445838,"featured_media":0,"parent":0,"menu_order":0,"comment_status":"closed","ping_status":"closed","template":"","meta":{"jetpack_post_was_ever_published":false,"footnotes":""},"class_list":["post-6","page","type-page","status-publish","hentry"],"jetpack_sharing_enabled":true,"_links":{"self":[{"href":"https:\/\/paris.wordcamp.org\/2015\/wp-json\/wp\/v2\/pages\/6","targetHints":{"allow":["GET"]}}],"collection":[{"href":"https:\/\/paris.wordcamp.org\/2015\/wp-json\/wp\/v2\/pages"}],"about":[{"href":"https:\/\/paris.wordcamp.org\/2015\/wp-json\/wp\/v2\/types\/page"}],"author":[{"embeddable":true,"href":"https:\/\/paris.wordcamp.org\/2015\/wp-json\/wp\/v2\/users\/7445838"}],"replies":[{"embeddable":true,"href":"https:\/\/paris.wordcamp.org\/2015\/wp-json\/wp\/v2\/comments?post=6"}],"version-history":[{"count":5,"href":"https:\/\/paris.wordcamp.org\/2015\/wp-json\/wp\/v2\/pages\/6\/revisions"}],"predecessor-version":[{"id":177,"href":"https:\/\/paris.wordcamp.org\/2015\/wp-json\/wp\/v2\/pages\/6\/revisions\/177"}],"wp:attachment":[{"href":"https:\/\/paris.wordcamp.org\/2015\/wp-json\/wp\/v2\/media?parent=6"}],"curies":[{"name":"wp","href":"https:\/\/api.w.org\/{rel}","templated":true}]}}