{"id":161,"date":"2014-10-13T14:16:09","date_gmt":"2014-10-13T12:16:09","guid":{"rendered":"https:\/\/2015.paris.wordcamp.org\/?page_id=161"},"modified":"2015-01-22T17:32:33","modified_gmt":"2015-01-22T16:32:33","slug":"informations-pratiques","status":"publish","type":"page","link":"https:\/\/paris.wordcamp.org\/2015\/informations-pratiques\/","title":{"rendered":"Informations pratiques"},"content":{"rendered":"<p>Le WordCamp Paris 2015 se d\u00e9roulera dans deux lieux diff\u00e9rents, \u00e0\u00a0Paris.<\/p>\n<h2>Vendredi 23 janvier 2015<\/h2>\n<p><a href=\"http:\/\/www.mas-paris.fr\/\" target=\"_blank\"><img loading=\"lazy\" decoding=\"async\" class=\" wp-image-199 size-full alignright\" src=\"https:\/\/2015.paris.wordcamp.org\/files\/2014\/10\/logo-la-mas.png\" alt=\"logo-la-mas\" width=\"135\" height=\"73\" \/><\/a><\/p>\n<p>Rendez-vous \u00e0\u00a0<a href=\"http:\/\/mas-paris.fr\/\">la MAS<\/a>\u00a0\u00e0 partir de 8h30, pour une journ\u00e9e de conf\u00e9rences.<\/p>\n<p><strong>Adresse :\u00a0<\/strong><br \/>\nMAS Paris<br \/>\n10\/18, rue des Terres au Cur\u00e9<br \/>\n75013 Paris<\/p>\n<div class=\"googlemaps\">\n\t\t\t\t<iframe loading=\"lazy\" width=\"625\" height=\"350\" frameborder=\"0\" scrolling=\"no\" marginheight=\"0\" marginwidth=\"0\"  src=\"https:\/\/maps.google.fr\/maps?q=18%20rue%20des%20Terres%20au%20Cur\u00e9%2075013%20Paris&#038;ie=UTF8&#038;hnear=18%20Rue%20des%20Terres%20au%20Cure,%2075013%20Paris,%20\u00cele-de-France&#038;t=m&#038;z=14&#038;ll=48.824128,2.372327&#038;output=embed\"><\/iframe>\n\t\t\t<\/div>\n<ul>\n<li>M\u00e9tro : Porte d\u2019Ivry (ligne 7) ou\u00a0Olympiades (ligne 14).<\/li>\n<li>Bus : ch\u00e2teau des rentiers (ligne\u00a062),\u00a0Patay &#8211; Tolbiac (ligne\u00a064).<\/li>\n<li>Tram : T3 Porte d\u2019Ivry.<\/li>\n<li>Parkings \u00e0 proximit\u00e9 : <a href=\"http:\/\/www.mas-paris.fr\/medias\/Parkings-A-proximitA-de-la-MAS-v1.pdf\">cliquez ici<\/a>.<\/li>\n<\/ul>\n<hr \/>\n<h2>Samedi 24\u00a0janvier 2015<\/h2>\n<p><a href=\"https:\/\/2015.paris.wordcamp.org\/files\/2014\/10\/eemi.png\"><img loading=\"lazy\" decoding=\"async\" class=\" size-full wp-image-132 alignright\" src=\"https:\/\/2015.paris.wordcamp.org\/files\/2014\/10\/eemi.png\" alt=\"eemi\" width=\"295\" height=\"139\" \/><\/a><\/p>\n<p>Rendez-vous \u00e0 l&rsquo;<a href=\"http:\/\/www.eemi.com\" rel=\"nofollow\">EEMI<\/a>\u00a0\u00e0 partir de 8h30 pour une journ\u00e9e\u00a0communautaire (ateliers, mini-conf\u00e9rences, etc.)<\/p>\n<p><strong>Adresse :<\/strong><br \/>\nL\u2019EEMI<br \/>\nPalais Brongniart<br \/>\n28 place de la Bourse<br \/>\n75002 Paris<\/p>\n<div class=\"googlemaps\">\n\t\t\t\t<iframe loading=\"lazy\" width=\"625\" height=\"350\" frameborder=\"0\" scrolling=\"no\" marginheight=\"0\" marginwidth=\"0\"  src=\"https:\/\/maps.google.fr\/maps?q=28%20place%20de%20la%20bourse%2075002%20Paris&#038;ie=UTF8&#038;hnear=28%20place%20de%20la%20bourse%2075002%20Paris,%20\u00cele-de-France&#038;t=m&#038;z=14&#038;ll=48.8688285,2.3412426&#038;output=embed\"><\/iframe>\n\t\t\t<\/div>\n<ul>\n<li>M\u00e9tro : Bourse (ligne 3),\u00a0Grands Boulevards\u00a0(ligne 9)<\/li>\n<li>Bus : Grands Boulevards\u00a0(lignes 20, 39, 48, 67, 74 et\u00a085), Pierre Brossolette (ligne 186).<\/li>\n<li>Parkings \u00e0 proximit\u00e9 : <a href=\"http:\/\/www.vincipark.com\/fr\/parkings\/bourse-75020300\">cliquez ici<\/a> (VinciPark).<\/li>\n<\/ul>\n<p><strong>Nous en profitons pour en remercier l&rsquo;\u00e9quipe de l&rsquo;EEMI, qui nous accueille au sein de ses locaux.<\/strong><\/p>\n","protected":false},"excerpt":{"rendered":"<p>Le WordCamp Paris 2015 se d\u00e9roulera dans deux lieux diff\u00e9rents, \u00e0\u00a0Paris. Vendredi 23 janvier 2015 Rendez-vous \u00e0\u00a0la MAS\u00a0\u00e0 partir de 8h30, pour une journ\u00e9e de conf\u00e9rences. Adresse :\u00a0 MAS Paris 10\/18, rue des Terres au Cur\u00e9 75013 Paris M\u00e9tro : Porte d\u2019Ivry (ligne 7) ou\u00a0Olympiades (ligne 14). Bus : ch\u00e2teau des rentiers (ligne\u00a062),\u00a0Patay &#8211; Tolbiac [&hellip;]<\/p>\n","protected":false},"author":1185,"featured_media":0,"parent":0,"menu_order":0,"comment_status":"open","ping_status":"closed","template":"","meta":{"jetpack_post_was_ever_published":false,"footnotes":""},"class_list":["post-161","page","type-page","status-publish","hentry"],"jetpack_sharing_enabled":true,"_links":{"self":[{"href":"https:\/\/paris.wordcamp.org\/2015\/wp-json\/wp\/v2\/pages\/161","targetHints":{"allow":["GET"]}}],"collection":[{"href":"https:\/\/paris.wordcamp.org\/2015\/wp-json\/wp\/v2\/pages"}],"about":[{"href":"https:\/\/paris.wordcamp.org\/2015\/wp-json\/wp\/v2\/types\/page"}],"author":[{"embeddable":true,"href":"https:\/\/paris.wordcamp.org\/2015\/wp-json\/wp\/v2\/users\/1185"}],"replies":[{"embeddable":true,"href":"https:\/\/paris.wordcamp.org\/2015\/wp-json\/wp\/v2\/comments?post=161"}],"version-history":[{"count":13,"href":"https:\/\/paris.wordcamp.org\/2015\/wp-json\/wp\/v2\/pages\/161\/revisions"}],"predecessor-version":[{"id":1890,"href":"https:\/\/paris.wordcamp.org\/2015\/wp-json\/wp\/v2\/pages\/161\/revisions\/1890"}],"wp:attachment":[{"href":"https:\/\/paris.wordcamp.org\/2015\/wp-json\/wp\/v2\/media?parent=161"}],"curies":[{"name":"wp","href":"https:\/\/api.w.org\/{rel}","templated":true}]}}