{"id":13,"date":"2014-11-06T12:52:33","date_gmt":"2014-11-06T11:52:33","guid":{"rendered":"https:\/\/2015.paris.wordcamp.org\/code-of-conduct\/"},"modified":"2014-11-06T12:54:34","modified_gmt":"2014-11-06T11:54:34","slug":"code-de-conduite","status":"publish","type":"page","link":"https:\/\/paris.wordcamp.org\/2015\/informations-pratiques\/code-de-conduite\/","title":{"rendered":"Code de conduite"},"content":{"rendered":"<p>L&rsquo;\u00e9quipe du WordCamp Paris, et le projet WordPress en g\u00e9n\u00e9ral, s&rsquo;efforce de\u00a0suivre l&rsquo;exemple promu par la\u00a0<a href=\"http:\/\/geekfeminism.wikia.com\/wiki\/Conference_anti-harassment\/Policy\">politique anti-harc\u00e8lement<\/a>\u00a0propos\u00e9e par l&rsquo;<a href=\"http:\/\/adainitiative.org\/what-we-do\/conference-policies\/\">Ada Initiative<\/a>. Nous nous efforcerons de suivre leur <a href=\"http:\/\/geekfeminism.wikia.com\/wiki\/Conference_anti-harassment\/Responding_to_reports\">guide de prise en compte des signalements de harc\u00e8lement<\/a>.<\/p>\n<p>Cette page est une traduction de la page \u00ab\u00a0<a href=\"http:\/\/plan.wordcamp.org\/code-of-conduct\/\">Code of Conduct<\/a>\u00a0\u00bb mise en place par WordCamp Central.<\/p>\n<ol>\n<li>\n<h3>Objectif<\/h3>\n<p>L&rsquo;\u00e9quipe de WordCamp Paris estime que notre communaut\u00e9 devrait \u00eatre ouverte \u00e0 toutes et tous. De fait, nous nous engageons \u00e0 mettre en place un environnement convivial, s\u00fbr et accueillant pour tous les participants, sans distinction de genre, d&rsquo;orientation sexuelle, d&rsquo;handicap, d&rsquo;origine ethnique, ou de religion &#8212; ni m\u00eame de syst\u00e8me d&rsquo;exploitation, de langage de programmation ou d&rsquo;\u00e9diteur de code pr\u00e9f\u00e9r\u00e9.<\/p>\n<p>Le pr\u00e9sent code de conduite \u00e9nonce nos attentes en mati\u00e8re de comportement des participants, ainsi que les cons\u00e9quences d&rsquo;un comportement inacceptable.<\/p>\n<p>Nous invitons tous les sponsors, les b\u00e9n\u00e9voles, les intervenants, les auditeurs\u00a0et les autres participants \u00e0 nous aider \u00e0 faire du WordCamp Paris une\u00a0conf\u00e9rence s\u00fbre\u00a0et b\u00e9n\u00e9ficiant \u00e0\u00a0tout le monde.<\/li>\n<li>\n<h3>\u00catre un bon citoyen de l&rsquo;Open Source<\/h3>\n<p>Un objectif suppl\u00e9mentaire de ce code de conduite est d&rsquo;accro\u00eetre le nombre de membres de la communaut\u00e9\u00a0open source en encourageant les participants \u00e0 d\u00e9couvrir\u00a0et renforcer les relations entre ce que nous faisons et la communaut\u00e9 dans son ensemble.<\/p>\n<p>Dans cette optique, les organisateurs de WordCamp Paris accepterons des nominations de citoyens exemplaires durant l&rsquo;\u00e9v\u00e8nement afin de mettre en avant une s\u00e9lection de participants sur le site de la conf\u00e9rence une fois celle-ci termin\u00e9e.<\/p>\n<p>Ainsi, si en tant que participant vous constatez que quelqu&rsquo;un fait un effort particulier pour s&rsquo;assurer que la communaut\u00e9 est accueillante, amicale, et qu&rsquo;elle encourage tous les participants \u00e0 contribuer le plus possible, cela nous int\u00e9resse. Vous pourrez nommer \u00e0 l&rsquo;accueil de l&rsquo;\u00e9v\u00e8nement.<\/li>\n<li>\n<h3>Comportement attendu<\/h3>\n<ul>\n<li>Faites attention \u00e0 autrui, soyez respectueux et ouverts au partage.<\/li>\n<li>Abstenez-vous de comportements et propos discriminatoires, humiliants ou d\u00e9gradants.<\/li>\n<li>Tenez compte de votre environnement imm\u00e9diat et des autres participants. Pr\u00e9venez les organisateurs si vous remarquez une situation dangereuse ou quelqu&rsquo;un en d\u00e9tresse.<\/li>\n<li>Participez de mani\u00e8re authentique et active. Ce faisant, vous aiderez \u00e0 faire du WordCamp Paris un \u00e9v\u00e8nement r\u00e9ussi autant pour vous-m\u00eames que pour les autres participants.<\/li>\n<\/ul>\n<\/li>\n<li>\n<h3>Comportements inacceptables<\/h3>\n<p>La liste des comportements inacceptables inclus : intimidation, harc\u00e8lement, discrimination, et en g\u00e9n\u00e9ral avoir une conduite abusive, d\u00e9rogatoire ou d\u00e9gradante, ce pour tous les participants de WordCamp Paris\u00a0et ses \u00e9v\u00e9nements attach\u00e9s (comme les d\u00eeners et soir\u00e9es).<br \/>\nLes membres du public du WordCamp Paris peuvent librement acc\u00e9der et utiliser aux lieux de l&rsquo;\u00e9v\u00e8nement, \u00e0 partir du moment o\u00f9 chacun respecte les autres membres et participants.<\/p>\n<p>Nous d\u00e9finissons le harc\u00e8lement comme suite : faire verbalement ou par \u00e9crit des commentaires li\u00e9s au genre, \u00e0 l&rsquo;orientation sexuelle, \u00e0 la couleur de peau ou l&rsquo;origine ethnique, \u00e0 l&rsquo;incapacit\u00e9 ou au handicap ; utiliser la nudit\u00e9 ou des images \u00e0 caract\u00e8re pornographique dans un lieu public (y compris dans les slides de pr\u00e9sentation) ; l&rsquo;intimidation d\u00e9lib\u00e9r\u00e9e, la traque furtive (\u00ab\u00a0<em>stalking<\/em>\u00ab\u00a0) ou le fait de suivre une personne de trop pr\u00e8s ; prendre une photo ou une vid\u00e9o par la contrainte ; perturber une conf\u00e9rence ou un autre \u00e9v\u00e8nement de mani\u00e8re prolong\u00e9e ; faire des contacts physiques inappropri\u00e9s ; faire des avances sexuelles non sollicit\u00e9es.<\/li>\n<li>\n<h3>Cons\u00e9quences\u00a0d&rsquo;un comportement inacceptable<\/h3>\n<p>Les comportements inacceptables ne seront pas tol\u00e9r\u00e9s, qu&rsquo;ils soient le fait des participants, d&rsquo;organisateurs, des employ\u00e9s des lieux ou d&rsquo;autres personnes pr\u00e9sentes sur les lieux de WordCamp Paris.<\/p>\n<p>Quiconque se voit demander d&rsquo;arr\u00eater d&rsquo;avoir un comportement inacceptable devra se conformer aux r\u00e8gles imm\u00e9diatement.<\/p>\n<p>S&rsquo;il se trouve qu&rsquo;un participant prolonge son comportement inacceptable, les organisateurs de la conf\u00e9rence pourront prendre toute action qu&rsquo;ils estiment n\u00e9cessaires, y compris l&rsquo;expulsion de la conf\u00e9rence sans avertissement ni remboursement.<\/li>\n<li>\n<h3>Que faire si vous \u00eates t\u00e9moin ou victime d&rsquo;un comportement inacceptable\u00a0?<\/h3>\n<p>Si vous \u00eates victime d&rsquo;un comportement inacceptable durant l&rsquo;\u00e9v\u00e8nement, que vous remarque que quelqu&rsquo;un subit un comportement inacceptable, ou que vous avez des doutes, veuillez en parler d\u00e8s que possible \u00e0 l&rsquo;un des organisateurs de la conf\u00e9rence.<\/p>\n<p>L&rsquo;\u00e9quipe du WordCamp Paris sera toujours disponible pour aider les participant(e)s \u00e0 contacter le service de s\u00e9curit\u00e9 du lieu ou m\u00eame la police, \u00e0 escorter ou assister celles et ceux qui subissent un comportement inacceptable afin qu&rsquo;elles\/ils se sentent en s\u00e9curit\u00e9 pendant la dur\u00e9e de l&rsquo;\u00e9v\u00e8nement.<br \/>\nLes volontaires qui pr\u00eatent main-forte aux organisateurs porteront un t-shirt distinctif. Tout volontaire pourra vous mener \u00e0 un organisateur de la conf\u00e9rence. Vous pouvez \u00e9galement vous rendre \u00e0 l&rsquo;accueil et demander \u00e0 parler \u00e0 un organisateur.<\/li>\n<li>\n<h3>Application<\/h3>\n<p>Nous comptons sur tous les participants (sponsors, volontaires, orateurs\/trices, participant-e-s et autres invit\u00e9-e-s) \u00e0 se conformer \u00e0 ce code de conduite pendant la dur\u00e9e de l&rsquo;\u00e9v\u00e8nement ainsi que durant les \u00e9v\u00e8nements li\u00e9s (d\u00eeners, soir\u00e9es, etc.).<\/li>\n<li>\n<h3>Information de contact<\/h3>\n<p>Vous pouvez contacter les organisateurs par le biais du <a href=\"https:\/\/2015.paris.wordcamp.org\/contact\/\">formulaire de contact<\/a>.<\/p>\n<p>Durant l&rsquo;\u00e9v\u00e8nement, vous pourrez nous contacter en ligne via Twitter, sur les comptes @wordpress_fr et @WordCampParis ou sur le hashtag #wcparis.<\/li>\n<li>\n<h3>Licence d&rsquo;utilisation\u00a0et attribution<\/h3>\n<p>Ce Code de Conduite est repris directement du travail formidable r\u00e9alis\u00e9 par Open Source Bridge, mais avec les informations propres \u00e0 notre \u00e9v\u00e8nement. L&rsquo;original se trouve \u00e0 l&rsquo;adresse\u00a0<a href=\"http:\/\/opensourcebridge.org\/about\/code-of-conduct\/\">http:\/\/opensourcebridge.org\/about\/code-of-conduct\/<\/a>\u00a0et est distribu\u00e9 sous licence <a href=\"http:\/\/creativecommons.org\/licenses\/by-sa\/3.0\/\">Creative Commons Attribution-ShareAlike<\/a>.<\/li>\n<\/ol>\n","protected":false},"excerpt":{"rendered":"<p>L&rsquo;\u00e9quipe du WordCamp Paris, et le projet WordPress en g\u00e9n\u00e9ral, s&rsquo;efforce de\u00a0suivre l&rsquo;exemple promu par la\u00a0politique anti-harc\u00e8lement\u00a0propos\u00e9e par l&rsquo;Ada Initiative. Nous nous efforcerons de suivre leur guide de prise en compte des signalements de harc\u00e8lement. Cette page est une traduction de la page \u00ab\u00a0Code of Conduct\u00a0\u00bb mise en place par WordCamp Central. Objectif L&rsquo;\u00e9quipe de [&hellip;]<\/p>\n","protected":false},"author":1185,"featured_media":0,"parent":161,"menu_order":0,"comment_status":"open","ping_status":"closed","template":"","meta":{"jetpack_post_was_ever_published":false,"footnotes":""},"class_list":["post-13","page","type-page","status-publish","hentry"],"jetpack_sharing_enabled":true,"_links":{"self":[{"href":"https:\/\/paris.wordcamp.org\/2015\/wp-json\/wp\/v2\/pages\/13","targetHints":{"allow":["GET"]}}],"collection":[{"href":"https:\/\/paris.wordcamp.org\/2015\/wp-json\/wp\/v2\/pages"}],"about":[{"href":"https:\/\/paris.wordcamp.org\/2015\/wp-json\/wp\/v2\/types\/page"}],"author":[{"embeddable":true,"href":"https:\/\/paris.wordcamp.org\/2015\/wp-json\/wp\/v2\/users\/1185"}],"replies":[{"embeddable":true,"href":"https:\/\/paris.wordcamp.org\/2015\/wp-json\/wp\/v2\/comments?post=13"}],"version-history":[{"count":5,"href":"https:\/\/paris.wordcamp.org\/2015\/wp-json\/wp\/v2\/pages\/13\/revisions"}],"predecessor-version":[{"id":276,"href":"https:\/\/paris.wordcamp.org\/2015\/wp-json\/wp\/v2\/pages\/13\/revisions\/276"}],"up":[{"embeddable":true,"href":"https:\/\/paris.wordcamp.org\/2015\/wp-json\/wp\/v2\/pages\/161"}],"wp:attachment":[{"href":"https:\/\/paris.wordcamp.org\/2015\/wp-json\/wp\/v2\/media?parent=13"}],"curies":[{"name":"wp","href":"https:\/\/api.w.org\/{rel}","templated":true}]}}