{"id":11,"date":"2014-06-20T22:45:33","date_gmt":"2014-06-20T20:45:33","guid":{"rendered":"https:\/\/2015.paris.wordcamp.org\/contact\/"},"modified":"2014-10-24T16:45:30","modified_gmt":"2014-10-24T14:45:30","slug":"contact","status":"publish","type":"page","link":"https:\/\/paris.wordcamp.org\/2015\/contact\/","title":{"rendered":"Contactez-nous"},"content":{"rendered":"<p><span style=\"color: #141412\">Vous pouvez nous contacter \u00e0 l\u2019aide de ce formulaire :<\/span><\/p>\n<div data-test='contact-form'\n\t\t\tid='contact-form-11'\n\t\t\tclass='wp-block-jetpack-contact-form-container '\n\t\t\tdata-wp-interactive='jetpack\/form' data-wp-context='{\"formId\":\"11\",\"formHash\":\"f411e2f3a29bcf02497c3bdd32048bee5c01092c\",\"showErrors\":false,\"errors\":[],\"fields\":[],\"isMultiStep\":false,\"useAjax\":true,\"submissionData\":null,\"formattedSubmissionData\":[],\"submissionSuccess\":false,\"submissionError\":null,\"elementId\":\"jp-form-f411e2f3a29bcf02497c3bdd32048bee5c01092c\",\"isSingleInputForm\":false}'\n\t\t\tdata-wp-watch--scroll-to-wrapper=\"callbacks.scrollToWrapper\"\n\t\t>\n<div class=\"contact-form-submission contact-form-ajax-submission\" data-wp-bind--aria-hidden=\"state.isSuccessMessageAriaHidden\" data-wp-class--submission-success=\"context.submissionSuccess\" id=\"contact-form-success-f411e2f3a29bcf02497c3bdd32048bee5c01092c\" tabindex=\"-1\" aria-labelledby=\"contact-form-success-header-f411e2f3a29bcf02497c3bdd32048bee5c01092c\"><p class=\"go-back-message\"><a class=\"link\" role=\"button\" tabindex=\"0\" data-wp-on--click=\"actions.goBack\" href=\"\/2015\/wp-json\/wp\/v2\/pages\/11\">\u2190 Back<\/a><\/p><h4 data-wp-bind--aria-hidden=\"state.isSuccessMessageAriaHidden\" id=\"contact-form-success-header-f411e2f3a29bcf02497c3bdd32048bee5c01092c\">Votre message a \u00e9t\u00e9 envoy\u00e9<\/h4>\n\n<template data-wp-each--submission=\"context.formattedSubmissionData\">\n\t\t\t\t\t<div class=\"jetpack_forms_contact-form-success-summary\">\n\t\t\t\t\t\t<div class=\"field-name\" data-wp-text=\"context.submission.label\" data-wp-bind--hidden=\"!context.submission.label\"><\/div>\n\t\t\t\t\t\t<div class=\"field-value\" data-wp-text=\"context.submission.value\" data-wp-bind--hidden=\"!context.submission.showPlainValue\"><\/div>\n\t\t\t\t\t\t<a class=\"field-url\" data-wp-bind--href=\"context.submission.url\" data-wp-text=\"context.submission.value\" data-wp-bind--hidden=\"!context.submission.url\" target=\"_blank\" rel=\"noopener noreferrer\"><\/a>\n\t\t\t\t\t\t<div class=\"field-rating\" data-wp-bind--hidden=\"!context.submission.rating\" data-wp-watch=\"callbacks.watchRatingIcons\"><\/div>\n\t\t\t\t\t\t<div class=\"field-images\" data-wp-bind--hidden=\"!context.submission.images\">\n\t\t\t\t\t\t\t<template data-wp-each--image=\"context.submission.images\">\n\t\t\t\t\t\t\t\t<div class=\"field-image-option\" data-wp-class--is-empty=\"!context.image.src\">\n\t\t\t\t\t\t\t\t\t<figure class=\"field-image-option__image\" data-wp-class--is-empty=\"!context.image.src\">\n\t\t\t\t\t\t\t\t\t\t<img data-wp-bind--src=\"context.image.src\" data-wp-bind--hidden=\"!context.image.src\" \/>\n\t\t\t\t\t\t\t\t\t\t<img decoding=\"async\" src=\"data:image\/gif;base64,R0lGODlhAQABAAD\/ACwAAAAAAQABAAACADs=\" data-wp-bind--hidden=\"context.image.src\" \/>\n\t\t\t\t\t\t\t\t\t<\/figure>\n\t\t\t\t\t\t\t\t\t<div class=\"field-image-option__label-wrapper\">\n\t\t\t\t\t\t\t\t\t\t<span class=\"field-image-option__label-code\" data-wp-text=\"context.image.letterCode\"><\/span>\n\t\t\t\t\t\t\t\t\t\t<span class=\"field-image-option__label\" data-wp-text=\"context.image.label\" data-wp-bind--hidden=\"!context.image.label\"><\/span>\n\t\t\t\t\t\t\t\t\t<\/div>\n\t\t\t\t\t\t\t\t<\/div>\n\t\t\t\t\t\t\t<\/template>\n\t\t\t\t\t\t<\/div>\n\t\t\t\t\t\t<div class=\"field-files\" data-wp-bind--hidden=\"!context.submission.files\">\n\t\t\t\t\t\t\t<template data-wp-each--file=\"context.submission.files\">\n\t\t\t\t\t\t\t\t<div class=\"field-file\">\n\t\t\t\t\t\t\t\t\t<div class=\"field-file__thumbnail\" data-wp-style--background-image=\"context.file.previewUrl\" data-wp-style--mask-image=\"context.file.iconUrl\" data-wp-bind--hidden=\"!context.file.hasPreview\"><\/div>\n\t\t\t\t\t\t\t\t\t<svg class=\"field-file__icon\" data-wp-bind--hidden=\"context.file.hasPreview\" width=\"20\" height=\"20\" viewBox=\"0 0 24 24\" fill=\"none\" xmlns=\"http:\/\/www.w3.org\/2000\/svg\" aria-hidden=\"true\">\n\t\t\t\t\t\t\t\t\t\t<path d=\"M14 2H6C4.9 2 4 2.9 4 4V20C4 21.1 4.89 22 5.99 22H18C19.1 22 20 21.1 20 20V8L14 2ZM18 20H6V4H13V9H18V20Z\" fill=\"currentColor\"\/>\n\t\t\t\t\t\t\t\t\t<\/svg>\n\t\t\t\t\t\t\t\t\t<span class=\"field-file__name\" data-wp-text=\"context.file.name\"><\/span>\n\t\t\t\t\t\t\t\t\t<span class=\"field-file__size\" data-wp-text=\"context.file.size\"><\/span>\n\t\t\t\t\t\t\t\t<\/div>\n\t\t\t\t\t\t\t<\/template>\n\t\t\t\t\t\t<\/div>\n\t\t\t\t\t<\/div>\n\t\t\t\t<\/template><\/div><form action='https:\/\/paris.wordcamp.org\/2015\/contact\/'\n\t\t\t\tid='jp-form-f411e2f3a29bcf02497c3bdd32048bee5c01092c'\n\t\t\t\tmethod='post'\n\t\t\t\tclass='contact-form commentsblock' aria-label=\"Contactez-nous\"\n\t\t\t\tdata-wp-on--submit=\"actions.onFormSubmit\"\n\t\t\t\tdata-wp-on--reset=\"actions.onFormReset\"\n\t\t\t\tdata-wp-class--submission-success=\"context.submissionSuccess\"\n\t\t\t\tdata-wp-class--is-first-step=\"state.isFirstStep\"\n\t\t\t\tdata-wp-class--is-last-step=\"state.isLastStep\"\n\t\t\t\tdata-wp-class--is-ajax-form=\"context.useAjax\"\n\t\t\t\tnovalidate >\n<input type='hidden' name='jetpack_contact_form_jwt' value='eyJ0eXAiOiJKV1QiLCJhbGciOiJIUzI1NiJ9.eyJlbmNyeXB0ZWRfYXR0cmlidXRlcyI6IkxVbVFkZXM4NEYrV2g5U1NoTkVGYTBUTTFSYlY2SDJVSlpqYmFyY2FtLzIxTjlsVTRnRC9wbmh1bUo1RmxsaU9CSGtIQnFzazl5SElBL0xnT00xTXphSGE5VEI5Y1JFS0RTMzlaM0kraTNacC9WQ3lZUUZXcWZiSGh3Vm9zNUxnWHJGaXh2VWRVa3dpRHpDTWdqZ0FFeXFCMWJISXZyd21ucm1PRXA4NjdaQU81VFlDRlR4T1pUdHcwNUcraGRVcTE5ckNnMnNGcmRIaGFOSWtYOGFVckdua0h5dFhWSTJKeGpTWEFTckhQNTlVdFYxUjh2UjRJcE4xeU9BQnRiMXF4d1VGOWNrK0JVclUyYVovY3k3dVV2TzhwM0Y2Y3lXRlRNaUsxNWdFZEM4Z045SGpQajhFMCsrVVRwNklFSUwxQXlnMkp2TDF0WThoNitYRVgwUXRVeWwwQ25oUjJxSHlEbHg0WFFMWEpYcjl3ekJwRzR6V3pieEJBVjRML09Tei9iU3VuckhVS1YwREFXUWUvdmQxUHl2MVdRSlllYUM5SjZPUDRVNUkvcHpuL0xKR3Y1SHdpeG04dU53STNzc21MdlJzRTRrSHV0WEhVcHp6Wk9KbGQxenhPTjRRVHowY0ZrVE1Jd3Y0eVlqZkUvSVpwcWZhcFY0SzBWWDVEL1dIZVhnZzhZbTFkb1M5ai9ud3ZISzFXKzhRRWZmNS8zT2E4RjV6ei9TRGtzd0RWSkp3NVNQMnA2VVhkcWo4d3BJYk5CU1llbHpQVnF5V285ZnhYcUtuZ0hsaU5WWG5PS0Uvd3VFRk02MTFSUThvckVMSlJIcnJZYUl3VTJsZUUrMFJPTnJJdGdobmhrQmZhbWl4UG9hQzNwQk9wNVZIMFg0ZzB1NCs5cW11U1AwS0I4ZnRoQWluajRGTnZBTldGYis5T2k1VGM4N1pBaWc1RmdGU3BvU090VU9EY1BmWXdoOXhsM1V3dm5iVi9zcXJrZTJTNGlMUXhXeXd0NU9Pc0VUUjI2WXQ1cGNSL051MEFaUkpJc0hkMkJualN2a3pyNUVMeFE3WE54UDlSTXVvQ21BT1Z4a0t6emFsZVRSd0VFNHhxcXZSTHNvaUZMRW1wTUtDOEh4QVVYNCtObnBIWHpaTitWREt0UHZPK0Fvc1QwTnVkcXRieXdVdzJSTU5TdGZHNG55U3ZTNzJKR3RtWXl0dlZRPT0iLCJjb250ZW50IjoiW2NvbnRhY3QtZmllbGQgbGFiZWw9J1ZvdHJlIG5vbScgdHlwZT0nbmFtZScgcmVxdWlyZWQ9JzEnL11bY29udGFjdC1maWVsZCBsYWJlbD0nVm91cyBcdTAwZWF0ZXMnIHR5cGU9J3JhZGlvJyByZXF1aXJlZD0nMScgb3B0aW9ucz0nUGFydGljdWxpZXIsUHJvZmVzc2lvbm5lbCxBdXRyZScvXVtjb250YWN0LWZpZWxkIGxhYmVsPSdWb3RyZSBlbWFpbCcgdHlwZT0nZW1haWwnIHJlcXVpcmVkPScxJy9dW2NvbnRhY3QtZmllbGQgbGFiZWw9J09iamV0IGRlIHZvdHJlIGRlbWFuZGUnIHR5cGU9J3RleHQnIHJlcXVpcmVkPScxJy9dW2NvbnRhY3QtZmllbGQgbGFiZWw9J1ZvdHJlIG1lc3NhZ2UnIHR5cGU9J3RleHRhcmVhJyByZXF1aXJlZD0nMScvXSIsImhhc2giOiJmNDExZTJmM2EyOWJjZjAyNDk3YzNiZGQzMjA0OGJlZTVjMDEwOTJjIiwic291cmNlIjp7ImVudHJ5X3RpdGxlIjoiQ29udGFjdGV6LW5vdXMiLCJlbnRyeV9wYWdlIjoxLCJzb3VyY2VfaWQiOjExLCJzb3VyY2VfdHlwZSI6InNpbmdsZSIsInJlcXVlc3RfdXJsIjoiaHR0cHM6Ly9wYXJpcy53b3JkY2FtcC5vcmcvMjAxNS93cC1qc29uL3dwL3YyL3BhZ2VzLzExIn0sInZlcnNpb24iOjIsImNpcGhlciI6ImFlcy0yNTYtZ2NtIn0.C9cJxjQYMxJd6pCn5cpHwoATSrVPd-YWLIQ7kAbE_co' \/>\n\n<div style=\"\"  data-wp-interactive=\"jetpack\/form\" data-wp-context='{\"fieldId\":\"g11-votrenom\",\"fieldType\":\"name\",\"fieldLabel\":\"Votre nom\",\"fieldValue\":\"\",\"fieldPlaceholder\":\"\",\"fieldIsRequired\":\"1\",\"fieldErrorMessage\":\"\",\"fieldExtra\":[],\"formHash\":\"f411e2f3a29bcf02497c3bdd32048bee5c01092c\"}'  class='grunion-field-name-wrap grunion-field-wrap'  data-wp-init='callbacks.initializeField' data-wp-on--jetpack-form-reset='callbacks.initializeField' >\n<label\n\t\t\t\tfor='g11-votrenom' class=\"grunion-field-label name\" >Votre nom<span class=\"grunion-label-required\" aria-hidden=\"true\">(obligatoire)<\/span><\/label>\n<input\n\t\t\t\t\ttype='text'\n\t\t\t\t\tname='g11-votrenom'\n\t\t\t\t\tid='g11-votrenom'\n\t\t\t\t\tvalue=''\n\n\t\t\t\t\tdata-wp-bind--aria-invalid='state.fieldAriaInvalid'\n\t\t\t\t\tdata-wp-bind--value='state.getFieldValue'\n\t\t\t\t\taria-describedby='g11-votrenom-text-error-message'\n\t\t\t\t\tdata-wp-on--input='actions.onFieldChange'\n\t\t\t\t\tdata-wp-on--blur='actions.onFieldBlur'\n\t\t\t\t\tdata-wp-class--has-value='state.hasFieldValue'\n\n\t\t\t\t\tclass='name  grunion-field' \n\t\t\t\t\trequired='true' aria-required='true'  \/>\n \n\t\t\t<div id=\"g11-votrenom-text-error\" class=\"contact-form__input-error\" data-wp-class--has-errors=\"state.fieldHasErrors\">\n\t\t\t\t<span class=\"contact-form__warning-icon\" aria-hidden=\"true\">\n\t\t\t\t\t<svg width=\"16\" height=\"16\" viewBox=\"0 0 16 16\" fill=\"none\" xmlns=\"http:\/\/www.w3.org\/2000\/svg\">\n\t\t\t\t\t\t<path d=\"M8.50015 11.6402H7.50015V10.6402H8.50015V11.6402Z\" \/>\n\t\t\t\t\t\t<path d=\"M7.50015 9.64018H8.50015V6.30684H7.50015V9.64018Z\" \/>\n\t\t\t\t\t\t<path fill-rule=\"evenodd\" clip-rule=\"evenodd\" d=\"M6.98331 3.0947C7.42933 2.30177 8.57096 2.30177 9.01698 3.09469L13.8771 11.7349C14.3145 12.5126 13.7525 13.4735 12.8602 13.4735H3.14004C2.24774 13.4735 1.68575 12.5126 2.12321 11.7349L6.98331 3.0947ZM8.14541 3.58496C8.08169 3.47168 7.9186 3.47168 7.85488 3.58496L2.99478 12.2251C2.93229 12.3362 3.01257 12.4735 3.14004 12.4735H12.8602C12.9877 12.4735 13.068 12.3362 13.0055 12.2251L8.14541 3.58496Z\" \/>\n\t\t\t\t\t<\/svg>\n\t\t\t\t<\/span>\n\t\t\t\t<span data-wp-text=\"state.errorMessage\" id=\"g11-votrenom-text-error-message\"><\/span>\n\t\t\t<\/div> \n\t<\/div>\n\n<div style=\"\"  data-wp-interactive=\"jetpack\/form\" data-wp-context='{\"fieldId\":\"g11-voustes\",\"fieldType\":\"radio\",\"fieldLabel\":\"Vous \\u00eates\",\"fieldValue\":\"\",\"fieldPlaceholder\":\"\",\"fieldIsRequired\":\"1\",\"fieldErrorMessage\":\"\",\"fieldExtra\":[],\"formHash\":\"f411e2f3a29bcf02497c3bdd32048bee5c01092c\"}'  class='grunion-field-radio-wrap grunion-field-wrap'  data-wp-init='callbacks.initializeField' data-wp-on--jetpack-form-reset='callbacks.initializeField' >\n<fieldset id='g11-voustes-label' class='jetpack-field-multiple__fieldset' data-wp-bind--aria-invalid='state.fieldAriaInvalid' ><legend class=\"grunion-field-label\" ><span class=\"grunion-label-text\">Vous \u00eates<\/span><span class=\"grunion-label-required\">(obligatoire)<\/span><\/legend>\n<div class='grunion-radio-options ' style=''><p class='contact-form-field'><input\n\t\t\t\t\t\t\t\t\tid='g11-voustes-Particulier'\n\t\t\t\t\t\t\t\t\ttype='radio'\n\t\t\t\t\t\t\t\t\tname='g11-voustes'\n\t\t\t\t\t\t\t\t\tvalue='Particulier'\n\t\t\t\t\t\t\t\t\tdata-wp-on--change='actions.onFieldChange' class='radio  grunion-field'  required aria-required='true'\/> <label for='g11-voustes-Particulier' style=\"\" class='grunion-radio-label radio'><span class='grunion-field-text'>Particulier<\/span><\/label><\/p><p class='contact-form-field'><input\n\t\t\t\t\t\t\t\t\tid='g11-voustes-Professionnel'\n\t\t\t\t\t\t\t\t\ttype='radio'\n\t\t\t\t\t\t\t\t\tname='g11-voustes'\n\t\t\t\t\t\t\t\t\tvalue='Professionnel'\n\t\t\t\t\t\t\t\t\tdata-wp-on--change='actions.onFieldChange' class='radio  grunion-field'  required aria-required='true'\/> <label for='g11-voustes-Professionnel' style=\"\" class='grunion-radio-label radio'><span class='grunion-field-text'>Professionnel<\/span><\/label><\/p><p class='contact-form-field'><input\n\t\t\t\t\t\t\t\t\tid='g11-voustes-Autre'\n\t\t\t\t\t\t\t\t\ttype='radio'\n\t\t\t\t\t\t\t\t\tname='g11-voustes'\n\t\t\t\t\t\t\t\t\tvalue='Autre'\n\t\t\t\t\t\t\t\t\tdata-wp-on--change='actions.onFieldChange' class='radio  grunion-field'  required aria-required='true'\/> <label for='g11-voustes-Autre' style=\"\" class='grunion-radio-label radio'><span class='grunion-field-text'>Autre<\/span><\/label><\/p><\/div>\n\t\t\t<div id=\"g11-voustes-radio-error\" class=\"contact-form__input-error\" data-wp-class--has-errors=\"state.fieldHasErrors\">\n\t\t\t\t<span class=\"contact-form__warning-icon\" aria-hidden=\"true\">\n\t\t\t\t\t<svg width=\"16\" height=\"16\" viewBox=\"0 0 16 16\" fill=\"none\" xmlns=\"http:\/\/www.w3.org\/2000\/svg\">\n\t\t\t\t\t\t<path d=\"M8.50015 11.6402H7.50015V10.6402H8.50015V11.6402Z\" \/>\n\t\t\t\t\t\t<path d=\"M7.50015 9.64018H8.50015V6.30684H7.50015V9.64018Z\" \/>\n\t\t\t\t\t\t<path fill-rule=\"evenodd\" clip-rule=\"evenodd\" d=\"M6.98331 3.0947C7.42933 2.30177 8.57096 2.30177 9.01698 3.09469L13.8771 11.7349C14.3145 12.5126 13.7525 13.4735 12.8602 13.4735H3.14004C2.24774 13.4735 1.68575 12.5126 2.12321 11.7349L6.98331 3.0947ZM8.14541 3.58496C8.08169 3.47168 7.9186 3.47168 7.85488 3.58496L2.99478 12.2251C2.93229 12.3362 3.01257 12.4735 3.14004 12.4735H12.8602C12.9877 12.4735 13.068 12.3362 13.0055 12.2251L8.14541 3.58496Z\" \/>\n\t\t\t\t\t<\/svg>\n\t\t\t\t<\/span>\n\t\t\t\t<span data-wp-text=\"state.errorMessage\" id=\"g11-voustes-radio-error-message\"><\/span>\n\t\t\t<\/div><\/fieldset>\t<\/div>\n\n<div style=\"\"  data-wp-interactive=\"jetpack\/form\" data-wp-context='{\"fieldId\":\"g11-votreemail\",\"fieldType\":\"email\",\"fieldLabel\":\"Votre email\",\"fieldValue\":\"\",\"fieldPlaceholder\":\"\",\"fieldIsRequired\":\"1\",\"fieldErrorMessage\":\"\",\"fieldExtra\":[],\"formHash\":\"f411e2f3a29bcf02497c3bdd32048bee5c01092c\"}'  class='grunion-field-email-wrap grunion-field-wrap'  data-wp-init='callbacks.initializeField' data-wp-on--jetpack-form-reset='callbacks.initializeField' >\n<label\n\t\t\t\tfor='g11-votreemail' class=\"grunion-field-label email\" >Votre email<span class=\"grunion-label-required\" aria-hidden=\"true\">(obligatoire)<\/span><\/label>\n<input\n\t\t\t\t\ttype='email'\n\t\t\t\t\tname='g11-votreemail'\n\t\t\t\t\tid='g11-votreemail'\n\t\t\t\t\tvalue=''\n\n\t\t\t\t\tdata-wp-bind--aria-invalid='state.fieldAriaInvalid'\n\t\t\t\t\tdata-wp-bind--value='state.getFieldValue'\n\t\t\t\t\taria-describedby='g11-votreemail-email-error-message'\n\t\t\t\t\tdata-wp-on--input='actions.onFieldChange'\n\t\t\t\t\tdata-wp-on--blur='actions.onFieldBlur'\n\t\t\t\t\tdata-wp-class--has-value='state.hasFieldValue'\n\n\t\t\t\t\tclass='email  grunion-field' \n\t\t\t\t\trequired='true' aria-required='true'  \/>\n \n\t\t\t<div id=\"g11-votreemail-email-error\" class=\"contact-form__input-error\" data-wp-class--has-errors=\"state.fieldHasErrors\">\n\t\t\t\t<span class=\"contact-form__warning-icon\" aria-hidden=\"true\">\n\t\t\t\t\t<svg width=\"16\" height=\"16\" viewBox=\"0 0 16 16\" fill=\"none\" xmlns=\"http:\/\/www.w3.org\/2000\/svg\">\n\t\t\t\t\t\t<path d=\"M8.50015 11.6402H7.50015V10.6402H8.50015V11.6402Z\" \/>\n\t\t\t\t\t\t<path d=\"M7.50015 9.64018H8.50015V6.30684H7.50015V9.64018Z\" \/>\n\t\t\t\t\t\t<path fill-rule=\"evenodd\" clip-rule=\"evenodd\" d=\"M6.98331 3.0947C7.42933 2.30177 8.57096 2.30177 9.01698 3.09469L13.8771 11.7349C14.3145 12.5126 13.7525 13.4735 12.8602 13.4735H3.14004C2.24774 13.4735 1.68575 12.5126 2.12321 11.7349L6.98331 3.0947ZM8.14541 3.58496C8.08169 3.47168 7.9186 3.47168 7.85488 3.58496L2.99478 12.2251C2.93229 12.3362 3.01257 12.4735 3.14004 12.4735H12.8602C12.9877 12.4735 13.068 12.3362 13.0055 12.2251L8.14541 3.58496Z\" \/>\n\t\t\t\t\t<\/svg>\n\t\t\t\t<\/span>\n\t\t\t\t<span data-wp-text=\"state.errorMessage\" id=\"g11-votreemail-email-error-message\"><\/span>\n\t\t\t<\/div> \n\t<\/div>\n\n<div style=\"\"  data-wp-interactive=\"jetpack\/form\" data-wp-context='{\"fieldId\":\"g11-objetdevotredemande\",\"fieldType\":\"text\",\"fieldLabel\":\"Objet de votre demande\",\"fieldValue\":\"\",\"fieldPlaceholder\":\"\",\"fieldIsRequired\":\"1\",\"fieldErrorMessage\":\"\",\"fieldExtra\":[],\"formHash\":\"f411e2f3a29bcf02497c3bdd32048bee5c01092c\"}'  class='grunion-field-text-wrap grunion-field-wrap'  data-wp-init='callbacks.initializeField' data-wp-on--jetpack-form-reset='callbacks.initializeField' >\n<label\n\t\t\t\tfor='g11-objetdevotredemande' class=\"grunion-field-label text\" >Objet de votre demande<span class=\"grunion-label-required\" aria-hidden=\"true\">(obligatoire)<\/span><\/label>\n<input\n\t\t\t\t\ttype='text'\n\t\t\t\t\tname='g11-objetdevotredemande'\n\t\t\t\t\tid='g11-objetdevotredemande'\n\t\t\t\t\tvalue=''\n\n\t\t\t\t\tdata-wp-bind--aria-invalid='state.fieldAriaInvalid'\n\t\t\t\t\tdata-wp-bind--value='state.getFieldValue'\n\t\t\t\t\taria-describedby='g11-objetdevotredemande-text-error-message'\n\t\t\t\t\tdata-wp-on--input='actions.onFieldChange'\n\t\t\t\t\tdata-wp-on--blur='actions.onFieldBlur'\n\t\t\t\t\tdata-wp-class--has-value='state.hasFieldValue'\n\n\t\t\t\t\tclass='text  grunion-field' \n\t\t\t\t\trequired='true' aria-required='true'  \/>\n \n\t\t\t<div id=\"g11-objetdevotredemande-text-error\" class=\"contact-form__input-error\" data-wp-class--has-errors=\"state.fieldHasErrors\">\n\t\t\t\t<span class=\"contact-form__warning-icon\" aria-hidden=\"true\">\n\t\t\t\t\t<svg width=\"16\" height=\"16\" viewBox=\"0 0 16 16\" fill=\"none\" xmlns=\"http:\/\/www.w3.org\/2000\/svg\">\n\t\t\t\t\t\t<path d=\"M8.50015 11.6402H7.50015V10.6402H8.50015V11.6402Z\" \/>\n\t\t\t\t\t\t<path d=\"M7.50015 9.64018H8.50015V6.30684H7.50015V9.64018Z\" \/>\n\t\t\t\t\t\t<path fill-rule=\"evenodd\" clip-rule=\"evenodd\" d=\"M6.98331 3.0947C7.42933 2.30177 8.57096 2.30177 9.01698 3.09469L13.8771 11.7349C14.3145 12.5126 13.7525 13.4735 12.8602 13.4735H3.14004C2.24774 13.4735 1.68575 12.5126 2.12321 11.7349L6.98331 3.0947ZM8.14541 3.58496C8.08169 3.47168 7.9186 3.47168 7.85488 3.58496L2.99478 12.2251C2.93229 12.3362 3.01257 12.4735 3.14004 12.4735H12.8602C12.9877 12.4735 13.068 12.3362 13.0055 12.2251L8.14541 3.58496Z\" \/>\n\t\t\t\t\t<\/svg>\n\t\t\t\t<\/span>\n\t\t\t\t<span data-wp-text=\"state.errorMessage\" id=\"g11-objetdevotredemande-text-error-message\"><\/span>\n\t\t\t<\/div> \n\t<\/div>\n\n<div style=\"\"  data-wp-interactive=\"jetpack\/form\" data-wp-context='{\"fieldId\":\"g11-votremessage\",\"fieldType\":\"textarea\",\"fieldLabel\":\"Votre message\",\"fieldValue\":\"\",\"fieldPlaceholder\":\"\",\"fieldIsRequired\":\"1\",\"fieldErrorMessage\":\"\",\"fieldExtra\":[],\"formHash\":\"f411e2f3a29bcf02497c3bdd32048bee5c01092c\"}'  class='grunion-field-textarea-wrap grunion-field-wrap'  data-wp-init='callbacks.initializeField' data-wp-on--jetpack-form-reset='callbacks.initializeField' >\n<label\n\t\t\t\tfor='contact-form-comment-g11-votremessage' class=\"grunion-field-label textarea\" >Votre message<span class=\"grunion-label-required\" aria-hidden=\"true\">(obligatoire)<\/span><\/label>\n<textarea\n\t\t                style=''\n\t\t                name='g11-votremessage'\n\t\t                id='contact-form-comment-g11-votremessage'\n\t\t                rows='20'\n\t\t\t\t\t\tdata-wp-text='state.getFieldValue'\n\t\t\t\t\t\tdata-wp-on--input='actions.onFieldChange'\n\t\t\t\t\t\tdata-wp-on--blur='actions.onFieldBlur'\n\t\t\t\t\t\tdata-wp-class--has-value='state.hasFieldValue'\n\t\t\t\t\t\taria-describedby='g11-votremessage-textarea-error-message'\n\t\t\t\t\t\tdata-wp-bind--aria-invalid='state.fieldAriaInvalid'\n\t\t\t\t\t\tclass='textarea  grunion-field'  required aria-required='true'><\/textarea>\n \n\t\t\t<div id=\"g11-votremessage-textarea-error\" class=\"contact-form__input-error\" data-wp-class--has-errors=\"state.fieldHasErrors\">\n\t\t\t\t<span class=\"contact-form__warning-icon\" aria-hidden=\"true\">\n\t\t\t\t\t<svg width=\"16\" height=\"16\" viewBox=\"0 0 16 16\" fill=\"none\" xmlns=\"http:\/\/www.w3.org\/2000\/svg\">\n\t\t\t\t\t\t<path d=\"M8.50015 11.6402H7.50015V10.6402H8.50015V11.6402Z\" \/>\n\t\t\t\t\t\t<path d=\"M7.50015 9.64018H8.50015V6.30684H7.50015V9.64018Z\" \/>\n\t\t\t\t\t\t<path fill-rule=\"evenodd\" clip-rule=\"evenodd\" d=\"M6.98331 3.0947C7.42933 2.30177 8.57096 2.30177 9.01698 3.09469L13.8771 11.7349C14.3145 12.5126 13.7525 13.4735 12.8602 13.4735H3.14004C2.24774 13.4735 1.68575 12.5126 2.12321 11.7349L6.98331 3.0947ZM8.14541 3.58496C8.08169 3.47168 7.9186 3.47168 7.85488 3.58496L2.99478 12.2251C2.93229 12.3362 3.01257 12.4735 3.14004 12.4735H12.8602C12.9877 12.4735 13.068 12.3362 13.0055 12.2251L8.14541 3.58496Z\" \/>\n\t\t\t\t\t<\/svg>\n\t\t\t\t<\/span>\n\t\t\t\t<span data-wp-text=\"state.errorMessage\" id=\"g11-votremessage-textarea-error-message\"><\/span>\n\t\t\t<\/div>\n\t<\/div>\n\t<p class='contact-submit'>\n<div class=\"contact-form__error\" data-wp-class--show-errors=\"state.showFormErrors\"><span class=\"contact-form__warning-icon\" aria-hidden=\"true\"><i><\/i><\/span><span class=\"contact-form__error-message\" tabindex=\"-1\" data-wp-watch=\"callbacks.focusOnValidationError\" data-wp-text=\"state.getFormErrorMessage\"><\/span><ul aria-label=\"Form errors\">\n\t\t\t\t<template data-wp-each=\"state.getErrorList\" data-wp-key=\"context.item.id\">\n\t\t\t\t\t<li><a data-wp-bind--href=\"context.item.anchor\" data-wp-on--click=\"actions.scrollIntoView\" data-wp-text=\"context.item.label\"><\/a><\/li>\n\t\t\t\t<\/template>\n\t\t\t\t<\/ul><\/div><div class=\"contact-form__error\" data-wp-class--show-errors=\"state.showSubmissionError\" data-wp-text=\"context.submissionError\" tabindex=\"-1\" data-wp-watch=\"callbacks.focusOnSubmissionError\"><\/div>\t\t<button type='submit' class='pushbutton-wide'>Envoyer<\/button>\t\t<input type='hidden' name='contact-form-id' value='11' \/>\n\t\t<input type='hidden' name='action' value='grunion-contact-form' \/>\n\t\t<input type='hidden' name='contact-form-hash' value='f411e2f3a29bcf02497c3bdd32048bee5c01092c' \/>\n\t<\/p>\n<p style=\"display: none !important;\" class=\"akismet-fields-container\" data-prefix=\"ak_\"><label>&#916;<textarea name=\"ak_hp_textarea\" cols=\"45\" rows=\"8\" maxlength=\"100\"><\/textarea><\/label><input type=\"hidden\" id=\"ak_js_1\" name=\"ak_js\" value=\"65\"\/><script type=\"text\/javascript\">\n\/* <![CDATA[ *\/\ndocument.getElementById( \"ak_js_1\" ).setAttribute( \"value\", ( new Date() ).getTime() );\n\/* ]]> *\/\n<\/script>\n<\/p><\/form>\n<\/div>\n","protected":false},"excerpt":{"rendered":"<p>Vous pouvez nous contacter \u00e0 l\u2019aide de ce formulaire :<\/p>\n","protected":false},"author":7445838,"featured_media":0,"parent":0,"menu_order":0,"comment_status":"open","ping_status":"closed","template":"","meta":{"jetpack_post_was_ever_published":false,"footnotes":""},"class_list":["post-11","page","type-page","status-publish","hentry"],"jetpack_sharing_enabled":true,"_links":{"self":[{"href":"https:\/\/paris.wordcamp.org\/2015\/wp-json\/wp\/v2\/pages\/11","targetHints":{"allow":["GET"]}}],"collection":[{"href":"https:\/\/paris.wordcamp.org\/2015\/wp-json\/wp\/v2\/pages"}],"about":[{"href":"https:\/\/paris.wordcamp.org\/2015\/wp-json\/wp\/v2\/types\/page"}],"author":[{"embeddable":true,"href":"https:\/\/paris.wordcamp.org\/2015\/wp-json\/wp\/v2\/users\/7445838"}],"replies":[{"embeddable":true,"href":"https:\/\/paris.wordcamp.org\/2015\/wp-json\/wp\/v2\/comments?post=11"}],"version-history":[{"count":6,"href":"https:\/\/paris.wordcamp.org\/2015\/wp-json\/wp\/v2\/pages\/11\/revisions"}],"predecessor-version":[{"id":248,"href":"https:\/\/paris.wordcamp.org\/2015\/wp-json\/wp\/v2\/pages\/11\/revisions\/248"}],"wp:attachment":[{"href":"https:\/\/paris.wordcamp.org\/2015\/wp-json\/wp\/v2\/media?parent=11"}],"curies":[{"name":"wp","href":"https:\/\/api.w.org\/{rel}","templated":true}]}}