{"id":1,"date":"2014-06-20T22:45:33","date_gmt":"2014-06-20T22:45:33","guid":{"rendered":"https:\/\/2015.paris.wordcamp.org\/schedule\/"},"modified":"2014-12-16T16:01:06","modified_gmt":"2014-12-16T15:01:06","slug":"programme","status":"publish","type":"page","link":"https:\/\/paris.wordcamp.org\/2015\/programme\/","title":{"rendered":"Programme du WordCamp Paris 2015"},"content":{"rendered":"<p>Le WordCamp Paris 2015 se d\u00e9roule sur deux jours et <a title=\"Informations pratiques\" href=\"https:\/\/2015.paris.wordcamp.org\/informations-pratiques\/\">deux lieux<\/a>.<\/p>\n<h1>Conf\u00e9rences du vendredi 23 janvier<\/h1>\n<p>D\u00e9couvrez le <a title=\"Conf\u00e9rences du vendredi\" href=\"https:\/\/2015.paris.wordcamp.org\/conferences-du-vendredi\/\">programme du vendredi<\/a> !<\/p>\n<h1>Ateliers du samedi 24 janvier<\/h1>\n<p>D\u00e9couvrez le <a title=\"Ateliers du samedi\" href=\"https:\/\/2015.paris.wordcamp.org\/ateliers-du-samedi\/\">programme du samedi<\/a> !<\/p>\n","protected":false},"excerpt":{"rendered":"<p>Le WordCamp Paris 2015 se d\u00e9roule sur deux jours et deux lieux. Conf\u00e9rences du vendredi 23 janvier D\u00e9couvrez le programme du vendredi ! Ateliers du samedi 24 janvier D\u00e9couvrez le programme du samedi !<\/p>\n","protected":false},"author":1185,"featured_media":0,"parent":0,"menu_order":0,"comment_status":"open","ping_status":"open","template":"","meta":{"jetpack_post_was_ever_published":false,"footnotes":""},"class_list":["post-1","page","type-page","status-publish","hentry"],"jetpack_sharing_enabled":true,"_links":{"self":[{"href":"https:\/\/paris.wordcamp.org\/2015\/wp-json\/wp\/v2\/pages\/1","targetHints":{"allow":["GET"]}}],"collection":[{"href":"https:\/\/paris.wordcamp.org\/2015\/wp-json\/wp\/v2\/pages"}],"about":[{"href":"https:\/\/paris.wordcamp.org\/2015\/wp-json\/wp\/v2\/types\/page"}],"author":[{"embeddable":true,"href":"https:\/\/paris.wordcamp.org\/2015\/wp-json\/wp\/v2\/users\/1185"}],"replies":[{"embeddable":true,"href":"https:\/\/paris.wordcamp.org\/2015\/wp-json\/wp\/v2\/comments?post=1"}],"version-history":[{"count":7,"href":"https:\/\/paris.wordcamp.org\/2015\/wp-json\/wp\/v2\/pages\/1\/revisions"}],"predecessor-version":[{"id":1077,"href":"https:\/\/paris.wordcamp.org\/2015\/wp-json\/wp\/v2\/pages\/1\/revisions\/1077"}],"wp:attachment":[{"href":"https:\/\/paris.wordcamp.org\/2015\/wp-json\/wp\/v2\/media?parent=1"}],"curies":[{"name":"wp","href":"https:\/\/api.w.org\/{rel}","templated":true}]}}