{"id":836354,"date":"2014-03-26T12:16:03","date_gmt":"2014-03-26T11:16:03","guid":{"rendered":"https:\/\/2014.paris.wordcamp.org\/?page_id=836354"},"modified":"2015-01-15T16:35:00","modified_gmt":"2015-01-15T15:35:00","slug":"rendez-vous-en-2015","status":"publish","type":"page","link":"https:\/\/paris.wordcamp.org\/2014\/","title":{"rendered":"Rendez-vous en 2015 !"},"content":{"rendered":"<p>Ce fut une belle \u00e9dition. Merci \u00e0 tous !<\/p>\n<p><a href=\"https:\/\/2014.paris.wordcamp.org\/files\/2014\/03\/BeV2Dd9CYAATCgx.jpg\"><img loading=\"lazy\" decoding=\"async\" class=\"alignnone size-full wp-image-836355\" src=\"https:\/\/2014.paris.wordcamp.org\/files\/2014\/03\/BeV2Dd9CYAATCgx.jpg\" alt=\"BeV2Dd9CYAATCgx\" width=\"1023\" height=\"681\" srcset=\"https:\/\/paris.wordcamp.org\/2014\/files\/2014\/03\/BeV2Dd9CYAATCgx.jpg 1023w, https:\/\/paris.wordcamp.org\/2014\/files\/2014\/03\/BeV2Dd9CYAATCgx-300x199.jpg 300w, https:\/\/paris.wordcamp.org\/2014\/files\/2014\/03\/BeV2Dd9CYAATCgx-450x300.jpg 450w\" sizes=\"auto, (max-width: 1023px) 100vw, 1023px\" \/><\/a><\/p>\n<p>Pour nous, <a title=\"Organisateurs\" href=\"https:\/\/2014.paris.wordcamp.org\/informations-pratiques\/organisateurs\/\">organisateurs<\/a>, ces deux jours de WordCamp ont \u00e9t\u00e9 l&rsquo;aboutissement de plusieurs mois \u00e9puisants, impr\u00e9visibles et joyeux, culminant avec des rencontres enthousiastes et des retrouvailles chaleureuses.<\/p>\n<p><iframe title=\"VideoPress Video Player\" aria-label='VideoPress Video Player' width='604' height='340' src='https:\/\/video.wordpress.com\/embed\/VwD6L5iS?hd=1&amp;cover=1' frameborder='0' allowfullscreen allow='clipboard-write'><\/iframe><script src='https:\/\/v0.wordpress.com\/js\/next\/videopress-iframe.js?m=1674852142'><\/script><\/p>\n<p>Pour vous, participants, nous esp\u00e9rons que cet \u00e9v\u00e8nement vous a tout autant apport\u00e9 en termes d&rsquo;enthousiasme et de chaleur. Ce fut le troisi\u00e8me WordCamp Paris organis\u00e9 par l&rsquo;association WordPress-Francophone, et croyez-moi, nous ne nous arr\u00eaterons pas l\u00e0 !<\/p>\n<p>Merci \u00e9galement aux sponsors, tr\u00e8s nombreux cette ann\u00e9e, et aux deux lieux qui nous ont accueilli : sans vous, le WordCamp Paris 2014 n&rsquo;aurait simplement pas pu faire, ou en tout cas pas avec la m\u00eame envergure.<\/p>\n<p>Ce site est d\u00e9sormais en phase de sommeil. Nous mettrons \u00e0 jour <a title=\"Programme\" href=\"https:\/\/2014.paris.wordcamp.org\/programme\/\">les pages de chaque conf\u00e9rence<\/a> pour y ajouter les vid\u00e9os et pr\u00e9sentations, pour la post\u00e9rit\u00e9. Vous pouvez \u00e9galement voir les vid\u00e9os des conf\u00e9rences et quelques interviews <a href=\"http:\/\/wordpress.tv\/event\/wordcamp-paris-2014\/\">sur le site WordPress.tv<\/a>. Nos amis de MarketPress.de ont aussi r\u00e9alis\u00e9 <a href=\"http:\/\/marketpress.com\/?s=wordcamp+paris\">quelques interviews<\/a>.<\/p>\n<p>De son c\u00f4t\u00e9, Olivier Gobet, l&rsquo;un des volontaires pour les vid\u00e9os, nous a fait une petite vid\u00e9o\u00a0:<\/p>\n<p><iframe loading=\"lazy\" title=\"WordCamp Paris 2014\" frameborder=\"0\" width=\"604\" height=\"339\" src=\"https:\/\/geo.dailymotion.com\/player.html?video=x1a77mp&#038;\" allowfullscreen allow=\"autoplay; fullscreen; picture-in-picture; web-share\"><\/iframe><\/p>\n<p>Plus que jamais, cet \u00e9v\u00e8nement a montr\u00e9 qu&rsquo;il y avait une vraie communaut\u00e9 de passionn\u00e9s de WordPress en France, et qu&rsquo;ils \u00e9taient pr\u00eats \u00e0 faire bouger les choses. Nous avons donc de grands espoirs pour notre communaut\u00e9 en 2014 !<\/p>\n<p>Une fois de plus, merci \u00e0 tous.<\/p>\n<figure id=\"attachment_836535\" aria-describedby=\"caption-attachment-836535\" style=\"width: 403px\" class=\"wp-caption alignnone\"><a href=\"https:\/\/2014.paris.wordcamp.org\/files\/2014\/03\/69550_600350916686691_2080652277_n.jpg\"><img loading=\"lazy\" decoding=\"async\" class=\"size-full wp-image-836535\" src=\"https:\/\/2014.paris.wordcamp.org\/files\/2014\/03\/69550_600350916686691_2080652277_n.jpg\" alt=\"69550_600350916686691_2080652277_n\" width=\"403\" height=\"537\" srcset=\"https:\/\/paris.wordcamp.org\/2014\/files\/2014\/03\/69550_600350916686691_2080652277_n.jpg 403w, https:\/\/paris.wordcamp.org\/2014\/files\/2014\/03\/69550_600350916686691_2080652277_n-225x300.jpg 225w\" sizes=\"auto, (max-width: 403px) 100vw, 403px\" \/><\/a><figcaption id=\"caption-attachment-836535\" class=\"wp-caption-text\">L&rsquo;\u00e9quipe d&rsquo;organisation du WordCamp Paris : Benjamin, Xavier et Beno\u00eet (hors-cadre : Marie-Aude, Thierry, et tous les volontaires !).<\/figcaption><\/figure>\n","protected":false},"excerpt":{"rendered":"<p>Ce fut une belle \u00e9dition. Merci \u00e0 tous ! Pour nous, organisateurs, ces deux jours de WordCamp ont \u00e9t\u00e9 l&rsquo;aboutissement de plusieurs mois \u00e9puisants, impr\u00e9visibles et joyeux, culminant avec des rencontres enthousiastes et des retrouvailles chaleureuses. Pour vous, participants, nous esp\u00e9rons que cet \u00e9v\u00e8nement vous a tout autant apport\u00e9 en termes d&rsquo;enthousiasme et de chaleur. &hellip; <a href=\"https:\/\/paris.wordcamp.org\/2014\/\" class=\"more-link\">Continuer la lecture de <span class=\"screen-reader-text\">Rendez-vous en 2015 !<\/span> <span class=\"meta-nav\">&rarr;<\/span><\/a><\/p>\n","protected":false},"author":1185,"featured_media":0,"parent":0,"menu_order":0,"comment_status":"closed","ping_status":"closed","template":"","meta":{"jetpack_post_was_ever_published":false,"footnotes":""},"class_list":["post-836354","page","type-page","status-publish","hentry"],"jetpack_sharing_enabled":true,"_links":{"self":[{"href":"https:\/\/paris.wordcamp.org\/2014\/wp-json\/wp\/v2\/pages\/836354","targetHints":{"allow":["GET"]}}],"collection":[{"href":"https:\/\/paris.wordcamp.org\/2014\/wp-json\/wp\/v2\/pages"}],"about":[{"href":"https:\/\/paris.wordcamp.org\/2014\/wp-json\/wp\/v2\/types\/page"}],"author":[{"embeddable":true,"href":"https:\/\/paris.wordcamp.org\/2014\/wp-json\/wp\/v2\/users\/1185"}],"replies":[{"embeddable":true,"href":"https:\/\/paris.wordcamp.org\/2014\/wp-json\/wp\/v2\/comments?post=836354"}],"version-history":[{"count":10,"href":"https:\/\/paris.wordcamp.org\/2014\/wp-json\/wp\/v2\/pages\/836354\/revisions"}],"predecessor-version":[{"id":952090,"href":"https:\/\/paris.wordcamp.org\/2014\/wp-json\/wp\/v2\/pages\/836354\/revisions\/952090"}],"wp:attachment":[{"href":"https:\/\/paris.wordcamp.org\/2014\/wp-json\/wp\/v2\/media?parent=836354"}],"curies":[{"name":"wp","href":"https:\/\/api.w.org\/{rel}","templated":true}]}}