{"id":6,"date":"2013-11-07T14:56:47","date_gmt":"2013-11-07T13:56:47","guid":{"rendered":"https:\/\/2014.paris.wordcamp.org\/?page_id=6"},"modified":"2013-12-02T12:02:47","modified_gmt":"2013-12-02T11:02:47","slug":"organisateurs","status":"publish","type":"page","link":"https:\/\/paris.wordcamp.org\/2014\/informations-pratiques\/organisateurs\/","title":{"rendered":"Organisateurs"},"content":{"rendered":"<p>Le WordCamp Paris 2014 est organis\u00e9 par l&rsquo;\u00e9quipe de l&rsquo;association <a href=\"http:\/\/www.wordpress-fr.net\/\">WordPress-Francophone<\/a>.<\/p>\n<p><span style=\"line-height: 1.5\">\t<div class=\"wcorg-organizers\">\n\n\t\t\n\t\t\t<div class=\"wcorg-organizer\">\n\t\t\t\t<h2>Xavier Borderie<\/h2>\n\t\t\t\t<div class=\"wcorg-organizer-description\">\n\t\t\t\t\t\t\t\t\t\t<img alt='' src='https:\/\/secure.gravatar.com\/avatar\/2349fe153237a398b058cefe15910aff3acea2c67da2f8bb6ee587a3cdb31347?s=100&#038;d=mm&#038;r=g' srcset='https:\/\/secure.gravatar.com\/avatar\/2349fe153237a398b058cefe15910aff3acea2c67da2f8bb6ee587a3cdb31347?s=200&#038;d=mm&#038;r=g 2x' class='avatar avatar-100 photo' height='100' width='100' \/>\t\t\t\t\t<p>Xavier est co-fondateur de l&rsquo;association WordPress-Francophone, et son pr\u00e9sident. Il est reponsable de la communaut\u00e9, traduit WordPress en fran\u00e7ais depuis le d\u00e9but, et a co-\u00e9crit trois \u00e9ditions du livre WordPress \u00e9dit\u00e9 par Pearson.<\/p>\n<p>Il est co-organisateur de tous les barcamps et WordCamps organis\u00e9s par WPFR \u00e0 Paris depuis 2008 (environ un de chaque par an).<\/p>\n<p>Professionnellement, Xavier Borderie est r\u00e9dacteur technique, et est responsable de la documentation de PrestaShop.<\/p>\n\t\t\t\t<\/div>\n\t\t\t<\/div>\n\n\t\t\n\t\t\t<div class=\"wcorg-organizer\">\n\t\t\t\t<h2>Thierry Pigot<\/h2>\n\t\t\t\t<div class=\"wcorg-organizer-description\">\n\t\t\t\t\t\t\t\t\t\t<img alt='' src='https:\/\/secure.gravatar.com\/avatar\/6c51f524d64cabe361c9fd08fa481f5c542907c8abea3732966b1da1cee8220c?s=100&#038;d=mm&#038;r=g' srcset='https:\/\/secure.gravatar.com\/avatar\/6c51f524d64cabe361c9fd08fa481f5c542907c8abea3732966b1da1cee8220c?s=200&#038;d=mm&#038;r=g 2x' class='avatar avatar-100 photo' height='100' width='100' \/>\t\t\t\t\t<p>Expert du CMS WordPress depuis 2005.<\/p>\n<p>Sp\u00e9cialiste en architecture de sites WordPress, il conseille et accompagne au quotidien nos clients et entreprises dans leurs probl\u00e9matiques fonctionnelles et techniques.<\/p>\n<p>Manager de l\u2019\u00e9quipe technique, garant de la qualit\u00e9 des d\u00e9veloppements livr\u00e9s, il assure le suivi de la production de l\u2019ensemble des projets de l\u2019<a href=\"https:\/\/www.wearewp.pro\">agence WordPress<\/a> WeAreWP (<a href=\"https:\/\/www.wp-assistance.fr\/support-wordpress\/\">Support WordPress<\/a> <a href=\"https:\/\/www.wp-assistance.fr\/maintenance-wordpress\/\">Maintenance WordPress<\/a>).<\/p>\n<p>Membre de l\u2019\u00e9quipe organisatrice, conf\u00e9rencier et animateur d\u2019\u00e9v\u00e9nements locaux, il participe activement aux \u00e9v\u00e9nements de la communaut\u00e9 WordPress en France et \u00e0 l\u2019\u00e9tranger (WordCamp, <a href=\"https:\/\/www.meetup.com\/fr-FR\/wordpress-ile-de-france\/\">Meetup<\/a>, Barcamp, WPtech \u2026).<\/p>\n\t\t\t\t<\/div>\n\t\t\t<\/div>\n\n\t\t\n\t\t\t<div class=\"wcorg-organizer\">\n\t\t\t\t<h2>Benjamin Lupu<\/h2>\n\t\t\t\t<div class=\"wcorg-organizer-description\">\n\t\t\t\t\t\t\t\t\t\t<img alt='' src='https:\/\/secure.gravatar.com\/avatar\/bf8f876897b2261587545bd2066933763a8b271be1e4b87c3996c9f0734adb87?s=100&#038;d=mm&#038;r=g' srcset='https:\/\/secure.gravatar.com\/avatar\/bf8f876897b2261587545bd2066933763a8b271be1e4b87c3996c9f0734adb87?s=200&#038;d=mm&#038;r=g 2x' class='avatar avatar-100 photo' height='100' width='100' \/>\t\t\t\t\t<p>Professionnel du digital depuis 1998, Benjamin s&rsquo;est d&rsquo;abord investi (avec plaisir) dans la technologie avant de basculer (avec plaisir) dans le monde de l&rsquo;UX et du marketing (notamment l&rsquo;analytics). Il esp\u00e8re mixer ses deux comp\u00e9tences au mieux.<\/p>\n<p>Aujourd&rsquo;hui, il dirige le p\u00f4le projets et marketing digital d&rsquo;un groupe de presse pro. fran\u00e7ais.<\/p>\n<p>Benjamin utilise WordPress pour la quasi-totalit\u00e9 de ses projets depuis 2008 et s&rsquo;est petit \u00e0 petit investi dans la communaut\u00e9. Il participe aussi au collectif <a href=\"http:\/\/uncategorized-creations.com\">Uncategorized Creations<\/a>, petit groupe de personnes qui travaillent avec WordPress.<\/p>\n<p><em>Web professional since 1999, Benjamin first spent 6 years on the technology side (with delight) before switching (with delight) to the UX and marketing side (especially analytics). He tries to mix the two sides to provide better solutions.<\/em><\/p>\n<p><em>Currently, he manages a digital project and marketing team for a B2B french press group.<\/em><\/p>\n<p><em>Benjamin has used WordPress for almost all his projects since 2008. He has slowly dived into the community and takes part of <a href=\"http:\/\/uncategorized-creations.com\">Uncategorized Creations<\/a>, a small group of pro. working with WordPress.<\/em><\/p>\n\t\t\t\t<\/div>\n\t\t\t<\/div>\n\n\t\t\n\t\t\t<div class=\"wcorg-organizer\">\n\t\t\t\t<h2>Marie-Aude Koiransky<\/h2>\n\t\t\t\t<div class=\"wcorg-organizer-description\">\n\t\t\t\t\t\t\t\t\t\t<img alt='' src='https:\/\/secure.gravatar.com\/avatar\/c3919b8792d375e1011cbadd5c963cb1827671a22a3c54df477df20805eb4192?s=100&#038;d=mm&#038;r=g' srcset='https:\/\/secure.gravatar.com\/avatar\/c3919b8792d375e1011cbadd5c963cb1827671a22a3c54df477df20805eb4192?s=200&#038;d=mm&#038;r=g 2x' class='avatar avatar-100 photo' height='100' width='100' \/>\t\t\t\t\t\t\t\t\t<\/div>\n\t\t\t<\/div>\n\n\t\t\n\t\t\t<div class=\"wcorg-organizer\">\n\t\t\t\t<h2>Beno\u00eet Catherineau<\/h2>\n\t\t\t\t<div class=\"wcorg-organizer-description\">\n\t\t\t\t\t\t\t\t\t\t<img alt='' src='https:\/\/secure.gravatar.com\/avatar\/9e5a28ac8e1a097d8d41a5cc4cca73d41cf5042ca38b2e51066f2e23769ec9eb?s=100&#038;d=mm&#038;r=g' srcset='https:\/\/secure.gravatar.com\/avatar\/9e5a28ac8e1a097d8d41a5cc4cca73d41cf5042ca38b2e51066f2e23769ec9eb?s=200&#038;d=mm&#038;r=g 2x' class='avatar avatar-100 photo' height='100' width='100' \/>\t\t\t\t\t\t\t\t\t<\/div>\n\t\t\t<\/div>\n\n\t\t\n\t<\/div><!-- .wcorg-organizers -->\n\t<\/span><\/p>\n","protected":false},"excerpt":{"rendered":"<p>Le WordCamp Paris 2014 est organis\u00e9 par l&rsquo;\u00e9quipe de l&rsquo;association WordPress-Francophone.<\/p>\n","protected":false},"author":1185,"featured_media":0,"parent":247549,"menu_order":0,"comment_status":"open","ping_status":"open","template":"","meta":{"jetpack_post_was_ever_published":false,"footnotes":""},"class_list":["post-6","page","type-page","status-publish","hentry"],"jetpack_sharing_enabled":true,"_links":{"self":[{"href":"https:\/\/paris.wordcamp.org\/2014\/wp-json\/wp\/v2\/pages\/6","targetHints":{"allow":["GET"]}}],"collection":[{"href":"https:\/\/paris.wordcamp.org\/2014\/wp-json\/wp\/v2\/pages"}],"about":[{"href":"https:\/\/paris.wordcamp.org\/2014\/wp-json\/wp\/v2\/types\/page"}],"author":[{"embeddable":true,"href":"https:\/\/paris.wordcamp.org\/2014\/wp-json\/wp\/v2\/users\/1185"}],"replies":[{"embeddable":true,"href":"https:\/\/paris.wordcamp.org\/2014\/wp-json\/wp\/v2\/comments?post=6"}],"version-history":[{"count":6,"href":"https:\/\/paris.wordcamp.org\/2014\/wp-json\/wp\/v2\/pages\/6\/revisions"}],"predecessor-version":[{"id":256905,"href":"https:\/\/paris.wordcamp.org\/2014\/wp-json\/wp\/v2\/pages\/6\/revisions\/256905"}],"up":[{"embeddable":true,"href":"https:\/\/paris.wordcamp.org\/2014\/wp-json\/wp\/v2\/pages\/247549"}],"wp:attachment":[{"href":"https:\/\/paris.wordcamp.org\/2014\/wp-json\/wp\/v2\/media?parent=6"}],"curies":[{"name":"wp","href":"https:\/\/api.w.org\/{rel}","templated":true}]}}