{"id":251914,"date":"2013-11-28T14:54:40","date_gmt":"2013-11-28T13:54:40","guid":{"rendered":"https:\/\/2014.paris.wordcamp.org\/?page_id=251914"},"modified":"2014-01-10T10:32:03","modified_gmt":"2014-01-10T09:32:03","slug":"billeterie","status":"publish","type":"page","link":"https:\/\/paris.wordcamp.org\/2014\/billeterie\/","title":{"rendered":"Billetterie"},"content":{"rendered":"<p>Le 17 et 18 janvier 2014 se tiendra le 3<sup>\u00e8me<\/sup> <strong>WordCamp Paris<\/strong>\u00a0 !\u00a0Deux jours de conf\u00e9rences, d&rsquo;ateliers et de rencontres qui sont l\u2019\u00e9v\u00e9nement incontournable sur <strong>WordPress<\/strong>, le <acronym title=\"Content Management System\">CMS<\/acronym> le plus utilis\u00e9 au monde, et pour sa communaut\u00e9.<\/p>\n<a href=\"https:\/\/paris.wordcamp.org\/2014\/billeterie\/\">Veuillez consulter cette page dans un navigateur pour acheter ou g\u00e9rer vos billets.<\/a>\n<p>Le WordCamp Paris 2014 se d\u00e9roulera \u00e0 la MAS-Paris le vendredi et dans les locaux de SUP&rsquo;Internet le samedi. Lisez les <a title=\"Informations pratiques\" href=\"https:\/\/2014.paris.wordcamp.org\/informations-pratiques\/\">informations pratiques<\/a> pour en savoir plus !<\/p>\n","protected":false},"excerpt":{"rendered":"<p>Le 17 et 18 janvier 2014 se tiendra le 3\u00e8me WordCamp Paris\u00a0 !\u00a0Deux jours de conf\u00e9rences, d&rsquo;ateliers et de rencontres qui sont l\u2019\u00e9v\u00e9nement incontournable sur WordPress, le CMS le plus utilis\u00e9 au monde, et pour sa communaut\u00e9. Le WordCamp Paris 2014 se d\u00e9roulera \u00e0 la MAS-Paris le vendredi et dans les locaux de SUP&rsquo;Internet le &hellip; <a href=\"https:\/\/paris.wordcamp.org\/2014\/billeterie\/\" class=\"more-link\">Continuer la lecture de <span class=\"screen-reader-text\">Billetterie<\/span> <span class=\"meta-nav\">&rarr;<\/span><\/a><\/p>\n","protected":false},"author":1185,"featured_media":0,"parent":0,"menu_order":0,"comment_status":"closed","ping_status":"closed","template":"","meta":{"jetpack_post_was_ever_published":false,"footnotes":""},"class_list":["post-251914","page","type-page","status-publish","hentry"],"jetpack_sharing_enabled":true,"_links":{"self":[{"href":"https:\/\/paris.wordcamp.org\/2014\/wp-json\/wp\/v2\/pages\/251914","targetHints":{"allow":["GET"]}}],"collection":[{"href":"https:\/\/paris.wordcamp.org\/2014\/wp-json\/wp\/v2\/pages"}],"about":[{"href":"https:\/\/paris.wordcamp.org\/2014\/wp-json\/wp\/v2\/types\/page"}],"author":[{"embeddable":true,"href":"https:\/\/paris.wordcamp.org\/2014\/wp-json\/wp\/v2\/users\/1185"}],"replies":[{"embeddable":true,"href":"https:\/\/paris.wordcamp.org\/2014\/wp-json\/wp\/v2\/comments?post=251914"}],"version-history":[{"count":8,"href":"https:\/\/paris.wordcamp.org\/2014\/wp-json\/wp\/v2\/pages\/251914\/revisions"}],"predecessor-version":[{"id":282958,"href":"https:\/\/paris.wordcamp.org\/2014\/wp-json\/wp\/v2\/pages\/251914\/revisions\/282958"}],"wp:attachment":[{"href":"https:\/\/paris.wordcamp.org\/2014\/wp-json\/wp\/v2\/media?parent=251914"}],"curies":[{"name":"wp","href":"https:\/\/api.w.org\/{rel}","templated":true}]}}