{"id":247549,"date":"2013-11-27T14:55:40","date_gmt":"2013-11-27T13:55:40","guid":{"rendered":"https:\/\/2014.paris.wordcamp.org\/?page_id=247549"},"modified":"2014-01-12T19:48:59","modified_gmt":"2014-01-12T18:48:59","slug":"informations-pratiques","status":"publish","type":"page","link":"https:\/\/paris.wordcamp.org\/2014\/informations-pratiques\/","title":{"rendered":"Informations pratiques"},"content":{"rendered":"<p>Le WordCamp Paris 2014 se d\u00e9roulera dans deux lieux diff\u00e9rents, au sud est de Paris.<\/p>\n<h2>Vendredi 17 janvier 2014<\/h2>\n<p><a href=\"http:\/\/mas-paris.fr\/\"><img loading=\"lazy\" decoding=\"async\" alt=\"logo_salle_mas_paris_harry_traiteur\" src=\"https:\/\/2014.paris.wordcamp.org\/files\/2013\/11\/logo_salle_mas_paris_harry_traiteur-300x216.jpg\" width=\"300\" height=\"216\" \/><\/a><\/p>\n<p>Rendez-vous \u00e0\u00a0<a href=\"http:\/\/mas-paris.fr\/\">la MAS<\/a>\u00a0\u00e0 8h00, pour une journ\u00e9e de conf\u00e9rences.<\/p>\n<p><strong>Adresse :\u00a0<\/strong><br \/>\nMAS Paris<br \/>\n10\/18, rue des Terres au Cur\u00e9<br \/>\n75013 Paris<\/p>\n<div class=\"googlemaps\">\n\t\t\t\t<iframe loading=\"lazy\" width=\"625\" height=\"350\" frameborder=\"0\" scrolling=\"no\" marginheight=\"0\" marginwidth=\"0\"  src=\"https:\/\/maps.google.fr\/maps?q=18%20rue%20des%20Terres%20au%20Cur\u00e9%2075013%20Paris&#038;ie=UTF8&#038;hnear=18%20Rue%20des%20Terres%20au%20Cure,%2075013%20Paris,%20\u00cele-de-France&#038;t=m&#038;z=14&#038;ll=48.824128,2.372327&#038;output=embed\"><\/iframe>\n\t\t\t<\/div>\n<ul>\n<li>M\u00e9tro : Porte d\u2019Ivry (ligne 7) ou\u00a0Olympiades (ligne 14).<\/li>\n<li>Bus : ch\u00e2teau des rentiers (ligne\u00a062),\u00a0Patay &#8211; Tolbiac (ligne\u00a064).<\/li>\n<li>Tram : T3 Porte d\u2019Ivry.<\/li>\n<\/ul>\n<hr \/>\n<h2>Samedi 18 janvier 2014<\/h2>\n<p><a href=\"http:\/\/www.supinternet.fr\/\"><img loading=\"lazy\" decoding=\"async\" alt=\"CMJN de base\" src=\"https:\/\/2014.paris.wordcamp.org\/files\/2013\/11\/logo-supint-hd-couleur-300x140.jpg\" width=\"300\" height=\"140\" \/><\/a><\/p>\n<p>Rendez-vous \u00e0\u00a0<a href=\"http:\/\/www.supinternet.fr\/\">Sup&rsquo;Internet<\/a> \u00e0 8h00 pour une journ\u00e9e d&rsquo;ateliers et conf\u00e9rences.<\/p>\n<p><strong>Adresse :<\/strong><br \/>\nSup&rsquo;Internet<br \/>\n24, rue Pasteur<br \/>\n94270 Le Kremlin-Bic\u00eatre<\/p>\n<div class=\"googlemaps\">\n\t\t\t\t<iframe loading=\"lazy\" width=\"625\" height=\"350\" frameborder=\"0\" scrolling=\"no\" marginheight=\"0\" marginwidth=\"0\"  src=\"https:\/\/maps.google.fr\/maps?q=24,%20rue%20Pasteur%2094270%20Le%20Kremlin-Bic\u00eatre&#038;ie=UTF8&#038;hnear=24%20Rue%20Pasteur,%2094270%20Le%20Kremlin-Bic\u00e8tre,%20Val-de-Marne,%20\u00cele-de-France&#038;ll=48.815329,2.363165&#038;spn=0.025602,0.055747&#038;t=m&#038;z=14&#038;output=embed\"><\/iframe>\n\t\t\t<\/div>\n<ul>\n<li>M\u00e9tro : Porte d&rsquo;Italie\u00a0(ligne 7)<\/li>\n<li>Bus :\u00a0Roger Salengro (lignes 47, 125, 131, 185), Pierre Brossolette (ligne 186).<\/li>\n<li>Tram : T3 Porte d\u2019Italie.<\/li>\n<\/ul>\n<p><strong>Nous en profitons pour en remercier l&rsquo;\u00e9quipe de Sup&rsquo;Internet, qui nous accueille au sein de ses locaux.<\/strong><\/p>\n","protected":false},"excerpt":{"rendered":"<p>Le WordCamp Paris 2014 se d\u00e9roulera dans deux lieux diff\u00e9rents, au sud est de Paris. Vendredi 17 janvier 2014 Rendez-vous \u00e0\u00a0la MAS\u00a0\u00e0 8h00, pour une journ\u00e9e de conf\u00e9rences. Adresse :\u00a0 MAS Paris 10\/18, rue des Terres au Cur\u00e9 75013 Paris M\u00e9tro : Porte d\u2019Ivry (ligne 7) ou\u00a0Olympiades (ligne 14). Bus : ch\u00e2teau des rentiers (ligne\u00a062),\u00a0Patay &hellip; <a href=\"https:\/\/paris.wordcamp.org\/2014\/informations-pratiques\/\" class=\"more-link\">Continuer la lecture de <span class=\"screen-reader-text\">Informations pratiques<\/span> <span class=\"meta-nav\">&rarr;<\/span><\/a><\/p>\n","protected":false},"author":1185,"featured_media":0,"parent":0,"menu_order":0,"comment_status":"closed","ping_status":"closed","template":"","meta":{"jetpack_post_was_ever_published":false,"footnotes":""},"class_list":["post-247549","page","type-page","status-publish","hentry"],"jetpack_sharing_enabled":true,"_links":{"self":[{"href":"https:\/\/paris.wordcamp.org\/2014\/wp-json\/wp\/v2\/pages\/247549","targetHints":{"allow":["GET"]}}],"collection":[{"href":"https:\/\/paris.wordcamp.org\/2014\/wp-json\/wp\/v2\/pages"}],"about":[{"href":"https:\/\/paris.wordcamp.org\/2014\/wp-json\/wp\/v2\/types\/page"}],"author":[{"embeddable":true,"href":"https:\/\/paris.wordcamp.org\/2014\/wp-json\/wp\/v2\/users\/1185"}],"replies":[{"embeddable":true,"href":"https:\/\/paris.wordcamp.org\/2014\/wp-json\/wp\/v2\/comments?post=247549"}],"version-history":[{"count":9,"href":"https:\/\/paris.wordcamp.org\/2014\/wp-json\/wp\/v2\/pages\/247549\/revisions"}],"predecessor-version":[{"id":461651,"href":"https:\/\/paris.wordcamp.org\/2014\/wp-json\/wp\/v2\/pages\/247549\/revisions\/461651"}],"wp:attachment":[{"href":"https:\/\/paris.wordcamp.org\/2014\/wp-json\/wp\/v2\/media?parent=247549"}],"curies":[{"name":"wp","href":"https:\/\/api.w.org\/{rel}","templated":true}]}}