{"id":163752,"date":"2013-11-07T15:00:43","date_gmt":"2013-11-07T14:00:43","guid":{"rendered":"https:\/\/2014.paris.wordcamp.org\/?page_id=163752"},"modified":"2014-07-30T16:20:54","modified_gmt":"2014-07-30T14:20:54","slug":"charte-des-wordcamps","status":"publish","type":"page","link":"https:\/\/paris.wordcamp.org\/2014\/informations-pratiques\/charte-des-wordcamps\/","title":{"rendered":"Charte des WordCamps"},"content":{"rendered":"<p>Tous les WordCamps doivent respecter cette charte :<\/p>\n<p style=\"padding-left: 30px\">En m&rsquo;associant officiellement au WordCamp en tant que [orateur \/ sponsor \/ volontaire \/\u00a0organisateur], je comprends que par ce r\u00f4le je repr\u00e9sente le projet WordPress et ses valeurs.<\/p>\n<p style=\"padding-left: 30px\">Je comprends que les valeurs du projet WordPress sont :<\/p>\n<ul>\n<li>l&rsquo;absence de discrimination bas\u00e9e sur le statut \u00e9conomique ou social, la couleur de\u00a0peau, l&rsquo;origine ethnique, la nationalit\u00e9, les principes, les croyances politiques ou\u00a0religieuses, la sexualit\u00e9 ou l&rsquo;orientation sexuelle, le statut marital, l&rsquo;\u00e2ge ou le handicap ;<\/li>\n<li>l&rsquo;absence d&rsquo;incitation \u00e0 la violence ou la promotion de la haine ;<\/li>\n<li>le refus des spammeurs ;<\/li>\n<li>le refus des g\u00eaneurs ;<\/li>\n<li>le respect de la marque d\u00e9pos\u00e9e WordPress ;<\/li>\n<li>l&rsquo;adoption de la licence de WordPress. En distribuant des cr\u00e9ations d\u00e9riv\u00e9es de\u00a0WordPress (th\u00e8mes, extensions, distributions WordPress), les personnes et soci\u00e9t\u00e9s\u00a0officiellement associ\u00e9es au WordCamp doivent donner \u00e0 leurs utilisateurs les m\u00eames\u00a0libert\u00e9s que WordPress leur donne d\u00e9j\u00e0 : respect \u00e0 100% de la licence GPL ou d&rsquo;une\u00a0licence compatible, comme c&rsquo;est le cas sur WordPress.org. Nous ne faisons pas la\u00a0promotion de personnes ou de soci\u00e9t\u00e9s qui distribuent des cr\u00e9ations bas\u00e9es sur\u00a0WordPress qui ne sont pas \u00e0 100% compatible avec la licence GPL.<\/li>\n<\/ul>\n<p>Si vous avez des craintes ou des questions au sujet de la GPL, n&rsquo;h\u00e9sitez pas \u00e0 nous en parler. Pour r\u00e9sumer, cela signifie que si vous distribuez publiquement des extensions ou des th\u00e8mes WordPress (gratuits ou payants), il faut que leur code PHP soit sous licence GPL.<\/p>\n","protected":false},"excerpt":{"rendered":"<p>Tous les WordCamps doivent respecter cette charte : En m&rsquo;associant officiellement au WordCamp en tant que [orateur \/ sponsor \/ volontaire \/\u00a0organisateur], je comprends que par ce r\u00f4le je repr\u00e9sente le projet WordPress et ses valeurs. Je comprends que les valeurs du projet WordPress sont : l&rsquo;absence de discrimination bas\u00e9e sur le statut \u00e9conomique ou &hellip; <a href=\"https:\/\/paris.wordcamp.org\/2014\/informations-pratiques\/charte-des-wordcamps\/\" class=\"more-link\">Continuer la lecture de <span class=\"screen-reader-text\">Charte des WordCamps<\/span> <span class=\"meta-nav\">&rarr;<\/span><\/a><\/p>\n","protected":false},"author":1185,"featured_media":0,"parent":247549,"menu_order":0,"comment_status":"closed","ping_status":"closed","template":"","meta":{"jetpack_post_was_ever_published":false,"footnotes":""},"class_list":["post-163752","page","type-page","status-publish","hentry"],"jetpack_sharing_enabled":true,"_links":{"self":[{"href":"https:\/\/paris.wordcamp.org\/2014\/wp-json\/wp\/v2\/pages\/163752","targetHints":{"allow":["GET"]}}],"collection":[{"href":"https:\/\/paris.wordcamp.org\/2014\/wp-json\/wp\/v2\/pages"}],"about":[{"href":"https:\/\/paris.wordcamp.org\/2014\/wp-json\/wp\/v2\/types\/page"}],"author":[{"embeddable":true,"href":"https:\/\/paris.wordcamp.org\/2014\/wp-json\/wp\/v2\/users\/1185"}],"replies":[{"embeddable":true,"href":"https:\/\/paris.wordcamp.org\/2014\/wp-json\/wp\/v2\/comments?post=163752"}],"version-history":[{"count":4,"href":"https:\/\/paris.wordcamp.org\/2014\/wp-json\/wp\/v2\/pages\/163752\/revisions"}],"predecessor-version":[{"id":952058,"href":"https:\/\/paris.wordcamp.org\/2014\/wp-json\/wp\/v2\/pages\/163752\/revisions\/952058"}],"up":[{"embeddable":true,"href":"https:\/\/paris.wordcamp.org\/2014\/wp-json\/wp\/v2\/pages\/247549"}],"wp:attachment":[{"href":"https:\/\/paris.wordcamp.org\/2014\/wp-json\/wp\/v2\/media?parent=163752"}],"curies":[{"name":"wp","href":"https:\/\/api.w.org\/{rel}","templated":true}]}}