{"id":309,"date":"2012-12-20T23:37:17","date_gmt":"2012-12-20T22:37:17","guid":{"rendered":"https:\/\/2013.paris.wordcamp.org\/?page_id=309"},"modified":"2012-12-20T23:37:50","modified_gmt":"2012-12-20T22:37:50","slug":"partenaires","status":"publish","type":"page","link":"https:\/\/paris.wordcamp.org\/2013\/partenaires\/","title":{"rendered":"Partenaires"},"content":{"rendered":"<p>Nous remercions vivement nos partenaires, qui par leur soutien permettent l&rsquo;organisation de cet \u00e9v\u00e8nement.<\/p>\n\n\t\t<div class=\"sponsors\">\n\t\t\t\t\t\t\t\n\t\t\t\t<div class=\"sponsor-level gold\">\n\t\t\t\t\t<h2 class=\"sponsor-level-title\">\n\t\t\t\t\t\tGold\t\t\t\t\t<\/h2>\n\n\t\t\t\t\t\n\t\t\t\t\t<div id=\"post-297\" class=\"sponsor post-297 wcb_sponsor type-wcb_sponsor status-publish has-post-thumbnail hentry wcb_sponsor_level-gold\" >\n\t\t\t\t\t\t<h3 class=\"entry-title sponsor-title\">\n\t\t\t\t\t\t\t<a href=\"https:\/\/paris.wordcamp.org\/2013\/sponsor\/beapi\/\">\n\t\t\t\t\t\t\t\t<img loading=\"lazy\" decoding=\"async\" width=\"277\" height=\"115\" src=\"https:\/\/paris.wordcamp.org\/2013\/files\/2012\/12\/sponsor-beapi-1.png\" class=\"attachment-post-thumbnail size-post-thumbnail wp-post-image\" alt=\"\" data-attachment-id=\"299\" data-permalink=\"https:\/\/paris.wordcamp.org\/2013\/sponsor\/beapi\/sponsor-beapi-1\/\" data-orig-file=\"https:\/\/paris.wordcamp.org\/2013\/files\/2012\/12\/sponsor-beapi-1.png\" data-orig-size=\"277,115\" data-comments-opened=\"1\" data-image-meta=\"{&quot;aperture&quot;:&quot;0&quot;,&quot;credit&quot;:&quot;&quot;,&quot;camera&quot;:&quot;&quot;,&quot;caption&quot;:&quot;&quot;,&quot;created_timestamp&quot;:&quot;0&quot;,&quot;copyright&quot;:&quot;&quot;,&quot;focal_length&quot;:&quot;0&quot;,&quot;iso&quot;:&quot;0&quot;,&quot;shutter_speed&quot;:&quot;0&quot;,&quot;title&quot;:&quot;&quot;}\" data-image-title=\"sponsor-beapi (1)\" data-image-description=\"\" data-image-caption=\"\" data-medium-file=\"https:\/\/paris.wordcamp.org\/2013\/files\/2012\/12\/sponsor-beapi-1.png\" data-large-file=\"https:\/\/paris.wordcamp.org\/2013\/files\/2012\/12\/sponsor-beapi-1.png\" \/>\t\t\t\t\t\t\t<\/a>\n\t\t\t\t\t\t<\/h3>\n\n\t\t\t\t\t\t<div class=\"entry-content sponsor-description\">\n\t\t\t\t\t\t\t<p><a href=\"http:\/\/beapi.fr\/\" rel=\"nofollow\">BeAPI<\/a> est une structure souple, dont la vocation est d\u2019amener l\u2019\u00e9cosyst\u00e8me WordPress aux entreprises.\u00a0Pour les grands sujets comme pour les petits, avec une pr\u00e9f\u00e9rence pour les sujets complexes.<\/p>\n<p>BeAPI se veut souple, moins cher et plus pertinente que les agences web \u00ab fourre-tout \u00bb.<\/p>\n<p>Notre connaissance du web traditionnel et du CMS WordPress, s\u2019appuyant sur l\u2019expertise d\u2019Amaury Balmer, un des sp\u00e9cialistes europ\u00e9ens sur le sujet, nous permet de proposer des\u00a0d\u00e9veloppements pointus , hyper personnalis\u00e9s,\u00a0et sachant s&rsquo;int\u00e9grer dans des environnements complexes d\u00e9j\u00e0 existant.<\/p>\n\t\t\t\t\t\t<\/div>\n\t\t\t\t\t<\/div>\n\n\t\t\t\t\t\n\t\t\t\t<\/div>\n\t\t\t\t\t\t\t\n\t\t\t\t<div class=\"sponsor-level silver\">\n\t\t\t\t\t<h2 class=\"sponsor-level-title\">\n\t\t\t\t\t\tSilver\t\t\t\t\t<\/h2>\n\n\t\t\t\t\t\n\t\t\t\t\t<div id=\"post-327\" class=\"sponsor post-327 wcb_sponsor type-wcb_sponsor status-publish has-post-thumbnail hentry wcb_sponsor_level-silver\" >\n\t\t\t\t\t\t<h3 class=\"entry-title sponsor-title\">\n\t\t\t\t\t\t\t<a href=\"https:\/\/paris.wordcamp.org\/2013\/sponsor\/globalis\/\">\n\t\t\t\t\t\t\t\t<img loading=\"lazy\" decoding=\"async\" width=\"940\" height=\"198\" src=\"https:\/\/paris.wordcamp.org\/2013\/files\/2012\/12\/logo_globalis_print-940x198.jpg\" class=\"attachment-post-thumbnail size-post-thumbnail wp-post-image\" alt=\"\" data-attachment-id=\"328\" data-permalink=\"https:\/\/paris.wordcamp.org\/2013\/sponsor\/globalis\/logo_globalis_print\/\" data-orig-file=\"https:\/\/paris.wordcamp.org\/2013\/files\/2012\/12\/logo_globalis_print.jpg\" data-orig-size=\"1168,301\" data-comments-opened=\"1\" data-image-meta=\"{&quot;aperture&quot;:&quot;0&quot;,&quot;credit&quot;:&quot;&quot;,&quot;camera&quot;:&quot;&quot;,&quot;caption&quot;:&quot;&quot;,&quot;created_timestamp&quot;:&quot;0&quot;,&quot;copyright&quot;:&quot;&quot;,&quot;focal_length&quot;:&quot;0&quot;,&quot;iso&quot;:&quot;0&quot;,&quot;shutter_speed&quot;:&quot;0&quot;,&quot;title&quot;:&quot;&quot;}\" data-image-title=\"logo_globalis_print\" data-image-description=\"\" data-image-caption=\"\" data-medium-file=\"https:\/\/paris.wordcamp.org\/2013\/files\/2012\/12\/logo_globalis_print-300x77.jpg\" data-large-file=\"https:\/\/paris.wordcamp.org\/2013\/files\/2012\/12\/logo_globalis_print-1024x263.jpg\" \/>\t\t\t\t\t\t\t<\/a>\n\t\t\t\t\t\t<\/h3>\n\n\t\t\t\t\t\t<div class=\"entry-content sponsor-description\">\n\t\t\t\t\t\t\t<div>GLOBALIS (<a href=\"http:\/\/www.globalis-ms.com\/\" target=\"_blank\" rel=\"nofollow\">http:\/\/www.globalis-ms.com\/<\/a>) est une SSII Web pionni\u00e8re de la plate forme PHP et LAMP. Depuis 1997, nous concevons, r\u00e9alisons et maintenons des applications internet, intranet ou mobiles.<\/div>\n<div><\/div>\n<div>Depuis quelques ann\u00e9es, nous avons d\u00e9velopp\u00e9 un expertise et une offre de service originale sur WordPress. Avec WP-Chrono (<a href=\"http:\/\/wp-chrono.com\/\" target=\"_blank\" rel=\"nofollow\">http:\/\/wp-chrono.com\/<\/a>), nous proposons par exemple une offre innovante de cr\u00e9ation de sites sur mesure en quelques jours. Avec des offres de type forfait ou d\u00e9l\u00e9gation de personnel, nous avons particip\u00e9 \u00e0 la r\u00e9alisation de quelques uns des plus gros sites WordPress francophones.<\/div>\n<div><\/div>\n<div>GLOBALIS est en recrutement permanent et recherche actuellement des d\u00e9veloppeurs PHP et WordPress curieux et passionn\u00e9s (<a href=\"http:\/\/www.globalis-ms.com\/recrutement.html\" target=\"_blank\" rel=\"nofollow\">http:\/\/www.globalis-ms.com\/recrutement.html<\/a>).<\/div>\n\t\t\t\t\t\t<\/div>\n\t\t\t\t\t<\/div>\n\n\t\t\t\t\t\n\t\t\t\t\t<div id=\"post-498\" class=\"sponsor post-498 wcb_sponsor type-wcb_sponsor status-publish has-post-thumbnail hentry wcb_sponsor_level-silver\" >\n\t\t\t\t\t\t<h3 class=\"entry-title sponsor-title\">\n\t\t\t\t\t\t\t<a href=\"https:\/\/paris.wordcamp.org\/2013\/sponsor\/code-poet\/\">\n\t\t\t\t\t\t\t\t<img loading=\"lazy\" decoding=\"async\" width=\"580\" height=\"176\" src=\"https:\/\/paris.wordcamp.org\/2013\/files\/2013\/01\/sponsor-codepoet.png\" class=\"attachment-post-thumbnail size-post-thumbnail wp-post-image\" alt=\"\" srcset=\"https:\/\/paris.wordcamp.org\/2013\/files\/2013\/01\/sponsor-codepoet.png 580w, https:\/\/paris.wordcamp.org\/2013\/files\/2013\/01\/sponsor-codepoet-300x91.png 300w\" sizes=\"auto, (max-width: 580px) 100vw, 580px\" data-attachment-id=\"501\" data-permalink=\"https:\/\/paris.wordcamp.org\/2013\/sponsor\/code-poet\/sponsor-codepoet\/\" data-orig-file=\"https:\/\/paris.wordcamp.org\/2013\/files\/2013\/01\/sponsor-codepoet.png\" data-orig-size=\"580,176\" data-comments-opened=\"1\" data-image-meta=\"{&quot;aperture&quot;:&quot;0&quot;,&quot;credit&quot;:&quot;&quot;,&quot;camera&quot;:&quot;&quot;,&quot;caption&quot;:&quot;&quot;,&quot;created_timestamp&quot;:&quot;0&quot;,&quot;copyright&quot;:&quot;&quot;,&quot;focal_length&quot;:&quot;0&quot;,&quot;iso&quot;:&quot;0&quot;,&quot;shutter_speed&quot;:&quot;0&quot;,&quot;title&quot;:&quot;&quot;}\" data-image-title=\"sponsor-codepoet\" data-image-description=\"\" data-image-caption=\"\" data-medium-file=\"https:\/\/paris.wordcamp.org\/2013\/files\/2013\/01\/sponsor-codepoet-300x91.png\" data-large-file=\"https:\/\/paris.wordcamp.org\/2013\/files\/2013\/01\/sponsor-codepoet.png\" \/>\t\t\t\t\t\t\t<\/a>\n\t\t\t\t\t\t<\/h3>\n\n\t\t\t\t\t\t<div class=\"entry-content sponsor-description\">\n\t\t\t\t\t\t\t<p>Si vous utilisez WordPress pour concevoir des projets pour d&rsquo;autres personnes, nous voulons vous rendre la vie plus facile. Peu importe si vous \u00eates un freelance travaillant au cas par cas, que vous tenez une petite boutique en ligne, que vous faites d&rsquo;obscures extensions ou que vous menez la baguette au sein d&rsquo;une grande entreprise, notre objectif est de devenir votre principale source d&rsquo;informations et de ressources pour vous aider d\u00e9velopper vos comp\u00e9tences et votre savoir-faire WordPress. Pour vous aider mieux faire ce que vous faites. Pour vous faciliter la vie et vous rendre le sourire.<\/p>\n<p>Vous faites partie d&rsquo;une tribu de designers et de d\u00e9veloppeurs WordPress forte de plus de 10 000 personnes, couvrant l&rsquo;ensemble du globe. <a href=\"http:\/\/build.codepoet.com\/\" rel=\"nofollow\">Code Poet<\/a> vise \u00e0 concentrer des connaissances applicables au quotidien et des strat\u00e9gies r\u00e9elles des membres de cette tribu en un seul endroit, pour vous permettre ensuite d&rsquo;en profiter.<\/p>\n\t\t\t\t\t\t<\/div>\n\t\t\t\t\t<\/div>\n\n\t\t\t\t\t\n\t\t\t\t<\/div>\n\t\t\t\t\t\t\t\n\t\t\t\t<div class=\"sponsor-level bronze\">\n\t\t\t\t\t<h2 class=\"sponsor-level-title\">\n\t\t\t\t\t\tBronze\t\t\t\t\t<\/h2>\n\n\t\t\t\t\t\n\t\t\t\t\t<div id=\"post-351\" class=\"sponsor post-351 wcb_sponsor type-wcb_sponsor status-publish has-post-thumbnail hentry wcb_sponsor_level-bronze\" >\n\t\t\t\t\t\t<h3 class=\"entry-title sponsor-title\">\n\t\t\t\t\t\t\t<a href=\"https:\/\/paris.wordcamp.org\/2013\/sponsor\/boiteaweb\/\">\n\t\t\t\t\t\t\t\t<img loading=\"lazy\" decoding=\"async\" width=\"940\" height=\"198\" src=\"https:\/\/paris.wordcamp.org\/2013\/files\/2012\/12\/boiteaweb_logo_v3_big-940x198.png\" class=\"attachment-post-thumbnail size-post-thumbnail wp-post-image\" alt=\"\" data-attachment-id=\"353\" data-permalink=\"https:\/\/paris.wordcamp.org\/2013\/sponsor\/boiteaweb\/boiteaweb_logo_v3_big\/\" data-orig-file=\"https:\/\/paris.wordcamp.org\/2013\/files\/2012\/12\/boiteaweb_logo_v3_big.png\" data-orig-size=\"940,206\" data-comments-opened=\"1\" data-image-meta=\"{&quot;aperture&quot;:&quot;0&quot;,&quot;credit&quot;:&quot;&quot;,&quot;camera&quot;:&quot;&quot;,&quot;caption&quot;:&quot;&quot;,&quot;created_timestamp&quot;:&quot;0&quot;,&quot;copyright&quot;:&quot;&quot;,&quot;focal_length&quot;:&quot;0&quot;,&quot;iso&quot;:&quot;0&quot;,&quot;shutter_speed&quot;:&quot;0&quot;,&quot;title&quot;:&quot;&quot;}\" data-image-title=\"boiteaweb_logo_v3_big\" data-image-description=\"\" data-image-caption=\"\" data-medium-file=\"https:\/\/paris.wordcamp.org\/2013\/files\/2012\/12\/boiteaweb_logo_v3_big-300x65.png\" data-large-file=\"https:\/\/paris.wordcamp.org\/2013\/files\/2012\/12\/boiteaweb_logo_v3_big.png\" \/>\t\t\t\t\t\t\t<\/a>\n\t\t\t\t\t\t<\/h3>\n\n\t\t\t\t\t\t<div class=\"entry-content sponsor-description\">\n\t\t\t\t\t\t\t<div><span style=\"font-family: georgia, serif\">C\u2019est un fait, la cybercriminalit\u00e9 n\u2019a jamais \u00e9t\u00e9 aussi pr\u00e9sente qu\u2019aujourd\u2019hui et si on r\u00e9ussi \u00e0 \u00e9valuer le co\u00fbt d\u2019une s\u00e9curit\u00e9 de pr\u00e9vention, il est impossible de pr\u00e9voir le co\u00fbt des d\u00e9g\u00e2ts caus\u00e9s par des pirates.<\/span><\/div>\n<div><span style=\"font-family: georgia, serif\">C\u2019est \u00e0 partir de ce constat que nous avons d\u00e9cid\u00e9 de mettre \u00e0 profit notre exp\u00e9rience dans domaine de la s\u00e9curit\u00e9 web pour vous proposer des services n\u00e9cessitant un haut niveau d\u2019expertise \u00e0 des co\u00fbts adapt\u00e9s a vos structures.<\/span><\/div>\n<div><span style=\"font-family: georgia, serif\">\u00a0<\/span><\/div>\n<div><span style=\"font-family: georgia, serif\">BoiteaWeb (<a href=\"http:\/\/www.boiteaweb.fr\/\" target=\"_blank\" rel=\"nofollow\">http:\/\/www.boiteaweb.fr<\/a>) est au service des particuliers et professionnels soucieux de la s\u00e9curit\u00e9 de leurs sites web. Aussi le d\u00e9veloppement ou reprise de plugins WordPress fait parti de notre quotidien.<\/span><\/div>\n<div><span style=\"font-family: georgia, serif\">\u00a0<\/span><\/div>\n<div><span style=\"font-family: georgia, serif\">Nos missions sont d\u2019am\u00e9liorer la protection ; de r\u00e9duire les risques de piratage ; \u00e9liminer un maximum de vuln\u00e9rabilit\u00e9s ; d\u00e9velopper vos plugins WordPress.<\/span><\/div>\n<div><span style=\"font-family: georgia, serif\">Nous effectuons des veilles de s\u00e9curit\u00e9, des veilles de mises \u00e0 jour et des contrats de maintenance, m\u00eame et surtout si le site ou plugin n\u2019est pas de notre cr\u00e9ation.<\/span><\/div>\n<div><span style=\"font-family: georgia, serif\">\u00a0<\/span><\/div>\n<div><span style=\"font-family: georgia, serif\">Il est fortement conseill\u00e9 de r\u00e9aliser des audits de s\u00e9curit\u00e9 avant le lancement ou la mise en ligne d\u2019un projet web car tester la s\u00e9curit\u00e9 de son code est une \u00e9tape importante voire indispensable dans le d\u00e9veloppement de votre site.<\/span><\/div>\n<div><span style=\"font-family: georgia, serif\">\u00a0<\/span><\/div>\n<div><span style=\"font-family: georgia, serif\">Vous avez des besoins de modification de th\u00e8me, cr\u00e9ation ou reprise d&rsquo;un plugin, faites appels \u00e0 nos services de qualit\u00e9.<\/span><\/div>\n\t\t\t\t\t\t<\/div>\n\t\t\t\t\t<\/div>\n\n\t\t\t\t\t\n\t\t\t\t\t<div id=\"post-487\" class=\"sponsor post-487 wcb_sponsor type-wcb_sponsor status-publish has-post-thumbnail hentry wcb_sponsor_level-bronze\" >\n\t\t\t\t\t\t<h3 class=\"entry-title sponsor-title\">\n\t\t\t\t\t\t\t<a href=\"https:\/\/paris.wordcamp.org\/2013\/sponsor\/ruedutheme\/\">\n\t\t\t\t\t\t\t\t<img loading=\"lazy\" decoding=\"async\" width=\"940\" height=\"198\" src=\"https:\/\/paris.wordcamp.org\/2013\/files\/2013\/01\/logo_blanc.jpg\" class=\"attachment-post-thumbnail size-post-thumbnail wp-post-image\" alt=\"\" srcset=\"https:\/\/paris.wordcamp.org\/2013\/files\/2013\/01\/logo_blanc.jpg 940w, https:\/\/paris.wordcamp.org\/2013\/files\/2013\/01\/logo_blanc-300x63.jpg 300w\" sizes=\"auto, (max-width: 940px) 100vw, 940px\" data-attachment-id=\"496\" data-permalink=\"https:\/\/paris.wordcamp.org\/2013\/sponsor\/ruedutheme\/logo_blanc\/\" data-orig-file=\"https:\/\/paris.wordcamp.org\/2013\/files\/2013\/01\/logo_blanc.jpg\" data-orig-size=\"940,198\" data-comments-opened=\"1\" data-image-meta=\"{&quot;aperture&quot;:&quot;0&quot;,&quot;credit&quot;:&quot;&quot;,&quot;camera&quot;:&quot;&quot;,&quot;caption&quot;:&quot;&quot;,&quot;created_timestamp&quot;:&quot;0&quot;,&quot;copyright&quot;:&quot;&quot;,&quot;focal_length&quot;:&quot;0&quot;,&quot;iso&quot;:&quot;0&quot;,&quot;shutter_speed&quot;:&quot;0&quot;,&quot;title&quot;:&quot;&quot;}\" data-image-title=\"logo_blanc\" data-image-description=\"\" data-image-caption=\"\" data-medium-file=\"https:\/\/paris.wordcamp.org\/2013\/files\/2013\/01\/logo_blanc-300x63.jpg\" data-large-file=\"https:\/\/paris.wordcamp.org\/2013\/files\/2013\/01\/logo_blanc.jpg\" \/>\t\t\t\t\t\t\t<\/a>\n\t\t\t\t\t\t<\/h3>\n\n\t\t\t\t\t\t<div class=\"entry-content sponsor-description\">\n\t\t\t\t\t\t\t<p>RueduTheme est la premi\u00e8re place de march\u00e9 de th\u00e8mes graphiques destin\u00e9e \u00e0 un public francophone. Nous proposons une s\u00e9lection de Maquettes PSD, Template HTML\/CSS et th\u00e8mes WordPress de haute qualit\u00e9 exclusivement en fran\u00e7ais.<br \/>\nContrairement \u00e0 certaines places de march\u00e9, RueduTheme s&rsquo;efforce d&rsquo;offrir un espace de collaboration permettant aux diff\u00e9rents auteurs de th\u00e8mes WordPress de partager leur travail quand le temps manque. La d\u00e9marche de l&rsquo;\u00e9quipe est simple : entreprendre pour la communaut\u00e9 francophone et sp\u00e9cialement la communaut\u00e9 WordPress.<br \/>\nL&rsquo;aventure RueduTheme part du constat suivant : malgr\u00e9 le talent et le nombre de web designers et int\u00e9grateurs francophones, nous avons not\u00e9 un manque cruel de propositions de th\u00e8mes WordPress.<\/p>\n<p>Nous restons une jeune plateforme en devenir et avec sans cesse le besoin de se renouveler. Nous travaillons d\u00e9j\u00e0 avec des contributeurs de talent comme l&rsquo;agence Peaxl ou encore l&rsquo;auteur de th\u00e8me WordPress international Devilcantburn. Vous \u00eates int\u00e9ress\u00e9 pour participer \u00e0 l&rsquo;aventure RueduTheme, pour proposer au web fran\u00e7ais et francophone vos comp\u00e9tences de d\u00e9veloppeur de th\u00e8mes WordPress ? Rendez-vous le 18 janvier 2013 au WordCamp Paris.<\/p>\n<p>En attendant, n&rsquo;h\u00e9sitez pas \u00e0 nous rendre visite sur www.ruedutheme.com.<\/p>\n\t\t\t\t\t\t<\/div>\n\t\t\t\t\t<\/div>\n\n\t\t\t\t\t\n\t\t\t\t<\/div>\n\t\t\t\t\t\t\t\n\t\t\t\t<div class=\"sponsor-level micro\">\n\t\t\t\t\t<h2 class=\"sponsor-level-title\">\n\t\t\t\t\t\tMicro\t\t\t\t\t<\/h2>\n\n\t\t\t\t\t\n\t\t\t\t\t<div id=\"post-325\" class=\"sponsor post-325 wcb_sponsor type-wcb_sponsor status-publish hentry wcb_sponsor_level-micro\" >\n\t\t\t\t\t\t<h3 class=\"entry-title sponsor-title\">\n\t\t\t\t\t\t\t<a href=\"https:\/\/paris.wordcamp.org\/2013\/sponsor\/sarl-gd6d\/\">\n\t\t\t\t\t\t\t\tSarl Gd6d\t\t\t\t\t\t\t<\/a>\n\t\t\t\t\t\t<\/h3>\n\n\t\t\t\t\t\t<div class=\"entry-content sponsor-description\">\n\t\t\t\t\t\t\t<p><a href=\"http:\/\/www.gd6d.fr\/\" rel=\"nofollow\">Olivier Gobet<\/a>\u00a0r\u00e9alise des sites internet \u00e9l\u00e9gants et bien r\u00e9f\u00e9renc\u00e9s, faciles \u00e0 mettre \u00e0 jour et \u00e9volutifs. Il est un sp\u00e9cialiste du logiciel de gestion de contenu WordPress et il personnalise les th\u00e8mes Premium pour une mise en \u0153uvre rapide \u00e0 des co\u00fbts tr\u00e8s comp\u00e9titifs.<\/p>\n<p>Auteur du DVD d\u2019auto-formation \u00e0 WordPress 3 paru chez Elephorm, il propose \u00e9galement des prestations de formation et conseil.<\/p>\n\t\t\t\t\t\t<\/div>\n\t\t\t\t\t<\/div>\n\n\t\t\t\t\t\n\t\t\t\t<\/div>\n\t\t\t\t\t<\/div>\n\n\t\t\n","protected":false},"excerpt":{"rendered":"<p>Nous remercions vivement nos partenaires, qui par leur soutien permettent l&rsquo;organisation de cet \u00e9v\u00e8nement.<\/p>\n","protected":false},"author":161212,"featured_media":0,"parent":0,"menu_order":0,"comment_status":"closed","ping_status":"closed","template":"","meta":{"jetpack_post_was_ever_published":false,"footnotes":""},"class_list":["post-309","page","type-page","status-publish","hentry"],"jetpack_sharing_enabled":false,"jetpack_shortlink":"https:\/\/wp.me\/P2ExcP-4Z","_links":{"self":[{"href":"https:\/\/paris.wordcamp.org\/2013\/wp-json\/wp\/v2\/pages\/309","targetHints":{"allow":["GET"]}}],"collection":[{"href":"https:\/\/paris.wordcamp.org\/2013\/wp-json\/wp\/v2\/pages"}],"about":[{"href":"https:\/\/paris.wordcamp.org\/2013\/wp-json\/wp\/v2\/types\/page"}],"author":[{"embeddable":true,"href":"https:\/\/paris.wordcamp.org\/2013\/wp-json\/wp\/v2\/users\/161212"}],"replies":[{"embeddable":true,"href":"https:\/\/paris.wordcamp.org\/2013\/wp-json\/wp\/v2\/comments?post=309"}],"version-history":[{"count":3,"href":"https:\/\/paris.wordcamp.org\/2013\/wp-json\/wp\/v2\/pages\/309\/revisions"}],"predecessor-version":[{"id":313,"href":"https:\/\/paris.wordcamp.org\/2013\/wp-json\/wp\/v2\/pages\/309\/revisions\/313"}],"wp:attachment":[{"href":"https:\/\/paris.wordcamp.org\/2013\/wp-json\/wp\/v2\/media?parent=309"}],"curies":[{"name":"wp","href":"https:\/\/api.w.org\/{rel}","templated":true}]}}