{"id":295,"date":"2012-12-20T23:02:20","date_gmt":"2012-12-20T22:02:20","guid":{"rendered":"https:\/\/2013.paris.wordcamp.org\/?page_id=295"},"modified":"2012-12-20T23:36:03","modified_gmt":"2012-12-20T22:36:03","slug":"orateurs","status":"publish","type":"page","link":"https:\/\/paris.wordcamp.org\/2013\/orateurs\/","title":{"rendered":"Orateurs"},"content":{"rendered":"<p>Vous aurez l&rsquo;occasion de voir les pr\u00e9sentations des orateurs suivants lors de ce WordCamp Paris 2013.<\/p>\n\n\t\t<div class=\"cpt-loop speaker-gravatar-list clearfix\">\n\t\t\t<p>\n\t\t\t\t\t\t\t<a href='#daniel-roch' title='Daniel Roch'><img alt='' src='https:\/\/secure.gravatar.com\/avatar\/5863025f0a980bf8d5da2971550cd367af6658d4f70e0b5ba02b1ece863b156f?s=48&#038;d=mm&#038;r=g' srcset='https:\/\/secure.gravatar.com\/avatar\/5863025f0a980bf8d5da2971550cd367af6658d4f70e0b5ba02b1ece863b156f?s=96&#038;d=mm&#038;r=g 2x' class='avatar avatar-48 photo' height='48' width='48' \/><\/a>\t\t\t\t\t\t\t<a href='#fabrice-ducarme' title='Fabrice Ducarme'><img alt='' src='https:\/\/secure.gravatar.com\/avatar\/adaffd3b99cdee00f98fbf3e9be064a0f007c199250638333e6dea50049068b4?s=48&#038;d=mm&#038;r=g' srcset='https:\/\/secure.gravatar.com\/avatar\/adaffd3b99cdee00f98fbf3e9be064a0f007c199250638333e6dea50049068b4?s=96&#038;d=mm&#038;r=g 2x' class='avatar avatar-48 photo' height='48' width='48' \/><\/a>\t\t\t\t\t\t\t<a href='#fred-neau' title='Fred Neau'><img alt='' src='https:\/\/secure.gravatar.com\/avatar\/9d163f271733943b7ee641979f0cbd583c9df011c8e0168b5da74e9e0db0f456?s=48&#038;d=mm&#038;r=g' srcset='https:\/\/secure.gravatar.com\/avatar\/9d163f271733943b7ee641979f0cbd583c9df011c8e0168b5da74e9e0db0f456?s=96&#038;d=mm&#038;r=g 2x' class='avatar avatar-48 photo' height='48' width='48' \/><\/a>\t\t\t\t\t\t\t<a href='#gilles-vauvarin' title='Gilles Vauvarin'><img alt='' src='https:\/\/secure.gravatar.com\/avatar\/e8eeb12b96cf81e74ddd094026a459cc11aefa2a8e724f07731390aa08948216?s=48&#038;d=mm&#038;r=g' srcset='https:\/\/secure.gravatar.com\/avatar\/e8eeb12b96cf81e74ddd094026a459cc11aefa2a8e724f07731390aa08948216?s=96&#038;d=mm&#038;r=g 2x' class='avatar avatar-48 photo' height='48' width='48' \/><\/a>\t\t\t\t\t\t\t<a href='#julio-potier' title='Julio Potier'><img alt='' src='https:\/\/secure.gravatar.com\/avatar\/7f2fd2d51c2450990cb3fdfa75946d75b665b9d2bb1ddda8219009089163e321?s=48&#038;d=mm&#038;r=g' srcset='https:\/\/secure.gravatar.com\/avatar\/7f2fd2d51c2450990cb3fdfa75946d75b665b9d2bb1ddda8219009089163e321?s=96&#038;d=mm&#038;r=g 2x' class='avatar avatar-48 photo' height='48' width='48' \/><\/a>\t\t\t\t\t\t\t<a href='#mathieu-viet-2' title='Mathieu Viet'><img alt='' src='https:\/\/secure.gravatar.com\/avatar\/2876a84e0c96558b3870bee12554170babd9c30be564fe13ad7d01418b0fcb50?s=48&#038;d=mm&#038;r=g' srcset='https:\/\/secure.gravatar.com\/avatar\/2876a84e0c96558b3870bee12554170babd9c30be564fe13ad7d01418b0fcb50?s=96&#038;d=mm&#038;r=g 2x' class='avatar avatar-48 photo' height='48' width='48' \/><\/a>\t\t\t\t\t\t\t<a href='#remi-corson' title='R\u00e9mi Corson'><img alt='' src='https:\/\/secure.gravatar.com\/avatar\/c942ec2746e043d9dfaa8cc3c337ecb9114a5e6126387a49f4a1c3713486a4d7?s=48&#038;d=mm&#038;r=g' srcset='https:\/\/secure.gravatar.com\/avatar\/c942ec2746e043d9dfaa8cc3c337ecb9114a5e6126387a49f4a1c3713486a4d7?s=96&#038;d=mm&#038;r=g 2x' class='avatar avatar-48 photo' height='48' width='48' \/><\/a>\t\t\t\t\t\t<\/p>\n\t\t<\/div>\n\n\t\t\t\t\n\t\t<div class=\"cpt-loop speakers\">\n\t\t\t<div class=\"grid_6 alpha\">\n\n\t\t\t\t\n\t\t\t\t\t\n\t\t\t\t\t<div id=\"daniel-roch\" class=\"speaker clearfix odd post-256 wcb_speaker type-wcb_speaker status-publish hentry\" >\n\t\t\t\t\t\t<h3 class=\"entry-title speaker-name\">Daniel Roch<\/h3>\n\t\t\t\t\t\t<div class=\"entry-content speaker-bio\">\n\t\t\t\t\t\t<img alt='' src='https:\/\/secure.gravatar.com\/avatar\/5863025f0a980bf8d5da2971550cd367af6658d4f70e0b5ba02b1ece863b156f?s=102&#038;d=mm&#038;r=g' srcset='https:\/\/secure.gravatar.com\/avatar\/5863025f0a980bf8d5da2971550cd367af6658d4f70e0b5ba02b1ece863b156f?s=204&#038;d=mm&#038;r=g 2x' class='avatar avatar-102 photo' height='102' width='102' \/><p>R\u00e9f\u00e9renceur et d\u00e9veloppeur depuis 2008,\u00a0Daniel\u00a0propose des tutoriels et article sur le CMS WordPress, sur la visibilit\u00e9 web et sur le webmarketing en g\u00e9n\u00e9ral sur son site Internet SeoMix (<a href=\"http:\/\/www.seomix.fr\/\" target=\"_blank\">www.seomix.fr<\/a>). Il est co-auteur du guide \u00ab\u00a0WordPress et R\u00e9f\u00e9rencement naturel\u00a0\u00bb avec Olivier Andrieu, le \u00ab\u00a0pape du r\u00e9f\u00e9rencement\u00a0\u00bb.<\/p>\n<p>Daniel pr\u00e9sente la conf\u00e9rence <a href=\"https:\/\/2013.paris.wordcamp.org\/session\/wordpress-et-le-referencement-naturel\/\">WordPress et le r\u00e9f\u00e9rencement naturel<\/a>.<\/p>\n\t\t\t\t\t\t<\/div>\n\t\t\t\t\t<\/div>\n\t\t\t\t\n\t\t\t\t\t\n\t\t\t\t\t<div id=\"fabrice-ducarme\" class=\"speaker clearfix even post-269 wcb_speaker type-wcb_speaker status-publish hentry\" >\n\t\t\t\t\t\t<h3 class=\"entry-title speaker-name\">Fabrice Ducarme<\/h3>\n\t\t\t\t\t\t<div class=\"entry-content speaker-bio\">\n\t\t\t\t\t\t<img alt='' src='https:\/\/secure.gravatar.com\/avatar\/adaffd3b99cdee00f98fbf3e9be064a0f007c199250638333e6dea50049068b4?s=102&#038;d=mm&#038;r=g' srcset='https:\/\/secure.gravatar.com\/avatar\/adaffd3b99cdee00f98fbf3e9be064a0f007c199250638333e6dea50049068b4?s=204&#038;d=mm&#038;r=g 2x' class='avatar avatar-102 photo' height='102' width='102' \/><p>Fabrice Ducarme (42 ans), webmaster et formateur.<\/p>\n<p>En 2010, il fonde l&rsquo;agence Wibeweb, fan inconditionnel de WordPress, il est aussi le cr\u00e9ateur du blog WP Formation (http:\/\/wpformation.com) sur lequel vous retrouverez plus de 100 articles &amp; tutoriels autour de WordPress.<\/p>\n<p>WP Formation est un centre de Formation enregistr\u00e9 en Pr\u00e9fecture du Languedoc-Roussillon.<\/p>\n<p>Fabrice pr\u00e9sente la conf\u00e9rence <a href=\"https:\/\/2013.paris.wordcamp.org\/session\/wordpress-et-le-e-commerce\/\">WordPress et le e-commerce.<\/a><\/p>\n\t\t\t\t\t\t<\/div>\n\t\t\t\t\t<\/div>\n\t\t\t\t\n\t\t\t\t\t\n\t\t\t\t\t<div id=\"fred-neau\" class=\"speaker clearfix odd post-273 wcb_speaker type-wcb_speaker status-publish hentry\" >\n\t\t\t\t\t\t<h3 class=\"entry-title speaker-name\">Fred Neau<\/h3>\n\t\t\t\t\t\t<div class=\"entry-content speaker-bio\">\n\t\t\t\t\t\t<img alt='' src='https:\/\/secure.gravatar.com\/avatar\/9d163f271733943b7ee641979f0cbd583c9df011c8e0168b5da74e9e0db0f456?s=102&#038;d=mm&#038;r=g' srcset='https:\/\/secure.gravatar.com\/avatar\/9d163f271733943b7ee641979f0cbd583c9df011c8e0168b5da74e9e0db0f456?s=204&#038;d=mm&#038;r=g 2x' class='avatar avatar-102 photo' height='102' width='102' \/><p>38 ans, ing\u00e9nieur EFREI &#8211; IAE Aix-en-Provence<\/p>\n<p>Entre 1997 et 2001 : exp\u00e9riences de start-ups (co-fondateur topouaibe.com, cybertown, webmaster beenz.com), et 15 mois adjoint du directeur de l&rsquo;Agence Fran\u00e7aise de D\u00e9veloppement en C\u00f4te d&rsquo;Ivoire.<\/p>\n<p>Entre 2001 et 2007, je dirige les activit\u00e9s web de la Maison du Whisky (whisky.fr whiskymag.fr whiskylive.fr &#8230;)<\/p>\n<p>Engag\u00e9 associatif depuis toujours, militant des Verts depuis 2004, je suis depuis 2008 responsable des campagnes web d&rsquo;EELV (\u00e9lections europ\u00e9ennes, r\u00e9gionales, cantonales), animateur de la communaut\u00e9 des ecologeeks, charg\u00e9 des Libert\u00e9s Num\u00e9riques pour la campagne d&rsquo;Eva Joly 2012, pour tenter de mettre le num\u00e9rique et le partage dans tous ses \u00e9tats au c\u0153ur des pratiques militantes et des th\u00e9matiques d&rsquo;EELV.<\/p>\n<p>Fred pr\u00e9sente la conf\u00e9rence <a href=\"https:\/\/2013.paris.wordcamp.org\/session\/un-nuage-de-politique\/\">Un nuage de politique<\/a>.<\/p>\n\t\t\t\t\t\t<\/div>\n\t\t\t\t\t<\/div>\n\t\t\t\t\n\t\t\t\t\t\n\t\t\t\t\t<div id=\"gilles-vauvarin\" class=\"speaker clearfix even post-263 wcb_speaker type-wcb_speaker status-publish hentry\" >\n\t\t\t\t\t\t<h3 class=\"entry-title speaker-name\">Gilles Vauvarin<\/h3>\n\t\t\t\t\t\t<div class=\"entry-content speaker-bio\">\n\t\t\t\t\t\t<img alt='' src='https:\/\/secure.gravatar.com\/avatar\/e8eeb12b96cf81e74ddd094026a459cc11aefa2a8e724f07731390aa08948216?s=102&#038;d=mm&#038;r=g' srcset='https:\/\/secure.gravatar.com\/avatar\/e8eeb12b96cf81e74ddd094026a459cc11aefa2a8e724f07731390aa08948216?s=204&#038;d=mm&#038;r=g 2x' class='avatar avatar-102 photo' height='102' width='102' \/><p>Apr\u00e8s l&rsquo;obtention d&rsquo;un DEA de Biotechnologie en 1994, je d\u00e9cide de m&rsquo;orienter vers les nouvelles technologies de l&rsquo;information. J&rsquo;occupe alors successivement des postes de webmaster, int\u00e9grateur, d\u00e9veloppeur puis responsable informatique en tant que salari\u00e9 dans diff\u00e9rentes soci\u00e9t\u00e9s priv\u00e9es et publics.<br \/>\nEn 2006, je quitte le statut de salari\u00e9 pour m&rsquo;auto-former durant deux ann\u00e9es au design web et acqu\u00e9rir le statut de designer web ind\u00e9pendant.<br \/>\nDurant cette p\u00e9riode d&rsquo;auto-formation, je mets en place mon premier th\u00e8me WordPress pour \u00e9diter des articles de vulgarisation de design sur le blog pixenjoy.com<br \/>\nDans le cadre de mon activit\u00e9 ind\u00e9pendante, je design \u00e9galement plusieurs sites web sous WordPress pour diff\u00e9rents clients.<br \/>\nEn 2009, j&rsquo;interviens comme orateur \u00e0 Paris Web pour parler des relations int\u00e9grateur \/ designer puis j&rsquo;int\u00e8gre l&rsquo;\u00e9quipe d&rsquo;organisation pour travailler sur la mise en place de l&rsquo;\u00e9dition 2010. Durant la m\u00eame p\u00e9riode, je m&rsquo;associe \u00e0 Thibaut Ninove et Francis Chouquet pour co-fonder peaxl.com, la premi\u00e8re boutique Fran\u00e7aise de th\u00e8mes WordPress.<br \/>\nAujourd&rsquo;hui, je travaille sur mon propre projet kattagami.com dont l&rsquo;objectif est d&rsquo;offrir aux organisateurs d\u2019\u00e9v\u00e8nement de type colloques ou conf\u00e9rences un site de promotion \u00ab cl\u00e9 en main \u00bb gr\u00e2ce \u00e0 la mise en place d&rsquo;un service de type \u00ab SaaS \u00bb (Software as a Service) \u00e0 l&rsquo;aide de WordPress Multisite. Vivant actuellement en Haute-Savoie, j&rsquo;ai int\u00e9gr\u00e9 depuis 2012, le groupe Meetup WordPress de Gen\u00e8ve o\u00f9 j&rsquo;ai eu l&rsquo;occasion de faire ma premi\u00e8re pr\u00e9sentation.<\/p>\n<p>Gilles pr\u00e9sente la conf\u00e9rence <a href=\"https:\/\/2013.paris.wordcamp.org\/session\/demystifier-wordpress-multisite\/\">D\u00e9mystifier WordPress Multisite<\/a>.<\/p>\n\t\t\t\t\t\t<\/div>\n\t\t\t\t\t<\/div>\n\t\t\t\t\n\t\t\t\t\t<\/div><div class=\"grid_6 omega\">\n\t\t\t\t\t<div id=\"julio-potier\" class=\"speaker clearfix odd post-271 wcb_speaker type-wcb_speaker status-publish hentry\" >\n\t\t\t\t\t\t<h3 class=\"entry-title speaker-name\">Julio Potier<\/h3>\n\t\t\t\t\t\t<div class=\"entry-content speaker-bio\">\n\t\t\t\t\t\t<img alt='' src='https:\/\/secure.gravatar.com\/avatar\/7f2fd2d51c2450990cb3fdfa75946d75b665b9d2bb1ddda8219009089163e321?s=102&#038;d=mm&#038;r=g' srcset='https:\/\/secure.gravatar.com\/avatar\/7f2fd2d51c2450990cb3fdfa75946d75b665b9d2bb1ddda8219009089163e321?s=204&#038;d=mm&#038;r=g 2x' class='avatar avatar-102 photo' height='102' width='102' \/><p>Julio Potier est Consultant en S\u00e9curit\u00e9 Web, D\u00e9veloppeur Web et Expert WordPress. En 2010, il cr\u00e9\u00e9 boiteaweb.fr. Il aime cr\u00e9er et s\u00e9curiser du contenu web, il est fan de WordPress depuis sa premi\u00e8re utilisation. Le d\u00e9veloppement d\u2019extensions et la s\u00e9curisation de sites font partie de son quotidien au travail. \u201cAvec WordPress on peut tout faire sans tout refaire.\u201d<\/p>\n<p>Julio pr\u00e9sente la conf\u00e9rence <a href=\"https:\/\/2013.paris.wordcamp.org\/session\/10-facons-de-casser-son-site-wordpress-et-de-le-reparer\/\">10 fa\u00e7ons de casser son site WordPress\u2026 et de le r\u00e9parer<\/a>.<\/p>\n\t\t\t\t\t\t<\/div>\n\t\t\t\t\t<\/div>\n\t\t\t\t\n\t\t\t\t\t\n\t\t\t\t\t<div id=\"mathieu-viet-2\" class=\"speaker clearfix even post-249 wcb_speaker type-wcb_speaker status-publish hentry\" >\n\t\t\t\t\t\t<h3 class=\"entry-title speaker-name\">Mathieu Viet<\/h3>\n\t\t\t\t\t\t<div class=\"entry-content speaker-bio\">\n\t\t\t\t\t\t<img alt='' src='https:\/\/secure.gravatar.com\/avatar\/2876a84e0c96558b3870bee12554170babd9c30be564fe13ad7d01418b0fcb50?s=102&#038;d=mm&#038;r=g' srcset='https:\/\/secure.gravatar.com\/avatar\/2876a84e0c96558b3870bee12554170babd9c30be564fe13ad7d01418b0fcb50?s=204&#038;d=mm&#038;r=g 2x' class='avatar avatar-102 photo' height='102' width='102' \/><p>Mathieu Viet, 38 ans.<\/p>\n<p>Apr\u00e8s 10 ann\u00e9es consacr\u00e9es \u00e0 la vente de solutions de communication sous toutes ses formes, je d\u00e9cide de me lancer un nouveau d\u00e9fi en vue d&rsquo;\u00e9prouver mes nuits d&rsquo;apprentissage des langages Web pour devenir Webmaster puis Responsable d&rsquo;un P\u00f4le de d\u00e9veloppement d&rsquo;applicatifs Intranet. En novembre 2009, alors Responsable Innovations et Outils, je d\u00e9couvre l&rsquo;univers de WordPress \u00e0 la faveur d&rsquo;un challenge : propulser un outil de management des id\u00e9es pour accompagner le dispositif d&rsquo;innovation participative de la direction du Courrier de La Poste. 3 mois plus tard le premier Intranet WordPress de La Poste accueille 500 id\u00e9es. Aujourd&rsquo;hui, plus de 10 000 id\u00e9es ont \u00e9t\u00e9 d\u00e9pos\u00e9es dans cet outil que j&rsquo;ai enrichi d&rsquo;un environnement communautaire gr\u00e2ce \u00e0 BuddyPress. 2500 innovateurs ont d\u00e9sormais un espace de partage et d&rsquo;\u00e9change pour contribuer \u00e0 la r\u00e9inventions de l&rsquo;industrie du Courrier.<\/p>\n<p>Par ailleurs, en partenariat avec la direction du syst\u00e8me d&rsquo;information de mon entreprise, j&rsquo;ai mis en route 2 autres communaut\u00e9s BuddyPress, dont une r\u00e9serv\u00e9e aux d\u00e9veloppeurs.<br \/>\nParall\u00e8lement \u00e0 cela, je m&rsquo;amuse \u00e0 concevoir des plugins WordPress ou BuddyPress que je partage sur mon blog ou pour les plus int\u00e9ressants sur le repository de WordPress.<br \/>\nAujourd&rsquo;hui je m&rsquo;occupe de management des risques le jour au sein du Groupe La Poste et r\u00e9serve mes nuits et week-ends \u00e0 WordPress et BuddyPress.<\/p>\n<p>Mathieu pr\u00e9sente la conf\u00e9rence <a href=\"https:\/\/2013.paris.wordcamp.org\/session\/buddypress-lutilisateur-au-coeur\/\">BuddyPress, l\u2019utilisateur au c\u0153ur<\/a>.<\/p>\n\t\t\t\t\t\t<\/div>\n\t\t\t\t\t<\/div>\n\t\t\t\t\n\t\t\t\t\t\n\t\t\t\t\t<div id=\"remi-corson\" class=\"speaker clearfix odd post-260 wcb_speaker type-wcb_speaker status-publish hentry\" >\n\t\t\t\t\t\t<h3 class=\"entry-title speaker-name\">R\u00e9mi Corson<\/h3>\n\t\t\t\t\t\t<div class=\"entry-content speaker-bio\">\n\t\t\t\t\t\t<img alt='' src='https:\/\/secure.gravatar.com\/avatar\/c942ec2746e043d9dfaa8cc3c337ecb9114a5e6126387a49f4a1c3713486a4d7?s=102&#038;d=mm&#038;r=g' srcset='https:\/\/secure.gravatar.com\/avatar\/c942ec2746e043d9dfaa8cc3c337ecb9114a5e6126387a49f4a1c3713486a4d7?s=204&#038;d=mm&#038;r=g 2x' class='avatar avatar-102 photo' height='102' width='102' \/><p>Ex-directeur technique au sein de plusieurs structures fran\u00e7aises et internationales,\u00a0R\u00e9mi\u00a0Corson\u00a0est un sp\u00e9cialiste WordPress orient\u00e9 d\u00e9veloppement modulaire. Auteur de nombreux plugins gratuits et premium, ses r\u00e9alisations utilisent de mani\u00e8re syst\u00e9matique les APIs existantes dans la logique et la continuit\u00e9 des \u00e9l\u00e9ments source.<\/p>\n<p>R\u00e9mi pr\u00e9sente la conf\u00e9rence <a href=\"https:\/\/2013.paris.wordcamp.org\/session\/utilisation-de-lexistant-sous-wordpress\/\">Utilisation de l\u2019existant sous WordPress<\/a>.<\/p>\n\t\t\t\t\t\t<\/div>\n\t\t\t\t\t<\/div>\n\t\t\t\t\n\t\t\t<\/div>\n\t\t<\/div>\n\n\t\t\n","protected":false},"excerpt":{"rendered":"<p>Vous aurez l&rsquo;occasion de voir les pr\u00e9sentations des orateurs suivants lors de ce WordCamp Paris 2013.<\/p>\n","protected":false},"author":161212,"featured_media":0,"parent":0,"menu_order":0,"comment_status":"closed","ping_status":"closed","template":"","meta":{"jetpack_post_was_ever_published":false,"footnotes":""},"class_list":["post-295","page","type-page","status-publish","hentry"],"jetpack_sharing_enabled":true,"jetpack_shortlink":"https:\/\/wp.me\/P2ExcP-4L","_links":{"self":[{"href":"https:\/\/paris.wordcamp.org\/2013\/wp-json\/wp\/v2\/pages\/295","targetHints":{"allow":["GET"]}}],"collection":[{"href":"https:\/\/paris.wordcamp.org\/2013\/wp-json\/wp\/v2\/pages"}],"about":[{"href":"https:\/\/paris.wordcamp.org\/2013\/wp-json\/wp\/v2\/types\/page"}],"author":[{"embeddable":true,"href":"https:\/\/paris.wordcamp.org\/2013\/wp-json\/wp\/v2\/users\/161212"}],"replies":[{"embeddable":true,"href":"https:\/\/paris.wordcamp.org\/2013\/wp-json\/wp\/v2\/comments?post=295"}],"version-history":[{"count":3,"href":"https:\/\/paris.wordcamp.org\/2013\/wp-json\/wp\/v2\/pages\/295\/revisions"}],"predecessor-version":[{"id":308,"href":"https:\/\/paris.wordcamp.org\/2013\/wp-json\/wp\/v2\/pages\/295\/revisions\/308"}],"wp:attachment":[{"href":"https:\/\/paris.wordcamp.org\/2013\/wp-json\/wp\/v2\/media?parent=295"}],"curies":[{"name":"wp","href":"https:\/\/api.w.org\/{rel}","templated":true}]}}