{"id":243,"date":"2012-12-20T22:19:30","date_gmt":"2012-12-20T21:19:30","guid":{"rendered":"https:\/\/2013.paris.wordcamp.org\/?page_id=243"},"modified":"2013-01-10T09:29:57","modified_gmt":"2013-01-10T08:29:57","slug":"samedi-19-janvier","status":"publish","type":"page","link":"https:\/\/paris.wordcamp.org\/2013\/programme\/samedi-19-janvier\/","title":{"rendered":"Samedi 19 janvier"},"content":{"rendered":"<p><strong>La journ\u00e9e de samedi se d\u00e9roulera aux <a href=\"https:\/\/2013.paris.wordcamp.org\/les-salles\/studios-singuliers\/\">Studios Singuliers<\/a>, de 9h30 \u00e0 18h30.<\/strong><\/p>\n<p>Cette journ\u00e9e n\u2019est pas du tout faite de conf\u00e9rences \u2014 bien au contraire. Gr\u00e2ce \u00e0 l\u2019espace o\u00f9 se d\u00e9roulera cette journ\u00e9e, nous pourrons mener plusieurs mini-\u00e9v\u00e8nements en parall\u00e8le :<\/p>\n<ul>\n<li>barcamp \/ hackday (espace d\u00e9di\u00e9 co-working)<\/li>\n<li>\u00ab lightning talks \u00bb, c\u2019est \u00e0 dire des mini-conf\u00e9rences de 4 minutes chrono (salle d\u00e9di\u00e9e, le matin)<\/li>\n<li>ateliers magistraux (salle d\u00e9di\u00e9e, l\u2019apr\u00e8s-midi).<\/li>\n<\/ul>\n<p>Comme lors d&rsquo;un barcamp, cette journ\u00e9e communautaire permettra aux participants de choisir le sujet qu\u2019ils veulent aborder\u2026 voire de lancer le sujet eux-m\u00eames ! Mais ils pourront \u00e9galement assister \u00e0 des pr\u00e9sentations plus pratiques, afin de progresser. Les sujets des ateliers seront annonc\u00e9s quelques jours avant.<\/p>\n<p>Rendez-vous aux <a href=\"https:\/\/2013.paris.wordcamp.org\/les-salles\/studios-singuliers\/\">Studios Singuliers<\/a> samedi 19 janvier !<\/p>\n","protected":false},"excerpt":{"rendered":"<p>La journ\u00e9e de samedi se d\u00e9roulera aux Studios Singuliers, de 9h30 \u00e0 18h30. Cette journ\u00e9e n\u2019est pas du tout faite de conf\u00e9rences \u2014 bien au contraire. Gr\u00e2ce \u00e0 l\u2019espace o\u00f9 se d\u00e9roulera cette journ\u00e9e, nous pourrons mener plusieurs mini-\u00e9v\u00e8nements en &hellip; <a href=\"https:\/\/paris.wordcamp.org\/2013\/programme\/samedi-19-janvier\/\">Continuer la lecture <span class=\"screen-reader-text\">Samedi 19 janvier<\/span>  <span class=\"meta-nav\">&rarr;<\/span><\/a><\/p>\n","protected":false},"author":161212,"featured_media":0,"parent":237,"menu_order":0,"comment_status":"closed","ping_status":"closed","template":"","meta":{"jetpack_post_was_ever_published":false,"footnotes":""},"class_list":["post-243","page","type-page","status-publish","hentry"],"jetpack_sharing_enabled":true,"jetpack_shortlink":"https:\/\/wp.me\/P2ExcP-3V","_links":{"self":[{"href":"https:\/\/paris.wordcamp.org\/2013\/wp-json\/wp\/v2\/pages\/243","targetHints":{"allow":["GET"]}}],"collection":[{"href":"https:\/\/paris.wordcamp.org\/2013\/wp-json\/wp\/v2\/pages"}],"about":[{"href":"https:\/\/paris.wordcamp.org\/2013\/wp-json\/wp\/v2\/types\/page"}],"author":[{"embeddable":true,"href":"https:\/\/paris.wordcamp.org\/2013\/wp-json\/wp\/v2\/users\/161212"}],"replies":[{"embeddable":true,"href":"https:\/\/paris.wordcamp.org\/2013\/wp-json\/wp\/v2\/comments?post=243"}],"version-history":[{"count":8,"href":"https:\/\/paris.wordcamp.org\/2013\/wp-json\/wp\/v2\/pages\/243\/revisions"}],"predecessor-version":[{"id":675,"href":"https:\/\/paris.wordcamp.org\/2013\/wp-json\/wp\/v2\/pages\/243\/revisions\/675"}],"up":[{"embeddable":true,"href":"https:\/\/paris.wordcamp.org\/2013\/wp-json\/wp\/v2\/pages\/237"}],"wp:attachment":[{"href":"https:\/\/paris.wordcamp.org\/2013\/wp-json\/wp\/v2\/media?parent=243"}],"curies":[{"name":"wp","href":"https:\/\/api.w.org\/{rel}","templated":true}]}}