{"id":241,"date":"2012-12-20T22:19:10","date_gmt":"2012-12-20T21:19:10","guid":{"rendered":"https:\/\/2013.paris.wordcamp.org\/?page_id=241"},"modified":"2013-01-10T09:29:43","modified_gmt":"2013-01-10T08:29:43","slug":"vendredi-18-janvier","status":"publish","type":"page","link":"https:\/\/paris.wordcamp.org\/2013\/programme\/vendredi-18-janvier\/","title":{"rendered":"Vendredi 18 Janvier"},"content":{"rendered":"<p><strong>La journ\u00e9e de vendredi se d\u00e9roulera \u00e0 la <a href=\"https:\/\/2013.paris.wordcamp.org\/les-salles\/mas\/\">Maison des Associations de Solidarit\u00e9<\/a>, de 8h00 \u00e0 17h00.<\/strong><\/p>\n<table class=\"schedule\" cellspacing=\"0\" cellpadding=\"0\">\n<tbody>\n<tr class=\"sub-h\">\n<th class=\"h\" width=\"100\">Heure<\/th>\n<th width=\"410\">Description<\/th>\n<\/tr>\n<tr>\n<td class=\"h\">08:00<\/td>\n<td colspan=\"2\">Arriv\u00e9e &amp; Petit d\u00e9jeuner<\/td>\n<\/tr>\n<tr>\n<td class=\"h\">08h45<\/td>\n<td>Introduction<\/td>\n<\/tr>\n<tr>\n<td class=\"h\">09:00<\/td>\n<td class=\"dev\"><a href=\"https:\/\/2013.paris.wordcamp.org\/session\/wordpress-et-le-referencement-naturel\/\">WordPress et le r\u00e9f\u00e9rencement naturel<\/a>, par Daniel Roch<\/td>\n<\/tr>\n<tr>\n<td class=\"h\">10:00<\/td>\n<td class=\"design\"><a href=\"https:\/\/2013.paris.wordcamp.org\/session\/buddypress-lutilisateur-au-coeur\/\">BuddyPress, l\u2019utilisateur au c\u0153ur<\/a>, par Mathieu Viet<\/td>\n<\/tr>\n<tr>\n<td class=\"h\">11:00<\/td>\n<td class=\"design\"><a href=\"https:\/\/2013.paris.wordcamp.org\/session\/utilisation-de-lexistant-sous-wordpress\/\">Utilisation de l\u2019existant sous WordPress<\/a>, par R\u00e9mi Corson<\/td>\n<\/tr>\n<tr>\n<td class=\"h\">12:00<\/td>\n<td>Pause d\u00e9jeuner (1h00)<\/td>\n<\/tr>\n<tr>\n<td class=\"h\">13:00<\/td>\n<td class=\"design\"><a href=\"https:\/\/2013.paris.wordcamp.org\/session\/demystifier-wordpress-multisite\/\">D\u00e9mystifier WordPress Multisite<\/a>, par Gilles Vauvarin<\/td>\n<\/tr>\n<tr>\n<td class=\"h\">14:00<\/td>\n<td class=\"dev\"><a href=\"https:\/\/2013.paris.wordcamp.org\/session\/wordpress-et-le-e-commerce\/\">WordPress et le e-commerce<\/a>, par Fabrice Ducarme<\/td>\n<\/tr>\n<tr>\n<td class=\"h\">15:00<\/td>\n<td><a href=\"https:\/\/2013.paris.wordcamp.org\/session\/un-nuage-de-politique\/\">Un nuage de politique<\/a>, par Fred Neau<\/td>\n<\/tr>\n<tr>\n<td class=\"h\">16:00<\/td>\n<td><a href=\"https:\/\/2013.paris.wordcamp.org\/session\/10-facons-de-casser-son-site-wordpress-et-de-le-reparer\/\">10 fa\u00e7ons de casser son site WordPress\u2026 et de le r\u00e9parer<\/a>, par Julio Potier<\/td>\n<\/tr>\n<tr>\n<td class=\"h\">17:00<\/td>\n<td>Conclusion et fin de la journ\u00e9e<\/td>\n<\/tr>\n<\/tbody>\n<\/table>\n<p>Chaque conf\u00e9rence dure 45 minutes, suivies de 10 minutes de questions du public et de 5 minutes de transition.<\/p>\n","protected":false},"excerpt":{"rendered":"<p>La journ\u00e9e de vendredi se d\u00e9roulera \u00e0 la Maison des Associations de Solidarit\u00e9, de 8h00 \u00e0 17h00. Heure Description 08:00 Arriv\u00e9e &amp; Petit d\u00e9jeuner 08h45 Introduction 09:00 WordPress et le r\u00e9f\u00e9rencement naturel, par Daniel Roch 10:00 BuddyPress, l\u2019utilisateur au c\u0153ur, &hellip; <a href=\"https:\/\/paris.wordcamp.org\/2013\/programme\/vendredi-18-janvier\/\">Continuer la lecture <span class=\"screen-reader-text\">Vendredi 18 Janvier<\/span>  <span class=\"meta-nav\">&rarr;<\/span><\/a><\/p>\n","protected":false},"author":161212,"featured_media":0,"parent":237,"menu_order":0,"comment_status":"closed","ping_status":"closed","template":"","meta":{"jetpack_post_was_ever_published":false,"footnotes":""},"class_list":["post-241","page","type-page","status-publish","hentry"],"jetpack_sharing_enabled":true,"jetpack_shortlink":"https:\/\/wp.me\/P2ExcP-3T","_links":{"self":[{"href":"https:\/\/paris.wordcamp.org\/2013\/wp-json\/wp\/v2\/pages\/241","targetHints":{"allow":["GET"]}}],"collection":[{"href":"https:\/\/paris.wordcamp.org\/2013\/wp-json\/wp\/v2\/pages"}],"about":[{"href":"https:\/\/paris.wordcamp.org\/2013\/wp-json\/wp\/v2\/types\/page"}],"author":[{"embeddable":true,"href":"https:\/\/paris.wordcamp.org\/2013\/wp-json\/wp\/v2\/users\/161212"}],"replies":[{"embeddable":true,"href":"https:\/\/paris.wordcamp.org\/2013\/wp-json\/wp\/v2\/comments?post=241"}],"version-history":[{"count":20,"href":"https:\/\/paris.wordcamp.org\/2013\/wp-json\/wp\/v2\/pages\/241\/revisions"}],"predecessor-version":[{"id":674,"href":"https:\/\/paris.wordcamp.org\/2013\/wp-json\/wp\/v2\/pages\/241\/revisions\/674"}],"up":[{"embeddable":true,"href":"https:\/\/paris.wordcamp.org\/2013\/wp-json\/wp\/v2\/pages\/237"}],"wp:attachment":[{"href":"https:\/\/paris.wordcamp.org\/2013\/wp-json\/wp\/v2\/media?parent=241"}],"curies":[{"name":"wp","href":"https:\/\/api.w.org\/{rel}","templated":true}]}}