{"id":237,"date":"2012-12-20T22:18:18","date_gmt":"2012-12-20T21:18:18","guid":{"rendered":"https:\/\/2013.paris.wordcamp.org\/?page_id=237"},"modified":"2013-01-08T22:58:01","modified_gmt":"2013-01-08T21:58:01","slug":"programme","status":"publish","type":"page","link":"https:\/\/paris.wordcamp.org\/2013\/programme\/","title":{"rendered":"Programme"},"content":{"rendered":"<p>L&rsquo;\u00e9v\u00e8nement se d\u00e9roule sur 2 jours :<\/p>\n<ul>\n<li>\n<h2><a href=\"https:\/\/2013.paris.wordcamp.org\/programme\/vendredi-18-janvier\/\">Le vendredi 18 janvier<\/a> : conf\u00e9rences.<\/h2>\n<\/li>\n<li>\n<h2><a href=\"https:\/\/2013.paris.wordcamp.org\/programme\/samedi-19-janvier\/\">Le samedi 19 janvier<\/a> : barcamp, ateliers, lightning talks, etc.<\/h2>\n<\/li>\n<\/ul>\n<p>&nbsp;<\/p>\n","protected":false},"excerpt":{"rendered":"<p>L&rsquo;\u00e9v\u00e8nement se d\u00e9roule sur 2 jours : Le vendredi 18 janvier : conf\u00e9rences. Le samedi 19 janvier : barcamp, ateliers, lightning talks, etc. &nbsp;<\/p>\n","protected":false},"author":161212,"featured_media":0,"parent":0,"menu_order":0,"comment_status":"closed","ping_status":"closed","template":"","meta":{"jetpack_post_was_ever_published":false,"footnotes":""},"class_list":["post-237","page","type-page","status-publish","hentry"],"jetpack_sharing_enabled":true,"jetpack_shortlink":"https:\/\/wp.me\/P2ExcP-3P","_links":{"self":[{"href":"https:\/\/paris.wordcamp.org\/2013\/wp-json\/wp\/v2\/pages\/237","targetHints":{"allow":["GET"]}}],"collection":[{"href":"https:\/\/paris.wordcamp.org\/2013\/wp-json\/wp\/v2\/pages"}],"about":[{"href":"https:\/\/paris.wordcamp.org\/2013\/wp-json\/wp\/v2\/types\/page"}],"author":[{"embeddable":true,"href":"https:\/\/paris.wordcamp.org\/2013\/wp-json\/wp\/v2\/users\/161212"}],"replies":[{"embeddable":true,"href":"https:\/\/paris.wordcamp.org\/2013\/wp-json\/wp\/v2\/comments?post=237"}],"version-history":[{"count":5,"href":"https:\/\/paris.wordcamp.org\/2013\/wp-json\/wp\/v2\/pages\/237\/revisions"}],"predecessor-version":[{"id":655,"href":"https:\/\/paris.wordcamp.org\/2013\/wp-json\/wp\/v2\/pages\/237\/revisions\/655"}],"wp:attachment":[{"href":"https:\/\/paris.wordcamp.org\/2013\/wp-json\/wp\/v2\/media?parent=237"}],"curies":[{"name":"wp","href":"https:\/\/api.w.org\/{rel}","templated":true}]}}