{"id":212,"date":"2012-12-20T21:56:55","date_gmt":"2012-12-20T20:56:55","guid":{"rendered":"https:\/\/2013.paris.wordcamp.org\/?page_id=212"},"modified":"2012-12-20T22:01:11","modified_gmt":"2012-12-20T21:01:11","slug":"promotion","status":"publish","type":"page","link":"https:\/\/paris.wordcamp.org\/2013\/promotion\/","title":{"rendered":"Promotion"},"content":{"rendered":"<h2>Images, logos et banni\u00e8res WordCamp Paris 2013<\/h2>\n<p>Aidez-nous \u00e0 faire la promotion du WordCamp Paris en affichant l&rsquo;une de nos banni\u00e8res sur votre site !<\/p>\n<div id=\"tab1\">\n\t\t\t\t<img decoding=\"async\" src=\"https:\/\/2013.paris.wordcamp.org\/files\/2012\/12\/banner-728x90.gif\" alt=\"Wordcamp Paris 2013 ! Le rendez-vous des passionn\u00e9s de WordPress.\" \/><\/p>\n<p>\t\t\t\t\t<textarea cols=\"30\" rows=\"3\"><a href=\"https:\/\/2013.paris.wordcamp.org\/\"><img decoding=\"async\" src=\"https:\/\/2013.paris.wordcamp.org\/files\/2012\/12\/banner-728x90.gif\" alt=\"Wordcamp Paris 2013 ! Le rendez-vous des passionn\u00e9s de WordPress.\" \/><\/a><\/textarea><\/p><\/div>\n<div id=\"tab2\">\n\t\t\t\t<img decoding=\"async\" src=\"https:\/\/2013.paris.wordcamp.org\/files\/2012\/12\/banner-300x300.gif\" alt=\"Wordcamp Paris 2013 ! Le rendez-vous des passionn\u00e9s de WordPress.\" \/><\/p>\n<p>\t\t\t\t\t<textarea cols=\"30\" rows=\"3\"><a href=\"https:\/\/2013.paris.wordcamp.org\/\"><img decoding=\"async\" src=\"https:\/\/2013.paris.wordcamp.org\/files\/2012\/12\/banner-300x300.gif\" alt=\"Wordcamp Paris 2013 ! Le rendez-vous des passionn\u00e9s de WordPress.\" \/><\/a><\/textarea><\/p><\/div>\n<div id=\"tab3\">\n\t\t\t\t<img decoding=\"async\" src=\"https:\/\/2013.paris.wordcamp.org\/files\/2012\/12\/banner-250x250.gif\" alt=\"Wordcamp Paris 2013 ! Le rendez-vous des passionn\u00e9s de WordPress.\" \/><\/p>\n<p>\t\t\t\t\t<textarea cols=\"30\" rows=\"3\"><a href=\"https:\/\/2013.paris.wordcamp.org\/\"><img decoding=\"async\" src=\"https:\/\/2013.paris.wordcamp.org\/files\/2012\/12\/banner-250x250.gif\" alt=\"Wordcamp Paris 2013 ! Le rendez-vous des passionn\u00e9s de WordPress.\" \/><\/a><\/textarea><\/p><\/div>\n<div id=\"tab4\">\n\t\t\t\t<img decoding=\"async\" src=\"https:\/\/2013.paris.wordcamp.org\/files\/2012\/12\/banner-250x100.gif\" alt=\"Wordcamp Paris 2013 ! Le rendez-vous des passionn\u00e9s de WordPress.\" \/><\/p>\n<p>\t\t\t\t\t<textarea cols=\"30\" rows=\"3\"><a href=\"https:\/\/2013.paris.wordcamp.org\/\"><img decoding=\"async\" src=\"https:\/\/2013.paris.wordcamp.org\/files\/2012\/12\/banner-250x100.gif\" alt=\"Wordcamp Paris 2013 ! Le rendez-vous des passionn\u00e9s de WordPress.\" \/><\/a><\/textarea><\/p><\/div>\n<div id=\"tab5\">\n\t\t\t\t<img decoding=\"async\" src=\"https:\/\/2013.paris.wordcamp.org\/files\/2012\/12\/banner-150x150.gif\" alt=\"Wordcamp Paris 2013 ! Le rendez-vous des passionn\u00e9s de WordPress.\" \/><\/p>\n<p>\t\t\t\t\t<textarea cols=\"30\" rows=\"3\"><a href=\"https:\/\/2013.paris.wordcamp.org\/\"><img decoding=\"async\" src=\"https:\/\/2013.paris.wordcamp.org\/files\/2012\/12\/banner-150x150.gif\" alt=\"Wordcamp Paris 2013 ! Le rendez-vous des passionn\u00e9s de WordPress.\" \/><\/a><\/textarea><\/p><\/div>\n<div id=\"tab6\">\n\t\t\t\t<img decoding=\"async\" src=\"https:\/\/2013.paris.wordcamp.org\/files\/2012\/12\/banner-120x600.gif\" alt=\"Wordcamp Paris 2013 ! Le rendez-vous des passionn\u00e9s de WordPress.\" \/><\/p>\n<p>\t\t\t\t\t<textarea cols=\"30\" rows=\"3\"><a href=\"https:\/\/2013.paris.wordcamp.org\/\"><img decoding=\"async\" src=\"https:\/\/2013.paris.wordcamp.org\/files\/2012\/12\/banner-120x600.gif\" alt=\"Wordcamp Paris 2013 ! Le rendez-vous des passionn\u00e9s de WordPress.\" \/><\/a><\/textarea><\/p><\/div>\n","protected":false},"excerpt":{"rendered":"<p>Images, logos et banni\u00e8res WordCamp Paris 2013 Aidez-nous \u00e0 faire la promotion du WordCamp Paris en affichant l&rsquo;une de nos banni\u00e8res sur votre site !<\/p>\n","protected":false},"author":161212,"featured_media":0,"parent":0,"menu_order":0,"comment_status":"closed","ping_status":"closed","template":"","meta":{"jetpack_post_was_ever_published":false,"footnotes":""},"class_list":["post-212","page","type-page","status-publish","hentry"],"jetpack_sharing_enabled":true,"jetpack_shortlink":"https:\/\/wp.me\/P2ExcP-3q","_links":{"self":[{"href":"https:\/\/paris.wordcamp.org\/2013\/wp-json\/wp\/v2\/pages\/212","targetHints":{"allow":["GET"]}}],"collection":[{"href":"https:\/\/paris.wordcamp.org\/2013\/wp-json\/wp\/v2\/pages"}],"about":[{"href":"https:\/\/paris.wordcamp.org\/2013\/wp-json\/wp\/v2\/types\/page"}],"author":[{"embeddable":true,"href":"https:\/\/paris.wordcamp.org\/2013\/wp-json\/wp\/v2\/users\/161212"}],"replies":[{"embeddable":true,"href":"https:\/\/paris.wordcamp.org\/2013\/wp-json\/wp\/v2\/comments?post=212"}],"version-history":[{"count":4,"href":"https:\/\/paris.wordcamp.org\/2013\/wp-json\/wp\/v2\/pages\/212\/revisions"}],"predecessor-version":[{"id":218,"href":"https:\/\/paris.wordcamp.org\/2013\/wp-json\/wp\/v2\/pages\/212\/revisions\/218"}],"wp:attachment":[{"href":"https:\/\/paris.wordcamp.org\/2013\/wp-json\/wp\/v2\/media?parent=212"}],"curies":[{"name":"wp","href":"https:\/\/api.w.org\/{rel}","templated":true}]}}