{"id":205,"date":"2012-12-20T21:51:11","date_gmt":"2012-12-20T20:51:11","guid":{"rendered":"https:\/\/2013.paris.wordcamp.org\/?page_id=205"},"modified":"2013-01-10T10:17:34","modified_gmt":"2013-01-10T09:17:34","slug":"mas","status":"publish","type":"page","link":"https:\/\/paris.wordcamp.org\/2013\/les-salles\/mas\/","title":{"rendered":"Maison des Associations de Solidarit\u00e9"},"content":{"rendered":"<p>La Maison des Associations de Solidarit\u00e9 accueille tous vos \u00e9v\u00e8nements dans un cadre contemporain, ludique et chaleureux.<\/p>\n<p style=\"text-align: center\"><img loading=\"lazy\" decoding=\"async\" data-attachment-id=\"219\" data-permalink=\"https:\/\/paris.wordcamp.org\/2013\/les-salles\/mas\/mas_wc\/\" data-orig-file=\"https:\/\/paris.wordcamp.org\/2013\/files\/2012\/12\/mas_wc.png\" data-orig-size=\"867,579\" data-comments-opened=\"1\" data-image-meta=\"{&quot;aperture&quot;:&quot;0&quot;,&quot;credit&quot;:&quot;&quot;,&quot;camera&quot;:&quot;&quot;,&quot;caption&quot;:&quot;&quot;,&quot;created_timestamp&quot;:&quot;0&quot;,&quot;copyright&quot;:&quot;&quot;,&quot;focal_length&quot;:&quot;0&quot;,&quot;iso&quot;:&quot;0&quot;,&quot;shutter_speed&quot;:&quot;0&quot;,&quot;title&quot;:&quot;&quot;}\" data-image-title=\"mas_wc\" data-image-description=\"\" data-image-caption=\"\" data-medium-file=\"https:\/\/paris.wordcamp.org\/2013\/files\/2012\/12\/mas_wc-300x200.png\" data-large-file=\"https:\/\/paris.wordcamp.org\/2013\/files\/2012\/12\/mas_wc.png\" class=\" wp-image-219 aligncenter\" alt=\"mas_wc\" src=\"https:\/\/2013.paris.wordcamp.org\/files\/2012\/12\/mas_wc.png\" width=\"867\" height=\"579\" srcset=\"https:\/\/paris.wordcamp.org\/2013\/files\/2012\/12\/mas_wc.png 867w, https:\/\/paris.wordcamp.org\/2013\/files\/2012\/12\/mas_wc-300x200.png 300w\" sizes=\"auto, (max-width: 867px) 100vw, 867px\" \/><\/p>\n<p>Sa salle de conf\u00e9rence est \u00e9quip\u00e9e d\u2019une sonorisation, d&rsquo;un jeu de lumi\u00e8res, de micros HF, d&rsquo;un vid\u00e9oprojecteur, d&rsquo;un \u00e9cran de cin\u00e9ma, d&rsquo;une sc\u00e8ne, d&rsquo;un acc\u00e8s Internet par wi-fi. <\/p>\n<p>Le site internet :\u00a0<a href=\"http:\/\/www.mas-paris.fr\/\">www.mas-paris.fr<\/a><\/p>\n<h3>PLAN D\u2019ACC\u00c8S<\/h3>\n<p>10 Rue des Terres au Cur\u00e9, Paris.<\/p>\n<div class=\"googlemaps\">\n\t\t\t\t<iframe loading=\"lazy\" width=\"425\" height=\"350\" frameborder=\"0\" scrolling=\"no\" marginheight=\"0\" marginwidth=\"0\"  src=\"https:\/\/maps.google.fr\/maps?f=q&#038;source=s_q&#038;hl=en&#038;geocode=&#038;q=10%20Rue%20des%20Terres%20au%20Cure,%20Paris&#038;aq=0&#038;oq=10%20rue%20des%20Terres%20au%20Cur\u00e9,&#038;sll=48.824086,2.372354&#038;sspn=0.010878,0.022166&#038;ie=UTF8&#038;hnear=10%20Rue%20des%20Terres%20au%20Cure,%2075013%20Paris,%20\u00cele-de-France&#038;t=m&#038;z=14&#038;ll=48.824086,2.372354&#038;output=embed\"><\/iframe>\n\t\t\t<\/div>\n<h4>Acc\u00e8s par m\u00e9tro<\/h4>\n<p>Olympiades \/ Porte d\u2019Ivry<\/p>\n<h4>Acc\u00e8s par bus<\/h4>\n<p>62 ch\u00e2teau des rentiers \/ 64 Patay &#8211; Tolbiac<\/p>\n<h4>Acc\u00e8s par tram<\/h4>\n<p>T3 Porte d\u2019Ivry<\/p>\n<p>Vous pouvez calculer votre itin\u00e9raire sur le site de la\u00a0<a title=\"Lien vers le site de la RATP dans une nouvelle fen\u00eatre\" href=\"http:\/\/www.ratp.fr\/itineraires\/fr\/ratp\/recherche-avancee?end=10+18%2C+Rue+des+Terres+au+Cur%C3%A9%2C+75013%2C+Paris\" target=\"_blank\">RATP<\/a>.<\/p>\n","protected":false},"excerpt":{"rendered":"<p>La Maison des Associations de Solidarit\u00e9 accueille tous vos \u00e9v\u00e8nements dans un cadre contemporain, ludique et chaleureux. Sa salle de conf\u00e9rence est \u00e9quip\u00e9e d\u2019une sonorisation, d&rsquo;un jeu de lumi\u00e8res, de micros HF, d&rsquo;un vid\u00e9oprojecteur, d&rsquo;un \u00e9cran de cin\u00e9ma, d&rsquo;une sc\u00e8ne, &hellip; <a href=\"https:\/\/paris.wordcamp.org\/2013\/les-salles\/mas\/\">Continuer la lecture <span class=\"screen-reader-text\">Maison des Associations de Solidarit\u00e9<\/span>  <span class=\"meta-nav\">&rarr;<\/span><\/a><\/p>\n","protected":false},"author":161212,"featured_media":0,"parent":203,"menu_order":0,"comment_status":"closed","ping_status":"closed","template":"","meta":{"jetpack_post_was_ever_published":false,"footnotes":""},"class_list":["post-205","page","type-page","status-publish","hentry"],"jetpack_sharing_enabled":true,"jetpack_shortlink":"https:\/\/wp.me\/P2ExcP-3j","_links":{"self":[{"href":"https:\/\/paris.wordcamp.org\/2013\/wp-json\/wp\/v2\/pages\/205","targetHints":{"allow":["GET"]}}],"collection":[{"href":"https:\/\/paris.wordcamp.org\/2013\/wp-json\/wp\/v2\/pages"}],"about":[{"href":"https:\/\/paris.wordcamp.org\/2013\/wp-json\/wp\/v2\/types\/page"}],"author":[{"embeddable":true,"href":"https:\/\/paris.wordcamp.org\/2013\/wp-json\/wp\/v2\/users\/161212"}],"replies":[{"embeddable":true,"href":"https:\/\/paris.wordcamp.org\/2013\/wp-json\/wp\/v2\/comments?post=205"}],"version-history":[{"count":10,"href":"https:\/\/paris.wordcamp.org\/2013\/wp-json\/wp\/v2\/pages\/205\/revisions"}],"predecessor-version":[{"id":213,"href":"https:\/\/paris.wordcamp.org\/2013\/wp-json\/wp\/v2\/pages\/205\/revisions\/213"}],"up":[{"embeddable":true,"href":"https:\/\/paris.wordcamp.org\/2013\/wp-json\/wp\/v2\/pages\/203"}],"wp:attachment":[{"href":"https:\/\/paris.wordcamp.org\/2013\/wp-json\/wp\/v2\/media?parent=205"}],"curies":[{"name":"wp","href":"https:\/\/api.w.org\/{rel}","templated":true}]}}