{"id":203,"date":"2012-12-20T21:51:00","date_gmt":"2012-12-20T20:51:00","guid":{"rendered":"https:\/\/2013.paris.wordcamp.org\/?page_id=203"},"modified":"2012-12-21T10:12:41","modified_gmt":"2012-12-21T09:12:41","slug":"les-salles","status":"publish","type":"page","link":"https:\/\/paris.wordcamp.org\/2013\/les-salles\/","title":{"rendered":"Les salles"},"content":{"rendered":"<p>L&rsquo;\u00e9v\u00e8nement se d\u00e9roule sur 2 jours dans 2 salles diff\u00e9rentes :<\/p>\n<ul>\n<li>\n<h2>Le vendredi : <a title=\"Maison des Associations de Solidarit\u00e9\" href=\"https:\/\/2013.paris.wordcamp.org\/les-salles\/mas\/\">La MAS (Maison des Associations de Solidarit\u00e9)<\/a><\/h2>\n<\/li>\n<li>\n<h2>Le samedi : <a title=\"Studios Singuliers\" href=\"https:\/\/2013.paris.wordcamp.org\/les-salles\/studios-singuliers\/\">L\u2019espace de co-working Studios Singuliers<\/a><\/h2>\n<\/li>\n<\/ul>\n<p>&nbsp;<\/p>\n","protected":false},"excerpt":{"rendered":"<p>L&rsquo;\u00e9v\u00e8nement se d\u00e9roule sur 2 jours dans 2 salles diff\u00e9rentes : Le vendredi : La MAS (Maison des Associations de Solidarit\u00e9) Le samedi : L\u2019espace de co-working Studios Singuliers &nbsp;<\/p>\n","protected":false},"author":161212,"featured_media":247,"parent":0,"menu_order":0,"comment_status":"closed","ping_status":"closed","template":"","meta":{"jetpack_post_was_ever_published":false,"footnotes":""},"class_list":["post-203","page","type-page","status-publish","has-post-thumbnail","hentry"],"jetpack_sharing_enabled":true,"jetpack_shortlink":"https:\/\/wp.me\/P2ExcP-3h","_links":{"self":[{"href":"https:\/\/paris.wordcamp.org\/2013\/wp-json\/wp\/v2\/pages\/203","targetHints":{"allow":["GET"]}}],"collection":[{"href":"https:\/\/paris.wordcamp.org\/2013\/wp-json\/wp\/v2\/pages"}],"about":[{"href":"https:\/\/paris.wordcamp.org\/2013\/wp-json\/wp\/v2\/types\/page"}],"author":[{"embeddable":true,"href":"https:\/\/paris.wordcamp.org\/2013\/wp-json\/wp\/v2\/users\/161212"}],"replies":[{"embeddable":true,"href":"https:\/\/paris.wordcamp.org\/2013\/wp-json\/wp\/v2\/comments?post=203"}],"version-history":[{"count":7,"href":"https:\/\/paris.wordcamp.org\/2013\/wp-json\/wp\/v2\/pages\/203\/revisions"}],"predecessor-version":[{"id":317,"href":"https:\/\/paris.wordcamp.org\/2013\/wp-json\/wp\/v2\/pages\/203\/revisions\/317"}],"wp:featuredmedia":[{"embeddable":true,"href":"https:\/\/paris.wordcamp.org\/2013\/wp-json\/wp\/v2\/media\/247"}],"wp:attachment":[{"href":"https:\/\/paris.wordcamp.org\/2013\/wp-json\/wp\/v2\/media?parent=203"}],"curies":[{"name":"wp","href":"https:\/\/api.w.org\/{rel}","templated":true}]}}