{"id":30,"date":"2011-09-05T20:00:59","date_gmt":"2011-09-05T20:00:59","guid":{"rendered":"https:\/\/2011.paris.wordcamp.org\/?page_id=30"},"modified":"2013-06-21T11:26:26","modified_gmt":"2013-06-21T09:26:26","slug":"programme","status":"publish","type":"page","link":"https:\/\/paris.wordcamp.org\/2011\/programme\/","title":{"rendered":"Programme"},"content":{"rendered":"<table class=\"schedule\" cellspacing=\"0\" cellpadding=\"0\">\n<tbody>\n<tr class=\"sub-h\">\n<td class=\"h\" width=\"100\">Heure<\/td>\n<td width=\"410\">Studio<\/td>\n<\/tr>\n<tr>\n<td class=\"h\">08:00<\/td>\n<td colspan=\"2\">Arriv\u00e9e &amp; Petit d\u00e9jeuner<\/td>\n<\/tr>\n<tr>\n<td class=\"h\">09:00<\/td>\n<td>Intro &amp;\u00a0<a title=\"Les origines de WordPress: la naissance de b2\/cafelog\" href=\"https:\/\/2011.paris.wordcamp.org\/session\/les-origines-de-wordpress-la-naissance-de-b2cafelog\/\">Les origines de WordPress: la naissance de b2\/cafelog<\/a><\/td>\n<\/tr>\n<tr>\n<td class=\"h\">09:30<\/td>\n<td class=\"dev\"><a href=\"https:\/\/2011.paris.wordcamp.org\/session\/lart-difficile-de-vendre-des-themes-wordpress\/\">L\u2019art (difficile) de vendre des th\u00e8mes WordPress<\/a><\/td>\n<\/tr>\n<tr>\n<td class=\"h\">10:30<\/td>\n<td class=\"design\"><a href=\"https:\/\/2011.paris.wordcamp.org\/session\/wordpress-et-la-securite-des-extensions\/\">WordPress et la s\u00e9curit\u00e9 des extensions<\/a><\/td>\n<\/tr>\n<tr>\n<td class=\"h\">11:30<\/td>\n<td class=\"design\"><a href=\"https:\/\/2011.paris.wordcamp.org\/session\/wordpress-en-tant-que-cms\/\">W<\/a><a href=\"https:\/\/2011.paris.wordcamp.org\/session\/wordpress-en-tant-que-cms\/\">ordPress en tant que CMS<\/a><\/td>\n<\/tr>\n<tr>\n<td class=\"h\">12:30<\/td>\n<td>Pause d\u00e9jeuner<\/td>\n<\/tr>\n<tr>\n<td class=\"h\">13:30<\/td>\n<td class=\"design\"><a href=\"https:\/\/2011.paris.wordcamp.org\/session\/developper-et-deployer-wordpress-sous-windows-outils-et-techniques\/\">D\u00e9velopper et d\u00e9ployer WordPress sous Windows : outils et techniques<\/a><\/td>\n<\/tr>\n<tr>\n<td class=\"h\">14:30<\/td>\n<td class=\"dev\"><a href=\"https:\/\/2011.paris.wordcamp.org\/session\/wordpress-pour-un-site-de-presse-retour-dexperience\/\">WordPress pour un site de presse : retour d\u2019exp\u00e9rience<\/a><\/td>\n<\/tr>\n<tr>\n<td class=\"h\">15:30<\/td>\n<td><a href=\"https:\/\/2011.paris.wordcamp.org\/session\/optimiser-les-performances-dans-wordpress\/\">Optimiser les performances dans WordPress<\/a><\/td>\n<\/tr>\n<tr>\n<td class=\"h\">16:30<\/td>\n<td>Table ronde avec l&rsquo;ensemble des orateurs<\/td>\n<\/tr>\n<tr>\n<td class=\"h\">17:30<\/td>\n<td>Fin des conf\u00e9rences<\/td>\n<\/tr>\n<\/tbody>\n<\/table>\n","protected":false},"excerpt":{"rendered":"<p>Heure Studio 08:00 Arriv\u00e9e &amp; Petit d\u00e9jeuner 09:00 Intro &amp;\u00a0Les origines de WordPress: la naissance de b2\/cafelog 09:30 L\u2019art (difficile) de vendre des th\u00e8mes WordPress 10:30 WordPress et la s\u00e9curit\u00e9 des extensions 11:30 WordPress en tant que CMS 12:30 Pause &hellip; <a href=\"https:\/\/paris.wordcamp.org\/2011\/programme\/\">Continuer la lecture <span class=\"screen-reader-text\">Programme<\/span>  <span class=\"meta-nav\">&rarr;<\/span><\/a><\/p>\n","protected":false},"author":161212,"featured_media":0,"parent":0,"menu_order":0,"comment_status":"closed","ping_status":"closed","template":"","meta":{"jetpack_post_was_ever_published":false,"footnotes":""},"class_list":["post-30","page","type-page","status-publish","hentry"],"jetpack_shortlink":"https:\/\/wp.me\/P1Jsfl-u","jetpack_sharing_enabled":true,"_links":{"self":[{"href":"https:\/\/paris.wordcamp.org\/2011\/wp-json\/wp\/v2\/pages\/30","targetHints":{"allow":["GET"]}}],"collection":[{"href":"https:\/\/paris.wordcamp.org\/2011\/wp-json\/wp\/v2\/pages"}],"about":[{"href":"https:\/\/paris.wordcamp.org\/2011\/wp-json\/wp\/v2\/types\/page"}],"author":[{"embeddable":true,"href":"https:\/\/paris.wordcamp.org\/2011\/wp-json\/wp\/v2\/users\/161212"}],"replies":[{"embeddable":true,"href":"https:\/\/paris.wordcamp.org\/2011\/wp-json\/wp\/v2\/comments?post=30"}],"version-history":[{"count":19,"href":"https:\/\/paris.wordcamp.org\/2011\/wp-json\/wp\/v2\/pages\/30\/revisions"}],"predecessor-version":[{"id":6318,"href":"https:\/\/paris.wordcamp.org\/2011\/wp-json\/wp\/v2\/pages\/30\/revisions\/6318"}],"wp:attachment":[{"href":"https:\/\/paris.wordcamp.org\/2011\/wp-json\/wp\/v2\/media?parent=30"}],"curies":[{"name":"wp","href":"https:\/\/api.w.org\/{rel}","templated":true}]}}