{"id":28,"date":"2011-09-05T20:00:47","date_gmt":"2011-09-05T20:00:47","guid":{"rendered":"https:\/\/2011.paris.wordcamp.org\/?page_id=28"},"modified":"2013-06-21T11:26:26","modified_gmt":"2013-06-21T09:26:26","slug":"partenaires","status":"publish","type":"page","link":"https:\/\/paris.wordcamp.org\/2011\/partenaires\/","title":{"rendered":"Partenaires"},"content":{"rendered":"<p>Nous remercions vivement nos partenaires, qui par leur soutien permettent l&rsquo;organisation de ce premier \u00e9v\u00e8nement unique en France.<\/p>\n\n\t\t<div class=\"sponsors\">\n\t\t\t\t\t\t\t\n\t\t\t\t<div class=\"sponsor-level gold\">\n\t\t\t\t\t<h2 class=\"sponsor-level-title\">\n\t\t\t\t\t\tGold\t\t\t\t\t<\/h2>\n\n\t\t\t\t\t\n\t\t\t\t\t<div id=\"post-52\" class=\"sponsor post-52 wcb_sponsor type-wcb_sponsor status-publish has-post-thumbnail hentry wcb_sponsor_level-gold\" >\n\t\t\t\t\t\t<h3 class=\"entry-title sponsor-title\">\n\t\t\t\t\t\t\t<a href=\"https:\/\/paris.wordcamp.org\/2011\/sponsor\/microsoft\/\">\n\t\t\t\t\t\t\t\t<img loading=\"lazy\" decoding=\"async\" width=\"277\" height=\"115\" src=\"https:\/\/paris.wordcamp.org\/2011\/files\/2011\/10\/sponsor-ms.png\" class=\"attachment-post-thumbnail size-post-thumbnail wp-post-image\" alt=\"\" data-attachment-id=\"496\" data-permalink=\"https:\/\/paris.wordcamp.org\/2011\/sponsor\/microsoft\/sponsor-ms\/\" data-orig-file=\"https:\/\/paris.wordcamp.org\/2011\/files\/2011\/10\/sponsor-ms.png\" data-orig-size=\"277,115\" data-comments-opened=\"1\" data-image-meta=\"{&quot;aperture&quot;:&quot;0&quot;,&quot;credit&quot;:&quot;&quot;,&quot;camera&quot;:&quot;&quot;,&quot;caption&quot;:&quot;&quot;,&quot;created_timestamp&quot;:&quot;0&quot;,&quot;copyright&quot;:&quot;&quot;,&quot;focal_length&quot;:&quot;0&quot;,&quot;iso&quot;:&quot;0&quot;,&quot;shutter_speed&quot;:&quot;0&quot;,&quot;title&quot;:&quot;&quot;}\" data-image-title=\"Microsoft France\" data-image-description=\"\" data-image-caption=\"\" data-medium-file=\"https:\/\/paris.wordcamp.org\/2011\/files\/2011\/10\/sponsor-ms.png\" data-large-file=\"https:\/\/paris.wordcamp.org\/2011\/files\/2011\/10\/sponsor-ms.png\" \/>\t\t\t\t\t\t\t<\/a>\n\t\t\t\t\t\t<\/h3>\n\n\t\t\t\t\t\t<div class=\"entry-content sponsor-description\">\n\t\t\t\t\t\t\t<p>\u00ab Notre objectif est de promouvoir une plus grande interop\u00e9rabilit\u00e9, une opportunit\u00e9 et un choix pour les clients et les d\u00e9veloppeurs du secteur informatique, en rendant nos produits plus ouverts et en partageant davantage d&rsquo;informations sur nos technologies \u00bb a d\u00e9clar\u00e9 Steve Ballmer, PDG de Microsoft.<\/p>\n<p><a href=\"http:\/\/Microsoft.fr\" rel=\"nofollow\">Microsoft<\/a> a chang\u00e9 et est devenue une entreprise plus ouverte dans sa fa\u00e7on de travailler et de collaborer avec les autres acteurs de l&rsquo;informatique, dans son \u00e9coute des clients et dans son approche du cloud.<\/p>\n\t\t\t\t\t\t<\/div>\n\t\t\t\t\t<\/div>\n\n\t\t\t\t\t\n\t\t\t\t<\/div>\n\t\t\t\t\t\t\t\n\t\t\t\t<div class=\"sponsor-level silver\">\n\t\t\t\t\t<h2 class=\"sponsor-level-title\">\n\t\t\t\t\t\tSilver\t\t\t\t\t<\/h2>\n\n\t\t\t\t\t\n\t\t\t\t\t<div id=\"post-332\" class=\"sponsor post-332 wcb_sponsor type-wcb_sponsor status-publish has-post-thumbnail hentry wcb_sponsor_level-silver\" >\n\t\t\t\t\t\t<h3 class=\"entry-title sponsor-title\">\n\t\t\t\t\t\t\t<a href=\"https:\/\/paris.wordcamp.org\/2011\/sponsor\/beapi\/\">\n\t\t\t\t\t\t\t\t<img loading=\"lazy\" decoding=\"async\" width=\"277\" height=\"115\" src=\"https:\/\/paris.wordcamp.org\/2011\/files\/2011\/11\/sponsor-beapi.png\" class=\"attachment-post-thumbnail size-post-thumbnail wp-post-image\" alt=\"\" data-attachment-id=\"347\" data-permalink=\"https:\/\/paris.wordcamp.org\/2011\/sponsor\/beapi\/sponsor-beapi\/\" data-orig-file=\"https:\/\/paris.wordcamp.org\/2011\/files\/2011\/11\/sponsor-beapi.png\" data-orig-size=\"277,115\" data-comments-opened=\"1\" data-image-meta=\"{&quot;aperture&quot;:&quot;0&quot;,&quot;credit&quot;:&quot;&quot;,&quot;camera&quot;:&quot;&quot;,&quot;caption&quot;:&quot;&quot;,&quot;created_timestamp&quot;:&quot;0&quot;,&quot;copyright&quot;:&quot;&quot;,&quot;focal_length&quot;:&quot;0&quot;,&quot;iso&quot;:&quot;0&quot;,&quot;shutter_speed&quot;:&quot;0&quot;,&quot;title&quot;:&quot;&quot;}\" data-image-title=\"BeAPI, Studio de d\u00e9veloppement sp\u00e9cialiste WordPress\" data-image-description=\"\" data-image-caption=\"\" data-medium-file=\"https:\/\/paris.wordcamp.org\/2011\/files\/2011\/11\/sponsor-beapi.png\" data-large-file=\"https:\/\/paris.wordcamp.org\/2011\/files\/2011\/11\/sponsor-beapi.png\" \/>\t\t\t\t\t\t\t<\/a>\n\t\t\t\t\t\t<\/h3>\n\n\t\t\t\t\t\t<div class=\"entry-content sponsor-description\">\n\t\t\t\t\t\t\t<p><a href=\"http:\/\/beapi.fr\/\" rel=\"nofollow\">BeAPI<\/a> est une structure souple, dont la vocation est d\u2019amener l\u2019\u00e9cosyst\u00e8me WordPress aux entreprises.\u00a0Pour les grands sujets comme pour les petits, avec une pr\u00e9f\u00e9rence pour les sujets complexes.<\/p>\n<p> <a href=\"https:\/\/paris.wordcamp.org\/2011\/sponsor\/beapi\/#more-332\" class=\"more-link\"><span aria-label=\"Lire la suite de BeAPI\">(suite\u2026)<\/span><\/a><\/p>\n\t\t\t\t\t\t<\/div>\n\t\t\t\t\t<\/div>\n\n\t\t\t\t\t\n\t\t\t\t<\/div>\n\t\t\t\t\t\t\t\n\t\t\t\t<div class=\"sponsor-level bronze\">\n\t\t\t\t\t<h2 class=\"sponsor-level-title\">\n\t\t\t\t\t\tBronze\t\t\t\t\t<\/h2>\n\n\t\t\t\t\t\n\t\t\t\t\t<div id=\"post-352\" class=\"sponsor post-352 wcb_sponsor type-wcb_sponsor status-publish has-post-thumbnail hentry wcb_sponsor_level-bronze\" >\n\t\t\t\t\t\t<h3 class=\"entry-title sponsor-title\">\n\t\t\t\t\t\t\t<a href=\"https:\/\/paris.wordcamp.org\/2011\/sponsor\/jetpack\/\">\n\t\t\t\t\t\t\t\t<img loading=\"lazy\" decoding=\"async\" width=\"277\" height=\"115\" src=\"https:\/\/paris.wordcamp.org\/2011\/files\/2011\/11\/sponsor-jetpack.png\" class=\"attachment-post-thumbnail size-post-thumbnail wp-post-image\" alt=\"\" data-attachment-id=\"353\" data-permalink=\"https:\/\/paris.wordcamp.org\/2011\/sponsor\/jetpack\/sponsor-jetpack\/\" data-orig-file=\"https:\/\/paris.wordcamp.org\/2011\/files\/2011\/11\/sponsor-jetpack.png\" data-orig-size=\"277,115\" data-comments-opened=\"1\" data-image-meta=\"{&quot;aperture&quot;:&quot;0&quot;,&quot;credit&quot;:&quot;&quot;,&quot;camera&quot;:&quot;&quot;,&quot;caption&quot;:&quot;&quot;,&quot;created_timestamp&quot;:&quot;0&quot;,&quot;copyright&quot;:&quot;&quot;,&quot;focal_length&quot;:&quot;0&quot;,&quot;iso&quot;:&quot;0&quot;,&quot;shutter_speed&quot;:&quot;0&quot;,&quot;title&quot;:&quot;&quot;}\" data-image-title=\"Jetpack\" data-image-description=\"\" data-image-caption=\"\" data-medium-file=\"https:\/\/paris.wordcamp.org\/2011\/files\/2011\/11\/sponsor-jetpack.png\" data-large-file=\"https:\/\/paris.wordcamp.org\/2011\/files\/2011\/11\/sponsor-jetpack.png\" \/>\t\t\t\t\t\t\t<\/a>\n\t\t\t\t\t\t<\/h3>\n\n\t\t\t\t\t\t<div class=\"entry-content sponsor-description\">\n\t\t\t\t\t\t\t<p><a href=\"http:\/\/jetpack.me\/\" rel=\"nofollow\">Jetpack<\/a> d\u00e9cuple les possibilit\u00e9s de votre site WordPress auto-h\u00e9berg\u00e9 \u00e0 l&rsquo;aide de la formidable puissance du cloud de WordPress.com<\/p>\n<p>JetPack propose des outils qui vous aident \u00e0 bloguer mieux et plus vite &#8211; le tout en activant simplement une extension. Jetpack est une suite d&rsquo;excellents ajouts qui sont enti\u00e8rement pris en charge par l&rsquo;\u00e9quipe responsable de WordPress.com.<\/p>\n<p>Avec Jetpack &#8230;<br \/>\n&#8211; Vous pouvez obtenir un meilleur retour sur la popularit\u00e9 de votre site avec WordPress.com Stats<br \/>\n&#8211; Ne jamais publier une faute avec After The Deadline<br \/>\n&#8211; Vos lecteurs appr\u00e9cieront les fonctionnalit\u00e9s sociales de Sharedaddy (comme le partage d&rsquo;articles sur Twitter, Facebook, StumbleUpon et bien d&rsquo;autres)<br \/>\n&#8211; Le widget Twitter permet aux gens de conna\u00eetre vos derni\u00e8res pens\u00e9es de 140 caract\u00e8res<br \/>\n&#8211; Et il y a beaucoup plus!<\/p>\n<p>Pour en savoir plus et t\u00e9l\u00e9charger Jetpack, rendez-vous sur <a href=\"http:\/\/jetpack.me\/\" rel=\"nofollow\">Jetpack.me<\/a><\/p>\n\t\t\t\t\t\t<\/div>\n\t\t\t\t\t<\/div>\n\n\t\t\t\t\t\n\t\t\t\t\t<div id=\"post-461\" class=\"sponsor post-461 wcb_sponsor type-wcb_sponsor status-publish has-post-thumbnail hentry wcb_sponsor_level-bronze\" >\n\t\t\t\t\t\t<h3 class=\"entry-title sponsor-title\">\n\t\t\t\t\t\t\t<a href=\"https:\/\/paris.wordcamp.org\/2011\/sponsor\/tequilarapido\/\">\n\t\t\t\t\t\t\t\t<img loading=\"lazy\" decoding=\"async\" width=\"277\" height=\"115\" src=\"https:\/\/paris.wordcamp.org\/2011\/files\/2011\/11\/sponsor-tequilarapido.png\" class=\"attachment-post-thumbnail size-post-thumbnail wp-post-image\" alt=\"\" data-attachment-id=\"462\" data-permalink=\"https:\/\/paris.wordcamp.org\/2011\/sponsor\/tequilarapido\/sponsor-tequilarapido\/\" data-orig-file=\"https:\/\/paris.wordcamp.org\/2011\/files\/2011\/11\/sponsor-tequilarapido.png\" data-orig-size=\"277,115\" data-comments-opened=\"1\" data-image-meta=\"{&quot;aperture&quot;:&quot;0&quot;,&quot;credit&quot;:&quot;&quot;,&quot;camera&quot;:&quot;&quot;,&quot;caption&quot;:&quot;&quot;,&quot;created_timestamp&quot;:&quot;0&quot;,&quot;copyright&quot;:&quot;&quot;,&quot;focal_length&quot;:&quot;0&quot;,&quot;iso&quot;:&quot;0&quot;,&quot;shutter_speed&quot;:&quot;0&quot;,&quot;title&quot;:&quot;&quot;}\" data-image-title=\"Tequilarapido\" data-image-description=\"\" data-image-caption=\"\" data-medium-file=\"https:\/\/paris.wordcamp.org\/2011\/files\/2011\/11\/sponsor-tequilarapido.png\" data-large-file=\"https:\/\/paris.wordcamp.org\/2011\/files\/2011\/11\/sponsor-tequilarapido.png\" \/>\t\t\t\t\t\t\t<\/a>\n\t\t\t\t\t\t<\/h3>\n\n\t\t\t\t\t\t<div class=\"entry-content sponsor-description\">\n\t\t\t\t\t\t\t<p><a href=\"http:\/\/www.tequilarapido.com\/\" rel=\"nofollow\">Tequilarapido<\/a> est une agence conseil en communication digitale ind\u00e9pendante fond\u00e9e en 1989. L\u2019exp\u00e9rience et la qualit\u00e9 de leurs r\u00e9alisations font de l\u2019agence un acteur majeur dans l\u2019\u00e9laboration de dispositifs digitaux pour les grandes entreprises. Tequilarapido d\u00e9veloppe des exp\u00e9riences engageantes en r\u00e9alisant des territoires de diffusion stimulants et en favorisant la participation des utilisateurs. Tequilarapido collabore avec plus de 35 clients : La Redoute, GDF SUEZ, Renault, Bouygues, Herm\u00e8s, Cartier, Accor, Altran, BNP Paribas, Coca-cola, L\u2019Or\u00e9al, Groupama, M6, Suez environnement, Vivendi, Microsoft, Caisse d\u2019Epargne\u2026<\/p>\n\t\t\t\t\t\t<\/div>\n\t\t\t\t\t<\/div>\n\n\t\t\t\t\t\n\t\t\t\t\t<div id=\"post-544\" class=\"sponsor post-544 wcb_sponsor type-wcb_sponsor status-publish has-post-thumbnail hentry wcb_sponsor_level-bronze\" >\n\t\t\t\t\t\t<h3 class=\"entry-title sponsor-title\">\n\t\t\t\t\t\t\t<a href=\"https:\/\/paris.wordcamp.org\/2011\/sponsor\/wysija\/\">\n\t\t\t\t\t\t\t\t<img loading=\"lazy\" decoding=\"async\" width=\"277\" height=\"115\" src=\"https:\/\/paris.wordcamp.org\/2011\/files\/2011\/11\/sponsor-wysija.png\" class=\"attachment-post-thumbnail size-post-thumbnail wp-post-image\" alt=\"\" data-attachment-id=\"547\" data-permalink=\"https:\/\/paris.wordcamp.org\/2011\/sponsor\/wysija\/sponsor-wysija\/\" data-orig-file=\"https:\/\/paris.wordcamp.org\/2011\/files\/2011\/11\/sponsor-wysija.png\" data-orig-size=\"277,115\" data-comments-opened=\"1\" data-image-meta=\"{&quot;aperture&quot;:&quot;0&quot;,&quot;credit&quot;:&quot;&quot;,&quot;camera&quot;:&quot;&quot;,&quot;caption&quot;:&quot;&quot;,&quot;created_timestamp&quot;:&quot;0&quot;,&quot;copyright&quot;:&quot;&quot;,&quot;focal_length&quot;:&quot;0&quot;,&quot;iso&quot;:&quot;0&quot;,&quot;shutter_speed&quot;:&quot;0&quot;,&quot;title&quot;:&quot;&quot;}\" data-image-title=\"sponsor-wysija\" data-image-description=\"\" data-image-caption=\"\" data-medium-file=\"https:\/\/paris.wordcamp.org\/2011\/files\/2011\/11\/sponsor-wysija.png\" data-large-file=\"https:\/\/paris.wordcamp.org\/2011\/files\/2011\/11\/sponsor-wysija.png\" \/>\t\t\t\t\t\t\t<\/a>\n\t\t\t\t\t\t<\/h3>\n\n\t\t\t\t\t\t<div class=\"entry-content sponsor-description\">\n\t\t\t\t\t\t\t<p><a href=\"http:\/\/www.wysija.com\/\" rel=\"nofollow\">Wysija<\/a> permet de cr\u00e9er et d&rsquo;envoyer des newsletters directement \u00e0 partir de WordPress gratuitement. Glissez et d\u00e9posez vos articles et images dans l&rsquo;\u00e9diteur. Envoyez \u00e0 vos abonn\u00e9s. Plus de html \u00e0 g\u00e9rer. Vos newsletters s&rsquo;affichent proprement dans tous les clients mail.<\/p>\n\t\t\t\t\t\t<\/div>\n\t\t\t\t\t<\/div>\n\n\t\t\t\t\t\n\t\t\t\t<\/div>\n\t\t\t\t\t\t\t\n\t\t\t\t<div class=\"sponsor-level medias\">\n\t\t\t\t\t<h2 class=\"sponsor-level-title\">\n\t\t\t\t\t\tM\u00e9dia\t\t\t\t\t<\/h2>\n\n\t\t\t\t\t\n\t\t\t\t\t<div id=\"post-465\" class=\"sponsor post-465 wcb_sponsor type-wcb_sponsor status-publish has-post-thumbnail hentry wcb_sponsor_level-medias\" >\n\t\t\t\t\t\t<h3 class=\"entry-title sponsor-title\">\n\t\t\t\t\t\t\t<a href=\"https:\/\/paris.wordcamp.org\/2011\/sponsor\/frenchweb\/\">\n\t\t\t\t\t\t\t\t<img loading=\"lazy\" decoding=\"async\" width=\"277\" height=\"115\" src=\"https:\/\/paris.wordcamp.org\/2011\/files\/2011\/11\/sponsor-frenchweb.png\" class=\"attachment-post-thumbnail size-post-thumbnail wp-post-image\" alt=\"\" data-attachment-id=\"471\" data-permalink=\"https:\/\/paris.wordcamp.org\/2011\/sponsor\/frenchweb\/sponsor-frenchweb\/\" data-orig-file=\"https:\/\/paris.wordcamp.org\/2011\/files\/2011\/11\/sponsor-frenchweb.png\" data-orig-size=\"277,115\" data-comments-opened=\"1\" data-image-meta=\"{&quot;aperture&quot;:&quot;0&quot;,&quot;credit&quot;:&quot;&quot;,&quot;camera&quot;:&quot;&quot;,&quot;caption&quot;:&quot;&quot;,&quot;created_timestamp&quot;:&quot;0&quot;,&quot;copyright&quot;:&quot;&quot;,&quot;focal_length&quot;:&quot;0&quot;,&quot;iso&quot;:&quot;0&quot;,&quot;shutter_speed&quot;:&quot;0&quot;,&quot;title&quot;:&quot;&quot;}\" data-image-title=\"Frenchweb\" data-image-description=\"\" data-image-caption=\"\" data-medium-file=\"https:\/\/paris.wordcamp.org\/2011\/files\/2011\/11\/sponsor-frenchweb.png\" data-large-file=\"https:\/\/paris.wordcamp.org\/2011\/files\/2011\/11\/sponsor-frenchweb.png\" \/>\t\t\t\t\t\t\t<\/a>\n\t\t\t\t\t\t<\/h3>\n\n\t\t\t\t\t\t<div class=\"entry-content sponsor-description\">\n\t\t\t\t\t\t\t<p><a href=\"http:\/\/FrenchWeb.fr\/\" rel=\"nofollow\">FrenchWeb.fr<\/a>, le magazine des professionnels du net francophone,\u00a0a pour mission de pr\u00e9senter les initiatives des acteurs fran\u00e7ais d\u2019internet. Il regroupe une communaut\u00e9 de plus de 13 000 professionnels, entrepreneurs,\u00a0experts. L\u2019information multim\u00e9dia en continu, les interviews des experts, les fiches pratiques : rejoignez vite le CLUB Frenchweb pour tout savoir sur l\u2019internet B2B !<\/p>\n\t\t\t\t\t\t<\/div>\n\t\t\t\t\t<\/div>\n\n\t\t\t\t\t\n\t\t\t\t<\/div>\n\t\t\t\t\t\t\t\n\t\t\t\t<div class=\"sponsor-level bronze-web\">\n\t\t\t\t\t<h2 class=\"sponsor-level-title\">\n\t\t\t\t\t\tBronze web\t\t\t\t\t<\/h2>\n\n\t\t\t\t\t\n\t\t\t\t\t<div id=\"post-327\" class=\"sponsor post-327 wcb_sponsor type-wcb_sponsor status-publish has-post-thumbnail hentry wcb_sponsor_level-bronze-web\" >\n\t\t\t\t\t\t<h3 class=\"entry-title sponsor-title\">\n\t\t\t\t\t\t\t<a href=\"https:\/\/paris.wordcamp.org\/2011\/sponsor\/gd6d\/\">\n\t\t\t\t\t\t\t\t<img loading=\"lazy\" decoding=\"async\" width=\"277\" height=\"115\" src=\"https:\/\/paris.wordcamp.org\/2011\/files\/2011\/11\/sponsor-gd6d.png\" class=\"attachment-post-thumbnail size-post-thumbnail wp-post-image\" alt=\"\" data-attachment-id=\"345\" data-permalink=\"https:\/\/paris.wordcamp.org\/2011\/sponsor\/gd6d\/sponsor-gd6d\/\" data-orig-file=\"https:\/\/paris.wordcamp.org\/2011\/files\/2011\/11\/sponsor-gd6d.png\" data-orig-size=\"277,115\" data-comments-opened=\"1\" data-image-meta=\"{&quot;aperture&quot;:&quot;0&quot;,&quot;credit&quot;:&quot;&quot;,&quot;camera&quot;:&quot;&quot;,&quot;caption&quot;:&quot;&quot;,&quot;created_timestamp&quot;:&quot;0&quot;,&quot;copyright&quot;:&quot;&quot;,&quot;focal_length&quot;:&quot;0&quot;,&quot;iso&quot;:&quot;0&quot;,&quot;shutter_speed&quot;:&quot;0&quot;,&quot;title&quot;:&quot;&quot;}\" data-image-title=\"gd6d\" data-image-description=\"\" data-image-caption=\"\" data-medium-file=\"https:\/\/paris.wordcamp.org\/2011\/files\/2011\/11\/sponsor-gd6d.png\" data-large-file=\"https:\/\/paris.wordcamp.org\/2011\/files\/2011\/11\/sponsor-gd6d.png\" \/>\t\t\t\t\t\t\t<\/a>\n\t\t\t\t\t\t<\/h3>\n\n\t\t\t\t\t\t<div class=\"entry-content sponsor-description\">\n\t\t\t\t\t\t\t<p><a href=\"http:\/\/www.gd6d.fr\/\" rel=\"nofollow\">Olivier Gobet<\/a> r\u00e9alise des sites internet \u00e9l\u00e9gants et bien r\u00e9f\u00e9renc\u00e9s, faciles \u00e0 mettre \u00e0 jour et \u00e9volutifs. Il est un sp\u00e9cialiste du logiciel de gestion de contenu WordPress et il personnalise les th\u00e8mes Premium pour une mise en \u0153uvre rapide \u00e0 des co\u00fbts tr\u00e8s comp\u00e9titifs.<\/p>\n<p>Auteur du DVD d&rsquo;auto-formation \u00e0 WordPress 3 paru chez Elephorm, il propose \u00e9galement des prestations de formation et conseil.<\/p>\n\t\t\t\t\t\t<\/div>\n\t\t\t\t\t<\/div>\n\n\t\t\t\t\t\n\t\t\t\t<\/div>\n\t\t\t\t\t<\/div>\n\n\t\t\n","protected":false},"excerpt":{"rendered":"<p>Nous remercions vivement nos partenaires, qui par leur soutien permettent l&rsquo;organisation de ce premier \u00e9v\u00e8nement unique en France.<\/p>\n","protected":false},"author":161212,"featured_media":0,"parent":0,"menu_order":0,"comment_status":"closed","ping_status":"open","template":"","meta":{"jetpack_post_was_ever_published":false,"footnotes":""},"class_list":["post-28","page","type-page","status-publish","hentry"],"jetpack_shortlink":"https:\/\/wp.me\/P1Jsfl-s","jetpack_sharing_enabled":true,"_links":{"self":[{"href":"https:\/\/paris.wordcamp.org\/2011\/wp-json\/wp\/v2\/pages\/28","targetHints":{"allow":["GET"]}}],"collection":[{"href":"https:\/\/paris.wordcamp.org\/2011\/wp-json\/wp\/v2\/pages"}],"about":[{"href":"https:\/\/paris.wordcamp.org\/2011\/wp-json\/wp\/v2\/types\/page"}],"author":[{"embeddable":true,"href":"https:\/\/paris.wordcamp.org\/2011\/wp-json\/wp\/v2\/users\/161212"}],"replies":[{"embeddable":true,"href":"https:\/\/paris.wordcamp.org\/2011\/wp-json\/wp\/v2\/comments?post=28"}],"version-history":[{"count":7,"href":"https:\/\/paris.wordcamp.org\/2011\/wp-json\/wp\/v2\/pages\/28\/revisions"}],"predecessor-version":[{"id":6317,"href":"https:\/\/paris.wordcamp.org\/2011\/wp-json\/wp\/v2\/pages\/28\/revisions\/6317"}],"wp:attachment":[{"href":"https:\/\/paris.wordcamp.org\/2011\/wp-json\/wp\/v2\/media?parent=28"}],"curies":[{"name":"wp","href":"https:\/\/api.w.org\/{rel}","templated":true}]}}